{"id":49,"date":"2014-09-17T16:55:55","date_gmt":"2014-09-17T16:55:55","guid":{"rendered":"http:\/\/agora.xtec.cat\/cfacornella\/?page_id=49"},"modified":"2023-10-05T18:24:22","modified_gmt":"2023-10-05T16:24:22","slug":"normes-dorganitzacio-i-funcionament","status":"publish","type":"page","link":"https:\/\/agora.xtec.cat\/cfacornella\/el-centre\/normes-dorganitzacio-i-funcionament\/","title":{"rendered":"Normes i funcionament del centre"},"content":{"rendered":"<h2><strong>Normes d\u2019Organitzaci\u00f3 i Funcionament de Centre (NOFC)<\/strong><\/h2>\n<h3 style=\"text-align: justify;\">Les normes d\u2019organitzaci\u00f3 i funcionament de centre (NOFC) recullen, d&#8217;acord amb la Llei d\u2019educaci\u00f3, tots aquells aspectes que faciliten la conviv\u00e8ncia, el funcionament i l\u2019organitzaci\u00f3 del centre. Inclouen, en el marc del Projecte Educatiu, els aspectes relatius al funcionament intern del centre en all\u00f2 no espec\u00edficament previst en l\u2019ordenament. En particular, inclouen els aspectes esmentats a l\u2019article 19 del Decret 102\/2010 i, molt espec\u00edficament:<\/h3>\n<ul style=\"text-align: justify;\">\n<li>\n<h3>La concreci\u00f3 en regles i normes dels drets i deures dels alumnes.<\/h3>\n<\/li>\n<li>\n<h3>L\u2019organitzaci\u00f3 del funcionament dels recursos humans, materials i funcionals.<\/h3>\n<\/li>\n<\/ul>\n<h3 style=\"text-align: justify;\">\u2022 La regulaci\u00f3 de les tasques i responsabilitats dels \u00f2rgans col\u00b7legiats i unipersonals del centre i dels serveis de qu\u00e8 disposa.<\/h3>\n<p><iframe loading=\"lazy\" src=\"https:\/\/drive.google.com\/file\/d\/1RkUSH7xE_XDQxXwR7vde866yqkAdxrvk\/preview\" width=\"1200\" height=\"1000px\"><\/iframe><\/p>\n","protected":false},"excerpt":{"rendered":"<p>Normes d\u2019Organitzaci\u00f3 i Funcionament de Centre (NOFC)<br \/>\nLes normes d\u2019organitzaci\u00f3 i funcionament de centre (NOFC) recullen, d&#8217;acord amb la Llei d\u2019educaci\u00f3, tots aquells aspectes que faciliten la conviv\u00e8ncia, el funcionament i l\u2019organitzaci\u00f3 del centre. Inclouen, en el marc del Projecte Educatiu, els aspectes relatius al funcionament&hellip;  <a href=\"https:\/\/agora.xtec.cat\/cfacornella\/el-centre\/normes-dorganitzacio-i-funcionament\/\" title=\"Read Normes i funcionament del centre\">Llegeix m\u00e9s\u00bb<\/a><\/p>\n","protected":false},"author":1,"featured_media":0,"parent":261,"menu_order":60,"comment_status":"closed","ping_status":"closed","template":"page-templates\/side-menu.php","meta":{"_bbp_topic_count":0,"_bbp_reply_count":0,"_bbp_total_topic_count":0,"_bbp_total_reply_count":0,"_bbp_voice_count":0,"_bbp_anonymous_reply_count":0,"_bbp_topic_count_hidden":0,"_bbp_reply_count_hidden":0,"_bbp_forum_subforum_count":0,"footnotes":""},"class_list":["post-49","page","type-page","status-publish","hentry"],"post_mailing_queue_ids":[],"_links":{"self":[{"href":"https:\/\/agora.xtec.cat\/cfacornella\/wp-json\/wp\/v2\/pages\/49","targetHints":{"allow":["GET"]}}],"collection":[{"href":"https:\/\/agora.xtec.cat\/cfacornella\/wp-json\/wp\/v2\/pages"}],"about":[{"href":"https:\/\/agora.xtec.cat\/cfacornella\/wp-json\/wp\/v2\/types\/page"}],"author":[{"embeddable":true,"href":"https:\/\/agora.xtec.cat\/cfacornella\/wp-json\/wp\/v2\/users\/1"}],"replies":[{"embeddable":true,"href":"https:\/\/agora.xtec.cat\/cfacornella\/wp-json\/wp\/v2\/comments?post=49"}],"version-history":[{"count":5,"href":"https:\/\/agora.xtec.cat\/cfacornella\/wp-json\/wp\/v2\/pages\/49\/revisions"}],"predecessor-version":[{"id":620,"href":"https:\/\/agora.xtec.cat\/cfacornella\/wp-json\/wp\/v2\/pages\/49\/revisions\/620"}],"up":[{"embeddable":true,"href":"https:\/\/agora.xtec.cat\/cfacornella\/wp-json\/wp\/v2\/pages\/261"}],"wp:attachment":[{"href":"https:\/\/agora.xtec.cat\/cfacornella\/wp-json\/wp\/v2\/media?parent=49"}],"curies":[{"name":"wp","href":"https:\/\/api.w.org\/{rel}","templated":true}]}}