{"id":322,"date":"2015-01-28T11:36:17","date_gmt":"2015-01-28T10:36:17","guid":{"rendered":"http:\/\/agora.xtec.cat\/cfacornella\/?page_id=322"},"modified":"2024-01-11T17:28:34","modified_gmt":"2024-01-11T16:28:34","slug":"a-la-universitat-per-a-majors-de-25-anys","status":"publish","type":"page","link":"https:\/\/agora.xtec.cat\/cfacornella\/ensenyaments\/ensenyaments-per-a-la-preparacio-de-proves-dacces\/a-la-universitat-per-a-majors-de-25-anys\/","title":{"rendered":"A la universitat per a majors de 25 anys"},"content":{"rendered":"\n<figure class=\"wp-block-image size-full\"><a href=\"https:\/\/agora.xtec.cat\/cfacornella\/wp-content\/uploads\/usu2362\/2024\/01\/Estudis-universitaris.jpg\"><img loading=\"lazy\" decoding=\"async\" width=\"625\" height=\"1000\" src=\"https:\/\/agora.xtec.cat\/cfacornella\/wp-content\/uploads\/usu2362\/2024\/01\/Estudis-universitaris.jpg\" alt=\"\" class=\"wp-image-1117\" srcset=\"https:\/\/agora.xtec.cat\/cfacornella\/wp-content\/uploads\/usu2362\/2024\/01\/Estudis-universitaris.jpg 625w, https:\/\/agora.xtec.cat\/cfacornella\/wp-content\/uploads\/usu2362\/2024\/01\/Estudis-universitaris-188x300.jpg 188w\" sizes=\"auto, (max-width: 625px) 100vw, 625px\" \/><\/a><\/figure>\n\n\n<h3 style=\"text-align: justify;\">Aquests estudis preparen les persones m\u00e9s grans de 25 anys per a les proves d&#8217;acc\u00e9s a la universitat.<\/h3>\n<h1 style=\"text-align: justify;\"><span style=\"background-color: #2eecf2;\">CONTINGUTS\u00a0 \u00a0 \u00a0 \u00a0 \u00a0 \u00a0 \u00a0 \u00a0 \u00a0 \u00a0 \u00a0 \u00a0 \u00a0 \u00a0 \u00a0 \u00a0 \u00a0 \u00a0 \u00a0 \u00a0 \u00a0 \u00a0 \u00a0 \u00a0 \u00a0 \u00a0 \u00a0 \u00a0 \u00a0 \u00a0 \u00a0<\/span><\/h1>\n<h3 style=\"text-align: justify;\">Mat\u00e8ries de la fase general (igual per a tots els candidats)<br \/>a. Comentari de text<br \/>b. Llengua catalana<br \/>c. Llengua castellana<br \/>d. Llengua estrangera (a triar entre angl\u00e8s, franc\u00e8s, alemany, itali\u00e0 o portugu\u00e8s)<\/h3>\n<h3 style=\"text-align: justify;\">Els exercicis de comentari de text, llengua catalana i llengua castellana s\u00f3n comuns a les proves per a m\u00e9s grans de 25 anys i les proves per a m\u00e9s grans de 45 anys.<\/h3>\n<h1 style=\"text-align: justify;\"><span style=\"background-color: #2eecf2;\">MAT\u00c8RIES DE LA PART ESPEC\u00cdFICA\u00a0 \u00a0 \u00a0 \u00a0 \u00a0 \u00a0 \u00a0 \u00a0 \u00a0 \u00a0 \u00a0 \u00a0 \u00a0<\/span><\/h1>\n<h3 style=\"text-align: justify;\">L&#8217;alumne ha d&#8217;escollir dues mat\u00e8ries relacionades amb una de les branques de coneixement, entorn de les quals s&#8217;organitzen els t\u00edtols universitaris de grau.<\/h3>\n<h1 style=\"text-align: justify;\"><span style=\"background-color: #2eecf2;\">ACC\u00c9S\u00a0 \u00a0 \u00a0 \u00a0 \u00a0 \u00a0 \u00a0 \u00a0 \u00a0 \u00a0 \u00a0 \u00a0 \u00a0 \u00a0 \u00a0 \u00a0 \u00a0 \u00a0 \u00a0 \u00a0 \u00a0 \u00a0 \u00a0 \u00a0 \u00a0 \u00a0 \u00a0 \u00a0 \u00a0 \u00a0 \u00a0 \u00a0 \u00a0 \u00a0 \u00a0 \u00a0 \u00a0<\/span><\/h1>\n<h3 style=\"text-align: justify;\">Poden accedir a aquests estudis les persones m\u00e9s grans de 25 anys o que els compleixin l&#8217;any natural en qu\u00e8 es realitza la prova.<br \/>Les persones que hi volen accedir no han de tenir superades les PAU (o equivalent), no han d&#8217;estar en possessi\u00f3 d&#8217;un t\u00edtol de t\u00e8cnic superior de formaci\u00f3 professional, d&#8217;arts pl\u00e0stiques i disseny o d&#8217;esports (o equivalent), ni tenir cap titulaci\u00f3 universit\u00e0ria.<br \/>Tr\u00e0mits<\/h3>\n<h3>Aquest estudi \u00e9s gratu\u00eft en els centres dependents del Departament d&#8217;Educaci\u00f3.<\/h3>\n<h1><span style=\"background-color: #2eecf2;\">CONTINU\u00cfTAT\u00a0 \u00a0 \u00a0 \u00a0 \u00a0 \u00a0 \u00a0 \u00a0 \u00a0 \u00a0 \u00a0 \u00a0 \u00a0 \u00a0 \u00a0 \u00a0 \u00a0 \u00a0 \u00a0 \u00a0 \u00a0 \u00a0 \u00a0 \u00a0 \u00a0 \u00a0 \u00a0 \u00a0 \u00a0 \u00a0\u00a0<\/span><\/h1>\n<h3 style=\"text-align: justify;\">Sortides acad\u00e8miques<br \/>La superaci\u00f3 de la prova d\u00f3na acc\u00e9s a cursar estudis universitaris.<\/h3>\n\n\n<div class=\"wp-block-buttons is-layout-flex wp-block-buttons-is-layout-flex\">\n<div class=\"wp-block-button has-custom-width wp-block-button__width-100\"><a class=\"wp-block-button__link has-black-color has-text-color has-background wp-element-button\" href=\"https:\/\/agora.xtec.cat\/cfacornella\/horaris-grups\/\" style=\"background:radial-gradient(rgb(255,245,203) 0%,rgb(182,227,212) 50%,rgb(51,167,181) 100%)\"><strong>HORARIS<\/strong><\/a><\/div>\n<\/div>\n","protected":false},"excerpt":{"rendered":"<p><a href=\"https:\/\/agora.xtec.cat\/cfacornella\/wp-content\/uploads\/usu2362\/2024\/01\/Estudis-universitaris.jpg\"><\/a><\/p>\n<p>Aquests estudis preparen les persones m\u00e9s grans de 25 anys per a les proves d&#8217;acc\u00e9s a la universitat.<br \/>\nCONTINGUTS\u00a0 \u00a0 \u00a0 \u00a0 \u00a0 \u00a0 \u00a0 \u00a0 \u00a0 \u00a0 \u00a0 \u00a0 \u00a0 \u00a0 \u00a0 \u00a0 \u00a0 \u00a0 \u00a0 \u00a0 \u00a0 \u00a0 \u00a0 \u00a0 \u00a0 \u00a0 \u00a0&hellip;  <a href=\"https:\/\/agora.xtec.cat\/cfacornella\/ensenyaments\/ensenyaments-per-a-la-preparacio-de-proves-dacces\/a-la-universitat-per-a-majors-de-25-anys\/\" title=\"Read A la universitat per a majors de 25 anys\">Llegeix m\u00e9s\u00bb<\/a><\/p>\n","protected":false},"author":1,"featured_media":0,"parent":288,"menu_order":0,"comment_status":"closed","ping_status":"closed","template":"page-templates\/side-menu.php","meta":{"_bbp_topic_count":0,"_bbp_reply_count":0,"_bbp_total_topic_count":0,"_bbp_total_reply_count":0,"_bbp_voice_count":0,"_bbp_anonymous_reply_count":0,"_bbp_topic_count_hidden":0,"_bbp_reply_count_hidden":0,"_bbp_forum_subforum_count":0,"footnotes":""},"class_list":["post-322","page","type-page","status-publish","hentry"],"post_mailing_queue_ids":[],"_links":{"self":[{"href":"https:\/\/agora.xtec.cat\/cfacornella\/wp-json\/wp\/v2\/pages\/322","targetHints":{"allow":["GET"]}}],"collection":[{"href":"https:\/\/agora.xtec.cat\/cfacornella\/wp-json\/wp\/v2\/pages"}],"about":[{"href":"https:\/\/agora.xtec.cat\/cfacornella\/wp-json\/wp\/v2\/types\/page"}],"author":[{"embeddable":true,"href":"https:\/\/agora.xtec.cat\/cfacornella\/wp-json\/wp\/v2\/users\/1"}],"replies":[{"embeddable":true,"href":"https:\/\/agora.xtec.cat\/cfacornella\/wp-json\/wp\/v2\/comments?post=322"}],"version-history":[{"count":6,"href":"https:\/\/agora.xtec.cat\/cfacornella\/wp-json\/wp\/v2\/pages\/322\/revisions"}],"predecessor-version":[{"id":1202,"href":"https:\/\/agora.xtec.cat\/cfacornella\/wp-json\/wp\/v2\/pages\/322\/revisions\/1202"}],"up":[{"embeddable":true,"href":"https:\/\/agora.xtec.cat\/cfacornella\/wp-json\/wp\/v2\/pages\/288"}],"wp:attachment":[{"href":"https:\/\/agora.xtec.cat\/cfacornella\/wp-json\/wp\/v2\/media?parent=322"}],"curies":[{"name":"wp","href":"https:\/\/api.w.org\/{rel}","templated":true}]}}