{"id":320,"date":"2015-01-28T11:35:13","date_gmt":"2015-01-28T10:35:13","guid":{"rendered":"http:\/\/agora.xtec.cat\/cfacornella\/?page_id=320"},"modified":"2024-01-11T17:25:27","modified_gmt":"2024-01-11T16:25:27","slug":"a-cicles-formatius-de-grau-superior","status":"publish","type":"page","link":"https:\/\/agora.xtec.cat\/cfacornella\/ensenyaments\/ensenyaments-per-a-la-preparacio-de-proves-dacces\/a-cicles-formatius-de-grau-superior\/","title":{"rendered":"A cicles formatius de grau superior"},"content":{"rendered":"\n<figure class=\"wp-block-image size-full is-resized\"><a href=\"https:\/\/agora.xtec.cat\/cfacornella\/wp-content\/uploads\/usu2362\/2024\/01\/Families-prof.jpg\"><img loading=\"lazy\" decoding=\"async\" width=\"661\" height=\"592\" src=\"https:\/\/agora.xtec.cat\/cfacornella\/wp-content\/uploads\/usu2362\/2024\/01\/Families-prof.jpg\" alt=\"\" class=\"wp-image-1121\" style=\"aspect-ratio:1.116554054054054;width:844px;height:auto\" srcset=\"https:\/\/agora.xtec.cat\/cfacornella\/wp-content\/uploads\/usu2362\/2024\/01\/Families-prof.jpg 661w, https:\/\/agora.xtec.cat\/cfacornella\/wp-content\/uploads\/usu2362\/2024\/01\/Families-prof-300x269.jpg 300w\" sizes=\"auto, (max-width: 661px) 100vw, 661px\" \/><\/a><\/figure>\n\n\n<h3 style=\"text-align: justify;\">Aquests estudis preparen per presentar-se a les proves d&#8217;acc\u00e9s als cicles de grau superior de formaci\u00f3 professional, d&#8217;arts pl\u00e0stiques i disseny i d&#8217;ensenyaments esportius. L&#8217;alumnat pot preparar la part comuna de la prova, la part espec\u00edfica, o totes dues.<\/h3>\n<h1><span style=\"background-color: #2eecf2;\">CONTINGUTS\u00a0 \u00a0 \u00a0 \u00a0 \u00a0 \u00a0 \u00a0 \u00a0 \u00a0 \u00a0 \u00a0 \u00a0 \u00a0 \u00a0 \u00a0 \u00a0 \u00a0 \u00a0 \u00a0 \u00a0 \u00a0 \u00a0 \u00a0 \u00a0 \u00a0 \u00a0 \u00a0 \u00a0 \u00a0 \u00a0 \u00a0<\/span><\/h1>\n<h3 style=\"text-align: justify;\">Les mat\u00e8ries de la prova d&#8217;acc\u00e9s a cicles formatius de grau superior s\u00f3n les seg\u00fcents:<\/h3>\n<h3 style=\"text-align: justify;\">Mat\u00e8ries de la part comuna<\/h3>\n<h3 style=\"text-align: justify;\">&#8211; Llengua catalana i castellana<br \/>&#8211; Llengua estrangera<br \/>&#8211; Matem\u00e0tiques<br \/>&#8211; Hist\u00f2ria (les persones que vulguin accedir als ensenyaments art\u00edstics poden cursar aquesta mat\u00e8ria en comptes de matem\u00e0tiques)<\/h3>\n<h3 style=\"text-align: justify;\">Mat\u00e8ries de la part espec\u00edfica<\/h3>\n<h3 style=\"text-align: justify;\">Segons la fam\u00edlia professional o cicle al qual l&#8217;alumne vol accedir, cal escollir dues mat\u00e8ries de les opcions A, B, C o D.<\/h3>\n<h3 style=\"text-align: justify;\">Opcions de mat\u00e8ries de la part espec\u00edfica: Consulteu en seg\u00fcent <span style=\"background-color: #00ff00; color: #000000;\"><a style=\"background-color: #00ff00; color: #000000;\" href=\"https:\/\/educacio.gencat.cat\/web\/.content\/home\/serveis-tramits\/proves\/proves-acces\/_compartits\/opcions-materies-GS-FP.pdf\">enlla\u00e7<\/a><\/span><\/h3>\n<h3 style=\"text-align: justify;\">La durada m\u00ednima per a la preparaci\u00f3 de les proves d&#8217;acc\u00e9s al grau superior \u00e9s de 300 hores per a la part comuna i de 99 hores per a cada mat\u00e8ria de la part espec\u00edfica.<\/h3>\n<h1><span style=\"background-color: #2eecf2;\">ACC\u00c9S\u00a0 \u00a0 \u00a0 \u00a0 \u00a0 \u00a0 \u00a0 \u00a0 \u00a0 \u00a0 \u00a0 \u00a0 \u00a0 \u00a0 \u00a0 \u00a0 \u00a0 \u00a0 \u00a0 \u00a0 \u00a0 \u00a0 \u00a0 \u00a0 \u00a0 \u00a0 \u00a0 \u00a0 \u00a0 \u00a0 \u00a0 \u00a0 \u00a0 \u00a0 \u00a0 \u00a0 \u00a0<\/span><\/h1>\n<h3 style=\"text-align: justify;\">Cal tenir en compte que per realitzar les proves d&#8217;acc\u00e9s als cicles formatius de grau superior s&#8217;han de tenir m\u00e9s de 19 anys o complir-los l&#8217;any natural en qu\u00e8 es realitza la prova.<\/h3>\n<h2>Horari: Torns tarda<\/h2>\n<h3>Documentaci\u00f3 a portar:<\/h3>\n<ul>\n<li>\n<h3>Fotoc\u00f2pia de Passaport \/ DNI \/ NIE<\/h3>\n<\/li>\n<li>\n<h3>Fotoc\u00f2pia de Targeta sanit\u00e0ria<\/h3>\n<\/li>\n<li>\n<h3>Fotoc\u00f2pia de Empadronament<\/h3>\n<\/li>\n<\/ul>\n<h1><span style=\"background-color: #2eecf2;\">CONTINU\u00cfTAT\/SORTIDES ACAD\u00c8MIQUES\u00a0 \u00a0 \u00a0 \u00a0 \u00a0 \u00a0 \u00a0 \u00a0<\/span><\/h1>\n<h3 style=\"text-align: justify;\">La qualificaci\u00f3 obtinguda en el curs de preparaci\u00f3, si \u00e9s positiva, es multiplicar\u00e0 pel coeficient 0,20 i s\u2019afegir\u00e0 a la qualificaci\u00f3 obtinguda a la prova d\u2019acc\u00e9s sempre que sigui<br \/>positiva.<\/h3>\n<h3 style=\"text-align: justify;\">La superaci\u00f3 de la prova dona acc\u00e9s a cursar un cicle formatiu de grau superior.<\/h3>\n\n\n<div class=\"wp-block-buttons is-layout-flex wp-block-buttons-is-layout-flex\">\n<div class=\"wp-block-button has-custom-width wp-block-button__width-100\"><a class=\"wp-block-button__link has-black-color has-text-color has-background wp-element-button\" href=\"https:\/\/agora.xtec.cat\/cfacornella\/horaris-grups\/\" style=\"background:linear-gradient(135deg,rgb(254,205,165) 0%,rgb(254,45,45) 13%,rgb(107,0,62) 87%)\" target=\"_blank\" rel=\"noreferrer noopener\"><strong>HORARIS<\/strong><\/a><\/div>\n<\/div>\n","protected":false},"excerpt":{"rendered":"<p><a href=\"https:\/\/agora.xtec.cat\/cfacornella\/wp-content\/uploads\/usu2362\/2024\/01\/Families-prof.jpg\"><\/a><\/p>\n<p>Aquests estudis preparen per presentar-se a les proves d&#8217;acc\u00e9s als cicles de grau superior de formaci\u00f3 professional, d&#8217;arts pl\u00e0stiques i disseny i d&#8217;ensenyaments esportius. L&#8217;alumnat pot preparar la part comuna de la prova, la part espec\u00edfica, o totes dues.<br \/>\nCONTINGUTS\u00a0 \u00a0 \u00a0 \u00a0 \u00a0 \u00a0&hellip;  <a href=\"https:\/\/agora.xtec.cat\/cfacornella\/ensenyaments\/ensenyaments-per-a-la-preparacio-de-proves-dacces\/a-cicles-formatius-de-grau-superior\/\" title=\"Read A cicles formatius de grau superior\">Llegeix m\u00e9s\u00bb<\/a><\/p>\n","protected":false},"author":1,"featured_media":0,"parent":288,"menu_order":0,"comment_status":"closed","ping_status":"closed","template":"page-templates\/side-menu.php","meta":{"_bbp_topic_count":0,"_bbp_reply_count":0,"_bbp_total_topic_count":0,"_bbp_total_reply_count":0,"_bbp_voice_count":0,"_bbp_anonymous_reply_count":0,"_bbp_topic_count_hidden":0,"_bbp_reply_count_hidden":0,"_bbp_forum_subforum_count":0,"footnotes":""},"class_list":["post-320","page","type-page","status-publish","hentry"],"post_mailing_queue_ids":[],"_links":{"self":[{"href":"https:\/\/agora.xtec.cat\/cfacornella\/wp-json\/wp\/v2\/pages\/320","targetHints":{"allow":["GET"]}}],"collection":[{"href":"https:\/\/agora.xtec.cat\/cfacornella\/wp-json\/wp\/v2\/pages"}],"about":[{"href":"https:\/\/agora.xtec.cat\/cfacornella\/wp-json\/wp\/v2\/types\/page"}],"author":[{"embeddable":true,"href":"https:\/\/agora.xtec.cat\/cfacornella\/wp-json\/wp\/v2\/users\/1"}],"replies":[{"embeddable":true,"href":"https:\/\/agora.xtec.cat\/cfacornella\/wp-json\/wp\/v2\/comments?post=320"}],"version-history":[{"count":6,"href":"https:\/\/agora.xtec.cat\/cfacornella\/wp-json\/wp\/v2\/pages\/320\/revisions"}],"predecessor-version":[{"id":1201,"href":"https:\/\/agora.xtec.cat\/cfacornella\/wp-json\/wp\/v2\/pages\/320\/revisions\/1201"}],"up":[{"embeddable":true,"href":"https:\/\/agora.xtec.cat\/cfacornella\/wp-json\/wp\/v2\/pages\/288"}],"wp:attachment":[{"href":"https:\/\/agora.xtec.cat\/cfacornella\/wp-json\/wp\/v2\/media?parent=320"}],"curies":[{"name":"wp","href":"https:\/\/api.w.org\/{rel}","templated":true}]}}