{"id":316,"date":"2015-01-28T11:33:51","date_gmt":"2015-01-28T10:33:51","guid":{"rendered":"http:\/\/agora.xtec.cat\/cfacornella\/?page_id=316"},"modified":"2024-01-11T17:05:48","modified_gmt":"2024-01-11T16:05:48","slug":"competencia-digital-competic","status":"publish","type":"page","link":"https:\/\/agora.xtec.cat\/cfacornella\/ensenyaments\/ensenyaments-transprofessionals\/competencia-digital-competic\/","title":{"rendered":"Compet\u00e8ncia digital COMPETIC"},"content":{"rendered":"<div class=\"wp-block-image\">\n<figure class=\"aligncenter size-large is-resized\"><a href=\"https:\/\/agora.xtec.cat\/cfacornella\/wp-content\/uploads\/usu2362\/2023\/11\/informatica-interna-1.png\"><img loading=\"lazy\" decoding=\"async\" width=\"1025\" height=\"929\" src=\"https:\/\/agora.xtec.cat\/cfacornella\/wp-content\/uploads\/usu2362\/2023\/11\/informatica-interna-1.png\" alt=\"\" class=\"wp-image-1021\" style=\"width:629px;height:570px\" srcset=\"https:\/\/agora.xtec.cat\/cfacornella\/wp-content\/uploads\/usu2362\/2023\/11\/informatica-interna-1.png 1025w, https:\/\/agora.xtec.cat\/cfacornella\/wp-content\/uploads\/usu2362\/2023\/11\/informatica-interna-1-300x272.png 300w, https:\/\/agora.xtec.cat\/cfacornella\/wp-content\/uploads\/usu2362\/2023\/11\/informatica-interna-1-768x696.png 768w\" sizes=\"auto, (max-width: 1025px) 100vw, 1025px\" \/><\/a><\/figure><\/div>\n\n\n<h3 style=\"text-align: justify;\">Els ensenyaments d&#8217;Inform\u00e0tica&nbsp; a l&#8217;educaci\u00f3 d&#8217;adults (COMPETIC) tenen com objectiu facilitar l\u2019adquisici\u00f3 de la compet\u00e8ncia digital, entesa com la combinaci\u00f3 de coneixements, habilitats i actituds en l\u2019\u00e0mbit de les tecnologies de la informaci\u00f3 i la comunicaci\u00f3 (TIC) per desenvolupar-se en la societat actual.<\/h3>\n<h3 style=\"text-align: justify;\">Actualment en el nostre centre s&#8217;imparteixen els cursos de Competic&nbsp; Inicial, Competic 1, Competic 2 i Competic 3<\/h3>\n\n\n\n<div class=\"wp-block-getwid-tabs\" data-active-tab=\"0\"><ul class=\"wp-block-getwid-tabs__nav-links\"><\/ul>\n<div class=\"wp-block-getwid-tabs__nav-link\"><h4 class=\"wp-block-getwid-tabs__title-wrapper\"><a href=\"#\"><span class=\"wp-block-getwid-tabs__title\"><strong>Competic Inicial<\/strong><\/span><\/a><\/h4><\/div><div class=\"wp-block-getwid-tabs__tab-content-wrapper\"><div class=\"wp-block-getwid-tabs__tab-content\">\n<h3 id=\"block-0ef7b3b9-a8bd-43a0-ba1f-aeeba454aee8\" class=\"block-editor-rich-text__editable block-editor-block-list__block wp-block is-selected is-focused is-focus-mode has-text-align-left rich-text\" style=\"text-align: justify;\" tabindex=\"0\" role=\"group\" contenteditable=\"true\" aria-multiline=\"true\" aria-label=\"Bloc: Cap\u00e7alera\" data-block=\"0ef7b3b9-a8bd-43a0-ba1f-aeeba454aee8\" data-type=\"core\/heading\" data-title=\"Cap\u00e7alera\">Els ensenyaments de COMPETIC inicial tenen com a objectiu facilitar l&#8217;adquisici\u00f3 de les compet\u00e8ncies m\u00ednimes i els conceptes b\u00e0sics en tecnologies de la informaci\u00f3 i la comunicaci\u00f3 per desenvolupar-se en la societat actual.<\/h3>\n<h3 style=\"text-align: justify;\">El nivell inicial d&#8217;inform\u00e0tica (COMPETIC inicial) s&#8217;adre\u00e7a a les persones adultes que volen assolir un domini b\u00e0sic de les tecnologies de la informaci\u00f3 i la comunicaci\u00f3 (TIC).<\/h3>\n\n\n\n<h1 class=\"wp-block-heading has-text-align-left has-large-font-size\" style=\"text-transform: uppercase;\"><span style=\"background-color: #00ffff;\">Continguts\u00a0 \u00a0 \u00a0 \u00a0 \u00a0 \u00a0 \u00a0 \u00a0 \u00a0 \u00a0 \u00a0 \u00a0 \u00a0 \u00a0 \u00a0 \u00a0 \u00a0 \u00a0 \u00a0 \u00a0 \u00a0 \u00a0 \u00a0 \u00a0 \u00a0 \u00a0 \u00a0 \u00a0<\/span><\/h1>\n\n\n\n<h3 style=\"text-align: justify;\">En aquest nivell es treballen tres de les sis compet\u00e8ncies del nivell b\u00e0sic de l&#8217;acreditaci\u00f3 de compet\u00e8ncies en tecnologies de la informaci\u00f3 i la comunicaci\u00f3 (ACTIC), que s\u00f3n:<br \/>\u2022 Tecnologia digital, \u00fas de l&#8217;ordinador i del sistema operatiu<br \/>\u2022 Tractament de la informaci\u00f3 escrita<br \/>\u2022 Navegaci\u00f3 i comunicaci\u00f3 en el m\u00f3n digital<\/h3>\n\n\n\n<h1 class=\"wp-block-heading has-large-font-size\"><span style=\"background-color: #00ffff;\">ACC\u00c9S\u00a0 \u00a0 \u00a0 \u00a0 \u00a0 \u00a0 \u00a0 \u00a0 \u00a0 \u00a0 \u00a0 \u00a0 \u00a0 \u00a0 \u00a0 \u00a0 \u00a0 \u00a0 \u00a0 \u00a0 \u00a0 \u00a0 \u00a0 \u00a0 \u00a0 \u00a0 \u00a0 \u00a0 \u00a0 \u00a0 \u00a0 \u00a0 \u00a0 \u00a0<\/span><\/h1>\n\n\n\n<h3 style=\"text-align: justify;\">Per tal de situar l\u2019alumnat en el nivell que li correspon d\u2019acord amb les seves compet\u00e8ncies, si no t\u00e9 una acreditaci\u00f3 pr\u00e8via, en el moment de la preinscripci\u00f3 el centre de formaci\u00f3 d\u2019adults li far\u00e0 una prova de nivell.<\/h3>\n<\/div><\/div>\n\n\n\n<div class=\"wp-block-getwid-tabs__nav-link\"><h4 class=\"wp-block-getwid-tabs__title-wrapper\"><a href=\"#\"><span class=\"wp-block-getwid-tabs__title\"><strong>Competic 1<\/strong><\/span><\/a><\/h4><\/div><div class=\"wp-block-getwid-tabs__tab-content-wrapper\"><div class=\"wp-block-getwid-tabs__tab-content\">\n<h3 style=\"text-align: justify;\">Curs de&nbsp;<strong>105 hores<\/strong> de duraci\u00f3. Els ensenyaments COMPETIC 1 s&#8217;adrecen a les persones que hagin cursat el nivell inicial o que tinguin i puguin acreditar uns coneixements elementals d&#8217;inform\u00e0tica.<\/h3>\n\n\n\n<h1 class=\"wp-block-heading\"><span style=\"background-color: #00ffff;\">CONTINGUTS&nbsp; &nbsp; &nbsp; &nbsp; &nbsp; &nbsp; &nbsp; &nbsp; &nbsp; &nbsp; &nbsp; &nbsp; &nbsp; &nbsp; &nbsp; &nbsp; &nbsp; &nbsp; &nbsp; &nbsp; &nbsp; &nbsp; &nbsp; &nbsp; &nbsp; &nbsp; &nbsp; &nbsp;<\/span><\/h1>\n\n\n\n<h3 style=\"text-align: justify;\">Curs de&nbsp;<strong>105 hores<\/strong> de duraci\u00f3. En aquest nivell es treballen les tres compet\u00e8ncies del nivell b\u00e0sic de l&#8217;acreditaci\u00f3 de compet\u00e8ncies en tecnologies de la informaci\u00f3 i la comunicaci\u00f3 (ACTIC b\u00e0sic) no recollides a la formaci\u00f3 COMPETIC inicial:<\/h3>\n\n\n\n<h3 style=\"text-align: justify;\">&#8211; Tractament de la informaci\u00f3 escrita<br \/>&#8211; Tractament de la informaci\u00f3 num\u00e8rica<br \/>&#8211; Tractament de la informaci\u00f3 gr\u00e0fica, sonora i de la imatge en\u00a0 \u00a0 \u00a0 \u00a0 \u00a0 \u00a0 \u00a0 \u00a0moviment<br \/>&#8211; Cultura, participaci\u00f3 i civisme digital<\/h3>\n\n\n\n<h1 class=\"wp-block-heading\"><span style=\"background-color: #00ffff;\">ACC\u00c9S&nbsp; &nbsp; &nbsp; &nbsp; &nbsp; &nbsp; &nbsp; &nbsp; &nbsp; &nbsp; &nbsp; &nbsp; &nbsp; &nbsp; &nbsp; &nbsp; &nbsp; &nbsp; &nbsp; &nbsp; &nbsp; &nbsp; &nbsp; &nbsp; &nbsp; &nbsp; &nbsp; &nbsp; &nbsp; &nbsp; &nbsp; &nbsp; &nbsp; &nbsp;&nbsp;<\/span><\/h1>\n\n\n\n<h3 style=\"text-align: justify;\">Per tal de situar l\u2019alumnat en el nivell que li correspon d\u2019acord amb les seves compet\u00e8ncies, si no t\u00e9 una acreditaci\u00f3 pr\u00e8via, en el moment de la preinscripci\u00f3 el centre de formaci\u00f3 d\u2019adults li far\u00e0 una prova de nivell.<\/h3>\n\n\n\n<h3 style=\"text-align: justify;\">El certificat de superaci\u00f3 del curso de COMPETIC 1 equival al certificat ACTIC b\u00e0sic. Per obtenir aquesta certificaci\u00f3 l\u2019alumnat haur\u00e0 de realitzar i superar un projecte relacionat amb les compet\u00e8ncies que s\u2019han treballat.<\/h3>\n<\/div><\/div>\n\n\n\n<div class=\"wp-block-getwid-tabs__nav-link\"><h4 class=\"wp-block-getwid-tabs__title-wrapper\"><a href=\"#\"><span class=\"wp-block-getwid-tabs__title\"><strong>Competic 2<\/strong><\/span><\/a><\/h4><\/div><div class=\"wp-block-getwid-tabs__tab-content-wrapper\"><div class=\"wp-block-getwid-tabs__tab-content\">\n<h3 style=\"text-align: justify;\">Curs de&nbsp;<strong>140 hores<\/strong>&nbsp;de duraci\u00f3. Els ensenyaments COMPETIC 2 s&#8217;adrecen a les persones que hagin cursat el nivell 1 o que tinguin i puguin acreditar els coneixements relacionats amb el curs de nivell 1.<\/h3>\n\n\n\n<h1 class=\"wp-block-heading\"><span style=\"background-color: #00ffff;\">CONTINGUTS&nbsp; &nbsp; &nbsp; &nbsp; &nbsp; &nbsp; &nbsp; &nbsp; &nbsp; &nbsp; &nbsp; &nbsp; &nbsp; &nbsp; &nbsp; &nbsp; &nbsp; &nbsp; &nbsp; &nbsp; &nbsp; &nbsp; &nbsp; &nbsp; &nbsp; &nbsp; &nbsp; &nbsp;<\/span><\/h1>\n\n\n\n<h3 style=\"text-align: justify;\">En aquest nivell es treballen les vuit compet\u00e8ncies del nivell mitj\u00e0 de l&#8217;acreditaci\u00f3 de compet\u00e8ncies en tecnologies de la informaci\u00f3 i la comunicaci\u00f3 (ACTIC mitj\u00e0):<br \/>&#8211; Cultura, participaci\u00f3 i civisme digital<br \/>&#8211; Tecnologia digital, \u00fas de l&#8217;ordinador i del sistema operatiu<br \/>&#8211; Navegaci\u00f3 i comunicaci\u00f3 en el m\u00f3n digital<br \/>&#8211; Tractament de la informaci\u00f3 escrita<br \/>&#8211; Tractament de la informaci\u00f3 gr\u00e0fica, sonora i de la imatge en moviment<br \/>&#8211; Tractament de la informaci\u00f3 num\u00e8rica<br \/>&#8211; Tractament de les dades<br \/>&#8211; Presentaci\u00f3 de continguts<\/h3>\n\n\n\n<h1 style=\"text-align: justify;\"><span style=\"background-color: #2eecf2;\">ACC\u00c9S\u00a0 \u00a0 \u00a0 \u00a0 \u00a0 \u00a0 \u00a0 \u00a0 \u00a0 \u00a0 \u00a0 \u00a0 \u00a0 \u00a0 \u00a0 \u00a0 \u00a0 \u00a0 \u00a0 \u00a0 \u00a0 \u00a0 \u00a0 \u00a0 \u00a0 \u00a0 \u00a0 \u00a0 \u00a0 \u00a0 \u00a0 \u00a0 \u00a0 \u00a0\u00a0<\/span><\/h1>\n<h3 style=\"text-align: justify;\">Per tal de situar l\u2019alumnat en el nivell que li correspon d\u2019acord amb les seves compet\u00e8ncies, si no t\u00e9 una acreditaci\u00f3 pr\u00e8via, en el moment de la preinscripci\u00f3 el centre de formaci\u00f3 d\u2019adults li far\u00e0 una prova de nivell.<\/h3>\n<h3 style=\"text-align: justify;\">El certificat de superaci\u00f3 del curs de COMPETIC 2 equival al certificat ACTIC mitj\u00e0. Per obtenir aquesta certificaci\u00f3 l&#8217;alumnat haur\u00e0 de realitzar i superar un projecte relacionat amb les compet\u00e8ncies que s&#8217;han treballat.<\/h3>\n<\/div><\/div>\n\n\n\n<div class=\"wp-block-getwid-tabs__nav-link\"><h4 class=\"wp-block-getwid-tabs__title-wrapper\"><a href=\"#\"><span class=\"wp-block-getwid-tabs__title\"><strong>Competic 3<\/strong><\/span><\/a><\/h4><\/div><div class=\"wp-block-getwid-tabs__tab-content-wrapper\"><div class=\"wp-block-getwid-tabs__tab-content\">\n<h3 style=\"text-align: justify;\">Curs de&nbsp;<strong>105 hores<\/strong>&nbsp;de duraci\u00f3. Els ensenyaments COMPETIC 3 s&#8217;adrecen a les persones que hagin cursat el nivell 2 o tinguin la certificaci\u00f3 ACTIC de nivell mitj\u00e0.<\/h3>\n\n\n\n<h1><span style=\"background-color: #00ffff;\">CONTINGUTS&nbsp; &nbsp; &nbsp; &nbsp; &nbsp; &nbsp; &nbsp; &nbsp; &nbsp; &nbsp; &nbsp; &nbsp; &nbsp; &nbsp; &nbsp; &nbsp; &nbsp; &nbsp; &nbsp; &nbsp; &nbsp; &nbsp; &nbsp; &nbsp; &nbsp; &nbsp; &nbsp; &nbsp;<\/span><\/h1>\n\n\n\n<h3 style=\"text-align: justify;\">En aquest nivell es treballen tres les cinc compet\u00e8ncies del nivell avan\u00e7at de l&#8217;acreditaci\u00f3 de compet\u00e8ncies en tecnologies de la informaci\u00f3 i la comunicaci\u00f3 (ACTIC avan\u00e7at):<br>&#8211; Tractament de la informaci\u00f3 escrita<br>&#8211; Tractament de la informaci\u00f3 num\u00e8rica<br>&#8211; Presentaci\u00f3 de continguts<\/h3>\n\n\n\n<h1><span style=\"background-color: #00ffff;\">ACC\u00c9S&nbsp; &nbsp; &nbsp; &nbsp; &nbsp; &nbsp; &nbsp; &nbsp; &nbsp; &nbsp; &nbsp; &nbsp; &nbsp; &nbsp; &nbsp; &nbsp; &nbsp; &nbsp; &nbsp; &nbsp; &nbsp; &nbsp; &nbsp; &nbsp; &nbsp; &nbsp; &nbsp; &nbsp; &nbsp; &nbsp; &nbsp; &nbsp; &nbsp; &nbsp;&nbsp;<\/span><\/h1>\n\n\n\n<h3 style=\"text-align: justify;\">En qualsevol cas, un alumne no podr\u00e0 cursar COMPETIC 3 si no ha cursat i superat pr\u00e8viament el curs de COMPETIC 2 o acredita l\u2019ACTIC mitj\u00e0.<\/h3>\n\n\n\n<h3 style=\"text-align: justify;\">Per obtenir aquesta certificaci\u00f3 l\u2019alumnat haur\u00e0 de realitzar i superar un projecte per cada compet\u00e8ncia que cursi. Per tal d\u2019obtenir el certificat de COMPETIC 3 cal assolir dues de<br>les tres compet\u00e8ncies establertes, com a m\u00ednim, tot i que es poden cursar les cinc establertes en el curr\u00edculum de COMPETIC 3.<\/h3>\n\n\n\n<h3 style=\"text-align: justify;\">El certificat de superaci\u00f3 del curs de COMPETIC 3 equival al certificat ACTIC avan\u00e7at.<\/h3>\n<\/div><\/div>\n<\/div>\n\n\n\n<h3><span style=\"text-decoration: underline;\">Horari: Torns de mat\u00ed i tarda<\/span><\/h3>\n<h3>Documentaci\u00f3 a portar:<\/h3>\n<ul>\n<li>\n<h3>Fotoc\u00f2pia de Passaport \/ DNI \/ NIE<\/h3>\n<\/li>\n<li>\n<h3>Fotoc\u00f2pia de Targeta sanit\u00e0ria<\/h3>\n<\/li>\n<li>\n<h3>Fotoc\u00f2pia de Empadronament<\/h3>\n<\/li>\n<\/ul>\n\n\n\n<div class=\"wp-block-buttons is-layout-flex wp-block-buttons-is-layout-flex\">\n<div class=\"wp-block-button has-custom-width wp-block-button__width-100\"><a class=\"wp-block-button__link has-black-color has-text-color has-background wp-element-button\" href=\"https:\/\/agora.xtec.cat\/cfacornella\/horaris-grups\/\" style=\"background:radial-gradient(rgb(42,234,188) 0%,rgb(39,48,252) 68%)\"><strong>HORARIS<\/strong><\/a><\/div>\n<\/div>\n","protected":false},"excerpt":{"rendered":"<p><a href=\"https:\/\/agora.xtec.cat\/cfacornella\/wp-content\/uploads\/usu2362\/2023\/11\/informatica-interna-1.png\"><\/a><\/p>\n<p>Els ensenyaments d&#8217;Inform\u00e0tica&nbsp; a l&#8217;educaci\u00f3 d&#8217;adults (COMPETIC) tenen com objectiu facilitar l\u2019adquisici\u00f3 de la compet\u00e8ncia digital, entesa com la combinaci\u00f3 de coneixements, habilitats i actituds en l\u2019\u00e0mbit de les tecnologies de la informaci\u00f3 i la comunicaci\u00f3 (TIC) per desenvolupar-se en la societat actual.<br \/>\nActualment en&hellip;  <a href=\"https:\/\/agora.xtec.cat\/cfacornella\/ensenyaments\/ensenyaments-transprofessionals\/competencia-digital-competic\/\" title=\"Read Compet\u00e8ncia digital COMPETIC\">Llegeix m\u00e9s\u00bb<\/a><\/p>\n","protected":false},"author":1,"featured_media":0,"parent":286,"menu_order":0,"comment_status":"closed","ping_status":"closed","template":"page-templates\/side-menu.php","meta":{"_bbp_topic_count":0,"_bbp_reply_count":0,"_bbp_total_topic_count":0,"_bbp_total_reply_count":0,"_bbp_voice_count":0,"_bbp_anonymous_reply_count":0,"_bbp_topic_count_hidden":0,"_bbp_reply_count_hidden":0,"_bbp_forum_subforum_count":0,"footnotes":""},"class_list":["post-316","page","type-page","status-publish","hentry"],"post_mailing_queue_ids":[],"_links":{"self":[{"href":"https:\/\/agora.xtec.cat\/cfacornella\/wp-json\/wp\/v2\/pages\/316","targetHints":{"allow":["GET"]}}],"collection":[{"href":"https:\/\/agora.xtec.cat\/cfacornella\/wp-json\/wp\/v2\/pages"}],"about":[{"href":"https:\/\/agora.xtec.cat\/cfacornella\/wp-json\/wp\/v2\/types\/page"}],"author":[{"embeddable":true,"href":"https:\/\/agora.xtec.cat\/cfacornella\/wp-json\/wp\/v2\/users\/1"}],"replies":[{"embeddable":true,"href":"https:\/\/agora.xtec.cat\/cfacornella\/wp-json\/wp\/v2\/comments?post=316"}],"version-history":[{"count":6,"href":"https:\/\/agora.xtec.cat\/cfacornella\/wp-json\/wp\/v2\/pages\/316\/revisions"}],"predecessor-version":[{"id":1193,"href":"https:\/\/agora.xtec.cat\/cfacornella\/wp-json\/wp\/v2\/pages\/316\/revisions\/1193"}],"up":[{"embeddable":true,"href":"https:\/\/agora.xtec.cat\/cfacornella\/wp-json\/wp\/v2\/pages\/286"}],"wp:attachment":[{"href":"https:\/\/agora.xtec.cat\/cfacornella\/wp-json\/wp\/v2\/media?parent=316"}],"curies":[{"name":"wp","href":"https:\/\/api.w.org\/{rel}","templated":true}]}}