{"id":314,"date":"2015-01-28T11:33:13","date_gmt":"2015-01-28T10:33:13","guid":{"rendered":"http:\/\/agora.xtec.cat\/cfacornella\/?page_id=314"},"modified":"2024-01-11T17:02:18","modified_gmt":"2024-01-11T16:02:18","slug":"llengua-francesa","status":"publish","type":"page","link":"https:\/\/agora.xtec.cat\/cfacornella\/ensenyaments\/ensenyaments-transprofessionals\/llengua-francesa\/","title":{"rendered":"Llengua francesa"},"content":{"rendered":"<div class=\"wp-block-image\">\n<figure class=\"aligncenter size-large\"><a href=\"https:\/\/agora.xtec.cat\/cfacornella\/wp-content\/uploads\/usu2362\/2023\/11\/MOTS-MAGIQUES-6o.jpg\"><img loading=\"lazy\" decoding=\"async\" width=\"1024\" height=\"745\" src=\"https:\/\/agora.xtec.cat\/cfacornella\/wp-content\/uploads\/usu2362\/2023\/11\/MOTS-MAGIQUES-6o-1024x745.jpg\" alt=\"\" class=\"wp-image-953\" srcset=\"https:\/\/agora.xtec.cat\/cfacornella\/wp-content\/uploads\/usu2362\/2023\/11\/MOTS-MAGIQUES-6o-1024x745.jpg 1024w, https:\/\/agora.xtec.cat\/cfacornella\/wp-content\/uploads\/usu2362\/2023\/11\/MOTS-MAGIQUES-6o-300x218.jpg 300w, https:\/\/agora.xtec.cat\/cfacornella\/wp-content\/uploads\/usu2362\/2023\/11\/MOTS-MAGIQUES-6o-768x559.jpg 768w, https:\/\/agora.xtec.cat\/cfacornella\/wp-content\/uploads\/usu2362\/2023\/11\/MOTS-MAGIQUES-6o-1536x1117.jpg 1536w, https:\/\/agora.xtec.cat\/cfacornella\/wp-content\/uploads\/usu2362\/2023\/11\/MOTS-MAGIQUES-6o.jpg 1600w\" sizes=\"auto, (max-width: 1024px) 100vw, 1024px\" \/><\/a><\/figure><\/div>\n\n<h3 style=\"text-align: justify;\">Aquests estudis tenen com a objectiu que les persones adultes assoleixin un grau de compet\u00e8ncia b\u00e0sica per a comunicar-se en llengua francesa i s&#8217;imparteixen en tres nivells: llengua francesa nivell 1, 2 i 3, que corresponen als nivells A1, A2.1 i A2.2 del MECR (Marc europeu com\u00fa de refer\u00e8ncia per a les lleng\u00fces).<\/h3>\n<h1><span style=\"background-color: #2eecf2;\">CONTINGUTS\u00a0 \u00a0 \u00a0 \u00a0 \u00a0 \u00a0 \u00a0 \u00a0 \u00a0 \u00a0 \u00a0 \u00a0 \u00a0 \u00a0 \u00a0 \u00a0 \u00a0 \u00a0 \u00a0 \u00a0 \u00a0 \u00a0 \u00a0 \u00a0 \u00a0 \u00a0 \u00a0 \u00a0 \u00a0 \u00a0 \u00a0<\/span><\/h1>\n<h3 style=\"text-align: justify;\">Aquests ensenyaments s\u2019imparteixen en tres nivells:<\/h3>\n<h3 style=\"text-align: justify;\">Llengua francesa, nivells 1, 2 i 3, que corresponen als nivells A1, A2.1 i A2.2 del MECR (Marc europeu com\u00fa de refer\u00e8ncia per a les lleng\u00fces), respectivament.<\/h3>\n<h3><span style=\"text-decoration: underline;\">Acc\u00e9s<\/span><\/h3>\n<h3 style=\"text-align: justify;\">Per tal de situar l\u2019alumnat en el nivell que li correspon d\u2019acord amb les seves compet\u00e8ncies, si no t\u00e9 una acreditaci\u00f3 pr\u00e8via en el moment de la preinscripci\u00f3, el centre de formaci\u00f3 d\u2019adults li far\u00e0 una prova de nivell.<\/h3>\n<h3 style=\"text-align: justify;\">Els alumnes de nivell 3 de llengua estrangera han de superar una prova de nivell b\u00e0sic (A2 del MECR) abans de finalitzar el curs per mostrar el grau d&#8217;assoliment de la compet\u00e8ncia ling\u00fc\u00edstica.<\/h3>\n<h1><span style=\"background-color: #2eecf2;\">CONTINU\u00cfTAT\/SORTIDES ACAD\u00c8MIQUES\u00a0 \u00a0 \u00a0 \u00a0 \u00a0 \u00a0 \u00a0 \u00a0<\/span><\/h1>\n<h3 style=\"text-align: justify;\">Un cop finalitzats aquests estudis, i havent superat l\u2019avaluaci\u00f3, l\u2019alumne\/a pot continuar la formaci\u00f3 en una escola oficial d&#8217;idiomes, accedint al nivell de 3r sense haver de superar una prova de nivell.<\/h3>\n<h1><span style=\"background-color: #2eecf2;\">REQUISITS\u00a0 \u00a0 \u00a0 \u00a0 \u00a0 \u00a0 \u00a0 \u00a0 \u00a0 \u00a0 \u00a0 \u00a0 \u00a0 \u00a0 \u00a0 \u00a0 \u00a0 \u00a0 \u00a0 \u00a0 \u00a0 \u00a0 \u00a0 \u00a0 \u00a0 \u00a0 \u00a0 \u00a0 \u00a0 \u00a0 \u00a0 \u00a0 \u00a0\u00a0<\/span><\/h1>\n<ul>\n<li>\n<h3 style=\"text-align: justify;\">Tenir 18 anys o b\u00e9 complir-los durant l&#8217;any natural d&#8217;inici d&#8217;aquests estudis.<\/h3>\n<\/li>\n<li>\n<h3 style=\"text-align: justify;\">Tenir 16 anys o b\u00e9 complir-los durant l&#8217;any natural d&#8217;inici d&#8217;aquests estudis, en alguns casos.<\/h3>\n<\/li>\n<\/ul>\n<h2><span style=\"text-decoration: underline;\">Horari: Torns de mat\u00ed i tarda<\/span><\/h2>\n<h3>Documentaci\u00f3 a portar:<\/h3>\n<ul>\n<li style=\"list-style-type: none;\">\n<ul>\n<li>\n<h3>Fotoc\u00f2pia de Passaport \/ DNI \/ NIE<\/h3>\n<\/li>\n<li>\n<h3>Fotoc\u00f2pia de Targeta sanit\u00e0ria<\/h3>\n<\/li>\n<li>\n<h3>Fotoc\u00f2pia de Empadronament<\/h3>\n<\/li>\n<\/ul>\n<\/li>\n<\/ul>\n\n\n\n\n<div class=\"wp-block-buttons is-layout-flex wp-block-buttons-is-layout-flex\">\n<div class=\"wp-block-button has-custom-width wp-block-button__width-100\"><a class=\"wp-block-button__link has-black-color has-pale-ocean-gradient-background has-text-color has-background wp-element-button\" href=\"https:\/\/agora.xtec.cat\/cfacornella\/horaris-grups\/\" style=\"border-radius:3px\"><strong>HORARIS<\/strong><\/a><\/div>\n<\/div>\n\n\n","protected":false},"excerpt":{"rendered":"<p><a href=\"https:\/\/agora.xtec.cat\/cfacornella\/wp-content\/uploads\/usu2362\/2023\/11\/MOTS-MAGIQUES-6o.jpg\"><\/a><\/p>\n<p>Aquests estudis tenen com a objectiu que les persones adultes assoleixin un grau de compet\u00e8ncia b\u00e0sica per a comunicar-se en llengua francesa i s&#8217;imparteixen en tres nivells: llengua francesa nivell 1, 2 i 3, que corresponen als nivells A1, A2.1 i A2.2 del MECR&hellip;  <a href=\"https:\/\/agora.xtec.cat\/cfacornella\/ensenyaments\/ensenyaments-transprofessionals\/llengua-francesa\/\" title=\"Read Llengua francesa\">Llegeix m\u00e9s\u00bb<\/a><\/p>\n","protected":false},"author":1,"featured_media":0,"parent":286,"menu_order":0,"comment_status":"closed","ping_status":"closed","template":"page-templates\/side-menu.php","meta":{"_bbp_topic_count":0,"_bbp_reply_count":0,"_bbp_total_topic_count":0,"_bbp_total_reply_count":0,"_bbp_voice_count":0,"_bbp_anonymous_reply_count":0,"_bbp_topic_count_hidden":0,"_bbp_reply_count_hidden":0,"_bbp_forum_subforum_count":0,"footnotes":""},"class_list":["post-314","page","type-page","status-publish","hentry"],"post_mailing_queue_ids":[],"_links":{"self":[{"href":"https:\/\/agora.xtec.cat\/cfacornella\/wp-json\/wp\/v2\/pages\/314","targetHints":{"allow":["GET"]}}],"collection":[{"href":"https:\/\/agora.xtec.cat\/cfacornella\/wp-json\/wp\/v2\/pages"}],"about":[{"href":"https:\/\/agora.xtec.cat\/cfacornella\/wp-json\/wp\/v2\/types\/page"}],"author":[{"embeddable":true,"href":"https:\/\/agora.xtec.cat\/cfacornella\/wp-json\/wp\/v2\/users\/1"}],"replies":[{"embeddable":true,"href":"https:\/\/agora.xtec.cat\/cfacornella\/wp-json\/wp\/v2\/comments?post=314"}],"version-history":[{"count":6,"href":"https:\/\/agora.xtec.cat\/cfacornella\/wp-json\/wp\/v2\/pages\/314\/revisions"}],"predecessor-version":[{"id":1191,"href":"https:\/\/agora.xtec.cat\/cfacornella\/wp-json\/wp\/v2\/pages\/314\/revisions\/1191"}],"up":[{"embeddable":true,"href":"https:\/\/agora.xtec.cat\/cfacornella\/wp-json\/wp\/v2\/pages\/286"}],"wp:attachment":[{"href":"https:\/\/agora.xtec.cat\/cfacornella\/wp-json\/wp\/v2\/media?parent=314"}],"curies":[{"name":"wp","href":"https:\/\/api.w.org\/{rel}","templated":true}]}}