{"id":303,"date":"2015-01-28T11:23:05","date_gmt":"2015-01-28T10:23:05","guid":{"rendered":"http:\/\/agora.xtec.cat\/cfacornella\/?page_id=303"},"modified":"2024-01-11T16:54:36","modified_gmt":"2024-01-11T15:54:36","slug":"graduat-en-educacio-secundaria-per-adults","status":"publish","type":"page","link":"https:\/\/agora.xtec.cat\/cfacornella\/ensenyaments\/ensenyaments-inicials-i-formacio-basica\/graduat-en-educacio-secundaria-per-adults\/","title":{"rendered":"Graduat en educaci\u00f3 secundaria per adults (GESO)"},"content":{"rendered":"\n\n<div class=\"wp-block-image is-style-default\">\n<figure class=\"aligncenter size-large is-resized\"><a href=\"https:\/\/agora.xtec.cat\/cfacornella\/wp-content\/uploads\/usu2362\/2023\/11\/GESO-1.png\"><img loading=\"lazy\" decoding=\"async\" width=\"888\" height=\"783\" src=\"https:\/\/agora.xtec.cat\/cfacornella\/wp-content\/uploads\/usu2362\/2023\/11\/GESO-1.png\" alt=\"\" class=\"wp-image-984\" style=\"width:513px;height:427px\" srcset=\"https:\/\/agora.xtec.cat\/cfacornella\/wp-content\/uploads\/usu2362\/2023\/11\/GESO-1.png 888w, https:\/\/agora.xtec.cat\/cfacornella\/wp-content\/uploads\/usu2362\/2023\/11\/GESO-1-300x265.png 300w, https:\/\/agora.xtec.cat\/cfacornella\/wp-content\/uploads\/usu2362\/2023\/11\/GESO-1-768x677.png 768w\" sizes=\"auto, (max-width: 888px) 100vw, 888px\" \/><\/a><\/figure><\/div>\n\n<h3 style=\"text-align: justify;\">Aquests estudis permeten completar els ensenyaments b\u00e0sics i obtenir el t\u00edtol de graduat o graduada en educaci\u00f3 secund\u00e0ria obligat\u00f2ria (GESO). Es poden cursar de manera presencial\u00a0 semi presencial als centres i aules de formaci\u00f3 de persones adultes o als centres i aules de formaci\u00f3 de persones adultes que s\u00f3n punts de suport de l&#8217;Institut Obert de Catalunya (IOC).<\/h3>\n<h1><span style=\"color: #000000; background-color: #2eecf2;\">CONTINGUTS\u00a0 \u00a0 \u00a0 \u00a0 \u00a0 \u00a0 \u00a0 \u00a0 \u00a0 \u00a0 \u00a0 \u00a0 \u00a0 \u00a0 \u00a0 \u00a0 \u00a0 \u00a0 \u00a0 \u00a0 \u00a0 \u00a0 \u00a0 \u00a0 \u00a0 \u00a0 \u00a0 \u00a0 \u00a0 \u00a0 \u00a0<\/span><\/h1>\n<h3 style=\"text-align: justify;\">Els ensenyaments per a l\u2019obtenci\u00f3 del t\u00edtol de graduat o graduada en educaci\u00f3 secund\u00e0ria obligat\u00f2ria per a les persones adultes consisteixen en 34 m\u00f2duls amb una c\u00e0rrega lectiva de 35 hores per m\u00f2dul. La durada d\u2019aquests estudis \u00e9s de 1.190 hores. Els m\u00f2duls estan organitzats en tres \u00e0mbits (\u00e0mbit de la comunicaci\u00f3, \u00e0mbit cientificotecnol\u00f2gic i \u00e0mbit social) i es distribueixen en dos<br \/>nivells:<\/h3>\n\n\n<div class=\"wp-block-getwid-tabs\" data-active-tab=\"0\"><ul class=\"wp-block-getwid-tabs__nav-links\"><\/ul>\n<div class=\"wp-block-getwid-tabs__nav-link\"><h3 class=\"wp-block-getwid-tabs__title-wrapper\"><a href=\"#\"><span class=\"wp-block-getwid-tabs__title\">GES 1<\/span><\/a><\/h3><\/div><div class=\"wp-block-getwid-tabs__tab-content-wrapper\"><div class=\"wp-block-getwid-tabs__tab-content\">\n<h2 class=\"wp-block-heading\">M\u00f2duls del nivell I:<\/h2>\n\n\n\n<h3 class=\"wp-block-heading\">1. \u00c0mbit de la comunicaci\u00f3:<\/h3>\n\n\n\n<h3 class=\"wp-block-heading\">\u2022 Literatura<br>\u2022 Llengua catalana I<br>\u2022 Llengua castellana I<br>\u2022 Llengua estrangera I<br>\u2022 Llengua catalana II<br>\u2022 Llengua castellana II<\/h3>\n\n\n\n<h3 class=\"wp-block-heading\">2. \u00c0mbit cientificotecnol\u00f2gic:<\/h3>\n\n\n\n<h3 class=\"wp-block-heading\">\u2022 Matem\u00e0tiques<br>\u2022 Matem\u00e0tiques II<br>\u2022 F\u00edsica i qu\u00edmica I<br>\u2022 Ci\u00e8ncies naturals<br>\u2022 Educaci\u00f3 per a la salut<\/h3>\n\n\n\n<h3 class=\"wp-block-heading\">3. \u00c0mbit social:<\/h3>\n\n\n\n<h3 class=\"wp-block-heading\">\u2022 Ci\u00e8ncies socials I i educaci\u00f3 per a la ciutadania<br>\u2022 Geografia I<br>\u2022 Hist\u00f2ria I<\/h3>\n\n\n\n<h3 class=\"wp-block-heading\">Total m\u00f2duls del 1r nivell a cursar: 14 comuns, 2 opcionals i el m\u00f2dul de Tutoria.<\/h3>\n<\/div><\/div>\n\n\n\n<div class=\"wp-block-getwid-tabs__nav-link\"><h3 class=\"wp-block-getwid-tabs__title-wrapper\"><a href=\"#\"><span class=\"wp-block-getwid-tabs__title\">GES 2<\/span><\/a><\/h3><\/div><div class=\"wp-block-getwid-tabs__tab-content-wrapper\"><div class=\"wp-block-getwid-tabs__tab-content\">\n<h2 class=\"wp-block-heading\">M\u00f2duls del nivell II:<\/h2>\n\n\n\n<h3 class=\"wp-block-heading\">1. \u00c0mbit de la comunicaci\u00f3:<\/h3>\n\n\n\n<h3 class=\"wp-block-heading\">\u2022 Llengua catalana III<br>\u2022 Llengua castellana III<br>\u2022 Llengua estrangera II<br>\u2022 Llengua estrangera III<br>\u2022 Literatura catalana<br>\u2022 Literatura castellana<\/h3>\n\n\n\n<h3 class=\"wp-block-heading\">2. \u00c0mbit cientificotecnol\u00f2gic:<\/h3>\n\n\n\n<h3 class=\"wp-block-heading\">\u2022 Matem\u00e0tiques III<br>\u2022 Matem\u00e0tiques IV<br>\u2022 F\u00edsica i qu\u00edmica II<br>\u2022 Biologia i geologia<br>\u2022 Tecnologia<\/h3>\n\n\n\n<h3 class=\"wp-block-heading\">3. \u00c0mbit social:<\/h3>\n\n\n\n<h3 class=\"wp-block-heading\">\u2022 Ci\u00e8ncies socials II i moviments migratoris<br>\u2022 Geografia II<br>\u2022 Hist\u00f2ria II<\/h3>\n\n\n\n<h3 class=\"wp-block-heading\">Total m\u00f2duls del 2n nivell a cursar: 14 comuns, 2 opcionals i el m\u00f2dul de Tutoria<\/h3>\n<\/div><\/div>\n\n\n\n<div class=\"wp-block-getwid-tabs__nav-link\"><h3 class=\"wp-block-getwid-tabs__title-wrapper\"><a href=\"#\"><span class=\"wp-block-getwid-tabs__title\">m\u00f2duls opcionals<\/span><\/a><\/h3><\/div><div class=\"wp-block-getwid-tabs__tab-content-wrapper\"><div class=\"wp-block-getwid-tabs__tab-content\">\n<h3 id=\"block-cfdaa3bf-7923-495c-88ab-41c4df31f870\" class=\"block-editor-rich-text__editable block-editor-block-list__block wp-block is-selected is-focused is-focus-mode rich-text\" tabindex=\"0\" role=\"group\" contenteditable=\"true\" aria-multiline=\"true\" aria-label=\"Bloc: Cap\u00e7alera\" data-block=\"cfdaa3bf-7923-495c-88ab-41c4df31f870\" data-type=\"core\/heading\" data-title=\"Cap\u00e7alera\">Llengua estrangera<\/h3>\n\n\n\n<h3 class=\"wp-block-heading\">Llengua i TIC<\/h3>\n\n\n\n<h3 class=\"wp-block-heading\">Inf. i pensament cr\u00edtic<\/h3>\n\n\n\n<h3 class=\"wp-block-heading\">Angl\u00e8s per al turisme<\/h3>\n\n\n<\/div><\/div>\n<\/div>\n\n\n\n<h1><span style=\"background-color: #2eecf2;\">ACC\u00c9S\u00a0 \u00a0 \u00a0 \u00a0 \u00a0 \u00a0 \u00a0 \u00a0 \u00a0 \u00a0 \u00a0 \u00a0 \u00a0 \u00a0 \u00a0 \u00a0 \u00a0 \u00a0 \u00a0 \u00a0 \u00a0 \u00a0 \u00a0 \u00a0 \u00a0 \u00a0 \u00a0 \u00a0 \u00a0 \u00a0 \u00a0 \u00a0 \u00a0 \u00a0 \u00a0 \u00a0 \u00a0<\/span><\/h1>\n<h3 style=\"text-align: justify;\">Per tal de situar l&#8217;alumnat en el nivell que li correspon, valorar els coneixements previs de l&#8217;alumnat i orientar-lo, durant el per\u00edode de preinscripci\u00f3 o en el moment que l&#8217;alumne\/a accedeix al centre passa per una avaluaci\u00f3 inicial que consisteix en una entrevista personal i, si escau, per una prova de nivell. Durant aquest proc\u00e9s pot acreditar o convalidar coneixements per posteriorment iniciar els estudis d&#8217;acord amb un itinerari personalitzat.<\/h3>\n<h1><span style=\"background-color: #2eecf2;\">CONTINU\u00cfTAT\/SORTIDES ACAD\u00c8MIQUES\u00a0 \u00a0 \u00a0 \u00a0 \u00a0 \u00a0 \u00a0 \u00a0<\/span><\/h1>\n<h3>Les persones que superen aquesta formaci\u00f3 poden accedir als ensenyaments seg\u00fcents:<br \/>\u2022 el batxillerat,<br \/>\u2022 els cicles formatius de grau mitj\u00e0<\/h3>\n<ul>\n<li>\n<h3>la preparaci\u00f3 per a les proves d&#8217;acc\u00e9s als cicles formatius de grau superior<\/h3>\n<\/li>\n<\/ul>\n<h3>\u2022 la preparaci\u00f3 per a les proves d&#8217;acc\u00e9s a la universitat per a les persones m\u00e9s grans de 25 anys.<\/h3>\n<h1><span style=\"background-color: #2eecf2;\">REQUISITS\u00a0 \u00a0 \u00a0 \u00a0 \u00a0 \u00a0 \u00a0 \u00a0 \u00a0 \u00a0 \u00a0 \u00a0 \u00a0 \u00a0 \u00a0 \u00a0 \u00a0 \u00a0 \u00a0 \u00a0 \u00a0 \u00a0 \u00a0 \u00a0 \u00a0 \u00a0 \u00a0 \u00a0 \u00a0 \u00a0 \u00a0 \u00a0 \u00a0\u00a0<\/span><\/h1>\n<ul>\n<li>\n<h3 style=\"text-align: justify;\">Tenir 18 anys o b\u00e9 complir-los durant l&#8217;any natural d&#8217;inici d&#8217;aquests estudis.<\/h3>\n<\/li>\n<li>\n<h3 style=\"text-align: justify;\">Tenir 16 anys o b\u00e9 complir-los durant l&#8217;any natural d&#8217;inici d&#8217;aquests estudis, en alguns casos.<\/h3>\n<\/li>\n<\/ul>\n<h2><span style=\"text-decoration: underline;\">Horari: Torns de mat\u00ed i tarda<\/span><\/h2>\n<h3>Documentaci\u00f3 a portar:<\/h3>\n<ul>\n<li>\n<h3>Fotoc\u00f2pia de Passaport \/ DNI \/ NIE<\/h3>\n<\/li>\n<li>\n<h3>Fotoc\u00f2pia de Targeta sanit\u00e0ria<\/h3>\n<\/li>\n<li>\n<h3>Fotoc\u00f2pia de Empadronament<\/h3>\n<\/li>\n<\/ul>\n\n\n\n<div class=\"wp-block-buttons is-layout-flex wp-block-buttons-is-layout-flex\">\n<div class=\"wp-block-button has-custom-width wp-block-button__width-100\"><a class=\"wp-block-button__link has-black-color has-text-color has-background wp-element-button\" href=\"https:\/\/agora.xtec.cat\/cfacornella\/horaris-grups\/\" style=\"background:radial-gradient(rgb(255,203,112) 0%,rgb(199,81,192) 84%,rgb(65,88,208) 100%)\" target=\"_blank\" rel=\"noreferrer noopener\"><strong>HORARIS<\/strong><\/a><\/div>\n<\/div>\n","protected":false},"excerpt":{"rendered":"<p><a href=\"https:\/\/agora.xtec.cat\/cfacornella\/wp-content\/uploads\/usu2362\/2023\/11\/GESO-1.png\"><\/a><\/p>\n<p>Aquests estudis permeten completar els ensenyaments b\u00e0sics i obtenir el t\u00edtol de graduat o graduada en educaci\u00f3 secund\u00e0ria obligat\u00f2ria (GESO). Es poden cursar de manera presencial\u00a0 semi presencial als centres i aules de formaci\u00f3 de persones adultes o als centres i aules de formaci\u00f3&hellip;  <a href=\"https:\/\/agora.xtec.cat\/cfacornella\/ensenyaments\/ensenyaments-inicials-i-formacio-basica\/graduat-en-educacio-secundaria-per-adults\/\" title=\"Read Graduat en educaci\u00f3 secundaria per adults (GESO)\">Llegeix m\u00e9s\u00bb<\/a><\/p>\n","protected":false},"author":1,"featured_media":0,"parent":283,"menu_order":0,"comment_status":"closed","ping_status":"closed","template":"page-templates\/side-menu.php","meta":{"_bbp_topic_count":0,"_bbp_reply_count":0,"_bbp_total_topic_count":0,"_bbp_total_reply_count":0,"_bbp_voice_count":0,"_bbp_anonymous_reply_count":0,"_bbp_topic_count_hidden":0,"_bbp_reply_count_hidden":0,"_bbp_forum_subforum_count":0,"footnotes":""},"class_list":["post-303","page","type-page","status-publish","hentry"],"post_mailing_queue_ids":[],"_links":{"self":[{"href":"https:\/\/agora.xtec.cat\/cfacornella\/wp-json\/wp\/v2\/pages\/303","targetHints":{"allow":["GET"]}}],"collection":[{"href":"https:\/\/agora.xtec.cat\/cfacornella\/wp-json\/wp\/v2\/pages"}],"about":[{"href":"https:\/\/agora.xtec.cat\/cfacornella\/wp-json\/wp\/v2\/types\/page"}],"author":[{"embeddable":true,"href":"https:\/\/agora.xtec.cat\/cfacornella\/wp-json\/wp\/v2\/users\/1"}],"replies":[{"embeddable":true,"href":"https:\/\/agora.xtec.cat\/cfacornella\/wp-json\/wp\/v2\/comments?post=303"}],"version-history":[{"count":6,"href":"https:\/\/agora.xtec.cat\/cfacornella\/wp-json\/wp\/v2\/pages\/303\/revisions"}],"predecessor-version":[{"id":1188,"href":"https:\/\/agora.xtec.cat\/cfacornella\/wp-json\/wp\/v2\/pages\/303\/revisions\/1188"}],"up":[{"embeddable":true,"href":"https:\/\/agora.xtec.cat\/cfacornella\/wp-json\/wp\/v2\/pages\/283"}],"wp:attachment":[{"href":"https:\/\/agora.xtec.cat\/cfacornella\/wp-json\/wp\/v2\/media?parent=303"}],"curies":[{"name":"wp","href":"https:\/\/api.w.org\/{rel}","templated":true}]}}