{"id":301,"date":"2015-01-28T11:21:46","date_gmt":"2015-01-28T10:21:46","guid":{"rendered":"http:\/\/agora.xtec.cat\/cfacornella\/?page_id=301"},"modified":"2024-01-11T16:51:52","modified_gmt":"2024-01-11T15:51:52","slug":"formacio-instrumental","status":"publish","type":"page","link":"https:\/\/agora.xtec.cat\/cfacornella\/ensenyaments\/ensenyaments-inicials-i-formacio-basica\/formacio-instrumental\/","title":{"rendered":"Formaci\u00f3 instrumental"},"content":{"rendered":"<h2><img loading=\"lazy\" decoding=\"async\" class=\"aligncenter\" src=\"https:\/\/agora.xtec.cat\/cfaedeliahernandez\/wp-content\/uploads\/usu2195\/2020\/06\/nubecfi-1.jpg\" alt=\"Formaci\u00f3 Instrumental (FI) | CFA Edelia Hern\u00e1ndez\" width=\"471\" height=\"402\" \/><\/h2>\n<h1><span style=\"background-color: #2eecf2;\">OBJECTIUS DEL CURS\u00a0 \u00a0 \u00a0 \u00a0 \u00a0 \u00a0 \u00a0 \u00a0 \u00a0 \u00a0 \u00a0 \u00a0 \u00a0 \u00a0 \u00a0 \u00a0 \u00a0 \u00a0 \u00a0 \u00a0 \u00a0 \u00a0 \u00a0 \u00a0\u00a0<\/span><\/h1>\n<ul>\n<li>\n<h3 style=\"text-align: justify;\">Aprendre a llegir, escriure i fer c\u00e0lculs elementals.<\/h3>\n<\/li>\n<li>\n<h3 style=\"text-align: justify;\">Proporcionar a les persones adultes els elements necessaris que els permetin l&#8217;adquisici\u00f3 progressiva de les compet\u00e8ncies clau per afavorir el seu desenvolupament personal i acad\u00e8mic i la integraci\u00f3 social i laboral.<\/h3>\n<h3 style=\"text-align: justify;\">La superaci\u00f3 d&#8217;aquests estudis permet l&#8217;obtenci\u00f3 del certificat de formaci\u00f3 instrumental. Tamb\u00e9 l&#8217;assoliment d&#8217;un nivell A2 del MECR en les dues lleng\u00fces oficials i un coneixement equivalent al nivell de COMPETIC inicial.<\/h3>\n<\/li>\n<\/ul>\n<h1><span style=\"background-color: #2eecf2;\">CONTINGUTS\u00a0 \u00a0 \u00a0 \u00a0 \u00a0 \u00a0 \u00a0 \u00a0 \u00a0 \u00a0 \u00a0 \u00a0 \u00a0 \u00a0 \u00a0 \u00a0 \u00a0 \u00a0 \u00a0 \u00a0 \u00a0 \u00a0 \u00a0 \u00a0 \u00a0 \u00a0 \u00a0 \u00a0 \u00a0 \u00a0 \u00a0<\/span><\/h1>\n<h3><span style=\"text-decoration: underline;\">Estructura \u00e0rees i compet\u00e8ncies<\/span><\/h3>\n<h3>Cicles i nivells (durada i organitzaci\u00f3 setmanal)<\/h3>\n<h3>La durada d&#8217;aquesta formaci\u00f3 \u00e9s de 980 hores; no obstant aix\u00f2, es poden acreditar nivells en funci\u00f3 dels<br \/>coneixements previs de l&#8217;alumnat.<\/h3>\n<h3><span style=\"text-decoration: underline;\">\u00c0rees curriculars i compet\u00e8ncies<\/span><\/h3>\n<h3>Els ensenyaments de formaci\u00f3 instrumental s&#8217;estructuren en tres \u00e0rees curriculars i dues compet\u00e8ncies transversals:<br \/>\u2022 \u00c0rea ling\u00fc\u00edstica<br \/>\u2022 \u00c0rea matem\u00e0tica<br \/>\u2022 \u00c0rea del medi natural, social i cultural<br \/>\u2022 Compet\u00e8ncia digital<br \/>\u2022 Compet\u00e8ncia personal, social i laboral<\/h3>\n<h3 style=\"text-align: justify;\">Es treballen integrades al llarg dels dos cicles i es recomana que es concretin a partir de propostes d&#8217;aprenentatge globalitzades i competencials en les quals l&#8217;alumnat s&#8217;aproximi al coneixement des d&#8217;una perspectiva transversal, significativa i funcional.<\/h3>\n<h1><span style=\"color: #2eecf2;\"><span style=\"color: #000000; background-color: #2eecf2;\">REQUISITS\u00a0 \u00a0 \u00a0 \u00a0 \u00a0 \u00a0 \u00a0 \u00a0 \u00a0 \u00a0 \u00a0 \u00a0 \u00a0 \u00a0 \u00a0 \u00a0 \u00a0 \u00a0 \u00a0 \u00a0 \u00a0 \u00a0 \u00a0 \u00a0 \u00a0 \u00a0 \u00a0 \u00a0 \u00a0 \u00a0 \u00a0 \u00a0 <\/span>\u00a0<\/span><\/h1>\n<ul>\n<li>\n<h3 style=\"text-align: justify;\">Tenir 18 anys o b\u00e9 complir-los durant l&#8217;any natural d&#8217;inici d&#8217;aquests estudis.<\/h3>\n<\/li>\n<li>\n<h3 style=\"text-align: justify;\">Tenir 16 anys o b\u00e9 complir-los durant l&#8217;any natural d&#8217;inici d&#8217;aquests estudis, en alguns casos.<\/h3>\n<\/li>\n<\/ul>\n<h2><span style=\"text-decoration: underline;\">Horari: Torns de mat\u00ed i tarda<\/span><\/h2>\n<h3>Documentaci\u00f3 a portar:<\/h3>\n<ul>\n<li>\n<h3>Fotoc\u00f2pia de Passaport \/ DNI \/ NIE<\/h3>\n<\/li>\n<li>\n<h3>Fotoc\u00f2pia de Targeta sanit\u00e0ria<\/h3>\n<\/li>\n<li>\n<h3>Fotoc\u00f2pia de Empadronament<\/h3>\n<\/li>\n<\/ul>\n\n\n<div class=\"wp-block-getwid-tabs\" data-active-tab=\"0\"><ul class=\"wp-block-getwid-tabs__nav-links\"><\/ul>\n<div class=\"wp-block-getwid-tabs__nav-link\"><h4 class=\"wp-block-getwid-tabs__title-wrapper\"><a href=\"#\"><span class=\"wp-block-getwid-tabs__title\">1r cicle 1r nivell<\/span><\/a><\/h4><\/div><div class=\"wp-block-getwid-tabs__tab-content-wrapper\"><div class=\"wp-block-getwid-tabs__tab-content\">\n<h3 class=\"wp-block-heading\">(280 hores)<\/h3>\n\n\n\n<h3 class=\"wp-block-heading\">Quadrimestral: 16 hores<br>Anual: 8 hores<br>Biennal: 4 hores<\/h3>\n<\/div><\/div>\n\n\n\n<div class=\"wp-block-getwid-tabs__nav-link\"><h4 class=\"wp-block-getwid-tabs__title-wrapper\"><a href=\"#\"><span class=\"wp-block-getwid-tabs__title\">1r cicle 2n nivell<\/span><\/a><\/h4><\/div><div class=\"wp-block-getwid-tabs__tab-content-wrapper\"><div class=\"wp-block-getwid-tabs__tab-content\">\n<h3 class=\"wp-block-heading\">(210 hores)<br>Quadrimestral: 12 hores<br>Anual: 6 hores<br>Biennal: 3 hores<\/h3>\n<\/div><\/div>\n\n\n\n<div class=\"wp-block-getwid-tabs__nav-link\"><h4 class=\"wp-block-getwid-tabs__title-wrapper\"><a href=\"#\"><span class=\"wp-block-getwid-tabs__title\">2n cicle 3r nivell<\/span><\/a><\/h4><\/div><div class=\"wp-block-getwid-tabs__tab-content-wrapper\"><div class=\"wp-block-getwid-tabs__tab-content\">\n<h3 class=\"wp-block-heading\">(210 hores)<br>Quadrimestral: 12 hores<br>Anual: 6 hores<br>Biennal: 3 hores<\/h3>\n<\/div><\/div>\n\n\n\n<div class=\"wp-block-getwid-tabs__nav-link\"><h4 class=\"wp-block-getwid-tabs__title-wrapper\"><a href=\"#\"><span class=\"wp-block-getwid-tabs__title\">2n cicle 4t nivell<\/span><\/a><\/h4><\/div><div class=\"wp-block-getwid-tabs__tab-content-wrapper\"><div class=\"wp-block-getwid-tabs__tab-content\">\n<h3 class=\"wp-block-heading\">(280 hores)<br>Quadrimestral: 16 hores<br>Anual: 8 hores<br>Biennal: 4 hores<\/h3>\n<\/div><\/div>\n<\/div>\n\n\n\n<div class=\"wp-block-buttons is-layout-flex wp-block-buttons-is-layout-flex\">\n<div class=\"wp-block-button has-custom-width wp-block-button__width-100\"><a class=\"wp-block-button__link has-black-color has-text-color has-background wp-element-button\" href=\"https:\/\/agora.xtec.cat\/cfacornella\/horaris-grups\/\" style=\"background:linear-gradient(135deg,rgb(255,245,203) 0%,rgb(182,227,212) 27%,rgb(51,167,181) 86%)\" target=\"_blank\" rel=\"noreferrer noopener\"><strong>HORARIS<\/strong><\/a><\/div>\n<\/div>\n","protected":false},"excerpt":{"rendered":"<p>OBJECTIUS DEL CURS\u00a0 \u00a0 \u00a0 \u00a0 \u00a0 \u00a0 \u00a0 \u00a0 \u00a0 \u00a0 \u00a0 \u00a0 \u00a0 \u00a0 \u00a0 \u00a0 \u00a0 \u00a0 \u00a0 \u00a0 \u00a0 \u00a0 \u00a0 \u00a0\u00a0<\/p>\n<ul>\n<li>\nAprendre a llegir, escriure i fer c\u00e0lculs elementals.\n<\/li>\n<li>\nProporcionar a les persones adultes els elements necessaris que els permetin l&#8217;adquisici\u00f3 progressiva&hellip;  <a href=\"https:\/\/agora.xtec.cat\/cfacornella\/ensenyaments\/ensenyaments-inicials-i-formacio-basica\/formacio-instrumental\/\" title=\"Read Formaci\u00f3 instrumental\">Llegeix m\u00e9s\u00bb<\/a><\/p>\n","protected":false},"author":1,"featured_media":0,"parent":283,"menu_order":0,"comment_status":"closed","ping_status":"closed","template":"page-templates\/side-menu.php","meta":{"_bbp_topic_count":0,"_bbp_reply_count":0,"_bbp_total_topic_count":0,"_bbp_total_reply_count":0,"_bbp_voice_count":0,"_bbp_anonymous_reply_count":0,"_bbp_topic_count_hidden":0,"_bbp_reply_count_hidden":0,"_bbp_forum_subforum_count":0,"footnotes":""},"class_list":["post-301","page","type-page","status-publish","hentry"],"post_mailing_queue_ids":[],"_links":{"self":[{"href":"https:\/\/agora.xtec.cat\/cfacornella\/wp-json\/wp\/v2\/pages\/301","targetHints":{"allow":["GET"]}}],"collection":[{"href":"https:\/\/agora.xtec.cat\/cfacornella\/wp-json\/wp\/v2\/pages"}],"about":[{"href":"https:\/\/agora.xtec.cat\/cfacornella\/wp-json\/wp\/v2\/types\/page"}],"author":[{"embeddable":true,"href":"https:\/\/agora.xtec.cat\/cfacornella\/wp-json\/wp\/v2\/users\/1"}],"replies":[{"embeddable":true,"href":"https:\/\/agora.xtec.cat\/cfacornella\/wp-json\/wp\/v2\/comments?post=301"}],"version-history":[{"count":6,"href":"https:\/\/agora.xtec.cat\/cfacornella\/wp-json\/wp\/v2\/pages\/301\/revisions"}],"predecessor-version":[{"id":1187,"href":"https:\/\/agora.xtec.cat\/cfacornella\/wp-json\/wp\/v2\/pages\/301\/revisions\/1187"}],"up":[{"embeddable":true,"href":"https:\/\/agora.xtec.cat\/cfacornella\/wp-json\/wp\/v2\/pages\/283"}],"wp:attachment":[{"href":"https:\/\/agora.xtec.cat\/cfacornella\/wp-json\/wp\/v2\/media?parent=301"}],"curies":[{"name":"wp","href":"https:\/\/api.w.org\/{rel}","templated":true}]}}