{"id":299,"date":"2015-01-28T11:21:22","date_gmt":"2015-01-28T10:21:22","guid":{"rendered":"http:\/\/agora.xtec.cat\/cfacornella\/?page_id=299"},"modified":"2024-09-17T12:44:31","modified_gmt":"2024-09-17T10:44:31","slug":"llengua-castellana","status":"publish","type":"page","link":"https:\/\/agora.xtec.cat\/cfacornella\/ensenyaments\/ensenyaments-inicials-i-formacio-basica\/llengua-castellana\/","title":{"rendered":"Llengua castellana"},"content":{"rendered":"\n<p><a href=\"https:\/\/agora.xtec.cat\/cfacornella\/wp-content\/uploads\/usu2362\/2024\/09\/castella.jpeg\"><img loading=\"lazy\" decoding=\"async\" class=\"alignnone size-full wp-image-1299\" src=\"https:\/\/agora.xtec.cat\/cfacornella\/wp-content\/uploads\/usu2362\/2024\/09\/castella.jpeg\" alt=\"\" width=\"846\" height=\"590\" srcset=\"https:\/\/agora.xtec.cat\/cfacornella\/wp-content\/uploads\/usu2362\/2024\/09\/castella.jpeg 846w, https:\/\/agora.xtec.cat\/cfacornella\/wp-content\/uploads\/usu2362\/2024\/09\/castella-300x209.jpeg 300w, https:\/\/agora.xtec.cat\/cfacornella\/wp-content\/uploads\/usu2362\/2024\/09\/castella-768x536.jpeg 768w\" sizes=\"auto, (max-width: 846px) 100vw, 846px\" \/><\/a><\/p>\n\n\n<h1><span style=\"background-color: #2eecf2;\">OBJECTIU DEL CURS\u00a0 \u00a0 \u00a0 \u00a0 \u00a0 \u00a0 \u00a0 \u00a0 \u00a0 \u00a0 \u00a0 \u00a0 \u00a0 \u00a0 \u00a0 \u00a0 \u00a0 \u00a0 \u00a0 \u00a0 \u00a0 \u00a0 \u00a0 \u00a0 \u00a0\u00a0<\/span><\/h1>\n<h3 style=\"text-align: justify;\">Assolir un grau de compet\u00e8ncia b\u00e0sica en catal\u00e0 a nivell oral i escrit. S&#8217;imparteixen tres nivells:<\/h3>\n<ul style=\"text-align: justify;\">\n<li>\n<h3>Castell\u00e0 1<\/h3>\n<\/li>\n<li>\n<h3>Castell\u00e0 2<\/h3>\n<\/li>\n<li>\n<h3>Castell\u00e0 3<\/h3>\n<\/li>\n<\/ul>\n<h3 style=\"text-align: justify;\">que corresponen als nivells A1, A2 i B1 del MECR (Marc Europeu Com\u00fa de Refer\u00e8ncia per a les lleng\u00fces).<\/h3>\n<h1><span style=\"background-color: #2eecf2;\">REQUISITS\u00a0 \u00a0 \u00a0 \u00a0 \u00a0 \u00a0 \u00a0 \u00a0 \u00a0 \u00a0 \u00a0 \u00a0 \u00a0 \u00a0 \u00a0 \u00a0 \u00a0 \u00a0 \u00a0 \u00a0 \u00a0 \u00a0 \u00a0 \u00a0 \u00a0 \u00a0 \u00a0 \u00a0 \u00a0 \u00a0 \u00a0 \u00a0 \u00a0\u00a0<\/span><\/h1>\n<ul>\n<li>\n<h3 style=\"text-align: justify;\">Tenir 18 anys o b\u00e9 complir-los durant l&#8217;any natural d&#8217;inici d&#8217;aquests estudis.<\/h3>\n<\/li>\n<li>\n<h3 style=\"text-align: justify;\">Tenir 16 anys o b\u00e9 complir-los durant l&#8217;any natural d&#8217;inici d&#8217;aquests estudis, en alguns casos.<\/h3>\n<\/li>\n<\/ul>\n<h2><span style=\"text-decoration: underline;\">Horari: Torns de mat\u00ed i tarda<\/span><\/h2>\n<h3>Documentaci\u00f3 a portar:<\/h3>\n<ul>\n<li>\n<h3>Fotoc\u00f2pia de Passaport \/ DNI \/ NIE<\/h3>\n<\/li>\n<li>\n<h3>Fotoc\u00f2pia de Targeta sanit\u00e0ria<\/h3>\n<\/li>\n<li>\n<h3>Fotoc\u00f2pia de Empadronament<\/h3>\n<\/li>\n<\/ul>\n\n\n<div class=\"wp-block-buttons is-layout-flex wp-block-buttons-is-layout-flex\">\n<div class=\"wp-block-button has-custom-width wp-block-button__width-100\"><a class=\"wp-block-button__link has-black-color has-cool-to-warm-spectrum-gradient-background has-text-color has-background wp-element-button\" href=\"https:\/\/agora.xtec.cat\/cfacornella\/horaris-grups\/\" target=\"_blank\" rel=\"noreferrer noopener\"><strong>HORARIS<\/strong><\/a><\/div>\n<\/div>\n","protected":false},"excerpt":{"rendered":"<p><a href=\"https:\/\/agora.xtec.cat\/cfacornella\/wp-content\/uploads\/usu2362\/2024\/09\/castella.jpeg\"><\/a><\/p>\n<p>OBJECTIU DEL CURS\u00a0 \u00a0 \u00a0 \u00a0 \u00a0 \u00a0 \u00a0 \u00a0 \u00a0 \u00a0 \u00a0 \u00a0 \u00a0 \u00a0 \u00a0 \u00a0 \u00a0 \u00a0 \u00a0 \u00a0 \u00a0 \u00a0 \u00a0 \u00a0 \u00a0\u00a0<br \/>\nAssolir un grau de compet\u00e8ncia b\u00e0sica en catal\u00e0 a nivell oral i escrit. S&#8217;imparteixen tres nivells:<\/p>\n<ul style=\"text-align: justify;\">\n<li>\nCastell\u00e0&hellip;  <a href=\"https:\/\/agora.xtec.cat\/cfacornella\/ensenyaments\/ensenyaments-inicials-i-formacio-basica\/llengua-castellana\/\" title=\"Read Llengua castellana\">Llegeix m\u00e9s\u00bb<\/a><\/p>\n","protected":false},"author":1,"featured_media":0,"parent":283,"menu_order":0,"comment_status":"closed","ping_status":"closed","template":"page-templates\/side-menu.php","meta":{"_bbp_topic_count":0,"_bbp_reply_count":0,"_bbp_total_topic_count":0,"_bbp_total_reply_count":0,"_bbp_voice_count":0,"_bbp_anonymous_reply_count":0,"_bbp_topic_count_hidden":0,"_bbp_reply_count_hidden":0,"_bbp_forum_subforum_count":0,"footnotes":""},"class_list":["post-299","page","type-page","status-publish","hentry"],"post_mailing_queue_ids":[],"_links":{"self":[{"href":"https:\/\/agora.xtec.cat\/cfacornella\/wp-json\/wp\/v2\/pages\/299","targetHints":{"allow":["GET"]}}],"collection":[{"href":"https:\/\/agora.xtec.cat\/cfacornella\/wp-json\/wp\/v2\/pages"}],"about":[{"href":"https:\/\/agora.xtec.cat\/cfacornella\/wp-json\/wp\/v2\/types\/page"}],"author":[{"embeddable":true,"href":"https:\/\/agora.xtec.cat\/cfacornella\/wp-json\/wp\/v2\/users\/1"}],"replies":[{"embeddable":true,"href":"https:\/\/agora.xtec.cat\/cfacornella\/wp-json\/wp\/v2\/comments?post=299"}],"version-history":[{"count":6,"href":"https:\/\/agora.xtec.cat\/cfacornella\/wp-json\/wp\/v2\/pages\/299\/revisions"}],"predecessor-version":[{"id":1300,"href":"https:\/\/agora.xtec.cat\/cfacornella\/wp-json\/wp\/v2\/pages\/299\/revisions\/1300"}],"up":[{"embeddable":true,"href":"https:\/\/agora.xtec.cat\/cfacornella\/wp-json\/wp\/v2\/pages\/283"}],"wp:attachment":[{"href":"https:\/\/agora.xtec.cat\/cfacornella\/wp-json\/wp\/v2\/media?parent=299"}],"curies":[{"name":"wp","href":"https:\/\/api.w.org\/{rel}","templated":true}]}}