{"id":296,"date":"2015-01-28T11:18:08","date_gmt":"2015-01-28T10:18:08","guid":{"rendered":"http:\/\/agora.xtec.cat\/cfacornella\/?page_id=296"},"modified":"2024-01-11T16:49:36","modified_gmt":"2024-01-11T15:49:36","slug":"llengua-catalana","status":"publish","type":"page","link":"https:\/\/agora.xtec.cat\/cfacornella\/ensenyaments\/ensenyaments-inicials-i-formacio-basica\/llengua-catalana\/","title":{"rendered":"Llengua catalana"},"content":{"rendered":"<h2><img loading=\"lazy\" decoding=\"async\" class=\"aligncenter\" src=\"https:\/\/encrypted-tbn0.gstatic.com\/images?q=tbn:ANd9GcR38ORgExMb9v-ao-zzIjSqXb_Zk5cznRwzTw&amp;usqp=CAU\" alt=\"33es Jornades Internacionals de Professors de Catal\u00e0\" width=\"839\" height=\"290\" \/><\/h2>\n<h1><span style=\"background-color: #00ffff;\">OBJECTIUS DEL CURS\u00a0 \u00a0 \u00a0 \u00a0 \u00a0 \u00a0 \u00a0 \u00a0 \u00a0 \u00a0 \u00a0 \u00a0 \u00a0 \u00a0 \u00a0 \u00a0 \u00a0 \u00a0 \u00a0 \u00a0 \u00a0 \u00a0 \u00a0 \u00a0\u00a0<\/span><\/h1>\n<h3 style=\"text-align: justify;\">Assolir un grau de compet\u00e8ncia b\u00e0sica en catal\u00e0 a nivell oral i escrit. S&#8217;imparteixen tres nivells:<\/h3>\n<ul style=\"text-align: justify;\">\n<li>\n<h3>Catal\u00e0 1<\/h3>\n<\/li>\n<li>\n<h3>Catal\u00e0 2<\/h3>\n<\/li>\n<li>\n<h3>Catal\u00e0 3<\/h3>\n<\/li>\n<\/ul>\n<h3 style=\"text-align: justify;\">que corresponen als nivells A1, A2 i B1 del MECR (Marc Europeu Com\u00fa de Refer\u00e8ncia per a les lleng\u00fces).<\/h3>\n<h1><span style=\"background-color: #2eecf2;\">REQUISITS\u00a0 \u00a0 \u00a0 \u00a0 \u00a0 \u00a0 \u00a0 \u00a0 \u00a0 \u00a0 \u00a0 \u00a0 \u00a0 \u00a0 \u00a0 \u00a0 \u00a0 \u00a0 \u00a0 \u00a0 \u00a0 \u00a0 \u00a0 \u00a0 \u00a0 \u00a0 \u00a0 \u00a0 \u00a0 \u00a0 \u00a0 \u00a0 \u00a0\u00a0<\/span><\/h1>\n<ul>\n<li>\n<h3 style=\"text-align: justify;\">Tenir 18 anys o b\u00e9 complir-los durant l&#8217;any natural d&#8217;inici d&#8217;aquests estudis.<\/h3>\n<\/li>\n<li>\n<h3 style=\"text-align: justify;\">Tenir 16 anys o b\u00e9 complir-los durant l&#8217;any natural d&#8217;inici d&#8217;aquests estudis, en alguns casos.<\/h3>\n<\/li>\n<\/ul>\n<h2><span style=\"text-decoration: underline;\">Horari: Torns de mat\u00ed i tarda<\/span><\/h2>\n<h3>Documentaci\u00f3 a portar:<\/h3>\n<ul>\n<li>\n<h3>Fotoc\u00f2pia de Passaport \/ DNI \/ NIE<\/h3>\n<\/li>\n<li>\n<h3>Fotoc\u00f2pia de Targeta sanit\u00e0ria<\/h3>\n<\/li>\n<li>\n<h3>Fotoc\u00f2pia de Empadronament<\/h3>\n<\/li>\n<\/ul>\n\n\n<div class=\"wp-block-buttons is-layout-flex wp-block-buttons-is-layout-flex\">\n<div class=\"wp-block-button has-custom-width wp-block-button__width-100\"><a class=\"wp-block-button__link has-luminous-dusk-gradient-background has-background wp-element-button\" href=\"https:\/\/agora.xtec.cat\/cfacornella\/horaris-grups\/\" target=\"_blank\" rel=\"noreferrer noopener\"><span style=\"color:#000000\" class=\"tadv-color\"><strong>HORARIS<\/strong><\/span><\/a><\/div>\n<\/div>\n\n\n","protected":false},"excerpt":{"rendered":"<p>OBJECTIUS DEL CURS\u00a0 \u00a0 \u00a0 \u00a0 \u00a0 \u00a0 \u00a0 \u00a0 \u00a0 \u00a0 \u00a0 \u00a0 \u00a0 \u00a0 \u00a0 \u00a0 \u00a0 \u00a0 \u00a0 \u00a0 \u00a0 \u00a0 \u00a0 \u00a0\u00a0<br \/>\nAssolir un grau de compet\u00e8ncia b\u00e0sica en catal\u00e0 a nivell oral i escrit. S&#8217;imparteixen tres nivells:<\/p>\n<ul style=\"text-align: justify;\">\n<li>\nCatal\u00e0 1\n<\/li>\n<li>\nCatal\u00e0 2\n<\/li>\n<li>\nCatal\u00e0&hellip;  <a href=\"https:\/\/agora.xtec.cat\/cfacornella\/ensenyaments\/ensenyaments-inicials-i-formacio-basica\/llengua-catalana\/\" title=\"Read Llengua catalana\">Llegeix m\u00e9s\u00bb<\/a><\/p>\n","protected":false},"author":1,"featured_media":0,"parent":283,"menu_order":0,"comment_status":"closed","ping_status":"closed","template":"page-templates\/side-menu.php","meta":{"_bbp_topic_count":0,"_bbp_reply_count":0,"_bbp_total_topic_count":0,"_bbp_total_reply_count":0,"_bbp_voice_count":0,"_bbp_anonymous_reply_count":0,"_bbp_topic_count_hidden":0,"_bbp_reply_count_hidden":0,"_bbp_forum_subforum_count":0,"footnotes":""},"class_list":["post-296","page","type-page","status-publish","hentry"],"post_mailing_queue_ids":[],"_links":{"self":[{"href":"https:\/\/agora.xtec.cat\/cfacornella\/wp-json\/wp\/v2\/pages\/296","targetHints":{"allow":["GET"]}}],"collection":[{"href":"https:\/\/agora.xtec.cat\/cfacornella\/wp-json\/wp\/v2\/pages"}],"about":[{"href":"https:\/\/agora.xtec.cat\/cfacornella\/wp-json\/wp\/v2\/types\/page"}],"author":[{"embeddable":true,"href":"https:\/\/agora.xtec.cat\/cfacornella\/wp-json\/wp\/v2\/users\/1"}],"replies":[{"embeddable":true,"href":"https:\/\/agora.xtec.cat\/cfacornella\/wp-json\/wp\/v2\/comments?post=296"}],"version-history":[{"count":6,"href":"https:\/\/agora.xtec.cat\/cfacornella\/wp-json\/wp\/v2\/pages\/296\/revisions"}],"predecessor-version":[{"id":1185,"href":"https:\/\/agora.xtec.cat\/cfacornella\/wp-json\/wp\/v2\/pages\/296\/revisions\/1185"}],"up":[{"embeddable":true,"href":"https:\/\/agora.xtec.cat\/cfacornella\/wp-json\/wp\/v2\/pages\/283"}],"wp:attachment":[{"href":"https:\/\/agora.xtec.cat\/cfacornella\/wp-json\/wp\/v2\/media?parent=296"}],"curies":[{"name":"wp","href":"https:\/\/api.w.org\/{rel}","templated":true}]}}