{"id":286,"date":"2015-01-28T11:07:30","date_gmt":"2015-01-28T10:07:30","guid":{"rendered":"http:\/\/agora.xtec.cat\/cfacornella\/?page_id=286"},"modified":"2023-12-19T13:52:10","modified_gmt":"2023-12-19T12:52:10","slug":"ensenyaments-transprofessionals","status":"publish","type":"page","link":"https:\/\/agora.xtec.cat\/cfacornella\/ensenyaments\/ensenyaments-transprofessionals\/","title":{"rendered":"Ensenyaments transprofessionals"},"content":{"rendered":"<h3>Es consideren ensenyaments transprofessionals l\u2019angl\u00e8s, franc\u00e8s i la inform\u00e0tica per \u00e9sser \u00e0mbits multidisciplinars:<\/h3>\n<p><\/p>\n\n\n<div class=\"wp-block-buttons is-layout-flex wp-block-buttons-is-layout-flex\">\n<div class=\"wp-block-button has-custom-width wp-block-button__width-25 is-style-fill\"><a class=\"wp-block-button__link has-black-color has-luminous-vivid-amber-to-luminous-vivid-orange-gradient-background has-text-color has-background no-border-radius\" href=\"https:\/\/agora.xtec.cat\/cfacornella\/ensenyaments\/ensenyaments-transprofessionals\/llengua-anglesa\/\" target=\"_blank\" rel=\"noreferrer noopener\"><strong>ANGL\u00c8S<\/strong><\/a><\/div>\n\n\n\n<div class=\"wp-block-button has-custom-width wp-block-button__width-25\"><a class=\"wp-block-button__link has-black-color has-very-light-gray-to-cyan-bluish-gray-gradient-background has-text-color has-background no-border-radius\" href=\"https:\/\/agora.xtec.cat\/cfacornella\/ensenyaments\/ensenyaments-transprofessionals\/competencia-digital-competic\/\" target=\"_blank\" rel=\"noreferrer noopener\"><strong>COMPETIC<\/strong><\/a><\/div>\n\n\n\n<div class=\"wp-block-button has-custom-width wp-block-button__width-25\"><a class=\"wp-block-button__link has-black-color has-blush-light-purple-gradient-background has-text-color has-background no-border-radius\" href=\"https:\/\/agora.xtec.cat\/cfacornella\/ensenyaments\/ensenyaments-transprofessionals\/llengua-francesa\/\" target=\"_blank\" rel=\"noreferrer noopener\"><strong>FRANC\u00c8S<\/strong><\/a><\/div>\n<\/div>\n","protected":false},"excerpt":{"rendered":"<p>Es consideren ensenyaments transprofessionals l\u2019angl\u00e8s, franc\u00e8s i la inform\u00e0tica per \u00e9sser \u00e0mbits multidisciplinars:<\/p>\n<p><a class=\"wp-block-button__link has-black-color has-luminous-vivid-amber-to-luminous-vivid-orange-gradient-background has-text-color has-background no-border-radius\" href=\"https:\/\/agora.xtec.cat\/cfacornella\/ensenyaments\/ensenyaments-transprofessionals\/llengua-anglesa\/\" target=\"_blank\" rel=\"noreferrer noopener\">ANGL\u00c8S<\/a><\/p>\n<p><a class=\"wp-block-button__link has-black-color has-very-light-gray-to-cyan-bluish-gray-gradient-background has-text-color has-background no-border-radius\" href=\"https:\/\/agora.xtec.cat\/cfacornella\/ensenyaments\/ensenyaments-transprofessionals\/competencia-digital-competic\/\" target=\"_blank\" rel=\"noreferrer noopener\">COMPETIC<\/a><\/p>\n<p><a class=\"wp-block-button__link has-black-color has-blush-light-purple-gradient-background has-text-color has-background no-border-radius\" href=\"https:\/\/agora.xtec.cat\/cfacornella\/ensenyaments\/ensenyaments-transprofessionals\/llengua-francesa\/\" target=\"_blank\" rel=\"noreferrer noopener\">FRANC\u00c8S<\/a><\/p>\n","protected":false},"author":1,"featured_media":0,"parent":274,"menu_order":0,"comment_status":"closed","ping_status":"closed","template":"page-templates\/side-menu.php","meta":{"_bbp_topic_count":0,"_bbp_reply_count":0,"_bbp_total_topic_count":0,"_bbp_total_reply_count":0,"_bbp_voice_count":0,"_bbp_anonymous_reply_count":0,"_bbp_topic_count_hidden":0,"_bbp_reply_count_hidden":0,"_bbp_forum_subforum_count":0,"footnotes":""},"class_list":["post-286","page","type-page","status-publish","hentry"],"post_mailing_queue_ids":[],"_links":{"self":[{"href":"https:\/\/agora.xtec.cat\/cfacornella\/wp-json\/wp\/v2\/pages\/286","targetHints":{"allow":["GET"]}}],"collection":[{"href":"https:\/\/agora.xtec.cat\/cfacornella\/wp-json\/wp\/v2\/pages"}],"about":[{"href":"https:\/\/agora.xtec.cat\/cfacornella\/wp-json\/wp\/v2\/types\/page"}],"author":[{"embeddable":true,"href":"https:\/\/agora.xtec.cat\/cfacornella\/wp-json\/wp\/v2\/users\/1"}],"replies":[{"embeddable":true,"href":"https:\/\/agora.xtec.cat\/cfacornella\/wp-json\/wp\/v2\/comments?post=286"}],"version-history":[{"count":4,"href":"https:\/\/agora.xtec.cat\/cfacornella\/wp-json\/wp\/v2\/pages\/286\/revisions"}],"predecessor-version":[{"id":1110,"href":"https:\/\/agora.xtec.cat\/cfacornella\/wp-json\/wp\/v2\/pages\/286\/revisions\/1110"}],"up":[{"embeddable":true,"href":"https:\/\/agora.xtec.cat\/cfacornella\/wp-json\/wp\/v2\/pages\/274"}],"wp:attachment":[{"href":"https:\/\/agora.xtec.cat\/cfacornella\/wp-json\/wp\/v2\/media?parent=286"}],"curies":[{"name":"wp","href":"https:\/\/api.w.org\/{rel}","templated":true}]}}