{"id":283,"date":"2015-01-28T11:06:17","date_gmt":"2015-01-28T10:06:17","guid":{"rendered":"http:\/\/agora.xtec.cat\/cfacornella\/?page_id=283"},"modified":"2025-05-27T12:12:25","modified_gmt":"2025-05-27T10:12:25","slug":"ensenyaments-inicials-i-formacio-basica","status":"publish","type":"page","link":"https:\/\/agora.xtec.cat\/cfacornella\/ensenyaments\/ensenyaments-inicials-i-formacio-basica\/","title":{"rendered":"Ensenyaments inicials i formaci\u00f3 b\u00e0sica"},"content":{"rendered":"<ul>\n<li>Llengua catalana<\/li>\n<li>Llengua castellana<\/li>\n<li>Formaci\u00f3 instrumental<\/li>\n<li>Graduat en educaci\u00f3 secund\u00e0ria per a persones adultes (GESO)<\/li>\n<li>Curs de formaci\u00f3 preparatori per a l&#8217;acc\u00e9s a cicles formatius de grau mitj\u00e0 (CAM)<\/li>\n<\/ul>\n<h4>\u00a0<\/h4>\n\n\n<div class=\"wp-block-buttons is-layout-flex wp-block-buttons-is-layout-flex\">\n<div class=\"wp-block-button\"><a class=\"wp-block-button__link has-black-color has-electric-grass-gradient-background has-text-color has-background wp-element-button\" href=\"https:\/\/agora.xtec.cat\/cfacornella\/ensenyaments\/ensenyaments-inicials-i-formacio-basica\/llengua-catalana\/\"><strong>CATAL\u00c0<\/strong><\/a><\/div>\n\n\n\n<div class=\"wp-block-button\"><a class=\"wp-block-button__link has-black-color has-light-green-cyan-background-color has-text-color has-background wp-element-button\" href=\"https:\/\/agora.xtec.cat\/cfacornella\/ensenyaments\/ensenyaments-inicials-i-formacio-basica\/llengua-castellana\/\"><strong>CASTELL\u00c0<\/strong><\/a><\/div>\n\n\n\n<div class=\"wp-block-button\"><a class=\"wp-block-button__link has-black-color has-light-green-cyan-background-color has-text-color has-background wp-element-button\" href=\"https:\/\/agora.xtec.cat\/cfacornella\/ensenyaments\/ensenyaments-inicials-i-formacio-basica\/formacio-instrumental\/\"><strong>INSTRUMENTAL<\/strong><\/a><\/div>\n<\/div>\n\n\n\n<h2 class=\"wp-block-heading\"><\/h2>\n\n\n\n<div class=\"wp-block-buttons is-layout-flex wp-block-buttons-is-layout-flex\">\n<div class=\"wp-block-button\"><a class=\"wp-block-button__link has-black-color has-vivid-cyan-blue-to-vivid-purple-gradient-background has-text-color has-background wp-element-button\" href=\"https:\/\/agora.xtec.cat\/cfacornella\/ensenyaments\/ensenyaments-inicials-i-formacio-basica\/curs-dacces-als-cicles-de-grau-mitja\/\"><strong>CAM<\/strong><\/a><\/div>\n\n\n\n<div class=\"wp-block-button has-custom-width wp-block-button__width-75\"><a class=\"wp-block-button__link has-black-color has-cool-to-warm-spectrum-gradient-background has-text-color has-background wp-element-button\" href=\"https:\/\/agora.xtec.cat\/cfacornella\/ensenyaments\/ensenyaments-inicials-i-formacio-basica\/graduat-en-educacio-secundaria-per-adults\/\"><strong>GESO<\/strong><\/a><\/div>\n<\/div>\n\n\n\n<h2 class=\"wp-block-heading\"><\/h2>\n\n\n\n<div class=\"wp-block-buttons is-layout-flex wp-block-buttons-is-layout-flex\"><\/div>\n\n\n","protected":false},"excerpt":{"rendered":"<ul>\n<li>Llengua catalana<\/li>\n<li>Llengua castellana<\/li>\n<li>Formaci\u00f3 instrumental<\/li>\n<li>Graduat en educaci\u00f3 secund\u00e0ria per a persones adultes (GESO)<\/li>\n<li>Curs de formaci\u00f3 preparatori per a l&#8217;acc\u00e9s a cicles formatius de grau mitj\u00e0 (CAM)<\/li>\n<\/ul>\n<p>\u00a0<\/p>\n<p><a class=\"wp-block-button__link has-black-color has-electric-grass-gradient-background has-text-color has-background wp-element-button\" href=\"https:\/\/agora.xtec.cat\/cfacornella\/ensenyaments\/ensenyaments-inicials-i-formacio-basica\/llengua-catalana\/\">CATAL\u00c0<\/a><\/p>\n<p><a class=\"wp-block-button__link has-black-color has-light-green-cyan-background-color has-text-color has-background wp-element-button\" href=\"https:\/\/agora.xtec.cat\/cfacornella\/ensenyaments\/ensenyaments-inicials-i-formacio-basica\/llengua-castellana\/\">CASTELL\u00c0<\/a><\/p>\n<p><a class=\"wp-block-button__link has-black-color has-light-green-cyan-background-color has-text-color has-background wp-element-button\"&hellip;  <a href=\"https:\/\/agora.xtec.cat\/cfacornella\/ensenyaments\/ensenyaments-inicials-i-formacio-basica\/\" title=\"Read Ensenyaments inicials i formaci\u00f3 b\u00e0sica\">Llegeix m\u00e9s\u00bb<\/a><\/p>\n","protected":false},"author":1,"featured_media":0,"parent":274,"menu_order":0,"comment_status":"closed","ping_status":"closed","template":"page-templates\/side-menu.php","meta":{"_bbp_topic_count":0,"_bbp_reply_count":0,"_bbp_total_topic_count":0,"_bbp_total_reply_count":0,"_bbp_voice_count":0,"_bbp_anonymous_reply_count":0,"_bbp_topic_count_hidden":0,"_bbp_reply_count_hidden":0,"_bbp_forum_subforum_count":0,"footnotes":""},"class_list":["post-283","page","type-page","status-publish","hentry"],"post_mailing_queue_ids":[],"_links":{"self":[{"href":"https:\/\/agora.xtec.cat\/cfacornella\/wp-json\/wp\/v2\/pages\/283","targetHints":{"allow":["GET"]}}],"collection":[{"href":"https:\/\/agora.xtec.cat\/cfacornella\/wp-json\/wp\/v2\/pages"}],"about":[{"href":"https:\/\/agora.xtec.cat\/cfacornella\/wp-json\/wp\/v2\/types\/page"}],"author":[{"embeddable":true,"href":"https:\/\/agora.xtec.cat\/cfacornella\/wp-json\/wp\/v2\/users\/1"}],"replies":[{"embeddable":true,"href":"https:\/\/agora.xtec.cat\/cfacornella\/wp-json\/wp\/v2\/comments?post=283"}],"version-history":[{"count":6,"href":"https:\/\/agora.xtec.cat\/cfacornella\/wp-json\/wp\/v2\/pages\/283\/revisions"}],"predecessor-version":[{"id":1587,"href":"https:\/\/agora.xtec.cat\/cfacornella\/wp-json\/wp\/v2\/pages\/283\/revisions\/1587"}],"up":[{"embeddable":true,"href":"https:\/\/agora.xtec.cat\/cfacornella\/wp-json\/wp\/v2\/pages\/274"}],"wp:attachment":[{"href":"https:\/\/agora.xtec.cat\/cfacornella\/wp-json\/wp\/v2\/media?parent=283"}],"curies":[{"name":"wp","href":"https:\/\/api.w.org\/{rel}","templated":true}]}}