{"id":265,"date":"2015-01-27T17:28:56","date_gmt":"2015-01-27T16:28:56","guid":{"rendered":"http:\/\/agora.xtec.cat\/cfacornella\/?page_id=265"},"modified":"2025-05-27T11:51:43","modified_gmt":"2025-05-27T09:51:43","slug":"organitzacio-interna","status":"publish","type":"page","link":"https:\/\/agora.xtec.cat\/cfacornella\/el-centre\/organitzacio-interna\/","title":{"rendered":"Organitzaci\u00f3 interna"},"content":{"rendered":"<h2><strong><em>Equip Directiu<\/em><\/strong><\/h2>\n<ul>\n<li>\n<h3>Directora<\/h3>\n<\/li>\n<li>\n<h3>Cap d\u2019estudis<\/h3>\n<\/li>\n<li>\n<h3>Secretari<\/h3>\n<\/li>\n<\/ul>\n<h3 style=\"text-align: justify;\">La direcci\u00f3 i la responsabilitat general de l\u2019activitat del centre corresponen a la directora<strong>, <\/strong>que coordina la gesti\u00f3 del centre i l\u2019adequaci\u00f3 d\u2019aquesta gesti\u00f3 al Projecte Educatiu i a la Programaci\u00f3 General Anual.<\/h3>\n<h3 style=\"text-align: justify;\">Corresponen a la cap d\u2019estudis del centre les funcions lligades preferentment als \u00e0mbits curricular, d&#8217;organitzaci\u00f3, coordinaci\u00f3 i seguiment dels ensenyaments i activitats del centre i d&#8217;atenci\u00f3 a l&#8217;alumnat.<\/h3>\n<h3 style=\"text-align: justify;\">Corresponen a la secret\u00e0ria del centre les funcions lligades preferentment a l&#8217;\u00e0mbit de la gesti\u00f3 econ\u00f2mica, documental, dels recursos materials i de la conservaci\u00f3 i manteniment de les instal\u00b7lacions.<\/h3>\n<h3 style=\"text-align: justify;\">L\u2019equip directiu es reuneix setmanalment i cada vegada que \u00e9s necessari.<\/h3>\n<h2><strong><em>Coordinacions <\/em><\/strong><\/h2>\n<h3 style=\"text-align: justify;\">El principi b\u00e0sic de relaci\u00f3 i funcionament \u00e9s la coordinaci\u00f3 entre tots els membres del Claustre per tal d\u2019afavorir la presa de decisions col\u00b7lectiva. En aquest sentit funcionen els \u00f2rgans unipersonals de coordinaci\u00f3, establerts per la normativa vigent i a les NOFC.<\/h3>\n<h3 style=\"text-align: justify;\">Aquestes coordinacions, que poden variar en funci\u00f3 de les necessitats del centre, actualment s\u00f3n les seg\u00fcents:<\/h3>\n<h3><strong>Coordinaci\u00f3 de prevenci\u00f3 de riscos laborals<\/strong><\/h3>\n<h3><strong>Coordinaci\u00f3 d\u2019inform\u00e0tica (COMPETIC)<\/strong><\/h3>\n<h3><strong>Coordinaci\u00f3 de llengua, interculturalitat i cohesi\u00f3 social (LIC)<\/strong><\/h3>\n<h3><strong>Coordinaci\u00f3 de coeducaci\u00f3, conviv\u00e8ncia i benestar de l&#8217;alumnat (COCOBE)<\/strong><\/h3>\n<h3><strong>Coordinaci\u00f3 d&#8217;ensenyaments inicials i b\u00e0sics (Cicle Formaci\u00f3 Instrumental)<\/strong><\/h3>\n<h3><strong>Coordinaci\u00f3 de formaci\u00f3 b\u00e0sica\u00a0 (GES) <\/strong><\/h3>\n<h3><strong>Coordinaci\u00f3 de preparaci\u00f3 de p<\/strong><strong>roves d\u2019acc\u00e9s (CAM, PPACFGS i PPAU+25\/45)<\/strong><\/h3>\n<h3><strong>Coordinaci\u00f3 de compet\u00e8ncies per a la societat de la informaci\u00f3.<\/strong><\/h3>\n<h2><strong><em>Tutories <\/em><\/strong><\/h2>\n<h3 style=\"text-align: justify;\">S\u2019estableixen tutories per a cada grup. El tutor\/a \u00e9s una figura que segueix la vida acad\u00e8mica de l\u2019estudiant, acompanyant-lo i assessorant-lo al llarg del seu proc\u00e9s formatiu. \u00c9s el seu referent al centre.<\/h3>\n<h2><strong><em>Consell de Centre<\/em><\/strong><\/h2>\n<h3 style=\"text-align: justify;\">El consell de centre \u00e9s l\u2019\u00f2rgan col\u00b7legiat de participaci\u00f3 de la comunitat educativa en el govern i la gesti\u00f3 del centre.<\/h3>\n<h3 style=\"text-align: justify;\">En formen part:<\/h3>\n<ul style=\"text-align: justify;\">\n<li>\n<h3>Directora<\/h3>\n<\/li>\n<li>\n<h3>Cap d\u2019estudis<\/h3>\n<\/li>\n<li>\n<h3>Regidor\/a de l\u2019Ajuntament de Cornell\u00e0<\/h3>\n<\/li>\n<li>\n<h3>5 representants del professorat<\/h3>\n<\/li>\n<li>\n<h3>5 representants de l\u2019alumnat<\/h3>\n<\/li>\n<li>\n<h3>1 representant del PAS<\/h3>\n<\/li>\n<li>\n<h3>Secretari<\/h3>\n<\/li>\n<\/ul>\n<h3 style=\"text-align: justify;\">Les seves funcions s\u00f3n les fixades amb caire general a la normativa del Departament d\u2019Ensenyament i, en particular, a les NOFC.<\/h3>\n<h3 style=\"text-align: justify;\">El consell de centre es reuneix trimestralment, i cada vegada que \u00e9s necessari.<\/h3>\n<h2><strong><em>Claustre de professorat<\/em><\/strong><\/h2>\n<h3 style=\"text-align: justify;\">\u00c9s l\u2019\u00f2rgan propi de participaci\u00f3 del professorat en el control i la gesti\u00f3 de l\u2019acci\u00f3 educativa del centre. Est\u00e0 integrat per tot l\u2019equip docent.<\/h3>\n<h3 style=\"text-align: justify;\">Les seves funcions s\u00f3n les fixades amb caire general a la normativa del Departament d\u2019Ensenyament i, en particular, a les NOFC.<\/h3>\n<h3 style=\"text-align: justify;\">Es reuneix mensualment, i cada vegada que \u00e9s necessari.<\/h3>\n<h2 style=\"text-align: center;\"><span style=\"text-decoration: underline;\"><strong>ORGANIGRAMA<\/strong><\/span><\/h2>\n<div style=\"position: relative; width: 100%; height: 0; padding-top: 100.0000%; padding-bottom: 0; box-shadow: 0 2px 8px 0 rgba(63,69,81,0.16); margin-top: 1.6em; margin-bottom: 0.9em; overflow: hidden; border-radius: 8px; will-change: transform;\"><iframe style=\"position: absolute; width: 100%; height: 100%; top: 0; left: 0; border: none; padding: 0; margin: 0;\" src=\"https:\/\/www.canva.com\/design\/DAGncACrPR8\/asTCTx9NAXSucNgroIwY4Q\/view?embed\" allowfullscreen=\"allowfullscreen\" data-mce-fragment=\"1\"><br \/>\n<\/iframe><\/div>\n","protected":false},"excerpt":{"rendered":"<p>Equip Directiu<\/p>\n<ul>\n<li>\nDirectora\n<\/li>\n<li>\nCap d\u2019estudis\n<\/li>\n<li>\nSecretari\n<\/li>\n<\/ul>\n<p>La direcci\u00f3 i la responsabilitat general de l\u2019activitat del centre corresponen a la directora, que coordina la gesti\u00f3 del centre i l\u2019adequaci\u00f3 d\u2019aquesta gesti\u00f3 al Projecte Educatiu i a la Programaci\u00f3 General Anual.<br \/>\nCorresponen a la cap d\u2019estudis del centre les funcions lligades preferentment&hellip;  <a href=\"https:\/\/agora.xtec.cat\/cfacornella\/el-centre\/organitzacio-interna\/\" title=\"Read Organitzaci\u00f3 interna\">Llegeix m\u00e9s\u00bb<\/a><\/p>\n","protected":false},"author":1,"featured_media":0,"parent":261,"menu_order":40,"comment_status":"closed","ping_status":"closed","template":"page-templates\/side-menu.php","meta":{"_bbp_topic_count":0,"_bbp_reply_count":0,"_bbp_total_topic_count":0,"_bbp_total_reply_count":0,"_bbp_voice_count":0,"_bbp_anonymous_reply_count":0,"_bbp_topic_count_hidden":0,"_bbp_reply_count_hidden":0,"_bbp_forum_subforum_count":0,"footnotes":""},"class_list":["post-265","page","type-page","status-publish","hentry"],"post_mailing_queue_ids":[],"_links":{"self":[{"href":"https:\/\/agora.xtec.cat\/cfacornella\/wp-json\/wp\/v2\/pages\/265","targetHints":{"allow":["GET"]}}],"collection":[{"href":"https:\/\/agora.xtec.cat\/cfacornella\/wp-json\/wp\/v2\/pages"}],"about":[{"href":"https:\/\/agora.xtec.cat\/cfacornella\/wp-json\/wp\/v2\/types\/page"}],"author":[{"embeddable":true,"href":"https:\/\/agora.xtec.cat\/cfacornella\/wp-json\/wp\/v2\/users\/1"}],"replies":[{"embeddable":true,"href":"https:\/\/agora.xtec.cat\/cfacornella\/wp-json\/wp\/v2\/comments?post=265"}],"version-history":[{"count":6,"href":"https:\/\/agora.xtec.cat\/cfacornella\/wp-json\/wp\/v2\/pages\/265\/revisions"}],"predecessor-version":[{"id":1582,"href":"https:\/\/agora.xtec.cat\/cfacornella\/wp-json\/wp\/v2\/pages\/265\/revisions\/1582"}],"up":[{"embeddable":true,"href":"https:\/\/agora.xtec.cat\/cfacornella\/wp-json\/wp\/v2\/pages\/261"}],"wp:attachment":[{"href":"https:\/\/agora.xtec.cat\/cfacornella\/wp-json\/wp\/v2\/media?parent=265"}],"curies":[{"name":"wp","href":"https:\/\/api.w.org\/{rel}","templated":true}]}}