{"id":941,"date":"2020-06-05T13:23:06","date_gmt":"2020-06-05T11:23:06","guid":{"rendered":"http:\/\/agora.xtec.cat\/cfaconcordia\/?page_id=941"},"modified":"2025-11-10T18:55:48","modified_gmt":"2025-11-10T17:55:48","slug":"llengues-dacollida","status":"publish","type":"page","link":"https:\/\/agora.xtec.cat\/cfaconcordia\/ensenyaments\/oferta-formativa\/llengues-dacollida\/","title":{"rendered":"Lleng\u00fces d&#8217;acollida (Catal\u00e0 i Castell\u00e0)"},"content":{"rendered":"<h5 style=\"text-align: right;\"><a href=\"https:\/\/agora.xtec.cat\/cfaconcordia\/wp-content\/uploads\/usu1352\/2020\/06\/GUIA-LLENGUES-ACOLLIDA.pdf\">Guia de l&#8217;alumne<\/a><\/h5>\n<h4><b>DESCRIPCI\u00d3 DE L\u2019ENSENYAMENT<\/b><\/h4>\n<p>Aquests estudis van dirigits a persones que vulguin adquirir els coneixements necessaris per comunicar-se en catal\u00e0 i\/o castell\u00e0.<\/p>\n<h4><b>PLA D\u2019ESTUDIS<\/b><\/h4>\n<p>Els cursos de castell\u00e0 estan organitzats en tres nivells diferents:<\/p>\n<ul>\n<li><span style=\"color: #993300;\"><b>Nivell 1:<\/b><\/span> Dirigit a persones que desconeixen totalment la llengua. T\u00e9 una durada de <strong><em>105 hores<\/em><\/strong> (a ra\u00f3 de 6 hores setmanals) i finalitzat el curs, en el cas d\u2019haver superat el nivell, es rebr\u00e0 el<strong><em> certificat A1<\/em><\/strong> corresponent al Marc Europeu de les Lleng\u00fces.<\/li>\n<li><b><span style=\"color: #993300;\">Nivell 2:<\/span> <\/b>Els alumnes que superin el Nivell 1 poden accedir a aquest nivell on es continua donant molta import\u00e0ncia a la part oral de la llengua i s\u2019introdueix la part escrita. T\u00e9 una durada de <strong><em>140 hores<\/em><\/strong> (a ra\u00f3 de 8 hores setmanals) i finalitzat el curs, en el cas d\u2019haver superat el nivell, es rebr\u00e0 el <strong><em>certificat A2<\/em><\/strong> corresponent al Marc Europeu de les Lleng\u00fces.<\/li>\n<li><span style=\"color: #993300;\"><b>Nivell 3: <\/b><\/span>Una vegada assolits els continguts dels dos nivells anteriors, els alumnes accedeixen al tercer nivell on es treballa per consolidar l\u2019aprenentatge de la part oral i escrita de la llengua. T\u00e9 una durada de <em><strong>140 hores<\/strong><\/em> (a ra\u00f3 de 8 hores setmanals) i finalitzat el curs, en el cas d\u2019haver superat el nivell, es rebr\u00e0 el <strong><em>certificat B1<\/em><\/strong> corresponent al Marc Europeu de les Lleng\u00fces.<\/li>\n<\/ul>\n<p><b>Els cursos de tots els nivells s\u00f3n <span style=\"color: #ff0000;\">quatrimestrals<\/span>.<\/b><\/p>\n<h4><b>ACC\u00c9S<\/b><\/h4>\n<p>Poden accedir a aquests estudis totes les persones que tenen m\u00e9s de 18 anys o b\u00e9 els compleixen durant l\u2019any natural en qu\u00e8 inicien la formaci\u00f3. Tamb\u00e9 hi poden accedir les persones m\u00e9s grans de 16 anys o que els compleixin durant l\u2019any natural en qu\u00e8 inicien la formaci\u00f3 si es troben en alguna de les situacions seg\u00fcents:<\/p>\n<ul>\n<li>Tenen un contracte laboral que els impedeixi assistir als centres educatius en r\u00e8gim ordinari.<\/li>\n<li>S\u00f3n esportistes d\u2019alt rendiment.<\/li>\n<li>Excepcionalment el director o directora dels serveis territorials del Departament d\u2019Educaci\u00f3 pot autoritzar la incorporaci\u00f3 d\u2019alumnes que no compleixin els requisits anteriors a partir d\u2019un informe favorable de la Inspecci\u00f3 Educativa.<\/li>\n<\/ul>\n<h4><b>CONT\u00cfNUITAT<\/b><\/h4>\n<ul>\n<li>Podeu trobar m\u00e9s informaci\u00f3 sobre l&#8217;aprenentatge de la llengua catalana a <a href=\"http:\/\/llengua.gencat.cat\/ca\/serveis\/aprendre_catala\">Aprendre catal\u00e0<\/a>.<\/li>\n<li>Podeu trobar m\u00e9s informaci\u00f3 sobre l\u2019aprenentatge de la llengua castellana a\u00a0<a href=\"http:\/\/www.cervantes.es\/lengua_y_ensenanza\/aprender_espanol\/informacion.htm\">Aprenentatge del castell\u00e0.<\/a><\/li>\n<\/ul>\n<h4><b>CURR\u00cdCULUM<\/b><\/h4>\n<p><a href=\"https:\/\/documents.espai.educacio.gencat.cat\/IPCNormativa\/DisposicionsInternes\/Resolucio_curriculums_llengues_CFA.pdf\" target=\"_blank\" rel=\"noopener\">Resoluci\u00f3 de 10 de maig de 2013<\/a>, per la qual s\u2019estableixen els curr\u00edculums dels ensenyaments corresponents a llengua catalana i castellana, llengua occitana, denominada aran\u00e8s a l\u2019Aran, i a les lleng\u00fces estrangeres, d\u2019aplicaci\u00f3 als centres de formaci\u00f3 d\u2019adults que depenen del Departament d\u2019Ensenyament.<\/p>\n<h4><b>HORARIS CURS 25-26<\/b><\/h4>\n<h4><img loading=\"lazy\" decoding=\"async\" class=\"aligncenter size-full wp-image-3730\" src=\"https:\/\/agora.xtec.cat\/cfaconcordia\/wp-content\/uploads\/usu1352\/2025\/11\/Llengues-dacollida.png\" alt=\"\" width=\"564\" height=\"916\" srcset=\"https:\/\/agora.xtec.cat\/cfaconcordia\/wp-content\/uploads\/usu1352\/2025\/11\/Llengues-dacollida.png 564w, https:\/\/agora.xtec.cat\/cfaconcordia\/wp-content\/uploads\/usu1352\/2025\/11\/Llengues-dacollida-185x300.png 185w\" sizes=\"auto, (max-width: 564px) 100vw, 564px\" \/><\/h4>\n<p>\u00a0<\/p>\n\n\n<p><\/p>\n","protected":false},"excerpt":{"rendered":"<p>Guia de l&#8217;alumne DESCRIPCI\u00d3 DE L\u2019ENSENYAMENT Aquests estudis van dirigits a persones que vulguin adquirir els coneixements necessaris per comunicar-se en catal\u00e0 i\/o castell\u00e0. PLA D\u2019ESTUDIS Els cursos de castell\u00e0 estan organitzats en tres nivells diferents: Nivell 1: Dirigit a persones que desconeixen totalment la llengua. T\u00e9 una durada de 105 hores (a ra\u00f3 de [&hellip;]<\/p>\n","protected":false},"author":17,"featured_media":0,"parent":3676,"menu_order":0,"comment_status":"closed","ping_status":"closed","template":"","meta":{"_bbp_topic_count":0,"_bbp_reply_count":0,"_bbp_total_topic_count":0,"_bbp_total_reply_count":0,"_bbp_voice_count":0,"_bbp_anonymous_reply_count":0,"_bbp_topic_count_hidden":0,"_bbp_reply_count_hidden":0,"_bbp_forum_subforum_count":0,"site-sidebar-layout":"default","site-content-layout":"","ast-site-content-layout":"default","site-content-style":"default","site-sidebar-style":"default","ast-global-header-display":"","ast-banner-title-visibility":"","ast-main-header-display":"","ast-hfb-above-header-display":"","ast-hfb-below-header-display":"","ast-hfb-mobile-header-display":"","site-post-title":"","ast-breadcrumbs-content":"","ast-featured-img":"","footer-sml-layout":"","theme-transparent-header-meta":"","adv-header-id-meta":"","stick-header-meta":"","header-above-stick-meta":"","header-main-stick-meta":"","header-below-stick-meta":"","astra-migrate-meta-layouts":"set","ast-page-background-enabled":"default","ast-page-background-meta":{"desktop":{"background-color":"var(--ast-global-color-4)","background-image":"","background-repeat":"repeat","background-position":"center center","background-size":"auto","background-attachment":"scroll","background-type":"","background-media":"","overlay-type":"","overlay-color":"","overlay-opacity":"","overlay-gradient":""},"tablet":{"background-color":"","background-image":"","background-repeat":"repeat","background-position":"center center","background-size":"auto","background-attachment":"scroll","background-type":"","background-media":"","overlay-type":"","overlay-color":"","overlay-opacity":"","overlay-gradient":""},"mobile":{"background-color":"","background-image":"","background-repeat":"repeat","background-position":"center center","background-size":"auto","background-attachment":"scroll","background-type":"","background-media":"","overlay-type":"","overlay-color":"","overlay-opacity":"","overlay-gradient":""}},"ast-content-background-meta":{"desktop":{"background-color":"var(--ast-global-color-5)","background-image":"","background-repeat":"repeat","background-position":"center center","background-size":"auto","background-attachment":"scroll","background-type":"","background-media":"","overlay-type":"","overlay-color":"","overlay-opacity":"","overlay-gradient":""},"tablet":{"background-color":"var(--ast-global-color-5)","background-image":"","background-repeat":"repeat","background-position":"center center","background-size":"auto","background-attachment":"scroll","background-type":"","background-media":"","overlay-type":"","overlay-color":"","overlay-opacity":"","overlay-gradient":""},"mobile":{"background-color":"var(--ast-global-color-5)","background-image":"","background-repeat":"repeat","background-position":"center center","background-size":"auto","background-attachment":"scroll","background-type":"","background-media":"","overlay-type":"","overlay-color":"","overlay-opacity":"","overlay-gradient":""}},"footnotes":""},"class_list":["post-941","page","type-page","status-publish","hentry"],"post_mailing_queue_ids":[],"_links":{"self":[{"href":"https:\/\/agora.xtec.cat\/cfaconcordia\/wp-json\/wp\/v2\/pages\/941","targetHints":{"allow":["GET"]}}],"collection":[{"href":"https:\/\/agora.xtec.cat\/cfaconcordia\/wp-json\/wp\/v2\/pages"}],"about":[{"href":"https:\/\/agora.xtec.cat\/cfaconcordia\/wp-json\/wp\/v2\/types\/page"}],"author":[{"embeddable":true,"href":"https:\/\/agora.xtec.cat\/cfaconcordia\/wp-json\/wp\/v2\/users\/17"}],"replies":[{"embeddable":true,"href":"https:\/\/agora.xtec.cat\/cfaconcordia\/wp-json\/wp\/v2\/comments?post=941"}],"version-history":[{"count":5,"href":"https:\/\/agora.xtec.cat\/cfaconcordia\/wp-json\/wp\/v2\/pages\/941\/revisions"}],"predecessor-version":[{"id":3731,"href":"https:\/\/agora.xtec.cat\/cfaconcordia\/wp-json\/wp\/v2\/pages\/941\/revisions\/3731"}],"up":[{"embeddable":true,"href":"https:\/\/agora.xtec.cat\/cfaconcordia\/wp-json\/wp\/v2\/pages\/3676"}],"wp:attachment":[{"href":"https:\/\/agora.xtec.cat\/cfaconcordia\/wp-json\/wp\/v2\/media?parent=941"}],"curies":[{"name":"wp","href":"https:\/\/api.w.org\/{rel}","templated":true}]}}