{"id":577,"date":"2017-02-07T10:53:20","date_gmt":"2017-02-07T09:53:20","guid":{"rendered":"http:\/\/agora.xtec.cat\/cfaconcordia\/?page_id=577"},"modified":"2025-11-06T10:22:51","modified_gmt":"2025-11-06T09:22:51","slug":"documents","status":"publish","type":"page","link":"https:\/\/agora.xtec.cat\/cfaconcordia\/el-centre\/documents\/","title":{"rendered":"Documents de centre"},"content":{"rendered":"<table style=\"border-collapse: collapse; width: 100%;\">\n<tbody>\n<tr>\n<td style=\"width: 20%;\"><img loading=\"lazy\" decoding=\"async\" class=\"aligncenter size-full wp-image-2317\" src=\"https:\/\/agora.xtec.cat\/cfaconcordia\/wp-content\/uploads\/usu1352\/2024\/06\/Foto-document.png\" alt=\"\" width=\"225\" height=\"225\" srcset=\"https:\/\/agora.xtec.cat\/cfaconcordia\/wp-content\/uploads\/usu1352\/2024\/06\/Foto-document.png 225w, https:\/\/agora.xtec.cat\/cfaconcordia\/wp-content\/uploads\/usu1352\/2024\/06\/Foto-document-150x150.png 150w\" sizes=\"auto, (max-width: 225px) 100vw, 225px\" \/>\n<p style=\"text-align: center;\"><a href=\"https:\/\/drive.google.com\/file\/d\/1x46wWO-8NupPieAJTpfokYquLsEeMeQL\/view?usp=sharing\"><strong>Projecte ling\u00fc\u00edstic<\/strong><\/a><\/p>\n<\/td>\n<td style=\"width: 20%;\"><img loading=\"lazy\" decoding=\"async\" class=\"aligncenter size-full wp-image-2317\" src=\"https:\/\/agora.xtec.cat\/cfaconcordia\/wp-content\/uploads\/usu1352\/2024\/06\/Foto-document.png\" alt=\"\" width=\"225\" height=\"225\" srcset=\"https:\/\/agora.xtec.cat\/cfaconcordia\/wp-content\/uploads\/usu1352\/2024\/06\/Foto-document.png 225w, https:\/\/agora.xtec.cat\/cfaconcordia\/wp-content\/uploads\/usu1352\/2024\/06\/Foto-document-150x150.png 150w\" sizes=\"auto, (max-width: 225px) 100vw, 225px\" \/>\n<p style=\"text-align: center;\"><a href=\"https:\/\/drive.google.com\/file\/d\/1R-qD6q-8R3sc4QZ5TS3lQXiyvLr00Qy3\/view?usp=sharing\"><strong>Projecte de conviv\u00e8ncia<\/strong><\/a><\/p>\n<\/td>\n<td style=\"width: 20%;\"><img loading=\"lazy\" decoding=\"async\" class=\"aligncenter size-full wp-image-2317\" src=\"https:\/\/agora.xtec.cat\/cfaconcordia\/wp-content\/uploads\/usu1352\/2024\/06\/Foto-document.png\" alt=\"\" width=\"225\" height=\"225\" srcset=\"https:\/\/agora.xtec.cat\/cfaconcordia\/wp-content\/uploads\/usu1352\/2024\/06\/Foto-document.png 225w, https:\/\/agora.xtec.cat\/cfaconcordia\/wp-content\/uploads\/usu1352\/2024\/06\/Foto-document-150x150.png 150w\" sizes=\"auto, (max-width: 225px) 100vw, 225px\" \/>\n<p style=\"text-align: center;\"><a href=\"https:\/\/drive.google.com\/file\/d\/16l99CcBpUqp3tOjwiV7k3gMaUWlLGLfa\/view?usp=sharing\"><strong>PEC<\/strong><\/a><\/p>\n<\/td>\n<td style=\"width: 20%;\"><img loading=\"lazy\" decoding=\"async\" class=\"aligncenter size-full wp-image-2317\" src=\"https:\/\/agora.xtec.cat\/cfaconcordia\/wp-content\/uploads\/usu1352\/2024\/06\/Foto-document.png\" alt=\"\" width=\"225\" height=\"225\" srcset=\"https:\/\/agora.xtec.cat\/cfaconcordia\/wp-content\/uploads\/usu1352\/2024\/06\/Foto-document.png 225w, https:\/\/agora.xtec.cat\/cfaconcordia\/wp-content\/uploads\/usu1352\/2024\/06\/Foto-document-150x150.png 150w\" sizes=\"auto, (max-width: 225px) 100vw, 225px\" \/>\n<p style=\"text-align: center;\"><a href=\"https:\/\/drive.google.com\/file\/d\/1sZiZJlZ4W6w6scay92D_sLCHgQMfNDJ2\/view?usp=sharing\"><strong>NOFC<\/strong><\/a><\/p>\n<\/td>\n<\/tr>\n<\/tbody>\n<\/table>\n<table style=\"border-collapse: collapse; width: 100%; height: 281px;\">\n<tbody>\n<tr style=\"height: 281px;\">\n<td style=\"width: 20%; height: 281px;\"><img loading=\"lazy\" decoding=\"async\" class=\"aligncenter size-full wp-image-2317\" src=\"https:\/\/agora.xtec.cat\/cfaconcordia\/wp-content\/uploads\/usu1352\/2024\/06\/Foto-document.png\" alt=\"\" width=\"225\" height=\"225\" srcset=\"https:\/\/agora.xtec.cat\/cfaconcordia\/wp-content\/uploads\/usu1352\/2024\/06\/Foto-document.png 225w, https:\/\/agora.xtec.cat\/cfaconcordia\/wp-content\/uploads\/usu1352\/2024\/06\/Foto-document-150x150.png 150w\" sizes=\"auto, (max-width: 225px) 100vw, 225px\" \/>\n<p style=\"text-align: center;\"><a href=\"https:\/\/drive.google.com\/file\/d\/1IRpLAksm86fhUmE9vVXuZdaambe-82zv\/view\"><strong>Carta de comprom\u00eds<\/strong><\/a><\/p>\n<\/td>\n<td style=\"width: 20%; height: 281px;\"><img loading=\"lazy\" decoding=\"async\" class=\"aligncenter size-full wp-image-2317\" src=\"https:\/\/agora.xtec.cat\/cfaconcordia\/wp-content\/uploads\/usu1352\/2024\/06\/Foto-document.png\" alt=\"\" width=\"225\" height=\"225\" srcset=\"https:\/\/agora.xtec.cat\/cfaconcordia\/wp-content\/uploads\/usu1352\/2024\/06\/Foto-document.png 225w, https:\/\/agora.xtec.cat\/cfaconcordia\/wp-content\/uploads\/usu1352\/2024\/06\/Foto-document-150x150.png 150w\" sizes=\"auto, (max-width: 225px) 100vw, 225px\" \/>\n<p style=\"text-align: center;\"><a href=\"https:\/\/sites.google.com\/view\/edccfalaconcordia\/inici?pli=1\"><b>Estrat\u00e8gia digital de centre<\/b><\/a><\/p>\n<\/td>\n<td style=\"width: 20%; height: 281px;\">\n<p><a href=\"https:\/\/drive.google.com\/file\/d\/1tyvR8dwGBIEjoTUVyjBa7BB5yiRDwkZh\/view?usp=sharing\"><img loading=\"lazy\" decoding=\"async\" class=\"aligncenter wp-image-2766 size-medium\" src=\"https:\/\/agora.xtec.cat\/cfaconcordia\/wp-content\/uploads\/usu1352\/2025\/07\/Pla-de-comunicacio-231x300.png\" alt=\"\" width=\"231\" height=\"300\" srcset=\"https:\/\/agora.xtec.cat\/cfaconcordia\/wp-content\/uploads\/usu1352\/2025\/07\/Pla-de-comunicacio-231x300.png 231w, https:\/\/agora.xtec.cat\/cfaconcordia\/wp-content\/uploads\/usu1352\/2025\/07\/Pla-de-comunicacio.png 496w\" sizes=\"auto, (max-width: 231px) 100vw, 231px\" \/><\/a><\/p>\n<\/td>\n<td style=\"width: 20%; height: 281px;\"><a href=\"https:\/\/drive.google.com\/file\/d\/1oOo8gwtw6NHMg_pFlDX940nLu2m68Jg3\/view?usp=drive_link\"><img loading=\"lazy\" decoding=\"async\" class=\"aligncenter wp-image-2765 size-medium\" src=\"https:\/\/agora.xtec.cat\/cfaconcordia\/wp-content\/uploads\/usu1352\/2025\/07\/Pla-datencio-a-la-diversitat-232x300.png\" alt=\"\" width=\"232\" height=\"300\" srcset=\"https:\/\/agora.xtec.cat\/cfaconcordia\/wp-content\/uploads\/usu1352\/2025\/07\/Pla-datencio-a-la-diversitat-232x300.png 232w, https:\/\/agora.xtec.cat\/cfaconcordia\/wp-content\/uploads\/usu1352\/2025\/07\/Pla-datencio-a-la-diversitat.png 499w\" sizes=\"auto, (max-width: 232px) 100vw, 232px\" \/><\/a><\/td>\n<\/tr>\n<\/tbody>\n<\/table>\n<p><img loading=\"lazy\" decoding=\"async\" class=\"wp-image-2317 alignleft\" src=\"https:\/\/agora.xtec.cat\/cfaconcordia\/wp-content\/uploads\/usu1352\/2024\/06\/Foto-document.png\" alt=\"\" width=\"145\" height=\"145\" srcset=\"https:\/\/agora.xtec.cat\/cfaconcordia\/wp-content\/uploads\/usu1352\/2024\/06\/Foto-document.png 225w, https:\/\/agora.xtec.cat\/cfaconcordia\/wp-content\/uploads\/usu1352\/2024\/06\/Foto-document-150x150.png 150w\" sizes=\"auto, (max-width: 145px) 100vw, 145px\" \/><\/p>\n\n\n<p><strong>Certificat acords Consell Escolar<\/strong><\/p>\n\n\n\n<p><\/p>\n","protected":false},"excerpt":{"rendered":"<p>Projecte ling\u00fc\u00edstic Projecte de conviv\u00e8ncia PEC NOFC Carta de comprom\u00eds Estrat\u00e8gia digital de centre Certificat acords Consell Escolar<\/p>\n","protected":false},"author":1,"featured_media":0,"parent":261,"menu_order":7,"comment_status":"closed","ping_status":"closed","template":"","meta":{"_bbp_topic_count":0,"_bbp_reply_count":0,"_bbp_total_topic_count":0,"_bbp_total_reply_count":0,"_bbp_voice_count":0,"_bbp_anonymous_reply_count":0,"_bbp_topic_count_hidden":0,"_bbp_reply_count_hidden":0,"_bbp_forum_subforum_count":0,"site-sidebar-layout":"default","site-content-layout":"","ast-site-content-layout":"default","site-content-style":"default","site-sidebar-style":"default","ast-global-header-display":"","ast-banner-title-visibility":"","ast-main-header-display":"","ast-hfb-above-header-display":"","ast-hfb-below-header-display":"","ast-hfb-mobile-header-display":"","site-post-title":"","ast-breadcrumbs-content":"","ast-featured-img":"","footer-sml-layout":"","theme-transparent-header-meta":"","adv-header-id-meta":"","stick-header-meta":"","header-above-stick-meta":"","header-main-stick-meta":"","header-below-stick-meta":"","astra-migrate-meta-layouts":"set","ast-page-background-enabled":"default","ast-page-background-meta":{"desktop":{"background-color":"var(--ast-global-color-4)","background-image":"","background-repeat":"repeat","background-position":"center center","background-size":"auto","background-attachment":"scroll","background-type":"","background-media":"","overlay-type":"","overlay-color":"","overlay-opacity":"","overlay-gradient":""},"tablet":{"background-color":"","background-image":"","background-repeat":"repeat","background-position":"center center","background-size":"auto","background-attachment":"scroll","background-type":"","background-media":"","overlay-type":"","overlay-color":"","overlay-opacity":"","overlay-gradient":""},"mobile":{"background-color":"","background-image":"","background-repeat":"repeat","background-position":"center center","background-size":"auto","background-attachment":"scroll","background-type":"","background-media":"","overlay-type":"","overlay-color":"","overlay-opacity":"","overlay-gradient":""}},"ast-content-background-meta":{"desktop":{"background-color":"var(--ast-global-color-5)","background-image":"","background-repeat":"repeat","background-position":"center center","background-size":"auto","background-attachment":"scroll","background-type":"","background-media":"","overlay-type":"","overlay-color":"","overlay-opacity":"","overlay-gradient":""},"tablet":{"background-color":"var(--ast-global-color-5)","background-image":"","background-repeat":"repeat","background-position":"center center","background-size":"auto","background-attachment":"scroll","background-type":"","background-media":"","overlay-type":"","overlay-color":"","overlay-opacity":"","overlay-gradient":""},"mobile":{"background-color":"var(--ast-global-color-5)","background-image":"","background-repeat":"repeat","background-position":"center center","background-size":"auto","background-attachment":"scroll","background-type":"","background-media":"","overlay-type":"","overlay-color":"","overlay-opacity":"","overlay-gradient":""}},"footnotes":""},"class_list":["post-577","page","type-page","status-publish","hentry"],"post_mailing_queue_ids":[],"_links":{"self":[{"href":"https:\/\/agora.xtec.cat\/cfaconcordia\/wp-json\/wp\/v2\/pages\/577","targetHints":{"allow":["GET"]}}],"collection":[{"href":"https:\/\/agora.xtec.cat\/cfaconcordia\/wp-json\/wp\/v2\/pages"}],"about":[{"href":"https:\/\/agora.xtec.cat\/cfaconcordia\/wp-json\/wp\/v2\/types\/page"}],"author":[{"embeddable":true,"href":"https:\/\/agora.xtec.cat\/cfaconcordia\/wp-json\/wp\/v2\/users\/1"}],"replies":[{"embeddable":true,"href":"https:\/\/agora.xtec.cat\/cfaconcordia\/wp-json\/wp\/v2\/comments?post=577"}],"version-history":[{"count":6,"href":"https:\/\/agora.xtec.cat\/cfaconcordia\/wp-json\/wp\/v2\/pages\/577\/revisions"}],"predecessor-version":[{"id":3721,"href":"https:\/\/agora.xtec.cat\/cfaconcordia\/wp-json\/wp\/v2\/pages\/577\/revisions\/3721"}],"up":[{"embeddable":true,"href":"https:\/\/agora.xtec.cat\/cfaconcordia\/wp-json\/wp\/v2\/pages\/261"}],"wp:attachment":[{"href":"https:\/\/agora.xtec.cat\/cfaconcordia\/wp-json\/wp\/v2\/media?parent=577"}],"curies":[{"name":"wp","href":"https:\/\/api.w.org\/{rel}","templated":true}]}}