{"id":3676,"date":"2025-10-31T16:38:22","date_gmt":"2025-10-31T15:38:22","guid":{"rendered":"https:\/\/agora.xtec.cat\/cfaconcordia\/?page_id=3676"},"modified":"2025-11-10T18:49:54","modified_gmt":"2025-11-10T17:49:54","slug":"oferta-formativa","status":"publish","type":"page","link":"https:\/\/agora.xtec.cat\/cfaconcordia\/ensenyaments\/oferta-formativa\/","title":{"rendered":"Oferta formativa"},"content":{"rendered":"\n<p class=\"has-black-color has-text-color has-link-color wp-elements-38bcf4f7e8382901a652a895a548f462\">Al CFA La Conc\u00f2rdia tots els aprenentatges es desevolupen en modalitat presencial. De tots els <a href=\"https:\/\/agora.xtec.cat\/cfaconcordia\/ensenyaments\/formacio-dadults\/\" target=\"_blank\" rel=\"noreferrer noopener\"><strong>ensenyaments i nivells que es poden cursar als centres de formaci\u00f3 de persones adultes<\/strong><\/a>, n\u2019oferim els seg\u00fcents:<\/p>\n\n\n\n<figure class=\"wp-block-table has-medium-font-size\"><table class=\"has-white-background-color has-background has-border-color has-ast-global-color-1-border-color has-fixed-layout\" style=\"border-style:solid;border-width:56px\"><tbody><tr><td class=\"has-text-align-center\" data-align=\"center\"><img loading=\"lazy\" decoding=\"async\" width=\"150\" height=\"150\" class=\"wp-image-3682\" style=\"width: 150px;\" src=\"https:\/\/agora.xtec.cat\/cfaconcordia\/wp-content\/uploads\/usu1352\/2025\/10\/flag_12359944.png\" alt=\"\" srcset=\"https:\/\/agora.xtec.cat\/cfaconcordia\/wp-content\/uploads\/usu1352\/2025\/10\/flag_12359944.png 512w, https:\/\/agora.xtec.cat\/cfaconcordia\/wp-content\/uploads\/usu1352\/2025\/10\/flag_12359944-300x300.png 300w, https:\/\/agora.xtec.cat\/cfaconcordia\/wp-content\/uploads\/usu1352\/2025\/10\/flag_12359944-150x150.png 150w\" sizes=\"auto, (max-width: 150px) 100vw, 150px\" \/><br><a href=\"https:\/\/agora.xtec.cat\/cfaconcordia\/ensenyaments\/oferta-formativa\/llengues-dacollida\/\" data-type=\"link\" data-id=\"https:\/\/agora.xtec.cat\/cfaconcordia\/ensenyaments\/ensenyaments-inicials-i-formacio-basica\/llengues-dacollida\/\">LLENGUA CATALANA<\/a><\/td><td class=\"has-text-align-center\" data-align=\"center\"><img loading=\"lazy\" decoding=\"async\" width=\"150\" height=\"150\" class=\"wp-image-3681\" style=\"width: 150px;\" src=\"https:\/\/agora.xtec.cat\/cfaconcordia\/wp-content\/uploads\/usu1352\/2025\/10\/spanish-language_1377973.png\" alt=\"\" srcset=\"https:\/\/agora.xtec.cat\/cfaconcordia\/wp-content\/uploads\/usu1352\/2025\/10\/spanish-language_1377973.png 512w, https:\/\/agora.xtec.cat\/cfaconcordia\/wp-content\/uploads\/usu1352\/2025\/10\/spanish-language_1377973-300x300.png 300w, https:\/\/agora.xtec.cat\/cfaconcordia\/wp-content\/uploads\/usu1352\/2025\/10\/spanish-language_1377973-150x150.png 150w\" sizes=\"auto, (max-width: 150px) 100vw, 150px\" \/><br><a href=\"https:\/\/agora.xtec.cat\/cfaconcordia\/ensenyaments\/oferta-formativa\/llengues-dacollida\/\" data-type=\"link\" data-id=\"https:\/\/agora.xtec.cat\/cfaconcordia\/ensenyaments\/ensenyaments-inicials-i-formacio-basica\/llengues-dacollida\/\">LLENGUA CASTELLANA<\/a><\/td><td class=\"has-text-align-center\" data-align=\"center\"><img loading=\"lazy\" decoding=\"async\" width=\"150\" height=\"150\" class=\"wp-image-3688\" style=\"width: 150px;\" src=\"https:\/\/agora.xtec.cat\/cfaconcordia\/wp-content\/uploads\/usu1352\/2025\/10\/lapiz.png\" alt=\"\" srcset=\"https:\/\/agora.xtec.cat\/cfaconcordia\/wp-content\/uploads\/usu1352\/2025\/10\/lapiz.png 512w, https:\/\/agora.xtec.cat\/cfaconcordia\/wp-content\/uploads\/usu1352\/2025\/10\/lapiz-300x300.png 300w, https:\/\/agora.xtec.cat\/cfaconcordia\/wp-content\/uploads\/usu1352\/2025\/10\/lapiz-150x150.png 150w\" sizes=\"auto, (max-width: 150px) 100vw, 150px\" \/><br><a href=\"https:\/\/agora.xtec.cat\/cfaconcordia\/ensenyaments\/ensenyaments-inicials-i-formacio-basica\/formacio-instrumental\/\" data-type=\"link\" data-id=\"https:\/\/agora.xtec.cat\/cfaconcordia\/ensenyaments\/ensenyaments-inicials-i-formacio-basica\/formacio-instrumental\/\">INSTRUMENTAL<\/a><\/td><td class=\"has-text-align-center\" data-align=\"center\"><img loading=\"lazy\" decoding=\"async\" width=\"150\" height=\"150\" class=\"wp-image-3684\" style=\"width: 150px;\" src=\"https:\/\/agora.xtec.cat\/cfaconcordia\/wp-content\/uploads\/usu1352\/2025\/10\/sombrero-de-graduado.png\" alt=\"\" srcset=\"https:\/\/agora.xtec.cat\/cfaconcordia\/wp-content\/uploads\/usu1352\/2025\/10\/sombrero-de-graduado.png 512w, https:\/\/agora.xtec.cat\/cfaconcordia\/wp-content\/uploads\/usu1352\/2025\/10\/sombrero-de-graduado-300x300.png 300w, https:\/\/agora.xtec.cat\/cfaconcordia\/wp-content\/uploads\/usu1352\/2025\/10\/sombrero-de-graduado-150x150.png 150w\" sizes=\"auto, (max-width: 150px) 100vw, 150px\" \/><br><a href=\"https:\/\/agora.xtec.cat\/cfaconcordia\/ensenyaments\/ensenyaments-inicials-i-formacio-basica\/graduat-en-educacio-secundaria-per-a-persones-adultes-ges\/\">GES<\/a><\/td><\/tr><tr><td class=\"has-text-align-center\" data-align=\"center\"><img loading=\"lazy\" decoding=\"async\" width=\"150\" height=\"150\" class=\"wp-image-3683\" style=\"width: 150px;\" src=\"https:\/\/agora.xtec.cat\/cfaconcordia\/wp-content\/uploads\/usu1352\/2025\/10\/english-language_1377975.png\" alt=\"\" srcset=\"https:\/\/agora.xtec.cat\/cfaconcordia\/wp-content\/uploads\/usu1352\/2025\/10\/english-language_1377975.png 512w, https:\/\/agora.xtec.cat\/cfaconcordia\/wp-content\/uploads\/usu1352\/2025\/10\/english-language_1377975-300x300.png 300w, https:\/\/agora.xtec.cat\/cfaconcordia\/wp-content\/uploads\/usu1352\/2025\/10\/english-language_1377975-150x150.png 150w\" sizes=\"auto, (max-width: 150px) 100vw, 150px\" \/><br><a href=\"https:\/\/agora.xtec.cat\/cfaconcordia\/ensenyaments\/ensenyaments-transprofessionals\/llengua-anglesa\/\" data-type=\"link\" data-id=\"https:\/\/agora.xtec.cat\/cfaconcordia\/ensenyaments\/ensenyaments-transprofessionals\/llengua-anglesa\/\">LLENGUA ANGLESA<\/a><\/td><td class=\"has-text-align-center\" data-align=\"center\"><img loading=\"lazy\" decoding=\"async\" width=\"150\" height=\"150\" class=\"wp-image-3686\" style=\"width: 150px;\" src=\"https:\/\/agora.xtec.cat\/cfaconcordia\/wp-content\/uploads\/usu1352\/2025\/10\/computadora.png\" alt=\"\" srcset=\"https:\/\/agora.xtec.cat\/cfaconcordia\/wp-content\/uploads\/usu1352\/2025\/10\/computadora.png 512w, https:\/\/agora.xtec.cat\/cfaconcordia\/wp-content\/uploads\/usu1352\/2025\/10\/computadora-300x300.png 300w, https:\/\/agora.xtec.cat\/cfaconcordia\/wp-content\/uploads\/usu1352\/2025\/10\/computadora-150x150.png 150w\" sizes=\"auto, (max-width: 150px) 100vw, 150px\" \/><br><a href=\"https:\/\/agora.xtec.cat\/cfaconcordia\/ensenyaments\/oferta-formativa\/competic\/\" data-type=\"link\" data-id=\"https:\/\/agora.xtec.cat\/cfaconcordia\/competic\/\">COMPETIC (Inform\u00e0tica)<\/a><\/td><td class=\"has-text-align-center\" data-align=\"center\"><img loading=\"lazy\" decoding=\"async\" width=\"150\" height=\"150\" class=\"wp-image-3689\" style=\"width: 150px;\" src=\"https:\/\/agora.xtec.cat\/cfaconcordia\/wp-content\/uploads\/usu1352\/2025\/10\/idea-genial.png\" alt=\"\" srcset=\"https:\/\/agora.xtec.cat\/cfaconcordia\/wp-content\/uploads\/usu1352\/2025\/10\/idea-genial.png 512w, https:\/\/agora.xtec.cat\/cfaconcordia\/wp-content\/uploads\/usu1352\/2025\/10\/idea-genial-300x300.png 300w, https:\/\/agora.xtec.cat\/cfaconcordia\/wp-content\/uploads\/usu1352\/2025\/10\/idea-genial-150x150.png 150w\" sizes=\"auto, (max-width: 150px) 100vw, 150px\" \/><br><a href=\"https:\/\/agora.xtec.cat\/cfaconcordia\/ensenyaments\/oferta-formativa\/pacfgs\/\" data-type=\"link\" data-id=\"https:\/\/agora.xtec.cat\/cfaconcordia\/ensenyaments\/ensenyaments-per-a-la-preparacio-de-proves-dacces\/a-cicles-formatius-de-grau-superior\/\">PREP. PROVES <br>D&#8217;ACC\u00c9S A CFGS<\/a><\/td><td class=\"has-text-align-center\" data-align=\"center\"><img loading=\"lazy\" decoding=\"async\" width=\"150\" height=\"150\" class=\"wp-image-3687\" style=\"width: 150px;\" src=\"https:\/\/agora.xtec.cat\/cfaconcordia\/wp-content\/uploads\/usu1352\/2025\/10\/colegio.png\" alt=\"\" srcset=\"https:\/\/agora.xtec.cat\/cfaconcordia\/wp-content\/uploads\/usu1352\/2025\/10\/colegio.png 512w, https:\/\/agora.xtec.cat\/cfaconcordia\/wp-content\/uploads\/usu1352\/2025\/10\/colegio-300x300.png 300w, https:\/\/agora.xtec.cat\/cfaconcordia\/wp-content\/uploads\/usu1352\/2025\/10\/colegio-150x150.png 150w\" sizes=\"auto, (max-width: 150px) 100vw, 150px\" \/><br><a href=\"https:\/\/agora.xtec.cat\/cfaconcordia\/ensenyaments\/oferta-formativa\/pau-25-45\/\" data-type=\"link\" data-id=\"https:\/\/agora.xtec.cat\/cfaconcordia\/ensenyaments\/ensenyaments-per-a-la-preparacio-de-proves-dacces\/a-la-universitat-per-a-majors-de-25-anys\/\">PREP. PROVES <br>D&#8217;ACC\u00c9S UNIV.<\/a><\/td><\/tr><\/tbody><\/table><\/figure>\n\n\n\n<p>La majoria dels ensenyaments s\u00f3n anuals, de setembre a juny,  excepte els m\u00f2duls del GES que s\u00f3n trimestrals, i tots els nivells de les lleng\u00fces d&#8217;acollida (catal\u00e0 i castell\u00e0) que s\u00f3n quadrimestrals.<\/p>\n","protected":false},"excerpt":{"rendered":"<p>Al CFA La Conc\u00f2rdia tots els aprenentatges es desevolupen en modalitat presencial. De tots els ensenyaments i nivells que es poden cursar als centres de formaci\u00f3 de persones adultes, n\u2019oferim els seg\u00fcents: LLENGUA CATALANA LLENGUA CASTELLANA INSTRUMENTAL GES LLENGUA ANGLESA COMPETIC (Inform\u00e0tica) PREP. PROVES D&#8217;ACC\u00c9S A CFGS PREP. PROVES D&#8217;ACC\u00c9S UNIV. La majoria dels ensenyaments [&hellip;]<\/p>\n","protected":false},"author":20,"featured_media":0,"parent":274,"menu_order":0,"comment_status":"closed","ping_status":"closed","template":"","meta":{"_bbp_topic_count":0,"_bbp_reply_count":0,"_bbp_total_topic_count":0,"_bbp_total_reply_count":0,"_bbp_voice_count":0,"_bbp_anonymous_reply_count":0,"_bbp_topic_count_hidden":0,"_bbp_reply_count_hidden":0,"_bbp_forum_subforum_count":0,"site-sidebar-layout":"default","site-content-layout":"","ast-site-content-layout":"default","site-content-style":"default","site-sidebar-style":"default","ast-global-header-display":"","ast-banner-title-visibility":"","ast-main-header-display":"","ast-hfb-above-header-display":"","ast-hfb-below-header-display":"","ast-hfb-mobile-header-display":"","site-post-title":"","ast-breadcrumbs-content":"","ast-featured-img":"","footer-sml-layout":"","theme-transparent-header-meta":"","adv-header-id-meta":"","stick-header-meta":"","header-above-stick-meta":"","header-main-stick-meta":"","header-below-stick-meta":"","astra-migrate-meta-layouts":"set","ast-page-background-enabled":"default","ast-page-background-meta":{"desktop":{"background-color":"var(--ast-global-color-4)","background-image":"","background-repeat":"repeat","background-position":"center center","background-size":"auto","background-attachment":"scroll","background-type":"","background-media":"","overlay-type":"","overlay-color":"","overlay-opacity":"","overlay-gradient":""},"tablet":{"background-color":"","background-image":"","background-repeat":"repeat","background-position":"center center","background-size":"auto","background-attachment":"scroll","background-type":"","background-media":"","overlay-type":"","overlay-color":"","overlay-opacity":"","overlay-gradient":""},"mobile":{"background-color":"","background-image":"","background-repeat":"repeat","background-position":"center center","background-size":"auto","background-attachment":"scroll","background-type":"","background-media":"","overlay-type":"","overlay-color":"","overlay-opacity":"","overlay-gradient":""}},"ast-content-background-meta":{"desktop":{"background-color":"var(--ast-global-color-5)","background-image":"","background-repeat":"repeat","background-position":"center center","background-size":"auto","background-attachment":"scroll","background-type":"","background-media":"","overlay-type":"","overlay-color":"","overlay-opacity":"","overlay-gradient":""},"tablet":{"background-color":"var(--ast-global-color-5)","background-image":"","background-repeat":"repeat","background-position":"center center","background-size":"auto","background-attachment":"scroll","background-type":"","background-media":"","overlay-type":"","overlay-color":"","overlay-opacity":"","overlay-gradient":""},"mobile":{"background-color":"var(--ast-global-color-5)","background-image":"","background-repeat":"repeat","background-position":"center center","background-size":"auto","background-attachment":"scroll","background-type":"","background-media":"","overlay-type":"","overlay-color":"","overlay-opacity":"","overlay-gradient":""}},"footnotes":""},"class_list":["post-3676","page","type-page","status-publish","hentry"],"post_mailing_queue_ids":[],"_links":{"self":[{"href":"https:\/\/agora.xtec.cat\/cfaconcordia\/wp-json\/wp\/v2\/pages\/3676","targetHints":{"allow":["GET"]}}],"collection":[{"href":"https:\/\/agora.xtec.cat\/cfaconcordia\/wp-json\/wp\/v2\/pages"}],"about":[{"href":"https:\/\/agora.xtec.cat\/cfaconcordia\/wp-json\/wp\/v2\/types\/page"}],"author":[{"embeddable":true,"href":"https:\/\/agora.xtec.cat\/cfaconcordia\/wp-json\/wp\/v2\/users\/20"}],"replies":[{"embeddable":true,"href":"https:\/\/agora.xtec.cat\/cfaconcordia\/wp-json\/wp\/v2\/comments?post=3676"}],"version-history":[{"count":6,"href":"https:\/\/agora.xtec.cat\/cfaconcordia\/wp-json\/wp\/v2\/pages\/3676\/revisions"}],"predecessor-version":[{"id":3724,"href":"https:\/\/agora.xtec.cat\/cfaconcordia\/wp-json\/wp\/v2\/pages\/3676\/revisions\/3724"}],"up":[{"embeddable":true,"href":"https:\/\/agora.xtec.cat\/cfaconcordia\/wp-json\/wp\/v2\/pages\/274"}],"wp:attachment":[{"href":"https:\/\/agora.xtec.cat\/cfaconcordia\/wp-json\/wp\/v2\/media?parent=3676"}],"curies":[{"name":"wp","href":"https:\/\/api.w.org\/{rel}","templated":true}]}}