{"id":3672,"date":"2025-10-31T16:22:45","date_gmt":"2025-10-31T15:22:45","guid":{"rendered":"https:\/\/agora.xtec.cat\/cfaconcordia\/?page_id=3672"},"modified":"2025-10-31T16:26:11","modified_gmt":"2025-10-31T15:26:11","slug":"formacio-dadults","status":"publish","type":"page","link":"https:\/\/agora.xtec.cat\/cfaconcordia\/ensenyaments\/formacio-dadults\/","title":{"rendered":"Formaci\u00f3 d&#8217;adults"},"content":{"rendered":"\n<p>La formaci\u00f3 de persones adultes \u00e9s el conjunt d\u2019activitats d\u2019aprenentatge que, en el marc de l\u2019educaci\u00f3 al llarg de tota la vida, permet que les persones adultes desenvolupin les seves capacitats, enriqueixin els seus coneixements i millorin les seves compet\u00e8ncies t\u00e8cniques i professionals. Aix\u00f2 fa que hi participin persones amb objectius diferents, com poden ser obtenir una titulaci\u00f3, posar-se al dia o ampliar els seus coneixements.<\/p>\n\n\n\n<p>L\u2019oferta educativa general dels centres de formaci\u00f3 d\u2019adults del Departament d\u2019Educaci\u00f3 i FP \u00e9s la seg\u00fcent:<\/p>\n\n\n\n<figure class=\"wp-block-image size-large\"><a href=\"https:\/\/agora.xtec.cat\/cfaconcordia\/wp-content\/uploads\/usu1352\/2025\/10\/ensenyaments-nous.jpg\"><img loading=\"lazy\" decoding=\"async\" width=\"1024\" height=\"720\" src=\"https:\/\/agora.xtec.cat\/cfaconcordia\/wp-content\/uploads\/usu1352\/2025\/10\/ensenyaments-nous-1024x720.jpg\" alt=\"\" class=\"wp-image-3673\" srcset=\"https:\/\/agora.xtec.cat\/cfaconcordia\/wp-content\/uploads\/usu1352\/2025\/10\/ensenyaments-nous-1024x720.jpg 1024w, https:\/\/agora.xtec.cat\/cfaconcordia\/wp-content\/uploads\/usu1352\/2025\/10\/ensenyaments-nous-300x211.jpg 300w, https:\/\/agora.xtec.cat\/cfaconcordia\/wp-content\/uploads\/usu1352\/2025\/10\/ensenyaments-nous-768x540.jpg 768w, https:\/\/agora.xtec.cat\/cfaconcordia\/wp-content\/uploads\/usu1352\/2025\/10\/ensenyaments-nous.jpg 1518w\" sizes=\"auto, (max-width: 1024px) 100vw, 1024px\" \/><\/a><\/figure>\n\n\n\n<p class=\"has-medium-font-size\"><strong>\u26a0\ufe0fAtenci\u00f3! no tots els centres imparteixen tots els ensenyaments<\/strong>, per saber quins s\u2019ofereixen actualment al <strong>CFA La Conc\u00f2rdia <\/strong>consulteu la nostra oferta formativa.<\/p>\n\n\n\n<h3 class=\"wp-block-heading\">ACC\u00c9S<\/h3>\n\n\n\n<p>Amb car\u00e0cter general poden accedir a l\u2019educaci\u00f3 d\u2019adults les persones que han complert 18 anys o b\u00e9 els compleixen durant l\u2019any natural que inicien la formaci\u00f3.<\/p>\n\n\n\n<p>Tamb\u00e9 hi poden accedir les persones que compleixen com a m\u00ednim 16 anys l\u2019any natural que inicien la formaci\u00f3 si tenen un contracte laboral que les impedeix assistir als centres educatius en r\u00e8gim ordinari o si s\u00f3n esportistes d\u2019alt rendiment.<\/p>\n\n\n\n<p>Excepcionalment, el director o directora dels Serveis Territorials del Departament d\u2019Educaci\u00f3 i FP o, si escau, el o la gerent del Consorci d\u2019Educaci\u00f3 de Barcelona pot autoritzar, amb un informe previ de la Inspecci\u00f3 Educativa, la incorporaci\u00f3 d\u2019alumnes majors de 16 anys que no compleixen els requisits anteriors per\u00f2 que es trobin amb circumst\u00e0ncies que els impedeixen assistir als centres educatius ordinaris.<\/p>\n\n\n\n<h3 class=\"wp-block-heading\">M\u00c9S INFORMACI\u00d3<\/h3>\n\n\n\n<ul class=\"wp-block-list\">\n<li class=\"has-ast-global-color-1-color has-text-color has-link-color wp-elements-a80f56852a0dfe0b947638e715faabda\"><a href=\"http:\/\/xtec.gencat.cat\/ca\/curriculum\/educacio-llarg-vida\/\" target=\"_blank\" rel=\"noreferrer noopener\">Educaci\u00f3 al llarg de la vida (Xarxa Telem\u00e0tica Educativa de Catalunya)<\/a><\/li>\n\n\n\n<li class=\"has-ast-global-color-1-color has-text-color has-link-color wp-elements-0235562136c7d5dfe54ab49d99b62d70\"><a href=\"https:\/\/triaeducativa.gencat.cat\/ca\/al-llarg-vida\/\" target=\"_blank\" rel=\"noreferrer noopener\">Ensenyaments de formaci\u00f3 d\u2019adults al portal &#8220;<em>Tria Educativa&#8221;<\/em><\/a><\/li>\n\n\n\n<li class=\"has-ast-global-color-1-color has-text-color has-link-color wp-elements-ccb66e8b1a341bb682feb72e73770d23\"><a href=\"http:\/\/www.gencat.cat\/ensenyament\/eac\/pdf\/APA_CA.pdf\" target=\"_blank\" rel=\"noreferrer noopener\">Educaci\u00f3 d\u2019Adults (Guia informativa)<\/a><\/li>\n\n\n\n<li class=\"has-ast-global-color-1-color has-text-color has-link-color wp-elements-6ec2ddc1bd53aead71334959b49a3d25\"><a href=\"https:\/\/educacio.gencat.cat\/ca\/departament\/serveis-territorials\/valles-occidental\/centres-serveis-educatius\/\" target=\"_blank\" rel=\"noreferrer noopener\">Formaci\u00f3 d\u2019adults als SSTT d\u2019Educaci\u00f3 al Vall\u00e8s Occidental<\/a><\/li>\n\n\n\n<li class=\"has-ast-global-color-1-color has-text-color has-link-color wp-elements-dc559d9a60446d8981da21fb2d7eab76\"><a href=\"https:\/\/triaeducativa.gencat.cat\/ca\/al-llarg-vida\/normativa\/\" target=\"_blank\" rel=\"noreferrer noopener\">Lleis i normativa<\/a><\/li>\n<\/ul>\n\n\n\n<p><\/p>\n","protected":false},"excerpt":{"rendered":"<p>La formaci\u00f3 de persones adultes \u00e9s el conjunt d\u2019activitats d\u2019aprenentatge que, en el marc de l\u2019educaci\u00f3 al llarg de tota la vida, permet que les persones adultes desenvolupin les seves capacitats, enriqueixin els seus coneixements i millorin les seves compet\u00e8ncies t\u00e8cniques i professionals. Aix\u00f2 fa que hi participin persones amb objectius diferents, com poden ser [&hellip;]<\/p>\n","protected":false},"author":20,"featured_media":0,"parent":274,"menu_order":0,"comment_status":"closed","ping_status":"closed","template":"","meta":{"_bbp_topic_count":0,"_bbp_reply_count":0,"_bbp_total_topic_count":0,"_bbp_total_reply_count":0,"_bbp_voice_count":0,"_bbp_anonymous_reply_count":0,"_bbp_topic_count_hidden":0,"_bbp_reply_count_hidden":0,"_bbp_forum_subforum_count":0,"site-sidebar-layout":"default","site-content-layout":"","ast-site-content-layout":"default","site-content-style":"default","site-sidebar-style":"default","ast-global-header-display":"","ast-banner-title-visibility":"","ast-main-header-display":"","ast-hfb-above-header-display":"","ast-hfb-below-header-display":"","ast-hfb-mobile-header-display":"","site-post-title":"","ast-breadcrumbs-content":"","ast-featured-img":"","footer-sml-layout":"","theme-transparent-header-meta":"","adv-header-id-meta":"","stick-header-meta":"","header-above-stick-meta":"","header-main-stick-meta":"","header-below-stick-meta":"","astra-migrate-meta-layouts":"set","ast-page-background-enabled":"default","ast-page-background-meta":{"desktop":{"background-color":"var(--ast-global-color-4)","background-image":"","background-repeat":"repeat","background-position":"center center","background-size":"auto","background-attachment":"scroll","background-type":"","background-media":"","overlay-type":"","overlay-color":"","overlay-opacity":"","overlay-gradient":""},"tablet":{"background-color":"","background-image":"","background-repeat":"repeat","background-position":"center center","background-size":"auto","background-attachment":"scroll","background-type":"","background-media":"","overlay-type":"","overlay-color":"","overlay-opacity":"","overlay-gradient":""},"mobile":{"background-color":"","background-image":"","background-repeat":"repeat","background-position":"center center","background-size":"auto","background-attachment":"scroll","background-type":"","background-media":"","overlay-type":"","overlay-color":"","overlay-opacity":"","overlay-gradient":""}},"ast-content-background-meta":{"desktop":{"background-color":"var(--ast-global-color-5)","background-image":"","background-repeat":"repeat","background-position":"center center","background-size":"auto","background-attachment":"scroll","background-type":"","background-media":"","overlay-type":"","overlay-color":"","overlay-opacity":"","overlay-gradient":""},"tablet":{"background-color":"var(--ast-global-color-5)","background-image":"","background-repeat":"repeat","background-position":"center center","background-size":"auto","background-attachment":"scroll","background-type":"","background-media":"","overlay-type":"","overlay-color":"","overlay-opacity":"","overlay-gradient":""},"mobile":{"background-color":"var(--ast-global-color-5)","background-image":"","background-repeat":"repeat","background-position":"center center","background-size":"auto","background-attachment":"scroll","background-type":"","background-media":"","overlay-type":"","overlay-color":"","overlay-opacity":"","overlay-gradient":""}},"footnotes":""},"class_list":["post-3672","page","type-page","status-publish","hentry"],"post_mailing_queue_ids":[],"_links":{"self":[{"href":"https:\/\/agora.xtec.cat\/cfaconcordia\/wp-json\/wp\/v2\/pages\/3672","targetHints":{"allow":["GET"]}}],"collection":[{"href":"https:\/\/agora.xtec.cat\/cfaconcordia\/wp-json\/wp\/v2\/pages"}],"about":[{"href":"https:\/\/agora.xtec.cat\/cfaconcordia\/wp-json\/wp\/v2\/types\/page"}],"author":[{"embeddable":true,"href":"https:\/\/agora.xtec.cat\/cfaconcordia\/wp-json\/wp\/v2\/users\/20"}],"replies":[{"embeddable":true,"href":"https:\/\/agora.xtec.cat\/cfaconcordia\/wp-json\/wp\/v2\/comments?post=3672"}],"version-history":[{"count":1,"href":"https:\/\/agora.xtec.cat\/cfaconcordia\/wp-json\/wp\/v2\/pages\/3672\/revisions"}],"predecessor-version":[{"id":3675,"href":"https:\/\/agora.xtec.cat\/cfaconcordia\/wp-json\/wp\/v2\/pages\/3672\/revisions\/3675"}],"up":[{"embeddable":true,"href":"https:\/\/agora.xtec.cat\/cfaconcordia\/wp-json\/wp\/v2\/pages\/274"}],"wp:attachment":[{"href":"https:\/\/agora.xtec.cat\/cfaconcordia\/wp-json\/wp\/v2\/media?parent=3672"}],"curies":[{"name":"wp","href":"https:\/\/api.w.org\/{rel}","templated":true}]}}