{"id":312,"date":"2015-01-28T11:32:38","date_gmt":"2015-01-28T10:32:38","guid":{"rendered":"http:\/\/agora.xtec.cat\/cfaconcordia\/?page_id=312"},"modified":"2025-11-10T19:04:09","modified_gmt":"2025-11-10T18:04:09","slug":"llengua-anglesa","status":"publish","type":"page","link":"https:\/\/agora.xtec.cat\/cfaconcordia\/ensenyaments\/oferta-formativa\/llengua-anglesa\/","title":{"rendered":"Llengua anglesa"},"content":{"rendered":"<p style=\"text-align: right;\"><a href=\"https:\/\/agora.xtec.cat\/cfaconcordia\/wp-content\/uploads\/usu1352\/2020\/06\/GUIA-ANGLES.pdf\"><span style=\"color: #993300;\"><strong>Guia de l&#8217;alumne<\/strong><\/span><\/a><\/p>\n<h4><b>DESCRIPCI\u00d3 DE L\u2019ENSENYAMENT<\/b><\/h4>\n<p>Aquests estudis tenen com a objectiu que les persones adultes assoleixin un grau de compet\u00e8ncia b\u00e0sic per a comunicar-se en llengua anglesa.<\/p>\n<h4>ACC\u00c9S<\/h4>\n<p>Poden accedir a aquests estudis totes les persones que tenen m\u00e9s de 18 anys o b\u00e9 els compleixen durant l\u2019any natural en qu\u00e8 inicien la formaci\u00f3.<\/p>\n<h4><b>PLA D\u2019ESTUDIS<\/b><\/h4>\n<p>S\u2019imparteixen tres nivells:<\/p>\n<ul>\n<li style=\"list-style-type: none;\">\n<ul style=\"list-style-type: disc;\">\n<li><span style=\"color: #993300;\"><strong>Nivell 1:<\/strong> <\/span>Corresponent al nivell A1 del MECR*. (105 hores de durada: 3 hores setmanals)<\/li>\n<li><span style=\"color: #993300;\"><strong>Nivell 2:<\/strong><\/span> Corresponent al nivell A2.1 del MECR*. (140hores de durada: 4 hores setmanals)<\/li>\n<li><span style=\"color: #993300;\"><strong>Nivell 3:<\/strong><\/span> Corresponent al nivell A2.2 del MECR*. (140 hores de durada: 4 hores setmanals)<\/li>\n<\/ul>\n<\/li>\n<\/ul>\n<p>*MECR (Marc europeu com\u00fa de refer\u00e8ncia per a les lleng\u00fces).<\/p>\n<p>Els cursos d\u2019angl\u00e8s s\u00f3n programes distribu\u00efts en <span style=\"color: #993300;\"><b>dues sessions setmanals<\/b><\/span>.<\/p>\n<h4><b>CONTINU\u00cfTAT<\/b><\/h4>\n<p>En acabar el Nivell 3, al maig, l\u2019alumnat far\u00e0 una prova externa de llengua anglesa de nivell b\u00e0sic, oferint la possibilitat de continuar la formaci\u00f3 a l\u2019Escola Oficial d\u2019Idiomes (EOI).<\/p>\n<h4><b>CURR\u00cdCULUM<\/b><\/h4>\n<p><a href=\"https:\/\/portaldogc.gencat.cat\/utilsEADOP\/PDF\/7652\/1683438.pdf\" target=\"_blank\" rel=\"noopener\"><span style=\"color: #993300;\">Resoluci\u00f3 ENS\/1403\/2018<\/span><\/a>,\u00a0 per la qual s\u2019estableix el curr\u00edculum de lleng\u00fces estrangeres als centres de formaci\u00f3 d\u2019adults del Departament d\u2019Ensenyament.<\/p>\n<div class=\"espai\">\n<h4><b>M\u00c9S INFORMACI\u00d3<\/b><\/h4>\n<\/div>\n<ul>\n<li><a href=\"https:\/\/triaeducativa.gencat.cat\/ca\/estudis\/?llengua-anglesa&amp;p_id=2350\" target=\"_blank\" rel=\"noopener\"><span style=\"color: #993300;\">Llengua Anglesa al portal <\/span><em><span style=\"color: #993300;\">&#8220;Tria Educativa&#8221;.<\/span><\/em><\/a><\/li>\n<\/ul>\n<h4><b>HORARIS CURS 25-26<\/b><\/h4>\n<p><img loading=\"lazy\" decoding=\"async\" class=\"aligncenter size-full wp-image-3736\" src=\"https:\/\/agora.xtec.cat\/cfaconcordia\/wp-content\/uploads\/usu1352\/2025\/11\/angles.png\" alt=\"\" width=\"601\" height=\"717\" srcset=\"https:\/\/agora.xtec.cat\/cfaconcordia\/wp-content\/uploads\/usu1352\/2025\/11\/angles.png 601w, https:\/\/agora.xtec.cat\/cfaconcordia\/wp-content\/uploads\/usu1352\/2025\/11\/angles-251x300.png 251w\" sizes=\"auto, (max-width: 601px) 100vw, 601px\" \/><\/p>\n","protected":false},"excerpt":{"rendered":"<p>Guia de l&#8217;alumne DESCRIPCI\u00d3 DE L\u2019ENSENYAMENT Aquests estudis tenen com a objectiu que les persones adultes assoleixin un grau de compet\u00e8ncia b\u00e0sic per a comunicar-se en llengua anglesa. ACC\u00c9S Poden accedir a aquests estudis totes les persones que tenen m\u00e9s de 18 anys o b\u00e9 els compleixen durant l\u2019any natural en qu\u00e8 inicien la formaci\u00f3. [&hellip;]<\/p>\n","protected":false},"author":1,"featured_media":0,"parent":3676,"menu_order":3,"comment_status":"closed","ping_status":"closed","template":"","meta":{"_bbp_topic_count":0,"_bbp_reply_count":0,"_bbp_total_topic_count":0,"_bbp_total_reply_count":0,"_bbp_voice_count":0,"_bbp_anonymous_reply_count":0,"_bbp_topic_count_hidden":0,"_bbp_reply_count_hidden":0,"_bbp_forum_subforum_count":0,"site-sidebar-layout":"default","site-content-layout":"","ast-site-content-layout":"default","site-content-style":"default","site-sidebar-style":"default","ast-global-header-display":"","ast-banner-title-visibility":"","ast-main-header-display":"","ast-hfb-above-header-display":"","ast-hfb-below-header-display":"","ast-hfb-mobile-header-display":"","site-post-title":"","ast-breadcrumbs-content":"","ast-featured-img":"","footer-sml-layout":"","theme-transparent-header-meta":"","adv-header-id-meta":"","stick-header-meta":"","header-above-stick-meta":"","header-main-stick-meta":"","header-below-stick-meta":"","astra-migrate-meta-layouts":"set","ast-page-background-enabled":"default","ast-page-background-meta":{"desktop":{"background-color":"var(--ast-global-color-4)","background-image":"","background-repeat":"repeat","background-position":"center center","background-size":"auto","background-attachment":"scroll","background-type":"","background-media":"","overlay-type":"","overlay-color":"","overlay-opacity":"","overlay-gradient":""},"tablet":{"background-color":"","background-image":"","background-repeat":"repeat","background-position":"center center","background-size":"auto","background-attachment":"scroll","background-type":"","background-media":"","overlay-type":"","overlay-color":"","overlay-opacity":"","overlay-gradient":""},"mobile":{"background-color":"","background-image":"","background-repeat":"repeat","background-position":"center center","background-size":"auto","background-attachment":"scroll","background-type":"","background-media":"","overlay-type":"","overlay-color":"","overlay-opacity":"","overlay-gradient":""}},"ast-content-background-meta":{"desktop":{"background-color":"var(--ast-global-color-5)","background-image":"","background-repeat":"repeat","background-position":"center center","background-size":"auto","background-attachment":"scroll","background-type":"","background-media":"","overlay-type":"","overlay-color":"","overlay-opacity":"","overlay-gradient":""},"tablet":{"background-color":"var(--ast-global-color-5)","background-image":"","background-repeat":"repeat","background-position":"center center","background-size":"auto","background-attachment":"scroll","background-type":"","background-media":"","overlay-type":"","overlay-color":"","overlay-opacity":"","overlay-gradient":""},"mobile":{"background-color":"var(--ast-global-color-5)","background-image":"","background-repeat":"repeat","background-position":"center center","background-size":"auto","background-attachment":"scroll","background-type":"","background-media":"","overlay-type":"","overlay-color":"","overlay-opacity":"","overlay-gradient":""}},"footnotes":""},"class_list":["post-312","page","type-page","status-publish","hentry"],"post_mailing_queue_ids":[],"_links":{"self":[{"href":"https:\/\/agora.xtec.cat\/cfaconcordia\/wp-json\/wp\/v2\/pages\/312","targetHints":{"allow":["GET"]}}],"collection":[{"href":"https:\/\/agora.xtec.cat\/cfaconcordia\/wp-json\/wp\/v2\/pages"}],"about":[{"href":"https:\/\/agora.xtec.cat\/cfaconcordia\/wp-json\/wp\/v2\/types\/page"}],"author":[{"embeddable":true,"href":"https:\/\/agora.xtec.cat\/cfaconcordia\/wp-json\/wp\/v2\/users\/1"}],"replies":[{"embeddable":true,"href":"https:\/\/agora.xtec.cat\/cfaconcordia\/wp-json\/wp\/v2\/comments?post=312"}],"version-history":[{"count":4,"href":"https:\/\/agora.xtec.cat\/cfaconcordia\/wp-json\/wp\/v2\/pages\/312\/revisions"}],"predecessor-version":[{"id":3737,"href":"https:\/\/agora.xtec.cat\/cfaconcordia\/wp-json\/wp\/v2\/pages\/312\/revisions\/3737"}],"up":[{"embeddable":true,"href":"https:\/\/agora.xtec.cat\/cfaconcordia\/wp-json\/wp\/v2\/pages\/3676"}],"wp:attachment":[{"href":"https:\/\/agora.xtec.cat\/cfaconcordia\/wp-json\/wp\/v2\/media?parent=312"}],"curies":[{"name":"wp","href":"https:\/\/api.w.org\/{rel}","templated":true}]}}