{"id":2673,"date":"2025-05-20T23:57:11","date_gmt":"2025-05-20T21:57:11","guid":{"rendered":"https:\/\/agora.xtec.cat\/cfaconcordia\/?page_id=2673"},"modified":"2025-10-31T17:25:45","modified_gmt":"2025-10-31T16:25:45","slug":"acreditacions-actic","status":"publish","type":"page","link":"https:\/\/agora.xtec.cat\/cfaconcordia\/serveis\/acreditacions-actic\/","title":{"rendered":"Acreditacions ACTIC"},"content":{"rendered":"<h5><b>Qu\u00e8 \u00e9s l&#8217;ACTIC?<\/b><\/h5>\n<p>L\u2019ACTIC \u00e9s la certificaci\u00f3 acreditativa de la compet\u00e8ncia digital, entesa com la combinaci\u00f3 de coneixements, habilitats i actituds en l\u2019\u00e0mbit de les tecnologies de la informaci\u00f3 i la comunicaci\u00f3 (TIC) que les persones despleguen en situacions reals per assolir objectius determinats amb efic\u00e0cia i efici\u00e8ncia.<\/p>\n<p>L\u2019ACTIC permet a qualsevol persona demostrar les seves compet\u00e8ncies en TIC mitjan\u00e7ant una prova per ordinador que s\u2019avalua autom\u00e0ticament. La prova \u00e9s telem\u00e0tica, encara que s\u2019ha de fer en un centre col\u00b7laborador reconegut per la Generalitat, el qual garanteix que es fa en les condicions adequades. Hi ha m\u00e9s de 350 centres distribu\u00efts per tot Catalunya, amb molta diversitat d\u2019horaris d&#8217;avaluaci\u00f3. La sol\u00b7licitud d\u2019acreditaci\u00f3 i l\u2019obtenci\u00f3 del certificat tamb\u00e9 s\u00f3n telem\u00e0tics. No cal esperar cap convocat\u00f2ria per presentar la sol\u00b7licitud.<\/p>\n<p><strong>El CFA La Conc\u00f2rdia \u00e9s un dels centres col\u00b7laboradors<\/strong> reconeguts per la Generalitat on pots examinar-te i obtenir la certificaci\u00f3 de tots els nivells acTIC. Tens tota la informaci\u00f3 detallada del procediment fent clic sobre la imatge:<\/p>\n<p><a href=\"https:\/\/actic.gencat.cat\/ca\/detall\/article\/Info_detall-Procediment\"><img loading=\"lazy\" decoding=\"async\" class=\"aligncenter size-medium wp-image-2682\" src=\"https:\/\/agora.xtec.cat\/cfaconcordia\/wp-content\/uploads\/usu1352\/2025\/05\/actic_1-300x169.png\" alt=\"\" width=\"300\" height=\"169\" srcset=\"https:\/\/agora.xtec.cat\/cfaconcordia\/wp-content\/uploads\/usu1352\/2025\/05\/actic_1-300x169.png 300w, https:\/\/agora.xtec.cat\/cfaconcordia\/wp-content\/uploads\/usu1352\/2025\/05\/actic_1-768x432.png 768w, https:\/\/agora.xtec.cat\/cfaconcordia\/wp-content\/uploads\/usu1352\/2025\/05\/actic_1.png 1024w\" sizes=\"auto, (max-width: 300px) 100vw, 300px\" \/><\/a><\/p>\n<p>Les persones que superen satisfact\u00f2riament la prova obtenen un certificat (b\u00e0sic, mitj\u00e0 o avan\u00e7at) que emet la Generalitat, i que els possibilita acreditar un determinat nivell (1, 2 o 3, respectivament) de compet\u00e8ncies en TIC davant de qualsevol empresa o administraci\u00f3. Aquests certificats s\u00f3n, doncs, una eina que pot facilitar l&#8217;obtenci\u00f3 d&#8217;una feina, la promoci\u00f3 professional, l&#8217;acc\u00e9s a eines d\u2019aprenentatge virtual o l&#8217;obtenci\u00f3 d&#8217;una certificaci\u00f3 professional.<\/p>\n<h5><b>Qu\u00e8 s&#8217;avalua?<\/b><\/h5>\n<p>Els entorns de treball a qu\u00e8 es refereixen els continguts de l\u2019ACTIC inclouen no solament els ordinadors personals cl\u00e0ssics, sin\u00f3 el conjunt d&#8217;eines TIC (tenen en compte, doncs, les tauletes, els tel\u00e8fons m\u00f2bils, els sistemes GPS&#8230;).<\/p>\n<p>L&#8217;ACTIC avalua la compet\u00e8ncia digital de la persona i no les habilitats en l\u2019\u00fas de productes concrets (ja es tracti de maquinari o de programari). Incorpora el coneixement de conceptes essencials relatius a la societat de la informaci\u00f3, la societat en xarxa i la cultura digital. Un element fonamental que inclou s\u00f3n les bones pr\u00e0ctiques (orientades a l\u2019efici\u00e8ncia, l\u2019ergonomia, el medi ambient i el respecte als drets i al treball de les altres persones).<\/p>\n<p>L&#8217;ACTIC ent\u00e9n les compet\u00e8ncies digitals com unes capacitats gen\u00e8riques a partir de les quals la persona pot aprendre constantment i adaptar-se de manera din\u00e0mica a un entorn canviant.<\/p>\n<h5><b>Estructura b\u00e0sica de compet\u00e8ncies i nivells<\/b><\/h5>\n<p>El model d\u2019acreditaci\u00f3 es compon de\u00a03 nivells de certificaci\u00f3:<\/p>\n<ul style=\"list-style-type: square;\">\n<li>Nivell 1 \u2013 Certificat b\u00e0sic<\/li>\n<li>Nivell 2 \u2013 Certificat mitj\u00e0<\/li>\n<li>Nivell 3 \u2013 Certificat avan\u00e7at<\/li>\n<\/ul>\n<p><img loading=\"lazy\" decoding=\"async\" class=\"aligncenter wp-image-2679 size-full\" src=\"https:\/\/agora.xtec.cat\/cfaconcordia\/wp-content\/uploads\/usu1352\/2025\/05\/QAcredita_cat_new.png\" alt=\"\" width=\"500\" height=\"313\" srcset=\"https:\/\/agora.xtec.cat\/cfaconcordia\/wp-content\/uploads\/usu1352\/2025\/05\/QAcredita_cat_new.png 500w, https:\/\/agora.xtec.cat\/cfaconcordia\/wp-content\/uploads\/usu1352\/2025\/05\/QAcredita_cat_new-300x188.png 300w\" sizes=\"auto, (max-width: 500px) 100vw, 500px\" \/><\/p>\n<div class=\"blocs\">\n<div class=\"row\">\n<h5><b>Normativa<\/b><\/h5>\n<div class=\"col-xs-12 columna_esquerra\">\n<div class=\"cos_bloc basic_text_peq pd-15 link-dotted\">\n<p>La normativa de l\u2019ACTIC defineix 8 compet\u00e8ncies.<\/p>\n<p><strong>Concreci\u00f3 del continguts<\/strong><\/p>\n<p>Els continguts competencials de l\u2019ACTIC es concreten de la manera seg\u00fcent:<\/p>\n<ul style=\"list-style-type: square;\">\n<li>Les compet\u00e8ncies es desglossen en realitzacions competencials.<\/li>\n<li>Per a cada realitzaci\u00f3 competencial es defineixen\u00a0<strong>indicadors<\/strong>\u00a0segons els tres nivells.<\/li>\n<li>Els indicadors tenen associats uns determinats\u00a0<strong>coneixements, procediments i actituds<\/strong>.<\/li>\n<li>Els\u00a0<strong>indicadors<\/strong>\u00a0s\u00f3n els\u00a0<strong>elements de refer\u00e8ncia<\/strong>\u00a0de les activitats (preguntes) de qu\u00e8 consta la prova.<\/li>\n<\/ul>\n<div class=\"FW_clear FW_hrBlanc\">\n<h5><b>Relaci\u00f3 entre compet\u00e8ncies i nivells<\/b><\/h5>\n<\/div>\n<\/div>\n<\/div>\n<\/div>\n<\/div>\n<div class=\"blocs\">\n<div class=\"row\">\n<div class=\"col-xs-12 columna_esquerra\">\n<div class=\"cos_bloc basic_text_peq pd-15 link-dotted\">\n<ul style=\"list-style-type: square;\">\n<li><strong>El nivell 2,<\/strong>\u00a0com a nivell de refer\u00e8ncia, inclou les 8 compet\u00e8ncies. No cal tenir acreditat l\u20191 per presentar-s\u2019hi.<\/li>\n<li><strong>El nivell 1<\/strong>\u00a0inclou 6 compet\u00e8ncies.<\/li>\n<li><strong>El nivell 3<\/strong>\u00a0inclou nom\u00e9s 5 compet\u00e8ncies. T\u00e9 un car\u00e0cter modular: per obtenir el certificat el\u00a0nivell avan\u00e7at nom\u00e9s cal aprovar dues compet\u00e8ncies, que cal triar entre les\u00a0cinc seg\u00fcents: C4, C5, C6, C7 i C8.Per tant, per presentar-se a la prova del nivell 3<strong>\u00a0cal tenir acreditat el nivell 2<\/strong>.<\/li>\n<\/ul>\n<\/div>\n<\/div>\n<\/div>\n<\/div>\n<p><img loading=\"lazy\" decoding=\"async\" class=\"aligncenter wp-image-2680 size-large\" src=\"https:\/\/agora.xtec.cat\/cfaconcordia\/wp-content\/uploads\/usu1352\/2025\/05\/axtic-1024x397.jpg\" alt=\"\" width=\"1024\" height=\"397\" srcset=\"https:\/\/agora.xtec.cat\/cfaconcordia\/wp-content\/uploads\/usu1352\/2025\/05\/axtic-1024x397.jpg 1024w, https:\/\/agora.xtec.cat\/cfaconcordia\/wp-content\/uploads\/usu1352\/2025\/05\/axtic-300x116.jpg 300w, https:\/\/agora.xtec.cat\/cfaconcordia\/wp-content\/uploads\/usu1352\/2025\/05\/axtic-768x297.jpg 768w, https:\/\/agora.xtec.cat\/cfaconcordia\/wp-content\/uploads\/usu1352\/2025\/05\/axtic.jpg 1198w\" sizes=\"auto, (max-width: 1024px) 100vw, 1024px\" \/><\/p>\n<h5><b>Procediment per obtenir l&#8217;acreditaci\u00f3<\/b><\/h5>\n<p>La tramitaci\u00f3 \u00e9s telem\u00e0tica.\u00a0Per poder realitzar la prova d&#8217;avaluaci\u00f3, cal pagar la taxa legalment establerta, si no es compleix un dels sup\u00f2sits legals d&#8217;exempci\u00f3. Tamb\u00e9 hi ha sup\u00f2sits de bonificaci\u00f3 (descompte).<\/p>\n<p>El procediment es pot resumir en els passos que es mostren a continuaci\u00f3.\u00a0<strong>\u00c9s molt important, per\u00f2, que llegiu atentament<\/strong>\u00a0l&#8217;apartat informaci\u00f3 detallada del procediment per saber qu\u00e8 cal tenir en compte en cada moment.<\/p>\n<p><img loading=\"lazy\" decoding=\"async\" class=\"aligncenter wp-image-2683 size-full\" src=\"https:\/\/agora.xtec.cat\/cfaconcordia\/wp-content\/uploads\/usu1352\/2025\/05\/passos.jpg\" alt=\"\" width=\"720\" height=\"405\" srcset=\"https:\/\/agora.xtec.cat\/cfaconcordia\/wp-content\/uploads\/usu1352\/2025\/05\/passos.jpg 720w, https:\/\/agora.xtec.cat\/cfaconcordia\/wp-content\/uploads\/usu1352\/2025\/05\/passos-300x169.jpg 300w\" sizes=\"auto, (max-width: 720px) 100vw, 720px\" \/><\/p>\n<h5><b>Inscripci\u00f3 al portal<\/b><\/h5>\n<p>Per presentar una sol\u00b7licitud d\u2019acreditaci\u00f3 cal estar inscrit\/a com a usuari\/\u00e0ria al portal ACTIC (<a href=\"http:\/\/acticweb.gencat.cat\/\">http:\/\/actic.gencat.cat<\/a>). Per inscriure\u2019s, cal accedir a l\u2019opci\u00f3\u00a0<em>Inscripci\u00f3 d&#8217;aspirant<\/em>\u00a0i confirmar la inscripci\u00f3 en un termini de 24 hores. Les persones usu\u00e0ries tenen la seva zona privada del portal, des de la qual poden fer tots els tr\u00e0mits administratius, fer la prova d\u2019avaluaci\u00f3 i enviar o rebre comunicacions. La condici\u00f3 d\u2019usuari\/\u00e0ria del portal t\u00e9 car\u00e0cter indefinit, al marge de si t\u00e9 un procediment d\u2019acreditaci\u00f3 en marxa o no.<\/p>\n<p>Tens tota la informaci\u00f3 m\u00e9s detallada en el seg\u00fcent <a href=\"https:\/\/actic.gencat.cat\/ca\/actic_informacio\/actic_proc_asp\/\">enlla\u00e7<\/a>.<\/p>\n","protected":false},"excerpt":{"rendered":"<p>Qu\u00e8 \u00e9s l&#8217;ACTIC? L\u2019ACTIC \u00e9s la certificaci\u00f3 acreditativa de la compet\u00e8ncia digital, entesa com la combinaci\u00f3 de coneixements, habilitats i actituds en l\u2019\u00e0mbit de les tecnologies de la informaci\u00f3 i la comunicaci\u00f3 (TIC) que les persones despleguen en situacions reals per assolir objectius determinats amb efic\u00e0cia i efici\u00e8ncia. L\u2019ACTIC permet a qualsevol persona demostrar les [&hellip;]<\/p>\n","protected":false},"author":20,"featured_media":0,"parent":63,"menu_order":0,"comment_status":"closed","ping_status":"closed","template":"","meta":{"_bbp_topic_count":0,"_bbp_reply_count":0,"_bbp_total_topic_count":0,"_bbp_total_reply_count":0,"_bbp_voice_count":0,"_bbp_anonymous_reply_count":0,"_bbp_topic_count_hidden":0,"_bbp_reply_count_hidden":0,"_bbp_forum_subforum_count":0,"site-sidebar-layout":"default","site-content-layout":"","ast-site-content-layout":"","site-content-style":"default","site-sidebar-style":"default","ast-global-header-display":"","ast-banner-title-visibility":"","ast-main-header-display":"","ast-hfb-above-header-display":"","ast-hfb-below-header-display":"","ast-hfb-mobile-header-display":"","site-post-title":"","ast-breadcrumbs-content":"","ast-featured-img":"","footer-sml-layout":"","theme-transparent-header-meta":"","adv-header-id-meta":"","stick-header-meta":"","header-above-stick-meta":"","header-main-stick-meta":"","header-below-stick-meta":"","astra-migrate-meta-layouts":"default","ast-page-background-enabled":"default","ast-page-background-meta":{"desktop":{"background-color":"var(--ast-global-color-4)","background-image":"","background-repeat":"repeat","background-position":"center center","background-size":"auto","background-attachment":"scroll","background-type":"","background-media":"","overlay-type":"","overlay-color":"","overlay-opacity":"","overlay-gradient":""},"tablet":{"background-color":"","background-image":"","background-repeat":"repeat","background-position":"center center","background-size":"auto","background-attachment":"scroll","background-type":"","background-media":"","overlay-type":"","overlay-color":"","overlay-opacity":"","overlay-gradient":""},"mobile":{"background-color":"","background-image":"","background-repeat":"repeat","background-position":"center center","background-size":"auto","background-attachment":"scroll","background-type":"","background-media":"","overlay-type":"","overlay-color":"","overlay-opacity":"","overlay-gradient":""}},"ast-content-background-meta":{"desktop":{"background-color":"var(--ast-global-color-5)","background-image":"","background-repeat":"repeat","background-position":"center center","background-size":"auto","background-attachment":"scroll","background-type":"","background-media":"","overlay-type":"","overlay-color":"","overlay-opacity":"","overlay-gradient":""},"tablet":{"background-color":"var(--ast-global-color-5)","background-image":"","background-repeat":"repeat","background-position":"center center","background-size":"auto","background-attachment":"scroll","background-type":"","background-media":"","overlay-type":"","overlay-color":"","overlay-opacity":"","overlay-gradient":""},"mobile":{"background-color":"var(--ast-global-color-5)","background-image":"","background-repeat":"repeat","background-position":"center center","background-size":"auto","background-attachment":"scroll","background-type":"","background-media":"","overlay-type":"","overlay-color":"","overlay-opacity":"","overlay-gradient":""}},"footnotes":""},"class_list":["post-2673","page","type-page","status-publish","hentry"],"post_mailing_queue_ids":[],"_links":{"self":[{"href":"https:\/\/agora.xtec.cat\/cfaconcordia\/wp-json\/wp\/v2\/pages\/2673","targetHints":{"allow":["GET"]}}],"collection":[{"href":"https:\/\/agora.xtec.cat\/cfaconcordia\/wp-json\/wp\/v2\/pages"}],"about":[{"href":"https:\/\/agora.xtec.cat\/cfaconcordia\/wp-json\/wp\/v2\/types\/page"}],"author":[{"embeddable":true,"href":"https:\/\/agora.xtec.cat\/cfaconcordia\/wp-json\/wp\/v2\/users\/20"}],"replies":[{"embeddable":true,"href":"https:\/\/agora.xtec.cat\/cfaconcordia\/wp-json\/wp\/v2\/comments?post=2673"}],"version-history":[{"count":4,"href":"https:\/\/agora.xtec.cat\/cfaconcordia\/wp-json\/wp\/v2\/pages\/2673\/revisions"}],"predecessor-version":[{"id":2685,"href":"https:\/\/agora.xtec.cat\/cfaconcordia\/wp-json\/wp\/v2\/pages\/2673\/revisions\/2685"}],"up":[{"embeddable":true,"href":"https:\/\/agora.xtec.cat\/cfaconcordia\/wp-json\/wp\/v2\/pages\/63"}],"wp:attachment":[{"href":"https:\/\/agora.xtec.cat\/cfaconcordia\/wp-json\/wp\/v2\/media?parent=2673"}],"curies":[{"name":"wp","href":"https:\/\/api.w.org\/{rel}","templated":true}]}}