{"id":265,"date":"2018-10-27T17:28:56","date_gmt":"2018-10-27T15:28:56","guid":{"rendered":"http:\/\/agora.xtec.cat\/cfaconcordia\/?page_id=265"},"modified":"2025-10-31T18:43:52","modified_gmt":"2025-10-31T17:43:52","slug":"organitzacio-interna","status":"publish","type":"page","link":"https:\/\/agora.xtec.cat\/cfaconcordia\/el-centre\/organitzacio-interna\/","title":{"rendered":"Organitzaci\u00f3 interna"},"content":{"rendered":"<p>A l&#8217;escola hi treballem unes vint persones. Moltes vegades els alumnes us relacioneu principalment amb la persona que us fa la classe, per\u00f2, d&#8217;altres us trobareu amb la necessitat de parlar amb conserges, amb les persones que formen part de l&#8217;equip directiu o amb les persones que mantenen o coordinen la biblioteca , la sala d&#8217;estudi, la sala d&#8217;inform\u00e0tica, o amb la persona que organitza una determinada sortida, una festa&#8230; Per tot aix\u00f2 i per tal que puguem dirigir-nos els uns als altres pels nostres noms, aqu\u00ed podr\u00e0s con\u00e8ixer-nos.<\/p>\n<ul style=\"list-style-type: square;\">\n<li><strong>Director:<\/strong> Kostan P\u00e9rez<\/li>\n<li><strong>Cap d&#8217;estudis:<\/strong> Emili Luque<\/li>\n<li><strong>Secretari:<\/strong> Aleix Anglada<\/li>\n<\/ul>\n<p><strong>Professorat curs 2025-26<\/strong><\/p>\n<table style=\"border-collapse: collapse; width: 36.25%; height: 708px;\">\n<tbody>\n<tr style=\"height: 34px;\">\n<td style=\"width: 100%; background-color: #3c7c80; border: 3px solid #315759; color: white; text-align: center; height: 34px;\">Bea Parrilla<\/td>\n<\/tr>\n<tr style=\"height: 34px;\">\n<td style=\"width: 100%; background-color: #ffa00c; border: 3px solid #ad6e0a; color: white; text-align: center; height: 34px;\">Antonio M. G\u00f3mez<\/td>\n<\/tr>\n<tr style=\"height: 34px;\">\n<td style=\"width: 100%; background-color: #3c7c80; border: 3px solid #315759; color: white; height: 34px; text-align: center;\">Anna Laudo<\/td>\n<\/tr>\n<tr style=\"height: 34px;\">\n<td style=\"width: 100%; background-color: #ffa00c; border: 3px solid #ad6e0a; color: white; text-align: center; height: 34px;\">Marina Vey<\/td>\n<\/tr>\n<tr style=\"height: 34px;\">\n<td style=\"width: 100%; background-color: #3c7c80; border: 3px solid #315759; color: white; text-align: center; height: 34px;\">Miriam Ferrer<\/td>\n<\/tr>\n<tr style=\"height: 34px;\">\n<td style=\"width: 100%; background-color: #ffa00c; border: 3px solid #ad6e0a; color: white; text-align: center; height: 34px;\">Clara Nicol\u00e0s<\/td>\n<\/tr>\n<tr style=\"height: 34px;\">\n<td style=\"width: 100%; background-color: #3c7c80; border: 3px solid #315759; color: white; text-align: center; height: 34px;\">Aleix Anglada<\/td>\n<\/tr>\n<tr style=\"height: 34px;\">\n<td style=\"width: 100%; background-color: #ffa00c; border: 3px solid #ad6e0a; color: white; text-align: center; height: 34px;\">Izan Luna<\/td>\n<\/tr>\n<tr style=\"height: 34px;\">\n<td style=\"width: 100%; background-color: #3c7c80; border: 3px solid #315759; color: white; text-align: center; height: 34px;\">Eva Iglesias<\/td>\n<\/tr>\n<tr style=\"height: 34px;\">\n<td style=\"width: 100%; background-color: #ffa00c; border: 3px solid #ad6e0a; color: white; text-align: center; height: 34px;\">Judit Benabarre<\/td>\n<\/tr>\n<tr style=\"height: 34px;\">\n<td style=\"width: 100%; background-color: #3c7c80; border: 3px solid #315759; color: white; text-align: center; height: 34px;\">Kostan P\u00e9rez<\/td>\n<\/tr>\n<tr style=\"height: 34px;\">\n<td style=\"width: 100%; background-color: #ffa00c; border: 3px solid #ad6e0a; color: white; text-align: center; height: 34px;\">Jordi Reixach<\/td>\n<\/tr>\n<tr style=\"height: 34px;\">\n<td style=\"width: 100%; background-color: #3c7c80; border: 3px solid #315759; color: white; text-align: center; height: 34px;\">Lourdes P\u00e9rez<\/td>\n<\/tr>\n<tr style=\"height: 34px;\">\n<td style=\"width: 100%; background-color: #ffa00c; border: 3px solid #ad6e0a; color: white; text-align: center; height: 34px;\">Adolfo Vicente<\/td>\n<\/tr>\n<tr style=\"height: 34px;\">\n<td style=\"width: 100%; background-color: #3c7c80; border: 3px solid #ad6e0a; color: white; height: 34px; text-align: center;\">M\u00aa Aurora Ya\u00f1ez<\/td>\n<\/tr>\n<tr style=\"height: 34px;\">\n<td style=\"width: 100%; background-color: #ffa00c; border: 3px solid #ad6e0a; color: white; text-align: center; height: 34px;\">Jos\u00e9 Mar\u00eda Ortiz<\/td>\n<\/tr>\n<tr style=\"height: 34px;\">\n<td style=\"width: 100%; background-color: #3c7c80; border: 3px solid #ad6e0a; color: white; text-align: center; height: 34px;\">Geles Flores<\/td>\n<\/tr>\n<tr style=\"height: 34px;\">\n<td style=\"width: 100%; background-color: #ffa00c; border: 3px solid #ad6e0a; color: white; height: 34px; text-align: center;\">Emili Luque<\/td>\n<\/tr>\n<\/tbody>\n<\/table>\n","protected":false},"excerpt":{"rendered":"<p>A l&#8217;escola hi treballem unes vint persones. Moltes vegades els alumnes us relacioneu principalment amb la persona que us fa la classe, per\u00f2, d&#8217;altres us trobareu amb la necessitat de parlar amb conserges, amb les persones que formen part de l&#8217;equip directiu o amb les persones que mantenen o coordinen la biblioteca , la sala [&hellip;]<\/p>\n","protected":false},"author":1,"featured_media":0,"parent":261,"menu_order":3,"comment_status":"closed","ping_status":"closed","template":"","meta":{"_bbp_topic_count":0,"_bbp_reply_count":0,"_bbp_total_topic_count":0,"_bbp_total_reply_count":0,"_bbp_voice_count":0,"_bbp_anonymous_reply_count":0,"_bbp_topic_count_hidden":0,"_bbp_reply_count_hidden":0,"_bbp_forum_subforum_count":0,"site-sidebar-layout":"default","site-content-layout":"","ast-site-content-layout":"default","site-content-style":"default","site-sidebar-style":"default","ast-global-header-display":"","ast-banner-title-visibility":"","ast-main-header-display":"","ast-hfb-above-header-display":"","ast-hfb-below-header-display":"","ast-hfb-mobile-header-display":"","site-post-title":"","ast-breadcrumbs-content":"","ast-featured-img":"","footer-sml-layout":"","theme-transparent-header-meta":"","adv-header-id-meta":"","stick-header-meta":"","header-above-stick-meta":"","header-main-stick-meta":"","header-below-stick-meta":"","astra-migrate-meta-layouts":"set","ast-page-background-enabled":"default","ast-page-background-meta":{"desktop":{"background-color":"var(--ast-global-color-4)","background-image":"","background-repeat":"repeat","background-position":"center center","background-size":"auto","background-attachment":"scroll","background-type":"","background-media":"","overlay-type":"","overlay-color":"","overlay-opacity":"","overlay-gradient":""},"tablet":{"background-color":"","background-image":"","background-repeat":"repeat","background-position":"center center","background-size":"auto","background-attachment":"scroll","background-type":"","background-media":"","overlay-type":"","overlay-color":"","overlay-opacity":"","overlay-gradient":""},"mobile":{"background-color":"","background-image":"","background-repeat":"repeat","background-position":"center center","background-size":"auto","background-attachment":"scroll","background-type":"","background-media":"","overlay-type":"","overlay-color":"","overlay-opacity":"","overlay-gradient":""}},"ast-content-background-meta":{"desktop":{"background-color":"var(--ast-global-color-5)","background-image":"","background-repeat":"repeat","background-position":"center center","background-size":"auto","background-attachment":"scroll","background-type":"","background-media":"","overlay-type":"","overlay-color":"","overlay-opacity":"","overlay-gradient":""},"tablet":{"background-color":"var(--ast-global-color-5)","background-image":"","background-repeat":"repeat","background-position":"center center","background-size":"auto","background-attachment":"scroll","background-type":"","background-media":"","overlay-type":"","overlay-color":"","overlay-opacity":"","overlay-gradient":""},"mobile":{"background-color":"var(--ast-global-color-5)","background-image":"","background-repeat":"repeat","background-position":"center center","background-size":"auto","background-attachment":"scroll","background-type":"","background-media":"","overlay-type":"","overlay-color":"","overlay-opacity":"","overlay-gradient":""}},"footnotes":""},"class_list":["post-265","page","type-page","status-publish","hentry"],"post_mailing_queue_ids":[],"_links":{"self":[{"href":"https:\/\/agora.xtec.cat\/cfaconcordia\/wp-json\/wp\/v2\/pages\/265","targetHints":{"allow":["GET"]}}],"collection":[{"href":"https:\/\/agora.xtec.cat\/cfaconcordia\/wp-json\/wp\/v2\/pages"}],"about":[{"href":"https:\/\/agora.xtec.cat\/cfaconcordia\/wp-json\/wp\/v2\/types\/page"}],"author":[{"embeddable":true,"href":"https:\/\/agora.xtec.cat\/cfaconcordia\/wp-json\/wp\/v2\/users\/1"}],"replies":[{"embeddable":true,"href":"https:\/\/agora.xtec.cat\/cfaconcordia\/wp-json\/wp\/v2\/comments?post=265"}],"version-history":[{"count":7,"href":"https:\/\/agora.xtec.cat\/cfaconcordia\/wp-json\/wp\/v2\/pages\/265\/revisions"}],"predecessor-version":[{"id":3707,"href":"https:\/\/agora.xtec.cat\/cfaconcordia\/wp-json\/wp\/v2\/pages\/265\/revisions\/3707"}],"up":[{"embeddable":true,"href":"https:\/\/agora.xtec.cat\/cfaconcordia\/wp-json\/wp\/v2\/pages\/261"}],"wp:attachment":[{"href":"https:\/\/agora.xtec.cat\/cfaconcordia\/wp-json\/wp\/v2\/media?parent=265"}],"curies":[{"name":"wp","href":"https:\/\/api.w.org\/{rel}","templated":true}]}}