{"id":2539,"date":"2025-05-20T18:26:04","date_gmt":"2025-05-20T16:26:04","guid":{"rendered":"https:\/\/agora.xtec.cat\/cfaconcordia\/?page_id=2539"},"modified":"2025-11-10T19:07:45","modified_gmt":"2025-11-10T18:07:45","slug":"pacfgs","status":"publish","type":"page","link":"https:\/\/agora.xtec.cat\/cfaconcordia\/ensenyaments\/oferta-formativa\/pacfgs\/","title":{"rendered":"Preparaci\u00f3 per a les proves d&#8217;acc\u00e9s a CFGS"},"content":{"rendered":"<p style=\"text-align: right;\"><a href=\"https:\/\/agora.xtec.cat\/cfaconcordia\/wp-content\/uploads\/usu1352\/2020\/06\/GUIA-PACFGS.pdf\"><strong><span style=\"color: #993300;\">Guia de l\u2019alumne<\/span><\/strong><\/a><\/p>\n<p>Aquests estudis preparen per presentar-se a les proves d\u2019acc\u00e9s als cicles de grau superior de formaci\u00f3 professional, d\u2019arts pl\u00e0stiques i disseny i d\u2019ensenyaments esportius. L\u2019alumnat \u00a0preparar\u00e0 la part comuna de la prova presencialment al CFA La Conc\u00f2rdia i la part espec\u00edfica l\u2019haur\u00e0 de preparar a l\u2019IOC amb l\u2019assessorament del professorat del centre.<\/p>\n<p>Cal tenir en compte que per realitzar les proves d&#8217;acc\u00e9s als cicles formatius de grau superior s&#8217;han de tenir <strong>m\u00e9s de 19 anys o complir-los l&#8217;any natural en qu\u00e8 es realitza la prova<\/strong>.<\/p>\n<h4><b>PLA D\u2019ESTUDIS<\/b><\/h4>\n<p>Els ensenyaments per a la preparaci\u00f3 de les proves d\u2019acc\u00e9s per a cicles formatius de grau superior\u00a0 tenen com a continguts:<\/p>\n<h5><b>Mat\u00e8ries de la part comuna<\/b><\/h5>\n<ul>\n<li>\n<ul style=\"list-style-type: square;\">\n<li>Llengua catalana i castellana<\/li>\n<li>Llengua estrangera<\/li>\n<li>Matem\u00e0tiques<\/li>\n<li>Hist\u00f2ria (\u00e9s mat\u00e8ria comuna nom\u00e9s per a les persones que vulguin accedir als ensenyaments art\u00edstics)<\/li>\n<\/ul>\n<\/li>\n<\/ul>\n<h5><b>Mat\u00e8ries de la part espec\u00edfica<\/b><\/h5>\n<p>Segons la fam\u00edlia professional o cicle al qual l\u2019alumne vol accedir, cal escollir dues mat\u00e8ries de les opcions A, B, C o D.<\/p>\n<p><img loading=\"lazy\" decoding=\"async\" class=\"aligncenter wp-image-2623 size-full\" src=\"https:\/\/agora.xtec.cat\/cfaconcordia\/wp-content\/uploads\/usu1352\/2025\/05\/gs.jpg\" alt=\"\" width=\"628\" height=\"694\" srcset=\"https:\/\/agora.xtec.cat\/cfaconcordia\/wp-content\/uploads\/usu1352\/2025\/05\/gs.jpg 628w, https:\/\/agora.xtec.cat\/cfaconcordia\/wp-content\/uploads\/usu1352\/2025\/05\/gs-271x300.jpg 271w\" sizes=\"auto, (max-width: 628px) 100vw, 628px\" \/><\/p>\n<p><span style=\"font-family: inherit; font-size: 1em;\">La durada m\u00ednima per a la preparaci\u00f3 de les proves d\u2019acc\u00e9s al grau superior \u00e9s de 300 hores per a la part comuna i de 99 hores per a les dues mat\u00e8ries de la part espec\u00edfica.<\/span><\/p>\n<h5><b>Proves d&#8217;acc\u00e9s<\/b><\/h5>\n<p>El Departament d\u2019Educaci\u00f3 convoca la prova d\u2019acc\u00e9s a cicles formatius de grau superior per a les persones que hi volen accedir per\u00f2 no tenen el t\u00edtol de batxillerat (o equivalent a efectes d\u2019acc\u00e9s) una vegada a l\u2019any.<\/p>\n<p>La qualificaci\u00f3 de la prova s\u2019obt\u00e9 calculant la mitjana aritm\u00e8tica entre la qualificaci\u00f3 de la part comuna i la qualificaci\u00f3 de la part espec\u00edfica. Per superar la prova cal una puntuaci\u00f3 m\u00ednima de 4 punts a cadascuna de les parts.<\/p>\n<p>Si la qualificaci\u00f3 global de la prova \u00e9s igual o superior a 4 s\u2019hi pot sumar, si escau, un 20% de la qualificaci\u00f3 obtinguda en el curs de preparaci\u00f3 (si \u00e9s igual o superior a 5) i un m\u00e0xim d\u20191 punt pel<span style=\"color: #993300;\">\u00a0<\/span><strong><a href=\"https:\/\/documents.espai.educacio.gencat.cat\/FormularisModels\/CentresDocumentacioAcademica\/A503.pdf\"><span style=\"color: #993300;\">curr\u00edculum<\/span><\/a>\u00a0<\/strong>formatiu, professional i d\u2019experi\u00e8ncia. \u00a0Un cop sumades la qualificaci\u00f3 de la prova i la puntuaci\u00f3 complement\u00e0ria que correspongui, les persones que hagin obtingut una qualificaci\u00f3 total igual o superior a 5 es consideren aptes.<\/p>\n<p>La prova d\u2019acc\u00e9s superada t\u00e9 validesa permanent en tot l\u2019Estat espanyol.<\/p>\n<h4><b>CONTINU\u00cfTAT<\/b><b>\u00a0<\/b><\/h4>\n<p>Haver superat la prova d\u2019acc\u00e9s a grau superior:<\/p>\n<ul style=\"list-style-type: square;\">\n<li>Permet l\u2019acc\u00e9s a qualsevol cicle de grau superior de la mateixa opci\u00f3 que ha triat l\u2019aspirant,<\/li>\n<li>Permet l\u2019acc\u00e9s a qualsevol cicle de grau mitj\u00e0 de formaci\u00f3 professional inicial,<\/li>\n<li>Substitueix la part comuna de la prova d\u2019acc\u00e9s a grau mitj\u00e0 o superior d\u2019arts pl\u00e0stiques i disseny,<\/li>\n<li>Permet l\u2019acc\u00e9s a qualsevol cicle de grau mitj\u00e0 o superior dels ensenyaments esportius, sempre que es compleixin la resta de requisits d\u2019acc\u00e9s a aquests ensenyaments.<\/li>\n<\/ul>\n<p>Les persones que al\u00b7leguen l\u2019exempci\u00f3 de la part espec\u00edfica per experi\u00e8ncia laboral, esportiva o de voluntariat, tenen l\u2019acc\u00e9s limitat als cicles pels quals tenen reconeguda\u00a0l\u2019exempci\u00f3.<\/p>\n<p>Haver superat la prova d\u2019acc\u00e9s a la formaci\u00f3 professional de grau superior \u00e9s equivalent al t\u00edtol de batxiller als \u00fanics efectes d\u2019acc\u00e9s a llocs de treball p\u00fablics i privats, sempre que s\u2019acrediti que es t\u00e9 el t\u00edtol de graduat en educaci\u00f3 secund\u00e0ria obligat\u00f2ria o equivalent acad\u00e8mic.<\/p>\n<h4><b>CURR\u00cdCULUM<\/b><\/h4>\n<ul style=\"list-style-type: square;\">\n<li><a title=\"Ves al DOGC\" href=\"https:\/\/dogc.gencat.cat\/ca\/document-del-dogc\/?documentId=848671\" target=\"_blank\" rel=\"noopener\"><span style=\"color: #993300;\">Resoluci\u00f3 EDU\/1191\/2019, de 2 de maig<\/span><\/a>, per la qual s&#8217;estableixen els criteris de la formaci\u00f3 per a les proves d&#8217;acc\u00e9s als cicles formatius i s&#8217;estableix el proc\u00e9s d&#8217;autoritzaci\u00f3 i modificaci\u00f3 d&#8217;oferta d&#8217;aquesta formaci\u00f3 per a centres que no depenen del Departament d&#8217;Educaci\u00f3 (DOGC n\u00fam. 7870, de 8.5.2019)<\/li>\n<li><a title=\"V\u00e9s al DOGC\" href=\"http:\/\/dogc.gencat.cat\/ca\/pdogc_canals_interns\/pdogc_resultats_fitxa\/index.html?action=fitxa&amp;mode=single&amp;documentId=567520&amp;language=es_ES&amp;newLang=ca_ES\" target=\"_blank\" rel=\"noopener\"><span style=\"color: #993300;\">Resoluci\u00f3 EDU\/3983\/2010, de 9 de desembre<\/span>,<\/a>\u00a0per la qual s&#8217;estableixen els temaris i els criteris d&#8217;avaluaci\u00f3 de les proves d&#8217;acc\u00e9s als cicles formatius de formaci\u00f3 professional inicial, als cicles formatius d&#8217;ensenyaments d&#8217;arts pl\u00e0stiques i disseny, i als cicles d&#8217;ensenyaments esportius (DOGC n\u00fam. 5778, de 20.12.2010)<\/li>\n<\/ul>\n<h4><b>HORARIS CURS 25-26<\/b><\/h4>\n<p><img loading=\"lazy\" decoding=\"async\" class=\"aligncenter size-full wp-image-3740\" src=\"https:\/\/agora.xtec.cat\/cfaconcordia\/wp-content\/uploads\/usu1352\/2025\/11\/gs.png\" alt=\"\" width=\"831\" height=\"537\" srcset=\"https:\/\/agora.xtec.cat\/cfaconcordia\/wp-content\/uploads\/usu1352\/2025\/11\/gs.png 831w, https:\/\/agora.xtec.cat\/cfaconcordia\/wp-content\/uploads\/usu1352\/2025\/11\/gs-300x194.png 300w, https:\/\/agora.xtec.cat\/cfaconcordia\/wp-content\/uploads\/usu1352\/2025\/11\/gs-768x496.png 768w\" sizes=\"auto, (max-width: 831px) 100vw, 831px\" \/><\/p>\n\n\n<p><\/p>\n","protected":false},"excerpt":{"rendered":"<p>Guia de l\u2019alumne Aquests estudis preparen per presentar-se a les proves d\u2019acc\u00e9s als cicles de grau superior de formaci\u00f3 professional, d\u2019arts pl\u00e0stiques i disseny i d\u2019ensenyaments esportius. L\u2019alumnat \u00a0preparar\u00e0 la part comuna de la prova presencialment al CFA La Conc\u00f2rdia i la part espec\u00edfica l\u2019haur\u00e0 de preparar a l\u2019IOC amb l\u2019assessorament del professorat del centre. [&hellip;]<\/p>\n","protected":false},"author":20,"featured_media":0,"parent":3676,"menu_order":5,"comment_status":"closed","ping_status":"closed","template":"","meta":{"_bbp_topic_count":0,"_bbp_reply_count":0,"_bbp_total_topic_count":0,"_bbp_total_reply_count":0,"_bbp_voice_count":0,"_bbp_anonymous_reply_count":0,"_bbp_topic_count_hidden":0,"_bbp_reply_count_hidden":0,"_bbp_forum_subforum_count":0,"site-sidebar-layout":"default","site-content-layout":"","ast-site-content-layout":"default","site-content-style":"default","site-sidebar-style":"default","ast-global-header-display":"","ast-banner-title-visibility":"","ast-main-header-display":"","ast-hfb-above-header-display":"","ast-hfb-below-header-display":"","ast-hfb-mobile-header-display":"","site-post-title":"","ast-breadcrumbs-content":"","ast-featured-img":"","footer-sml-layout":"","theme-transparent-header-meta":"","adv-header-id-meta":"","stick-header-meta":"","header-above-stick-meta":"","header-main-stick-meta":"","header-below-stick-meta":"","astra-migrate-meta-layouts":"set","ast-page-background-enabled":"default","ast-page-background-meta":{"desktop":{"background-color":"var(--ast-global-color-4)","background-image":"","background-repeat":"repeat","background-position":"center center","background-size":"auto","background-attachment":"scroll","background-type":"","background-media":"","overlay-type":"","overlay-color":"","overlay-opacity":"","overlay-gradient":""},"tablet":{"background-color":"","background-image":"","background-repeat":"repeat","background-position":"center center","background-size":"auto","background-attachment":"scroll","background-type":"","background-media":"","overlay-type":"","overlay-color":"","overlay-opacity":"","overlay-gradient":""},"mobile":{"background-color":"","background-image":"","background-repeat":"repeat","background-position":"center center","background-size":"auto","background-attachment":"scroll","background-type":"","background-media":"","overlay-type":"","overlay-color":"","overlay-opacity":"","overlay-gradient":""}},"ast-content-background-meta":{"desktop":{"background-color":"var(--ast-global-color-5)","background-image":"","background-repeat":"repeat","background-position":"center center","background-size":"auto","background-attachment":"scroll","background-type":"","background-media":"","overlay-type":"","overlay-color":"","overlay-opacity":"","overlay-gradient":""},"tablet":{"background-color":"var(--ast-global-color-5)","background-image":"","background-repeat":"repeat","background-position":"center center","background-size":"auto","background-attachment":"scroll","background-type":"","background-media":"","overlay-type":"","overlay-color":"","overlay-opacity":"","overlay-gradient":""},"mobile":{"background-color":"var(--ast-global-color-5)","background-image":"","background-repeat":"repeat","background-position":"center center","background-size":"auto","background-attachment":"scroll","background-type":"","background-media":"","overlay-type":"","overlay-color":"","overlay-opacity":"","overlay-gradient":""}},"footnotes":""},"class_list":["post-2539","page","type-page","status-publish","hentry"],"post_mailing_queue_ids":[],"_links":{"self":[{"href":"https:\/\/agora.xtec.cat\/cfaconcordia\/wp-json\/wp\/v2\/pages\/2539","targetHints":{"allow":["GET"]}}],"collection":[{"href":"https:\/\/agora.xtec.cat\/cfaconcordia\/wp-json\/wp\/v2\/pages"}],"about":[{"href":"https:\/\/agora.xtec.cat\/cfaconcordia\/wp-json\/wp\/v2\/types\/page"}],"author":[{"embeddable":true,"href":"https:\/\/agora.xtec.cat\/cfaconcordia\/wp-json\/wp\/v2\/users\/20"}],"replies":[{"embeddable":true,"href":"https:\/\/agora.xtec.cat\/cfaconcordia\/wp-json\/wp\/v2\/comments?post=2539"}],"version-history":[{"count":6,"href":"https:\/\/agora.xtec.cat\/cfaconcordia\/wp-json\/wp\/v2\/pages\/2539\/revisions"}],"predecessor-version":[{"id":3741,"href":"https:\/\/agora.xtec.cat\/cfaconcordia\/wp-json\/wp\/v2\/pages\/2539\/revisions\/3741"}],"up":[{"embeddable":true,"href":"https:\/\/agora.xtec.cat\/cfaconcordia\/wp-json\/wp\/v2\/pages\/3676"}],"wp:attachment":[{"href":"https:\/\/agora.xtec.cat\/cfaconcordia\/wp-json\/wp\/v2\/media?parent=2539"}],"curies":[{"name":"wp","href":"https:\/\/api.w.org\/{rel}","templated":true}]}}