{"id":21,"date":"2014-09-17T16:14:14","date_gmt":"2014-09-17T16:14:14","guid":{"rendered":"http:\/\/agora.xtec.cat\/cfaconcordia\/?page_id=21"},"modified":"2025-10-31T18:39:49","modified_gmt":"2025-10-31T17:39:49","slug":"on-som","status":"publish","type":"page","link":"https:\/\/agora.xtec.cat\/cfaconcordia\/el-centre\/on-som\/","title":{"rendered":"On som?"},"content":{"rendered":"<p>&nbsp;<\/p>\n<table style=\"height: 335px;\" width=\"993\">\n<tbody>\n<tr>\n<td>\n<p style=\"text-align: left;\"><strong>L&#8217;escola de la Conc\u00f2rdia<\/strong><\/p>\n<p style=\"text-align: left;\">Al costat de la Pla\u00e7a Espanya<\/p>\n<p style=\"text-align: left;\">Carrer de la Solidaritat n. 21.<\/p>\n<p style=\"text-align: left;\">08206 Sabadell<\/p>\n<\/td>\n<td><strong>Les aules de<\/strong> <strong>Can Puiggener<\/strong><\/p>\n<p>Pla\u00e7a Primer de Maig.<\/p>\n<p>Al primer pis de la biblioteca del barri.<\/td>\n<td><strong>Les aules de Can D\u00e9u<\/strong><\/p>\n<p>Carrer Portal de la Floresta s\/n.<\/p>\n<p>Al primer pis del Centre C\u00edvic de Can D\u00e9u.<\/td>\n<\/tr>\n<tr>\n<td><iframe loading=\"lazy\" src=\"https:\/\/www.google.com\/maps\/embed?pb=!1m18!1m12!1m3!1d2985.364279564277!2d2.091241315431193!3d41.56135997924848!2m3!1f0!2f0!3f0!3m2!1i1024!2i768!4f13.1!3m3!1m2!1s0x12a494e9ccbf25a1%3A0xe61493cfae16b600!2sCarrer+de+la+Solidaritat%2C+21%2C+08206+Sabadell%2C+Barcelona%2C+Espanya!5e0!3m2!1sca!2sus!4v1465978232339\" width=\"306\" height=\"306\" frameborder=\"0\" allowfullscreen=\"allowfullscreen\"><\/iframe><\/td>\n<td><iframe loading=\"lazy\" style=\"border: 0;\" src=\"https:\/\/www.google.com\/maps\/embed?pb=!1m14!1m8!1m3!1d2985.1900606775357!2d2.104182!3d41.565131!3m2!1i1024!2i768!4f13.1!3m3!1m2!1s0x0%3A0x0!2zNDHCsDMzJzU0LjUiTiAywrAwNicxNS4xIkU!5e0!3m2!1sca!2sus!4v1465980698261\" width=\"311\" height=\"311\" frameborder=\"0\" allowfullscreen=\"allowfullscreen\"><\/iframe><\/td>\n<td><iframe loading=\"lazy\" style=\"border: 0;\" src=\"https:\/\/www.google.com\/maps\/embed?pb=!1m18!1m12!1m3!1d2984.695292618819!2d2.083505715431627!3d41.57583887924726!2m3!1f0!2f0!3f0!3m2!1i1024!2i768!4f13.1!3m3!1m2!1s0x0%3A0x0!2zNDHCsDM0JzMzLjAiTiAywrAwNScwOC41IkU!5e0!3m2!1sca!2sus!4v1465980822325\" width=\"299\" height=\"299\" frameborder=\"0\" allowfullscreen=\"allowfullscreen\"><\/iframe><\/td>\n<\/tr>\n<tr>\n<td>En tren: Estaci\u00f3 Renfe Sabadell Nord<\/p>\n<p>En bus: L\u00ednies 1, 2, 3, 8, 10, 11 i 23<\/td>\n<td>\u00a0En bus: 7 i 80<\/td>\n<td>\u00a0En bus: 1, 2 i 3.<\/td>\n<\/tr>\n<\/tbody>\n<\/table>\n<p>&nbsp;<\/p>\n","protected":false},"excerpt":{"rendered":"<p>&nbsp; L&#8217;escola de la Conc\u00f2rdia Al costat de la Pla\u00e7a Espanya Carrer de la Solidaritat n. 21. 08206 Sabadell Les aules de Can Puiggener Pla\u00e7a Primer de Maig. Al primer pis de la biblioteca del barri. Les aules de Can D\u00e9u Carrer Portal de la Floresta s\/n. Al primer pis del Centre C\u00edvic de Can [&hellip;]<\/p>\n","protected":false},"author":1,"featured_media":0,"parent":261,"menu_order":1,"comment_status":"closed","ping_status":"closed","template":"","meta":{"_bbp_topic_count":0,"_bbp_reply_count":0,"_bbp_total_topic_count":0,"_bbp_total_reply_count":0,"_bbp_voice_count":0,"_bbp_anonymous_reply_count":0,"_bbp_topic_count_hidden":0,"_bbp_reply_count_hidden":0,"_bbp_forum_subforum_count":0,"site-sidebar-layout":"default","site-content-layout":"","ast-site-content-layout":"","site-content-style":"default","site-sidebar-style":"default","ast-global-header-display":"","ast-banner-title-visibility":"","ast-main-header-display":"","ast-hfb-above-header-display":"","ast-hfb-below-header-display":"","ast-hfb-mobile-header-display":"","site-post-title":"","ast-breadcrumbs-content":"","ast-featured-img":"","footer-sml-layout":"","theme-transparent-header-meta":"","adv-header-id-meta":"","stick-header-meta":"","header-above-stick-meta":"","header-main-stick-meta":"","header-below-stick-meta":"","astra-migrate-meta-layouts":"default","ast-page-background-enabled":"default","ast-page-background-meta":{"desktop":{"background-color":"var(--ast-global-color-4)","background-image":"","background-repeat":"repeat","background-position":"center center","background-size":"auto","background-attachment":"scroll","background-type":"","background-media":"","overlay-type":"","overlay-color":"","overlay-opacity":"","overlay-gradient":""},"tablet":{"background-color":"","background-image":"","background-repeat":"repeat","background-position":"center center","background-size":"auto","background-attachment":"scroll","background-type":"","background-media":"","overlay-type":"","overlay-color":"","overlay-opacity":"","overlay-gradient":""},"mobile":{"background-color":"","background-image":"","background-repeat":"repeat","background-position":"center center","background-size":"auto","background-attachment":"scroll","background-type":"","background-media":"","overlay-type":"","overlay-color":"","overlay-opacity":"","overlay-gradient":""}},"ast-content-background-meta":{"desktop":{"background-color":"var(--ast-global-color-5)","background-image":"","background-repeat":"repeat","background-position":"center center","background-size":"auto","background-attachment":"scroll","background-type":"","background-media":"","overlay-type":"","overlay-color":"","overlay-opacity":"","overlay-gradient":""},"tablet":{"background-color":"var(--ast-global-color-5)","background-image":"","background-repeat":"repeat","background-position":"center center","background-size":"auto","background-attachment":"scroll","background-type":"","background-media":"","overlay-type":"","overlay-color":"","overlay-opacity":"","overlay-gradient":""},"mobile":{"background-color":"var(--ast-global-color-5)","background-image":"","background-repeat":"repeat","background-position":"center center","background-size":"auto","background-attachment":"scroll","background-type":"","background-media":"","overlay-type":"","overlay-color":"","overlay-opacity":"","overlay-gradient":""}},"footnotes":""},"class_list":["post-21","page","type-page","status-publish","hentry"],"post_mailing_queue_ids":[],"_links":{"self":[{"href":"https:\/\/agora.xtec.cat\/cfaconcordia\/wp-json\/wp\/v2\/pages\/21","targetHints":{"allow":["GET"]}}],"collection":[{"href":"https:\/\/agora.xtec.cat\/cfaconcordia\/wp-json\/wp\/v2\/pages"}],"about":[{"href":"https:\/\/agora.xtec.cat\/cfaconcordia\/wp-json\/wp\/v2\/types\/page"}],"author":[{"embeddable":true,"href":"https:\/\/agora.xtec.cat\/cfaconcordia\/wp-json\/wp\/v2\/users\/1"}],"replies":[{"embeddable":true,"href":"https:\/\/agora.xtec.cat\/cfaconcordia\/wp-json\/wp\/v2\/comments?post=21"}],"version-history":[{"count":4,"href":"https:\/\/agora.xtec.cat\/cfaconcordia\/wp-json\/wp\/v2\/pages\/21\/revisions"}],"predecessor-version":[{"id":2664,"href":"https:\/\/agora.xtec.cat\/cfaconcordia\/wp-json\/wp\/v2\/pages\/21\/revisions\/2664"}],"up":[{"embeddable":true,"href":"https:\/\/agora.xtec.cat\/cfaconcordia\/wp-json\/wp\/v2\/pages\/261"}],"wp:attachment":[{"href":"https:\/\/agora.xtec.cat\/cfaconcordia\/wp-json\/wp\/v2\/media?parent=21"}],"curies":[{"name":"wp","href":"https:\/\/api.w.org\/{rel}","templated":true}]}}