{"id":1983,"date":"2023-10-31T18:39:38","date_gmt":"2023-10-31T17:39:38","guid":{"rendered":"https:\/\/agora.xtec.cat\/cfaconcordia\/?page_id=1983"},"modified":"2023-10-31T18:41:20","modified_gmt":"2023-10-31T17:41:20","slug":"setmana-de-la-ciencia-2023-24","status":"publish","type":"page","link":"https:\/\/agora.xtec.cat\/cfaconcordia\/el-centre\/setmanes-de-la-ciencia\/setmana-de-la-ciencia-2023-24\/","title":{"rendered":"Setmana de la Ciencia 2023-24"},"content":{"rendered":"<p style=\"text-align: left;\" align=\"justify\">Del 6 al 10 de novembre celebrem la Setmana de la Ci\u00e8ncia amb la intenci\u00f3 de potenciar el coneixement de la ci\u00e8ncia i aprofundir en l\u2019alfabetitzaci\u00f3 cient\u00edfica de la poblaci\u00f3.<\/p>\n<p style=\"text-align: left;\" align=\"justify\">Al llarg de la setmana tots els grups de GES treballaran diferents projectes relacionats amb la ci\u00e8ncia: tallers, xerrades i projeccions de documentals i pel\u00b7l\u00edcules. Tot l\u2019alumnat del CFA La Conc\u00f2rdia est\u00e0 convidat a participar en qualsevol de les activitats proposades. Es tracta de fer una petita cerca sobre qualsevol aspecte relacionat amb la ci\u00e8ncia i que pugui generar curiositat o inter\u00e8s en l\u2019alumnat de l\u2019escola.<\/p>\n<p style=\"text-align: left;\" align=\"justify\">Animem a la resta de grups a gaudir d\u2019aquestes activitats i\/o participar d\u2019altres maneres, ja sigui tractant un assumpte que ja coneixem i en el qual volem aprofundir, un tema que ens cridi l\u2019atenci\u00f3 o que hem sentit als mitjans de comunicaci\u00f3, o fins i tot discutir sobre qu\u00e8 \u00e9s la ci\u00e8ncia, com s\u2019ha fet ci\u00e8ncia al llarg de la hist\u00f2ria, les relacions de la ci\u00e8ncia amb la pol\u00edtica, amb la societat \u2026<\/p>\n<p style=\"text-align: left;\" align=\"justify\">Vine al CFA La Conc\u00f2rdia i&#8230; viu la ci\u00e8ncia!<\/p>\n<p align=\"justify\"><span style=\"color: #444444;\"><span style=\"font-family: Open Sans, Arial, Helvetica, sans-serif;\"><span style=\"font-size: medium;\"><a href=\"https:\/\/agora.xtec.cat\/cfaconcordia\/wp-content\/uploads\/usu1352\/2023\/10\/CFA-LA-CONCORDIA-Cartell.jpg\"><img loading=\"lazy\" decoding=\"async\" class=\"alignnone size-large wp-image-1887\" src=\"https:\/\/agora.xtec.cat\/cfaconcordia\/wp-content\/uploads\/usu1352\/2023\/10\/CFA-LA-CONCORDIA-Cartell-724x1024.jpg\" alt=\"\" width=\"724\" height=\"1024\" srcset=\"https:\/\/agora.xtec.cat\/cfaconcordia\/wp-content\/uploads\/usu1352\/2023\/10\/CFA-LA-CONCORDIA-Cartell-724x1024.jpg 724w, https:\/\/agora.xtec.cat\/cfaconcordia\/wp-content\/uploads\/usu1352\/2023\/10\/CFA-LA-CONCORDIA-Cartell-212x300.jpg 212w, https:\/\/agora.xtec.cat\/cfaconcordia\/wp-content\/uploads\/usu1352\/2023\/10\/CFA-LA-CONCORDIA-Cartell-768x1086.jpg 768w, https:\/\/agora.xtec.cat\/cfaconcordia\/wp-content\/uploads\/usu1352\/2023\/10\/CFA-LA-CONCORDIA-Cartell-1086x1536.jpg 1086w, https:\/\/agora.xtec.cat\/cfaconcordia\/wp-content\/uploads\/usu1352\/2023\/10\/CFA-LA-CONCORDIA-Cartell-1448x2048.jpg 1448w, https:\/\/agora.xtec.cat\/cfaconcordia\/wp-content\/uploads\/usu1352\/2023\/10\/CFA-LA-CONCORDIA-Cartell.jpg 1587w\" sizes=\"auto, (max-width: 724px) 100vw, 724px\" \/><\/a><\/span><\/span><\/span><\/p>\n<p align=\"justify\"><span style=\"color: #444444;\"><span style=\"font-family: Open Sans, Arial, Helvetica, sans-serif;\"><span style=\"font-size: medium;\"> <a href=\"https:\/\/agora.xtec.cat\/cfaconcordia\/wp-content\/uploads\/usu1352\/2023\/10\/CFA-LA-CONCORDIA-Cartell-Horari.jpg\"><img loading=\"lazy\" decoding=\"async\" class=\"alignnone size-large wp-image-1888\" src=\"https:\/\/agora.xtec.cat\/cfaconcordia\/wp-content\/uploads\/usu1352\/2023\/10\/CFA-LA-CONCORDIA-Cartell-Horari-724x1024.jpg\" alt=\"\" width=\"724\" height=\"1024\" srcset=\"https:\/\/agora.xtec.cat\/cfaconcordia\/wp-content\/uploads\/usu1352\/2023\/10\/CFA-LA-CONCORDIA-Cartell-Horari-724x1024.jpg 724w, https:\/\/agora.xtec.cat\/cfaconcordia\/wp-content\/uploads\/usu1352\/2023\/10\/CFA-LA-CONCORDIA-Cartell-Horari-212x300.jpg 212w, https:\/\/agora.xtec.cat\/cfaconcordia\/wp-content\/uploads\/usu1352\/2023\/10\/CFA-LA-CONCORDIA-Cartell-Horari-768x1086.jpg 768w, https:\/\/agora.xtec.cat\/cfaconcordia\/wp-content\/uploads\/usu1352\/2023\/10\/CFA-LA-CONCORDIA-Cartell-Horari-1086x1536.jpg 1086w, https:\/\/agora.xtec.cat\/cfaconcordia\/wp-content\/uploads\/usu1352\/2023\/10\/CFA-LA-CONCORDIA-Cartell-Horari-1448x2048.jpg 1448w, https:\/\/agora.xtec.cat\/cfaconcordia\/wp-content\/uploads\/usu1352\/2023\/10\/CFA-LA-CONCORDIA-Cartell-Horari.jpg 1587w\" sizes=\"auto, (max-width: 724px) 100vw, 724px\" \/><\/a><\/span><\/span><\/span><\/p>\n","protected":false},"excerpt":{"rendered":"<p>Del 6 al 10 de novembre celebrem la Setmana de la Ci\u00e8ncia amb la intenci\u00f3 de potenciar el coneixement de la ci\u00e8ncia i aprofundir en l\u2019alfabetitzaci\u00f3 cient\u00edfica de la poblaci\u00f3. Al llarg de la setmana tots els grups de GES treballaran diferents projectes relacionats amb la ci\u00e8ncia: tallers, xerrades i projeccions de documentals i pel\u00b7l\u00edcules. [&hellip;]<\/p>\n","protected":false},"author":3,"featured_media":0,"parent":1986,"menu_order":0,"comment_status":"closed","ping_status":"closed","template":"page-templates\/side-menu.php","meta":{"_bbp_topic_count":0,"_bbp_reply_count":0,"_bbp_total_topic_count":0,"_bbp_total_reply_count":0,"_bbp_voice_count":0,"_bbp_anonymous_reply_count":0,"_bbp_topic_count_hidden":0,"_bbp_reply_count_hidden":0,"_bbp_forum_subforum_count":0,"site-sidebar-layout":"default","site-content-layout":"","ast-site-content-layout":"","site-content-style":"default","site-sidebar-style":"default","ast-global-header-display":"","ast-banner-title-visibility":"","ast-main-header-display":"","ast-hfb-above-header-display":"","ast-hfb-below-header-display":"","ast-hfb-mobile-header-display":"","site-post-title":"","ast-breadcrumbs-content":"","ast-featured-img":"","footer-sml-layout":"","theme-transparent-header-meta":"","adv-header-id-meta":"","stick-header-meta":"","header-above-stick-meta":"","header-main-stick-meta":"","header-below-stick-meta":"","astra-migrate-meta-layouts":"default","ast-page-background-enabled":"default","ast-page-background-meta":{"desktop":{"background-color":"var(--ast-global-color-4)","background-image":"","background-repeat":"repeat","background-position":"center center","background-size":"auto","background-attachment":"scroll","background-type":"","background-media":"","overlay-type":"","overlay-color":"","overlay-opacity":"","overlay-gradient":""},"tablet":{"background-color":"","background-image":"","background-repeat":"repeat","background-position":"center center","background-size":"auto","background-attachment":"scroll","background-type":"","background-media":"","overlay-type":"","overlay-color":"","overlay-opacity":"","overlay-gradient":""},"mobile":{"background-color":"","background-image":"","background-repeat":"repeat","background-position":"center center","background-size":"auto","background-attachment":"scroll","background-type":"","background-media":"","overlay-type":"","overlay-color":"","overlay-opacity":"","overlay-gradient":""}},"ast-content-background-meta":{"desktop":{"background-color":"var(--ast-global-color-5)","background-image":"","background-repeat":"repeat","background-position":"center center","background-size":"auto","background-attachment":"scroll","background-type":"","background-media":"","overlay-type":"","overlay-color":"","overlay-opacity":"","overlay-gradient":""},"tablet":{"background-color":"var(--ast-global-color-5)","background-image":"","background-repeat":"repeat","background-position":"center center","background-size":"auto","background-attachment":"scroll","background-type":"","background-media":"","overlay-type":"","overlay-color":"","overlay-opacity":"","overlay-gradient":""},"mobile":{"background-color":"var(--ast-global-color-5)","background-image":"","background-repeat":"repeat","background-position":"center center","background-size":"auto","background-attachment":"scroll","background-type":"","background-media":"","overlay-type":"","overlay-color":"","overlay-opacity":"","overlay-gradient":""}},"footnotes":""},"class_list":["post-1983","page","type-page","status-publish","hentry"],"post_mailing_queue_ids":[],"_links":{"self":[{"href":"https:\/\/agora.xtec.cat\/cfaconcordia\/wp-json\/wp\/v2\/pages\/1983","targetHints":{"allow":["GET"]}}],"collection":[{"href":"https:\/\/agora.xtec.cat\/cfaconcordia\/wp-json\/wp\/v2\/pages"}],"about":[{"href":"https:\/\/agora.xtec.cat\/cfaconcordia\/wp-json\/wp\/v2\/types\/page"}],"author":[{"embeddable":true,"href":"https:\/\/agora.xtec.cat\/cfaconcordia\/wp-json\/wp\/v2\/users\/3"}],"replies":[{"embeddable":true,"href":"https:\/\/agora.xtec.cat\/cfaconcordia\/wp-json\/wp\/v2\/comments?post=1983"}],"version-history":[{"count":1,"href":"https:\/\/agora.xtec.cat\/cfaconcordia\/wp-json\/wp\/v2\/pages\/1983\/revisions"}],"predecessor-version":[{"id":1985,"href":"https:\/\/agora.xtec.cat\/cfaconcordia\/wp-json\/wp\/v2\/pages\/1983\/revisions\/1985"}],"up":[{"embeddable":true,"href":"https:\/\/agora.xtec.cat\/cfaconcordia\/wp-json\/wp\/v2\/pages\/1986"}],"wp:attachment":[{"href":"https:\/\/agora.xtec.cat\/cfaconcordia\/wp-json\/wp\/v2\/media?parent=1983"}],"curies":[{"name":"wp","href":"https:\/\/api.w.org\/{rel}","templated":true}]}}