{"id":453,"date":"2019-10-17T19:18:01","date_gmt":"2019-10-17T17:18:01","guid":{"rendered":"https:\/\/agora.xtec.cat\/cfaconcepcioarenal\/?page_id=453"},"modified":"2021-09-09T13:47:14","modified_gmt":"2021-09-09T11:47:14","slug":"estudis-a-distancia","status":"publish","type":"page","link":"https:\/\/agora.xtec.cat\/cfaconcepcioarenal\/ensenyaments\/estudis-a-distancia\/","title":{"rendered":"Estudis a dist\u00e0ncia"},"content":{"rendered":"<div class=\"study-overview-headline\">\n<h4><span style=\"color: #800080;\">El Graduat en Educaci\u00f3 Secund\u00e0ria obligat\u00f2ria (GES)<\/span><\/h4>\n<hr \/>\n<p>El Graduat en Educaci\u00f3 Secund\u00e0ria obligat\u00f2ria (GES) \u00e9s la titulaci\u00f3 b\u00e0sica que poden obtenir les persones <span class=\"ioc-accent\">majors de 18 anys<\/span> i \u00e9s <span class=\"ioc-accent\">equivalent a l&#8217;ESO<\/span>.<\/p>\n<\/div>\n<div class=\"study-overview-text\">\n<p>Els estudis de GES es poden fer presencialment als centres i les aules de formaci\u00f3 de persones adultes, o a dist\u00e0ncia a l\u2019Institut Obert de Catalunya. Els estudis de GES a l&#8217;IOC es basen en l&#8217;avaluaci\u00f3 cont\u00ednua, la tutoritzaci\u00f3 i en una gran flexibilitat organitzativa. L\u2019obtenci\u00f3 del graduat, a m\u00e9s de millorar la formaci\u00f3 b\u00e0sica de les persones adultes i la seva situaci\u00f3 professional i laboral, permet accedir als estudis de batxillerat i als cicles formatius de grau mitj\u00e0 d\u2019FP.<\/p>\n<div class=\"study-overview-menu\">\n<div class=\"study-overview-headline\">\n<h4><span class=\"ioc-accent\" style=\"color: #800080;\">Batxillerat a l&#8217;IOC<\/span><\/h4>\n<hr \/>\n<\/div>\n<div class=\"study-overview-text\">\n<p>El batxillerat \u00e9s l&#8217;etapa de formaci\u00f3 acad\u00e8mica postobligat\u00f2ria que, convencionalment, es cursa entre els 16 i els 18 anys, per\u00f2 est\u00e0 oberta a persones de qualsevol edat. En el cas del batxillerat a dist\u00e0ncia, cal, si no hi ha circumst\u00e0ncies excepcionals, ser major d&#8217;edat per inscriure&#8217;s a l&#8217;IOC.<\/p>\n<p>El t\u00edtol de batxillerat et permetr\u00e0 incorporar-te a la vida laboral, aix\u00ed com accedir a estudis de grau superior de formaci\u00f3 professional, aix\u00ed com l\u2019acc\u00e9s a la universitat (un cop superada la prova d&#8217;acc\u00e9s a la universitat, PAU).<\/p>\n<p>*Veure requisits d&#8217;acc\u00e9s.<\/p>\n<\/div>\n<div class=\"study-overview-headline\">\n<h4><span class=\"ioc-accent\" style=\"color: #800080;\">Curs d&#8217;acc\u00e9s a cicles formatiu de grau superior (CACFGS)<\/span><\/h4>\n<hr \/>\n<\/div>\n<div class=\"study-overview-text\">\n<div class=\"study-overview-headline\">\n<p>Aquest curs en l\u00ednia prepara per a les proves d\u2019acc\u00e9s a cicles formatius de grau superior. Es desenvolupen tots els continguts necessaris per superar la prova oficial.<\/p>\n<\/div>\n<div class=\"study-overview-headline\">\n<p><span class=\"ioc-accent\">Qu\u00e8 s\u00f3n les proves d&#8217;acc\u00e9s?\u00a0<\/span>S\u00f3n\u00a0<a href=\"https:\/\/educacio.gencat.cat\/ca\/tramits\/tramits-temes\/prova-FP-GS-6949?category=7445de6a-a82c-11e3-a972-000c29052e2c&amp;temesNom=Educaci%C3%B3+i+formaci%C3%B3&amp;moda=1\" target=\"_blank\" rel=\"noopener\">proves oficials externes<\/a> que depenen del Departament d\u2019Educaci\u00f3 i que tenen lloc un cop a l\u2019any.<\/p>\n<\/div>\n<\/div>\n<div class=\"study-overview-text\">\n<div class=\"fluid-container page-header fp \">\n<div class=\"container\">\n<h4 class=\"study\"><span style=\"color: #800080;\">Cicles formatius de formaci\u00f3 professional (FP)<br \/>\n<\/span><\/h4>\n<hr \/>\n<\/div>\n<\/div>\n<div class=\" item-page-study fp\">\n<div class=\"\">\n<div class=\"container clearfix study-main\">\n<div class=\"study-overview\">\n<div class=\"study-overview-headline\">\n<p>Els cicles formatius d\u2019FP et preparen per a l\u2019exercici d\u2019una professi\u00f3 i t\u2019obren les portes del mercat laboral mitjan\u00e7ant un t\u00edtol de <span data-color-group=\"turquoise\">t\u00e8cnic o t\u00e8cnica de grau mitj\u00e0 o superior<\/span>.<\/p>\n<\/div>\n<div class=\"study-overview-text\">\n<p>L\u2019IOC et permet cursar a dist\u00e0ncia un ampli ventall d\u2019estudis de Formaci\u00f3 Professional a trav\u00e9s del campus i amb materials did\u00e0ctics en format digital; aquesta oferta formativa inclou tamb\u00e9 les pr\u00e0ctiques en centres presencials, aix\u00ed com un projecte final.<\/p>\n<p>*Veure requisits d&#8217;acc\u00e9s.<\/p>\n<div class=\"fluid-container page-header fp \">\n<div class=\"container\">\n<h4 class=\"study\"><span style=\"color: #800080;\">Universitat Nacional d&#8217;Estudis a Dist\u00e0ncia (UNED)<\/span><\/h4>\n<hr \/>\n<\/div>\n<\/div>\n<div class=\" item-page-study fp\">\n<div class=\"\">\n<div class=\"container clearfix study-main\">\n<div class=\"study-overview\">\n<div class=\"study-overview-headline\"><\/div>\n<div class=\"study-overview-text\">\n<p>L&#8217;UNED et permet cursar a dist\u00e0ncia un ampli ventall d\u2019estudis de car\u00e0cter universit\u00e0ri a trav\u00e9s del campus i amb materials did\u00e0ctics en format digital; aquesta oferta formativa inclou tamb\u00e9 les pr\u00e0ctiques en centres presencials, aix\u00ed com un projecte final.<\/p>\n<p>*Veure requisits d&#8217;acc\u00e9s.<\/p>\n<p>&nbsp;<\/p>\n<\/div>\n<\/div>\n<\/div>\n<\/div>\n<\/div>\n<\/div>\n<\/div>\n<\/div>\n<\/div>\n<\/div>\n<\/div>\n<\/div>\n<\/div>\n","protected":false},"excerpt":{"rendered":"<p>El Graduat en Educaci\u00f3 Secund\u00e0ria obligat\u00f2ria (GES) El Graduat en Educaci\u00f3 Secund\u00e0ria obligat\u00f2ria (GES) \u00e9s la titulaci\u00f3 b\u00e0sica que poden obtenir les persones majors de 18 anys i \u00e9s equivalent a l&#8217;ESO. Els estudis de GES es poden fer presencialment als centres i les aules de formaci\u00f3 de persones adultes, o a dist\u00e0ncia a l\u2019Institut [&hellip;]<\/p>\n","protected":false},"author":1,"featured_media":0,"parent":274,"menu_order":0,"comment_status":"closed","ping_status":"closed","template":"","meta":{"_bbp_topic_count":0,"_bbp_reply_count":0,"_bbp_total_topic_count":0,"_bbp_total_reply_count":0,"_bbp_voice_count":0,"_bbp_anonymous_reply_count":0,"_bbp_topic_count_hidden":0,"_bbp_reply_count_hidden":0,"_bbp_forum_subforum_count":0,"site-sidebar-layout":"default","site-content-layout":"","ast-site-content-layout":"","site-content-style":"default","site-sidebar-style":"default","ast-global-header-display":"","ast-banner-title-visibility":"","ast-main-header-display":"","ast-hfb-above-header-display":"","ast-hfb-below-header-display":"","ast-hfb-mobile-header-display":"","site-post-title":"","ast-breadcrumbs-content":"","ast-featured-img":"","footer-sml-layout":"","theme-transparent-header-meta":"","adv-header-id-meta":"","stick-header-meta":"","header-above-stick-meta":"","header-main-stick-meta":"","header-below-stick-meta":"","astra-migrate-meta-layouts":"default","ast-page-background-enabled":"default","ast-page-background-meta":{"desktop":{"background-color":"var(--ast-global-color-4)","background-image":"","background-repeat":"repeat","background-position":"center center","background-size":"auto","background-attachment":"scroll","background-type":"","background-media":"","overlay-type":"","overlay-color":"","overlay-opacity":"","overlay-gradient":""},"tablet":{"background-color":"","background-image":"","background-repeat":"repeat","background-position":"center center","background-size":"auto","background-attachment":"scroll","background-type":"","background-media":"","overlay-type":"","overlay-color":"","overlay-opacity":"","overlay-gradient":""},"mobile":{"background-color":"","background-image":"","background-repeat":"repeat","background-position":"center center","background-size":"auto","background-attachment":"scroll","background-type":"","background-media":"","overlay-type":"","overlay-color":"","overlay-opacity":"","overlay-gradient":""}},"ast-content-background-meta":{"desktop":{"background-color":"var(--ast-global-color-5)","background-image":"","background-repeat":"repeat","background-position":"center center","background-size":"auto","background-attachment":"scroll","background-type":"","background-media":"","overlay-type":"","overlay-color":"","overlay-opacity":"","overlay-gradient":""},"tablet":{"background-color":"var(--ast-global-color-5)","background-image":"","background-repeat":"repeat","background-position":"center center","background-size":"auto","background-attachment":"scroll","background-type":"","background-media":"","overlay-type":"","overlay-color":"","overlay-opacity":"","overlay-gradient":""},"mobile":{"background-color":"var(--ast-global-color-5)","background-image":"","background-repeat":"repeat","background-position":"center center","background-size":"auto","background-attachment":"scroll","background-type":"","background-media":"","overlay-type":"","overlay-color":"","overlay-opacity":"","overlay-gradient":""}},"footnotes":""},"class_list":["post-453","page","type-page","status-publish","hentry"],"post_mailing_queue_ids":[],"_links":{"self":[{"href":"https:\/\/agora.xtec.cat\/cfaconcepcioarenal\/wp-json\/wp\/v2\/pages\/453","targetHints":{"allow":["GET"]}}],"collection":[{"href":"https:\/\/agora.xtec.cat\/cfaconcepcioarenal\/wp-json\/wp\/v2\/pages"}],"about":[{"href":"https:\/\/agora.xtec.cat\/cfaconcepcioarenal\/wp-json\/wp\/v2\/types\/page"}],"author":[{"embeddable":true,"href":"https:\/\/agora.xtec.cat\/cfaconcepcioarenal\/wp-json\/wp\/v2\/users\/1"}],"replies":[{"embeddable":true,"href":"https:\/\/agora.xtec.cat\/cfaconcepcioarenal\/wp-json\/wp\/v2\/comments?post=453"}],"version-history":[{"count":3,"href":"https:\/\/agora.xtec.cat\/cfaconcepcioarenal\/wp-json\/wp\/v2\/pages\/453\/revisions"}],"predecessor-version":[{"id":1055,"href":"https:\/\/agora.xtec.cat\/cfaconcepcioarenal\/wp-json\/wp\/v2\/pages\/453\/revisions\/1055"}],"up":[{"embeddable":true,"href":"https:\/\/agora.xtec.cat\/cfaconcepcioarenal\/wp-json\/wp\/v2\/pages\/274"}],"wp:attachment":[{"href":"https:\/\/agora.xtec.cat\/cfaconcepcioarenal\/wp-json\/wp\/v2\/media?parent=453"}],"curies":[{"name":"wp","href":"https:\/\/api.w.org\/{rel}","templated":true}]}}