{"id":283,"date":"2015-01-28T11:06:17","date_gmt":"2015-01-28T10:06:17","guid":{"rendered":"http:\/\/agora.xtec.cat\/cfaconcepcioarenal\/?page_id=283"},"modified":"2019-10-24T19:13:12","modified_gmt":"2019-10-24T17:13:12","slug":"ensenyaments-inicials-i-formacio-basica","status":"publish","type":"page","link":"https:\/\/agora.xtec.cat\/cfaconcepcioarenal\/ensenyaments\/ensenyaments-inicials-i-formacio-basica\/","title":{"rendered":"Ensenyaments inicials i formaci\u00f3 b\u00e0sica"},"content":{"rendered":"<h5>Els ensenyaments inicials i la formaci\u00f3 b\u00e0sica s\u00f3n cursos i activitats adre\u00e7ades a persones adultes amb necessitats formatives b\u00e0siques que permeten:<\/h5>\n<ul style=\"list-style-type: square;\">\n<li>desenvolupar les capacitats<\/li>\n<li>enriquir els coneixements<\/li>\n<li>millorar les compet\u00e8ncies b\u00e0siques, t\u00e8cniques i professionals<\/li>\n<li>accedir als diversos nivells del sistema educatiu.<br \/>\n<hr \/>\n<p><a href=\"https:\/\/agora.xtec.cat\/cfaconcepcioarenal\/wp-content\/uploads\/usu458\/2019\/10\/nivellsinicials.png\"><img loading=\"lazy\" decoding=\"async\" class=\"alignnone size-large wp-image-481\" src=\"https:\/\/agora.xtec.cat\/cfaconcepcioarenal\/wp-content\/uploads\/usu458\/2019\/10\/nivellsinicials-1024x943.png\" alt=\"\" width=\"1024\" height=\"943\" srcset=\"https:\/\/agora.xtec.cat\/cfaconcepcioarenal\/wp-content\/uploads\/usu458\/2019\/10\/nivellsinicials-1024x943.png 1024w, https:\/\/agora.xtec.cat\/cfaconcepcioarenal\/wp-content\/uploads\/usu458\/2019\/10\/nivellsinicials-300x276.png 300w, https:\/\/agora.xtec.cat\/cfaconcepcioarenal\/wp-content\/uploads\/usu458\/2019\/10\/nivellsinicials-768x707.png 768w, https:\/\/agora.xtec.cat\/cfaconcepcioarenal\/wp-content\/uploads\/usu458\/2019\/10\/nivellsinicials.png 1672w\" sizes=\"auto, (max-width: 1024px) 100vw, 1024px\" \/><\/a><\/li>\n<\/ul>\n<h4><\/h4>\n","protected":false},"excerpt":{"rendered":"<p>Els ensenyaments inicials i la formaci\u00f3 b\u00e0sica s\u00f3n cursos i activitats adre\u00e7ades a persones adultes amb necessitats formatives b\u00e0siques que permeten: desenvolupar les capacitats enriquir els coneixements millorar les compet\u00e8ncies b\u00e0siques, t\u00e8cniques i professionals accedir als diversos nivells del sistema educatiu.<\/p>\n","protected":false},"author":1,"featured_media":0,"parent":274,"menu_order":0,"comment_status":"closed","ping_status":"closed","template":"page-templates\/side-menu.php","meta":{"_bbp_topic_count":0,"_bbp_reply_count":0,"_bbp_total_topic_count":0,"_bbp_total_reply_count":0,"_bbp_voice_count":0,"_bbp_anonymous_reply_count":0,"_bbp_topic_count_hidden":0,"_bbp_reply_count_hidden":0,"_bbp_forum_subforum_count":0,"site-sidebar-layout":"default","site-content-layout":"","ast-site-content-layout":"","site-content-style":"default","site-sidebar-style":"default","ast-global-header-display":"","ast-banner-title-visibility":"","ast-main-header-display":"","ast-hfb-above-header-display":"","ast-hfb-below-header-display":"","ast-hfb-mobile-header-display":"","site-post-title":"","ast-breadcrumbs-content":"","ast-featured-img":"","footer-sml-layout":"","theme-transparent-header-meta":"","adv-header-id-meta":"","stick-header-meta":"","header-above-stick-meta":"","header-main-stick-meta":"","header-below-stick-meta":"","astra-migrate-meta-layouts":"default","ast-page-background-enabled":"default","ast-page-background-meta":{"desktop":{"background-color":"var(--ast-global-color-4)","background-image":"","background-repeat":"repeat","background-position":"center center","background-size":"auto","background-attachment":"scroll","background-type":"","background-media":"","overlay-type":"","overlay-color":"","overlay-opacity":"","overlay-gradient":""},"tablet":{"background-color":"","background-image":"","background-repeat":"repeat","background-position":"center center","background-size":"auto","background-attachment":"scroll","background-type":"","background-media":"","overlay-type":"","overlay-color":"","overlay-opacity":"","overlay-gradient":""},"mobile":{"background-color":"","background-image":"","background-repeat":"repeat","background-position":"center center","background-size":"auto","background-attachment":"scroll","background-type":"","background-media":"","overlay-type":"","overlay-color":"","overlay-opacity":"","overlay-gradient":""}},"ast-content-background-meta":{"desktop":{"background-color":"var(--ast-global-color-5)","background-image":"","background-repeat":"repeat","background-position":"center center","background-size":"auto","background-attachment":"scroll","background-type":"","background-media":"","overlay-type":"","overlay-color":"","overlay-opacity":"","overlay-gradient":""},"tablet":{"background-color":"var(--ast-global-color-5)","background-image":"","background-repeat":"repeat","background-position":"center center","background-size":"auto","background-attachment":"scroll","background-type":"","background-media":"","overlay-type":"","overlay-color":"","overlay-opacity":"","overlay-gradient":""},"mobile":{"background-color":"var(--ast-global-color-5)","background-image":"","background-repeat":"repeat","background-position":"center center","background-size":"auto","background-attachment":"scroll","background-type":"","background-media":"","overlay-type":"","overlay-color":"","overlay-opacity":"","overlay-gradient":""}},"footnotes":""},"class_list":["post-283","page","type-page","status-publish","hentry"],"post_mailing_queue_ids":[],"_links":{"self":[{"href":"https:\/\/agora.xtec.cat\/cfaconcepcioarenal\/wp-json\/wp\/v2\/pages\/283","targetHints":{"allow":["GET"]}}],"collection":[{"href":"https:\/\/agora.xtec.cat\/cfaconcepcioarenal\/wp-json\/wp\/v2\/pages"}],"about":[{"href":"https:\/\/agora.xtec.cat\/cfaconcepcioarenal\/wp-json\/wp\/v2\/types\/page"}],"author":[{"embeddable":true,"href":"https:\/\/agora.xtec.cat\/cfaconcepcioarenal\/wp-json\/wp\/v2\/users\/1"}],"replies":[{"embeddable":true,"href":"https:\/\/agora.xtec.cat\/cfaconcepcioarenal\/wp-json\/wp\/v2\/comments?post=283"}],"version-history":[{"count":3,"href":"https:\/\/agora.xtec.cat\/cfaconcepcioarenal\/wp-json\/wp\/v2\/pages\/283\/revisions"}],"predecessor-version":[{"id":482,"href":"https:\/\/agora.xtec.cat\/cfaconcepcioarenal\/wp-json\/wp\/v2\/pages\/283\/revisions\/482"}],"up":[{"embeddable":true,"href":"https:\/\/agora.xtec.cat\/cfaconcepcioarenal\/wp-json\/wp\/v2\/pages\/274"}],"wp:attachment":[{"href":"https:\/\/agora.xtec.cat\/cfaconcepcioarenal\/wp-json\/wp\/v2\/media?parent=283"}],"curies":[{"name":"wp","href":"https:\/\/api.w.org\/{rel}","templated":true}]}}