{"id":261,"date":"2015-01-27T17:25:01","date_gmt":"2015-01-27T16:25:01","guid":{"rendered":"http:\/\/agora.xtec.cat\/cfaconcepcioarenal\/?page_id=261"},"modified":"2019-11-12T18:57:11","modified_gmt":"2019-11-12T17:57:11","slug":"el-centre","status":"publish","type":"page","link":"https:\/\/agora.xtec.cat\/cfaconcepcioarenal\/el-centre\/","title":{"rendered":"El Centre"},"content":{"rendered":"<p>A aquesta secci\u00f3 trobar\u00e0s totes les p\u00e0gines necess\u00e0ries per a oferir una descripci\u00f3 general del nostre centre.<\/p>\n<p><strong>Clica a sobre per obrir la p\u00e0gina en el navegador.<\/strong><\/p>\n<h4 style=\"padding-left: 40px;\"><a href=\"https:\/\/agora.xtec.cat\/cfaconcepcioarenal\/el-centre\/on-som\/\">Ubicaci\u00f3<\/a><\/h4>\n<h4 style=\"padding-left: 40px;\"><a href=\"https:\/\/agora.xtec.cat\/cfaconcepcioarenal\/el-centre\/historia\/\">Hist\u00f2ria<\/a><\/h4>\n<h4 style=\"padding-left: 40px;\"><a href=\"https:\/\/agora.xtec.cat\/cfaconcepcioarenal\/projecte-educatiu\/\">Projecte Educatiu <\/a><\/h4>\n<h4 style=\"padding-left: 40px;\"><a href=\"https:\/\/agora.xtec.cat\/cfaconcepcioarenal\/el-centre\/normes-dorganitzacio-i-funcionament\/\">Normes i funcionament del centre <\/a><\/h4>\n<h4 style=\"padding-left: 40px;\"><a href=\"https:\/\/agora.xtec.cat\/cfaconcepcioarenal\/serveis\/\">Serveis <\/a><\/h4>\n<h4 style=\"padding-left: 40px;\"><a href=\"https:\/\/agora.xtec.cat\/cfaconcepcioarenal\/contacte\/\">Contacte<\/a><\/h4>\n<p>&nbsp;<\/p>\n<p>&nbsp;<\/p>\n<p>En la maqueta inicial s\u2019inclouen algunes d\u2019aquestes p\u00e0gines amb contingut simulat. L\u2019administrador\/a pot editar-les, eliminar-les o crear-ne de noves des del tauler. \u00c9s important que a la caixa <strong>Atributs de la p\u00e0gina<\/strong> hi consti com a pare\/mare la p\u00e0gina <strong>El Centre<\/strong>, i que tinguin seleccionada la plantilla \u201cMen\u00fa lateral\u201c.<\/p>\n","protected":false},"excerpt":{"rendered":"<p>A aquesta secci\u00f3 trobar\u00e0s totes les p\u00e0gines necess\u00e0ries per a oferir una descripci\u00f3 general del nostre centre. Clica a sobre per obrir la p\u00e0gina en el navegador. Ubicaci\u00f3 Hist\u00f2ria Projecte Educatiu Normes i funcionament del centre Serveis Contacte &nbsp; &nbsp; En la maqueta inicial s\u2019inclouen algunes d\u2019aquestes p\u00e0gines amb contingut simulat. L\u2019administrador\/a pot editar-les, eliminar-les [&hellip;]<\/p>\n","protected":false},"author":1,"featured_media":0,"parent":0,"menu_order":0,"comment_status":"closed","ping_status":"closed","template":"page-templates\/side-menu.php","meta":{"_bbp_topic_count":0,"_bbp_reply_count":0,"_bbp_total_topic_count":0,"_bbp_total_reply_count":0,"_bbp_voice_count":0,"_bbp_anonymous_reply_count":0,"_bbp_topic_count_hidden":0,"_bbp_reply_count_hidden":0,"_bbp_forum_subforum_count":0,"site-sidebar-layout":"default","site-content-layout":"","ast-site-content-layout":"","site-content-style":"default","site-sidebar-style":"default","ast-global-header-display":"","ast-banner-title-visibility":"","ast-main-header-display":"","ast-hfb-above-header-display":"","ast-hfb-below-header-display":"","ast-hfb-mobile-header-display":"","site-post-title":"","ast-breadcrumbs-content":"","ast-featured-img":"","footer-sml-layout":"","theme-transparent-header-meta":"","adv-header-id-meta":"","stick-header-meta":"","header-above-stick-meta":"","header-main-stick-meta":"","header-below-stick-meta":"","astra-migrate-meta-layouts":"default","ast-page-background-enabled":"default","ast-page-background-meta":{"desktop":{"background-color":"var(--ast-global-color-4)","background-image":"","background-repeat":"repeat","background-position":"center center","background-size":"auto","background-attachment":"scroll","background-type":"","background-media":"","overlay-type":"","overlay-color":"","overlay-opacity":"","overlay-gradient":""},"tablet":{"background-color":"","background-image":"","background-repeat":"repeat","background-position":"center center","background-size":"auto","background-attachment":"scroll","background-type":"","background-media":"","overlay-type":"","overlay-color":"","overlay-opacity":"","overlay-gradient":""},"mobile":{"background-color":"","background-image":"","background-repeat":"repeat","background-position":"center center","background-size":"auto","background-attachment":"scroll","background-type":"","background-media":"","overlay-type":"","overlay-color":"","overlay-opacity":"","overlay-gradient":""}},"ast-content-background-meta":{"desktop":{"background-color":"var(--ast-global-color-5)","background-image":"","background-repeat":"repeat","background-position":"center center","background-size":"auto","background-attachment":"scroll","background-type":"","background-media":"","overlay-type":"","overlay-color":"","overlay-opacity":"","overlay-gradient":""},"tablet":{"background-color":"var(--ast-global-color-5)","background-image":"","background-repeat":"repeat","background-position":"center center","background-size":"auto","background-attachment":"scroll","background-type":"","background-media":"","overlay-type":"","overlay-color":"","overlay-opacity":"","overlay-gradient":""},"mobile":{"background-color":"var(--ast-global-color-5)","background-image":"","background-repeat":"repeat","background-position":"center center","background-size":"auto","background-attachment":"scroll","background-type":"","background-media":"","overlay-type":"","overlay-color":"","overlay-opacity":"","overlay-gradient":""}},"footnotes":""},"class_list":["post-261","page","type-page","status-publish","hentry"],"post_mailing_queue_ids":[],"_links":{"self":[{"href":"https:\/\/agora.xtec.cat\/cfaconcepcioarenal\/wp-json\/wp\/v2\/pages\/261","targetHints":{"allow":["GET"]}}],"collection":[{"href":"https:\/\/agora.xtec.cat\/cfaconcepcioarenal\/wp-json\/wp\/v2\/pages"}],"about":[{"href":"https:\/\/agora.xtec.cat\/cfaconcepcioarenal\/wp-json\/wp\/v2\/types\/page"}],"author":[{"embeddable":true,"href":"https:\/\/agora.xtec.cat\/cfaconcepcioarenal\/wp-json\/wp\/v2\/users\/1"}],"replies":[{"embeddable":true,"href":"https:\/\/agora.xtec.cat\/cfaconcepcioarenal\/wp-json\/wp\/v2\/comments?post=261"}],"version-history":[{"count":3,"href":"https:\/\/agora.xtec.cat\/cfaconcepcioarenal\/wp-json\/wp\/v2\/pages\/261\/revisions"}],"predecessor-version":[{"id":530,"href":"https:\/\/agora.xtec.cat\/cfaconcepcioarenal\/wp-json\/wp\/v2\/pages\/261\/revisions\/530"}],"wp:attachment":[{"href":"https:\/\/agora.xtec.cat\/cfaconcepcioarenal\/wp-json\/wp\/v2\/media?parent=261"}],"curies":[{"name":"wp","href":"https:\/\/api.w.org\/{rel}","templated":true}]}}