{"id":21,"date":"2014-09-17T16:14:14","date_gmt":"2014-09-17T16:14:14","guid":{"rendered":"http:\/\/agora.xtec.cat\/cfaconcepcioarenal\/?page_id=21"},"modified":"2020-06-11T10:33:08","modified_gmt":"2020-06-11T08:33:08","slug":"on-som","status":"publish","type":"page","link":"https:\/\/agora.xtec.cat\/cfaconcepcioarenal\/el-centre\/on-som\/","title":{"rendered":"On som"},"content":{"rendered":"<p style=\"color: #666666;\"><strong>CFA Concepci\u00f3 Arenal<\/strong><br \/>\nCarrer doctor Trueta, 76-98 (cantonada \u00c0laba)<br \/>\n08005 Barcelona<\/p>\n<p><a tabindex=\"0\" href=\"https:\/\/www.google.com\/search?client=firefox-b-ab&amp;sxsrf=ACYBGNS_qqrwe25tbXgzyw3JYozUMGc8IA%3A1570727428361&amp;ei=BGafXbnTFeaJjLsPv4angAs&amp;q=Calle+Doctor+Trueta%2C+78-96%2C+Barcelona&amp;oq=Carrer+doctor+Trueta%2C+78-96+ba&amp;gs_l=psy-ab.3.0.38.8128.8947..10986...0.2..0.91.257.3......0....1..gws-wiz.......0i71j35i39.U3GXLADzjUA#\" data-ved=\"2ahUKEwiNmu3Yl5LlAhXt2eAKHUodCDYQ8gEwAHoECAgQAQ\" data-url=\"\/maps\/place\/Calle+Dr.+Trueta,+78,+08005+Barcelona\/data=!4m2!3m1!1s0x12a4a3105eb9035d:0x141c1c5f1cf3ae25?sa=X\"><img loading=\"lazy\" decoding=\"async\" id=\"lu_map\" title=\"Mapa de Calle Dr. Trueta, 78, 08005 Barcelona\" src=\"https:\/\/www.google.com\/maps\/vt\/data=Rk9yEb4zij1_LZMJcL2gD5ijss2HSomtqrynnEs68qy9epHBVDKu4JLii59V3vtREqzsmCTOQHW8WCuMwweMX0OvaVJAxTPHE3Egn4s7hSL9p_kiupy934iOCv8GvU-XMZne1UL5efmXt1v3\" alt=\"Mapa de Calle Dr. Trueta, 78, 08005 Barcelona\" width=\"632\" height=\"328\" data-atf=\"1\" \/><\/a><\/p>\n<p><strong>Com arribar-hi:<br \/>\n<\/strong><\/p>\n<ul>\n<li>En metro: &lt;L4&gt; Estaci\u00f3 Bogatell , &lt;L1&gt; Estaci\u00f3 Marina<\/li>\n<li>En bus: L\u00ednies H16, H14, 59, V27<\/li>\n<\/ul>\n","protected":false},"excerpt":{"rendered":"<p>CFA Concepci\u00f3 Arenal Carrer doctor Trueta, 76-98 (cantonada \u00c0laba) 08005 Barcelona Com arribar-hi: En metro: &lt;L4&gt; Estaci\u00f3 Bogatell , &lt;L1&gt; Estaci\u00f3 Marina En bus: L\u00ednies H16, H14, 59, V27<\/p>\n","protected":false},"author":1,"featured_media":0,"parent":261,"menu_order":10,"comment_status":"closed","ping_status":"closed","template":"page-templates\/side-menu.php","meta":{"_bbp_topic_count":0,"_bbp_reply_count":0,"_bbp_total_topic_count":0,"_bbp_total_reply_count":0,"_bbp_voice_count":0,"_bbp_anonymous_reply_count":0,"_bbp_topic_count_hidden":0,"_bbp_reply_count_hidden":0,"_bbp_forum_subforum_count":0,"site-sidebar-layout":"default","site-content-layout":"","ast-site-content-layout":"","site-content-style":"default","site-sidebar-style":"default","ast-global-header-display":"","ast-banner-title-visibility":"","ast-main-header-display":"","ast-hfb-above-header-display":"","ast-hfb-below-header-display":"","ast-hfb-mobile-header-display":"","site-post-title":"","ast-breadcrumbs-content":"","ast-featured-img":"","footer-sml-layout":"","theme-transparent-header-meta":"","adv-header-id-meta":"","stick-header-meta":"","header-above-stick-meta":"","header-main-stick-meta":"","header-below-stick-meta":"","astra-migrate-meta-layouts":"default","ast-page-background-enabled":"default","ast-page-background-meta":{"desktop":{"background-color":"var(--ast-global-color-4)","background-image":"","background-repeat":"repeat","background-position":"center center","background-size":"auto","background-attachment":"scroll","background-type":"","background-media":"","overlay-type":"","overlay-color":"","overlay-opacity":"","overlay-gradient":""},"tablet":{"background-color":"","background-image":"","background-repeat":"repeat","background-position":"center center","background-size":"auto","background-attachment":"scroll","background-type":"","background-media":"","overlay-type":"","overlay-color":"","overlay-opacity":"","overlay-gradient":""},"mobile":{"background-color":"","background-image":"","background-repeat":"repeat","background-position":"center center","background-size":"auto","background-attachment":"scroll","background-type":"","background-media":"","overlay-type":"","overlay-color":"","overlay-opacity":"","overlay-gradient":""}},"ast-content-background-meta":{"desktop":{"background-color":"var(--ast-global-color-5)","background-image":"","background-repeat":"repeat","background-position":"center center","background-size":"auto","background-attachment":"scroll","background-type":"","background-media":"","overlay-type":"","overlay-color":"","overlay-opacity":"","overlay-gradient":""},"tablet":{"background-color":"var(--ast-global-color-5)","background-image":"","background-repeat":"repeat","background-position":"center center","background-size":"auto","background-attachment":"scroll","background-type":"","background-media":"","overlay-type":"","overlay-color":"","overlay-opacity":"","overlay-gradient":""},"mobile":{"background-color":"var(--ast-global-color-5)","background-image":"","background-repeat":"repeat","background-position":"center center","background-size":"auto","background-attachment":"scroll","background-type":"","background-media":"","overlay-type":"","overlay-color":"","overlay-opacity":"","overlay-gradient":""}},"footnotes":""},"class_list":["post-21","page","type-page","status-publish","hentry"],"post_mailing_queue_ids":[],"_links":{"self":[{"href":"https:\/\/agora.xtec.cat\/cfaconcepcioarenal\/wp-json\/wp\/v2\/pages\/21","targetHints":{"allow":["GET"]}}],"collection":[{"href":"https:\/\/agora.xtec.cat\/cfaconcepcioarenal\/wp-json\/wp\/v2\/pages"}],"about":[{"href":"https:\/\/agora.xtec.cat\/cfaconcepcioarenal\/wp-json\/wp\/v2\/types\/page"}],"author":[{"embeddable":true,"href":"https:\/\/agora.xtec.cat\/cfaconcepcioarenal\/wp-json\/wp\/v2\/users\/1"}],"replies":[{"embeddable":true,"href":"https:\/\/agora.xtec.cat\/cfaconcepcioarenal\/wp-json\/wp\/v2\/comments?post=21"}],"version-history":[{"count":3,"href":"https:\/\/agora.xtec.cat\/cfaconcepcioarenal\/wp-json\/wp\/v2\/pages\/21\/revisions"}],"predecessor-version":[{"id":696,"href":"https:\/\/agora.xtec.cat\/cfaconcepcioarenal\/wp-json\/wp\/v2\/pages\/21\/revisions\/696"}],"up":[{"embeddable":true,"href":"https:\/\/agora.xtec.cat\/cfaconcepcioarenal\/wp-json\/wp\/v2\/pages\/261"}],"wp:attachment":[{"href":"https:\/\/agora.xtec.cat\/cfaconcepcioarenal\/wp-json\/wp\/v2\/media?parent=21"}],"curies":[{"name":"wp","href":"https:\/\/api.w.org\/{rel}","templated":true}]}}