{"id":322,"date":"2015-01-28T11:36:17","date_gmt":"2015-01-28T10:36:17","guid":{"rendered":"http:\/\/agora.xtec.cat\/cfaclot\/?page_id=322"},"modified":"2017-09-28T11:40:22","modified_gmt":"2017-09-28T09:40:22","slug":"a-la-universitat-per-a-majors-de-25-anys","status":"publish","type":"page","link":"https:\/\/agora.xtec.cat\/cfaclot\/ensenyaments\/ensenyaments-per-a-la-preparacio-de-proves-dacces\/a-la-universitat-per-a-majors-de-25-anys\/","title":{"rendered":"A la universitat per a majors de 25 anys"},"content":{"rendered":"<p>L&#8217;escola disposa de dos grups: Un en horari de matins i un en horari de tarda.<\/p>\n<p><strong>Mat\u00e8ries comunes<\/strong>: Catal\u00e0, Castell\u00e0, Angl\u00e8s i Comentari de Text<\/p>\n<p><strong>Mat\u00e8ries optatives<\/strong>: Es d\u00f3na la possibilitat d\u2019assistir a les classes de les mat\u00e8ries espec\u00edfiques del curs de preparaci\u00f3 a les proves d\u2019acc\u00e9s a grau superior, per\u00f2 s\u2019ha de tenir present que el temari no t\u00e9 un coincid\u00e8ncia del 100%, per\u00f2 permet adquirir les compet\u00e8ncies suficients per afrontar amb \u00e8xit la prova.<\/p>\n<p>Optatives:\u00a0<b>Biologia i Qu\u00edmica<\/b>: Carreres de Ci\u00e8ncies i Ci\u00e8ncies de la Salut<\/p>\n<p><b>\u00a0 \u00a0 \u00a0 \u00a0 \u00a0 \u00a0 \u00a0 \u00a0 \u00a0Geografia i Hist\u00f2ria Contempor\u00e0nia<\/b>: Carreres de Ci\u00e8ncies Socials i Jur\u00eddiques, Arts i Humanitats<\/p>\n<p>Tamb\u00e9 preparem la prova d\u2019acc\u00e9s a m\u00e9s grans de 45, que nom\u00e9s inclou la prova de Catal\u00e0, Castell\u00e0 i Comentari de Text. Posteriorment cal fer una entrevista personal a la facultat triada per cursar la carrera.<\/p>\n<p>La prova es fa en dos dissabtes; el primer es fan els ex\u00e0mens de les mat\u00e8ries comunes i el seg\u00fcent de les optatives. Acostuma a ser l&#8217;\u00faltim dissabte d&#8217;abril i el primer de maig.<\/p>\n<p>Per a m\u00e9s informaci\u00f3 <a href=\"http:\/\/universitats.gencat.cat\/ca\/que_puc_fer\/25_anys\/\">WEB DE LA GENERALITAT<\/a><\/p>\n<p><a href=\"http:\/\/agora.xtec.cat\/cfaclot\/wp-content\/uploads\/usu1471\/2015\/01\/Universitat-e1506591289672.jpg\"><img loading=\"lazy\" decoding=\"async\" class=\"wp-image-444 aligncenter\" src=\"http:\/\/agora.xtec.cat\/cfaclot\/wp-content\/uploads\/usu1471\/2015\/01\/Universitat-1024x571.jpg\" alt=\"\" width=\"656\" height=\"366\" \/><\/a><\/p>\n","protected":false},"excerpt":{"rendered":"<p>L&#8217;escola disposa de dos grups: Un en horari de matins i un en horari de tarda.<br \/>\nMat\u00e8ries comunes: Catal\u00e0, Castell\u00e0, Angl\u00e8s i Comentari de Text<br \/>\nMat\u00e8ries optatives: Es d\u00f3na la possibilitat d\u2019assistir a les classes de les mat\u00e8ries espec\u00edfiques del curs de preparaci\u00f3 a les proves d\u2019acc\u00e9s&hellip;  <a href=\"https:\/\/agora.xtec.cat\/cfaclot\/ensenyaments\/ensenyaments-per-a-la-preparacio-de-proves-dacces\/a-la-universitat-per-a-majors-de-25-anys\/\" title=\"Read A la universitat per a majors de 25 anys\">Llegeix m\u00e9s\u00bb<\/a><\/p>\n","protected":false},"author":1,"featured_media":0,"parent":288,"menu_order":0,"comment_status":"closed","ping_status":"closed","template":"page-templates\/side-menu.php","meta":{"_bbp_topic_count":0,"_bbp_reply_count":0,"_bbp_total_topic_count":0,"_bbp_total_reply_count":0,"_bbp_voice_count":0,"_bbp_anonymous_reply_count":0,"_bbp_topic_count_hidden":0,"_bbp_reply_count_hidden":0,"_bbp_forum_subforum_count":0,"footnotes":""},"class_list":["post-322","page","type-page","status-publish","hentry"],"post_mailing_queue_ids":[],"_links":{"self":[{"href":"https:\/\/agora.xtec.cat\/cfaclot\/wp-json\/wp\/v2\/pages\/322","targetHints":{"allow":["GET"]}}],"collection":[{"href":"https:\/\/agora.xtec.cat\/cfaclot\/wp-json\/wp\/v2\/pages"}],"about":[{"href":"https:\/\/agora.xtec.cat\/cfaclot\/wp-json\/wp\/v2\/types\/page"}],"author":[{"embeddable":true,"href":"https:\/\/agora.xtec.cat\/cfaclot\/wp-json\/wp\/v2\/users\/1"}],"replies":[{"embeddable":true,"href":"https:\/\/agora.xtec.cat\/cfaclot\/wp-json\/wp\/v2\/comments?post=322"}],"version-history":[{"count":4,"href":"https:\/\/agora.xtec.cat\/cfaclot\/wp-json\/wp\/v2\/pages\/322\/revisions"}],"predecessor-version":[{"id":452,"href":"https:\/\/agora.xtec.cat\/cfaclot\/wp-json\/wp\/v2\/pages\/322\/revisions\/452"}],"up":[{"embeddable":true,"href":"https:\/\/agora.xtec.cat\/cfaclot\/wp-json\/wp\/v2\/pages\/288"}],"wp:attachment":[{"href":"https:\/\/agora.xtec.cat\/cfaclot\/wp-json\/wp\/v2\/media?parent=322"}],"curies":[{"name":"wp","href":"https:\/\/api.w.org\/{rel}","templated":true}]}}