{"id":320,"date":"2015-01-28T11:35:13","date_gmt":"2015-01-28T10:35:13","guid":{"rendered":"http:\/\/agora.xtec.cat\/cfaclot\/?page_id=320"},"modified":"2025-09-08T14:22:43","modified_gmt":"2025-09-08T12:22:43","slug":"a-cicles-formatius-de-grau-superior","status":"publish","type":"page","link":"https:\/\/agora.xtec.cat\/cfaclot\/ensenyaments\/ensenyaments-per-a-la-preparacio-de-proves-dacces\/a-cicles-formatius-de-grau-superior\/","title":{"rendered":"A cicles formatius de grau superior"},"content":{"rendered":"<p>El CAS \u00e9s el curs d\u2019acc\u00e9s\u00a0 als cicles de grau superior i consta de 4 assignatures comunes i 2 espec\u00edfiques. Per accedir al cicle no cal fer la prova d&#8217;acc\u00e9s, ja que si se supera el CAS, s&#8217;accedeix directament als cicles de grau superior. Per superar el curs, cal assistir a un m\u00ednim del 80% de les hores del curs i l&#8217;avaluaci\u00f3 \u00e9s cont\u00ednua. Cal tenir 19 anys o b\u00e9 fer-los l&#8217;any d&#8217;inici del curs.<\/p>\n<p>Per cursar aquest estudi no cal tenir cap titulaci\u00f3 ni estudis previs. Per tant, es pot accedir sense tenir l&#8217;ESO.<\/p>\n<p><strong>MAT\u00c8RIES COMUNES <\/strong>(Castell\u00e0, Catal\u00e0, Angl\u00e8s i Matem\u00e0tiques):<\/p>\n<p>Tenim 1 grup de mat\u00ed i 1 grup de tarda.<\/p>\n<p><strong>MAT\u00c8RIES ESPEC\u00cdFIQUES<br \/>\n<\/strong><\/p>\n<p>Segons a quina fam\u00edlia professional s&#8217;han de triar unes espec\u00edfiques o unes altres.<\/p>\n<p><strong><span style=\"color: #ff0000;\">Psicologia i Geografia<\/span>:<\/strong>\u00a0Permeten acc\u00e9s a les fam\u00edlies professionals de:<\/p>\n<p>Administraci\u00f3<br \/>\nComer\u00e7 i M\u00e0rqueting<br \/>\nServeis socioculturals i a la comunitat<br \/>\nHostaleria i Turisme<\/p>\n<p>&nbsp;<\/p>\n<p><a href=\"http:\/\/agora.xtec.cat\/cfaclot\/wp-content\/uploads\/usu1471\/2015\/01\/digital_marketing2.jpg\"><img loading=\"lazy\" decoding=\"async\" class=\"alignnone wp-image-447\" src=\"http:\/\/agora.xtec.cat\/cfaclot\/wp-content\/uploads\/usu1471\/2015\/01\/digital_marketing2.jpg\" alt=\"\" width=\"309\" height=\"143\" srcset=\"https:\/\/agora.xtec.cat\/cfaclot\/wp-content\/uploads\/usu1471\/2015\/01\/digital_marketing2.jpg 505w, https:\/\/agora.xtec.cat\/cfaclot\/wp-content\/uploads\/usu1471\/2015\/01\/digital_marketing2-300x139.jpg 300w\" sizes=\"auto, (max-width: 309px) 100vw, 309px\" \/><\/a><\/p>\n<p><strong><span style=\"color: #ff0000;\">Biologia i Qu\u00edmica<\/span>:<\/strong>\u00a0Permeten acc\u00e9s a les fam\u00edlies professionals de:<\/p>\n<p>Sanitat<br \/>\nImatge Personal<br \/>\nQu\u00edmica<\/p>\n<p><a href=\"http:\/\/agora.xtec.cat\/cfaclot\/wp-content\/uploads\/usu1471\/2015\/01\/laboratorio-clinico-segundo-enfoque-e1506591261188.png\"><img loading=\"lazy\" decoding=\"async\" class=\"size-full wp-image-445 alignleft\" src=\"http:\/\/agora.xtec.cat\/cfaclot\/wp-content\/uploads\/usu1471\/2015\/01\/laboratorio-clinico-segundo-enfoque-e1506591261188.png\" alt=\"\" width=\"221\" height=\"122\" \/><\/a><\/p>\n<p>&nbsp;<\/p>\n<p>&nbsp;<\/p>\n<p>&nbsp;<\/p>\n<p><span style=\"color: #ff0000;\"><strong>Tecnologia i F\u00edsica<\/strong><\/span>: Permeten acc\u00e9s a les fam\u00edlies professionals de:<\/p>\n<p>Arts Gr\u00e0fiques Comunicaci\u00f3,<\/p>\n<p>Imatge i So<\/p>\n<p>Electricitat i Electr\u00f2nica<\/p>\n<p>Mec\u00e0nica<\/p>\n<p>Inform\u00e0tica<\/p>\n<p>Manteniment de vehicles<\/p>\n<p><a href=\"http:\/\/agora.xtec.cat\/cfaclot\/wp-content\/uploads\/usu1471\/2015\/01\/mecanica_01-e1506591359867.jpg\"><img loading=\"lazy\" decoding=\"async\" class=\"alignnone wp-image-446\" src=\"http:\/\/agora.xtec.cat\/cfaclot\/wp-content\/uploads\/usu1471\/2015\/01\/mecanica_01-1024x449.jpg\" alt=\"\" width=\"408\" height=\"179\" \/><\/a><a href=\"http:\/\/agora.xtec.cat\/cfaclot\/wp-content\/uploads\/usu1471\/2015\/01\/informatica.jpg\"><img loading=\"lazy\" decoding=\"async\" class=\"alignnone wp-image-448\" src=\"http:\/\/agora.xtec.cat\/cfaclot\/wp-content\/uploads\/usu1471\/2015\/01\/informatica-e1506591378740.jpg\" alt=\"\" width=\"316\" height=\"178\" \/><\/a><\/p>\n<p>&nbsp;<\/p>\n<div class=\"addtoany_share_save_container addtoany_content_bottom\"><\/div>\n","protected":false},"excerpt":{"rendered":"<p>El CAS \u00e9s el curs d\u2019acc\u00e9s\u00a0 als cicles de grau superior i consta de 4 assignatures comunes i 2 espec\u00edfiques. Per accedir al cicle no cal fer la prova d&#8217;acc\u00e9s, ja que si se supera el CAS, s&#8217;accedeix directament als cicles de grau superior. Per&hellip;  <a href=\"https:\/\/agora.xtec.cat\/cfaclot\/ensenyaments\/ensenyaments-per-a-la-preparacio-de-proves-dacces\/a-cicles-formatius-de-grau-superior\/\" title=\"Read A cicles formatius de grau superior\">Llegeix m\u00e9s\u00bb<\/a><\/p>\n","protected":false},"author":1,"featured_media":0,"parent":288,"menu_order":0,"comment_status":"closed","ping_status":"closed","template":"page-templates\/side-menu.php","meta":{"_bbp_topic_count":0,"_bbp_reply_count":0,"_bbp_total_topic_count":0,"_bbp_total_reply_count":0,"_bbp_voice_count":0,"_bbp_anonymous_reply_count":0,"_bbp_topic_count_hidden":0,"_bbp_reply_count_hidden":0,"_bbp_forum_subforum_count":0,"footnotes":""},"class_list":["post-320","page","type-page","status-publish","hentry"],"post_mailing_queue_ids":[],"_links":{"self":[{"href":"https:\/\/agora.xtec.cat\/cfaclot\/wp-json\/wp\/v2\/pages\/320","targetHints":{"allow":["GET"]}}],"collection":[{"href":"https:\/\/agora.xtec.cat\/cfaclot\/wp-json\/wp\/v2\/pages"}],"about":[{"href":"https:\/\/agora.xtec.cat\/cfaclot\/wp-json\/wp\/v2\/types\/page"}],"author":[{"embeddable":true,"href":"https:\/\/agora.xtec.cat\/cfaclot\/wp-json\/wp\/v2\/users\/1"}],"replies":[{"embeddable":true,"href":"https:\/\/agora.xtec.cat\/cfaclot\/wp-json\/wp\/v2\/comments?post=320"}],"version-history":[{"count":7,"href":"https:\/\/agora.xtec.cat\/cfaclot\/wp-json\/wp\/v2\/pages\/320\/revisions"}],"predecessor-version":[{"id":2092,"href":"https:\/\/agora.xtec.cat\/cfaclot\/wp-json\/wp\/v2\/pages\/320\/revisions\/2092"}],"up":[{"embeddable":true,"href":"https:\/\/agora.xtec.cat\/cfaclot\/wp-json\/wp\/v2\/pages\/288"}],"wp:attachment":[{"href":"https:\/\/agora.xtec.cat\/cfaclot\/wp-json\/wp\/v2\/media?parent=320"}],"curies":[{"name":"wp","href":"https:\/\/api.w.org\/{rel}","templated":true}]}}