{"id":312,"date":"2015-01-28T11:32:38","date_gmt":"2015-01-28T10:32:38","guid":{"rendered":"http:\/\/agora.xtec.cat\/cfaclot\/?page_id=312"},"modified":"2017-09-21T12:36:21","modified_gmt":"2017-09-21T10:36:21","slug":"llengua-anglesa","status":"publish","type":"page","link":"https:\/\/agora.xtec.cat\/cfaclot\/ensenyaments\/ensenyaments-transprofessionals\/llengua-anglesa\/","title":{"rendered":"Llengua anglesa"},"content":{"rendered":"<p>L&#8217;escola ofereix els seg\u00fcents nivells d&#8217;angl\u00e8s:<\/p>\n<p>Angl\u00e8s 1 (Mat\u00ed i Tarda)<\/p>\n<p>Angl\u00e8s 2 (Mat\u00ed i Tarda)<\/p>\n<p>Angl\u00e8s 3 (Mat\u00ed i Tarda)<\/p>\n<p>En finalitzar els estudis d&#8217;angl\u00e8s 3 s&#8217;obt\u00e9 el t\u00edtol A2.2 del <a href=\"http:\/\/queestudiar.gencat.cat\/ca\/estudis\/adults\/estudis\/llengua-estrangera\/?p_id=2350&amp;estudi\">MECR (Marc europeu com\u00fa de refer\u00e8ncia per a les lleng\u00fces).<\/a><\/p>\n","protected":false},"excerpt":{"rendered":"<p>L&#8217;escola ofereix els seg\u00fcents nivells d&#8217;angl\u00e8s:<br \/>\nAngl\u00e8s 1 (Mat\u00ed i Tarda)<br \/>\nAngl\u00e8s 2 (Mat\u00ed i Tarda)<br \/>\nAngl\u00e8s 3 (Mat\u00ed i Tarda)<br \/>\nEn finalitzar els estudis d&#8217;angl\u00e8s 3 s&#8217;obt\u00e9 el t\u00edtol A2.2 del <a href=\"http:\/\/queestudiar.gencat.cat\/ca\/estudis\/adults\/estudis\/llengua-estrangera\/?p_id=2350&amp;estudi\">MECR (Marc europeu com\u00fa de refer\u00e8ncia per a les lleng\u00fces).<\/a><\/p>\n","protected":false},"author":1,"featured_media":0,"parent":286,"menu_order":0,"comment_status":"closed","ping_status":"closed","template":"page-templates\/side-menu.php","meta":{"_bbp_topic_count":0,"_bbp_reply_count":0,"_bbp_total_topic_count":0,"_bbp_total_reply_count":0,"_bbp_voice_count":0,"_bbp_anonymous_reply_count":0,"_bbp_topic_count_hidden":0,"_bbp_reply_count_hidden":0,"_bbp_forum_subforum_count":0,"footnotes":""},"class_list":["post-312","page","type-page","status-publish","hentry"],"post_mailing_queue_ids":[],"_links":{"self":[{"href":"https:\/\/agora.xtec.cat\/cfaclot\/wp-json\/wp\/v2\/pages\/312","targetHints":{"allow":["GET"]}}],"collection":[{"href":"https:\/\/agora.xtec.cat\/cfaclot\/wp-json\/wp\/v2\/pages"}],"about":[{"href":"https:\/\/agora.xtec.cat\/cfaclot\/wp-json\/wp\/v2\/types\/page"}],"author":[{"embeddable":true,"href":"https:\/\/agora.xtec.cat\/cfaclot\/wp-json\/wp\/v2\/users\/1"}],"replies":[{"embeddable":true,"href":"https:\/\/agora.xtec.cat\/cfaclot\/wp-json\/wp\/v2\/comments?post=312"}],"version-history":[{"count":2,"href":"https:\/\/agora.xtec.cat\/cfaclot\/wp-json\/wp\/v2\/pages\/312\/revisions"}],"predecessor-version":[{"id":433,"href":"https:\/\/agora.xtec.cat\/cfaclot\/wp-json\/wp\/v2\/pages\/312\/revisions\/433"}],"up":[{"embeddable":true,"href":"https:\/\/agora.xtec.cat\/cfaclot\/wp-json\/wp\/v2\/pages\/286"}],"wp:attachment":[{"href":"https:\/\/agora.xtec.cat\/cfaclot\/wp-json\/wp\/v2\/media?parent=312"}],"curies":[{"name":"wp","href":"https:\/\/api.w.org\/{rel}","templated":true}]}}