{"id":288,"date":"2015-01-28T11:08:02","date_gmt":"2015-01-28T10:08:02","guid":{"rendered":"http:\/\/agora.xtec.cat\/cfaclot\/?page_id=288"},"modified":"2025-08-17T11:21:51","modified_gmt":"2025-08-17T09:21:51","slug":"ensenyaments-per-a-la-preparacio-de-proves-dacces","status":"publish","type":"page","link":"https:\/\/agora.xtec.cat\/cfaclot\/ensenyaments\/ensenyaments-per-a-la-preparacio-de-proves-dacces\/","title":{"rendered":"Cursos acc\u00e9s a la universitat i a cicles de grau superior"},"content":{"rendered":"<p>A l&#8217;escola oferim dos cursos d&#8217;acc\u00e9s:<\/p>\n<p><strong><span style=\"color: #ff0000;\">CAS: CURS D&#8217;ACC\u00c9S A CICLES FORMATIUS DE GRAU SUPERIOR<\/span><\/strong><\/p>\n<p>Estudiant aquest curs no cal fer prova externa d&#8217;acc\u00e9s. Per tal de superar el curs es demana un m\u00ednim del 80% d&#8217;assist\u00e8ncia a les classes i es fa avaluaci\u00f3 cont\u00ednua al llarg del curs. Com que no cal fer la prova, \u00e9s m\u00e9s f\u00e0cil accedir als cicles de grau superior. Cal tenir 19 anys o b\u00e9 fer-los l&#8217;any d&#8217;inici del curs.<\/p>\n<p>Oferim horari de mat\u00ed i de tarda-vespre, de dilluns a dijous.<\/p>\n<p>Es poden cursar les mat\u00e8ries comunes: Catal\u00e0, Castell\u00e0, Angl\u00e8s i Matem\u00e0tiques.<\/p>\n<p>Tamb\u00e9 oferim les mat\u00e8ries espec\u00edfiques de totes les opcions per accedir a qualsevol cicle: Psicologia i Geografia; Biologia i Qu\u00edmica; Tecnologia i F\u00edsica<\/p>\n<p><strong>MAT\u00c8RIES COMUNES <\/strong>(Castell\u00e0, Catal\u00e0, Angl\u00e8s i Matem\u00e0tiques):<\/p>\n<p><strong>MAT\u00c8RIES ESPEC\u00cdFIQUES<br \/>\n<\/strong><\/p>\n<p>Segons a quina fam\u00edlia professional s&#8217;han de triar unes espec\u00edfiques o unes altres.<\/p>\n<p><strong><span style=\"color: #ff0000;\">Psicologia i Geografia<\/span>:<\/strong>\u00a0Permeten acc\u00e9s a les fam\u00edlies professionals de:<\/p>\n<p>Administraci\u00f3<br \/>\nComer\u00e7 i M\u00e0rqueting<br \/>\nServeis socioculturals i a la comunitat<br \/>\nHostaleria i Turisme<\/p>\n<p>&nbsp;<\/p>\n<p><a href=\"http:\/\/agora.xtec.cat\/cfaclot\/wp-content\/uploads\/usu1471\/2015\/01\/digital_marketing2.jpg\"><img loading=\"lazy\" decoding=\"async\" class=\"alignnone wp-image-447\" src=\"http:\/\/agora.xtec.cat\/cfaclot\/wp-content\/uploads\/usu1471\/2015\/01\/digital_marketing2.jpg\" alt=\"\" width=\"309\" height=\"143\" srcset=\"https:\/\/agora.xtec.cat\/cfaclot\/wp-content\/uploads\/usu1471\/2015\/01\/digital_marketing2.jpg 505w, https:\/\/agora.xtec.cat\/cfaclot\/wp-content\/uploads\/usu1471\/2015\/01\/digital_marketing2-300x139.jpg 300w\" sizes=\"auto, (max-width: 309px) 100vw, 309px\" \/><\/a><\/p>\n<p><strong><span style=\"color: #ff0000;\">Biologia i Qu\u00edmica<\/span>:<\/strong>\u00a0Permeten acc\u00e9s a les fam\u00edlies professionals de:<\/p>\n<p>Sanitat<br \/>\nImatge Personal<br \/>\nQu\u00edmica<\/p>\n<p><a href=\"http:\/\/agora.xtec.cat\/cfaclot\/wp-content\/uploads\/usu1471\/2015\/01\/laboratorio-clinico-segundo-enfoque-e1506591261188.png\"><img loading=\"lazy\" decoding=\"async\" class=\"size-full wp-image-445 alignleft\" src=\"http:\/\/agora.xtec.cat\/cfaclot\/wp-content\/uploads\/usu1471\/2015\/01\/laboratorio-clinico-segundo-enfoque-e1506591261188.png\" alt=\"\" width=\"221\" height=\"122\" \/><\/a><\/p>\n<p>&nbsp;<\/p>\n<p>&nbsp;<\/p>\n<p>&nbsp;<\/p>\n<p>&nbsp;<\/p>\n<p><span style=\"color: #ff0000;\"><strong>Tecnologia i F\u00edsica<\/strong><\/span>: Permeten acc\u00e9s a les fam\u00edlies professionals de:<\/p>\n<p>Arts Gr\u00e0fiques Comunicaci\u00f3,<\/p>\n<p>Imatge i So<\/p>\n<p>Electricitat i Electr\u00f2nica<\/p>\n<p>Mec\u00e0nica<\/p>\n<p>Inform\u00e0tica<\/p>\n<p>Manteniment de vehicles<\/p>\n<p><a href=\"http:\/\/agora.xtec.cat\/cfaclot\/wp-content\/uploads\/usu1471\/2015\/01\/mecanica_01-e1506591359867.jpg\"><img loading=\"lazy\" decoding=\"async\" class=\"alignnone wp-image-446\" src=\"http:\/\/agora.xtec.cat\/cfaclot\/wp-content\/uploads\/usu1471\/2015\/01\/mecanica_01-1024x449.jpg\" alt=\"\" width=\"408\" height=\"179\" \/><\/a><a href=\"http:\/\/agora.xtec.cat\/cfaclot\/wp-content\/uploads\/usu1471\/2015\/01\/informatica.jpg\"><img loading=\"lazy\" decoding=\"async\" class=\"alignnone wp-image-448\" src=\"http:\/\/agora.xtec.cat\/cfaclot\/wp-content\/uploads\/usu1471\/2015\/01\/informatica-e1506591378740.jpg\" alt=\"\" width=\"316\" height=\"178\" \/><\/a><\/p>\n<p>&nbsp;<\/p>\n<p><strong><span style=\"color: #ff0000;\">CURS DE PREPARACI\u00d3 A LES PROVES D&#8217;ACC\u00c9S A LA UNIVERSITAT PER A MAJORS DE 25 I 45 ANYS<\/span><\/strong><\/p>\n<p>L&#8217;escola disposa de dos grups: Un en horari de matins i un en horari de tarda.<\/p>\n<p><strong>Mat\u00e8ries comunes<\/strong>: Catal\u00e0, Castell\u00e0, Angl\u00e8s i Comentari de Text<\/p>\n<p><strong>Mat\u00e8ries optatives<\/strong>:<\/p>\n<p>Optatives:\u00a0<b>Biologia i Qu\u00edmica<\/b>: Carreres de Ci\u00e8ncies i Ci\u00e8ncies de la Salut<\/p>\n<p><b>\u00a0 \u00a0 \u00a0 \u00a0 \u00a0 \u00a0 \u00a0 \u00a0 \u00a0Geografia i Hist\u00f2ria Contempor\u00e0nia<\/b>: Carreres de Ci\u00e8ncies Socials i Jur\u00eddiques, Arts i Humanitats<\/p>\n<p>Tamb\u00e9 preparem la prova d\u2019acc\u00e9s a m\u00e9s grans de 45, que nom\u00e9s inclou la prova de Catal\u00e0, Castell\u00e0 i Comentari de Text. Posteriorment cal fer una entrevista personal a la facultat triada per cursar la carrera.<\/p>\n<p>La prova es fa en dos dissabtes; el primer es fan els ex\u00e0mens de les mat\u00e8ries comunes i el seg\u00fcent de les optatives. Acostuma a ser l&#8217;\u00faltim dissabte d&#8217;abril i el primer de maig.<\/p>\n<p>Per a m\u00e9s informaci\u00f3 <a href=\"https:\/\/universitats.gencat.cat\/ca\/proves-majors\/25-anys\/index.html\">WEB DE LA GENERALITAT<\/a><\/p>\n<p>&nbsp;<\/p>\n","protected":false},"excerpt":{"rendered":"<p>A l&#8217;escola oferim dos cursos d&#8217;acc\u00e9s:<br \/>\nCAS: CURS D&#8217;ACC\u00c9S A CICLES FORMATIUS DE GRAU SUPERIOR<br \/>\nEstudiant aquest curs no cal fer prova externa d&#8217;acc\u00e9s. Per tal de superar el curs es demana un m\u00ednim del 80% d&#8217;assist\u00e8ncia a les classes i es fa avaluaci\u00f3 cont\u00ednua al llarg&hellip;  <a href=\"https:\/\/agora.xtec.cat\/cfaclot\/ensenyaments\/ensenyaments-per-a-la-preparacio-de-proves-dacces\/\" title=\"Read Cursos acc\u00e9s a la universitat i a cicles de grau superior\">Llegeix m\u00e9s\u00bb<\/a><\/p>\n","protected":false},"author":1,"featured_media":0,"parent":274,"menu_order":0,"comment_status":"closed","ping_status":"closed","template":"page-templates\/side-menu.php","meta":{"_bbp_topic_count":0,"_bbp_reply_count":0,"_bbp_total_topic_count":0,"_bbp_total_reply_count":0,"_bbp_voice_count":0,"_bbp_anonymous_reply_count":0,"_bbp_topic_count_hidden":0,"_bbp_reply_count_hidden":0,"_bbp_forum_subforum_count":0,"footnotes":""},"class_list":["post-288","page","type-page","status-publish","hentry"],"post_mailing_queue_ids":[],"_links":{"self":[{"href":"https:\/\/agora.xtec.cat\/cfaclot\/wp-json\/wp\/v2\/pages\/288","targetHints":{"allow":["GET"]}}],"collection":[{"href":"https:\/\/agora.xtec.cat\/cfaclot\/wp-json\/wp\/v2\/pages"}],"about":[{"href":"https:\/\/agora.xtec.cat\/cfaclot\/wp-json\/wp\/v2\/types\/page"}],"author":[{"embeddable":true,"href":"https:\/\/agora.xtec.cat\/cfaclot\/wp-json\/wp\/v2\/users\/1"}],"replies":[{"embeddable":true,"href":"https:\/\/agora.xtec.cat\/cfaclot\/wp-json\/wp\/v2\/comments?post=288"}],"version-history":[{"count":6,"href":"https:\/\/agora.xtec.cat\/cfaclot\/wp-json\/wp\/v2\/pages\/288\/revisions"}],"predecessor-version":[{"id":2079,"href":"https:\/\/agora.xtec.cat\/cfaclot\/wp-json\/wp\/v2\/pages\/288\/revisions\/2079"}],"up":[{"embeddable":true,"href":"https:\/\/agora.xtec.cat\/cfaclot\/wp-json\/wp\/v2\/pages\/274"}],"wp:attachment":[{"href":"https:\/\/agora.xtec.cat\/cfaclot\/wp-json\/wp\/v2\/media?parent=288"}],"curies":[{"name":"wp","href":"https:\/\/api.w.org\/{rel}","templated":true}]}}