{"id":27,"date":"2014-09-17T16:24:03","date_gmt":"2014-09-17T16:24:03","guid":{"rendered":"http:\/\/agora.xtec.cat\/cfaclot\/?page_id=27"},"modified":"2017-09-21T12:03:08","modified_gmt":"2017-09-21T10:03:08","slug":"historia","status":"publish","type":"page","link":"https:\/\/agora.xtec.cat\/cfaclot\/el-centre\/historia\/","title":{"rendered":"Hist\u00f2ria"},"content":{"rendered":"<p>L&#8217;Escola d&#8217;Adults el Clot va comen\u00e7ar a impartir cursos el 1976, quan un grup de persones desinteressadament va decidir que el barri necessitava un centre de formaci\u00f3 per a persones adultes. Una part important de la poblaci\u00f3 treballadora no havia pogut cursar l&#8217;ensenyament elemental i era considerable la poblaci\u00f3 analfabeta.<\/p>\n<p>Va comen\u00e7ar el seu cam\u00ed com a escola al carrer Ter N\u00ba 10, on compartien classes i aules amb l&#8217;escola infantil San Juan de Ribera(actualment la Rambleta del Clot).<\/p>\n<p><a href=\"http:\/\/agora.xtec.cat\/cfaclot\/wp-content\/uploads\/usu1471\/2014\/09\/Ter-10.jpg\"><img loading=\"lazy\" decoding=\"async\" class=\"alignnone size-full wp-image-423\" src=\"http:\/\/agora.xtec.cat\/cfaclot\/wp-content\/uploads\/usu1471\/2014\/09\/Ter-10.jpg\" alt=\"\" width=\"236\" height=\"212\" \/><\/a><\/p>\n<p>Al 1988 L&#8217;escola es va traslladar al carrer Consell de Cent, 325, on al llarg de 10 anys, va continuar creixent tant en professorat com en oferta formativa. L&#8217;escola d&#8217;adults ja era part del barri.<\/p>\n<p>Al 1999 l&#8217;escola es va traslladar al carrer Sant Quint\u00ed 42, vam compartir aules amb l&#8217;institut de Secund\u00e0ria Sant Josep de Calasan\u00e7 (actualment Moises Broggi).<\/p>\n<p><a href=\"http:\/\/agora.xtec.cat\/cfaclot\/wp-content\/uploads\/usu1471\/2014\/09\/Sant-Josep-Calasa\u00e7.jpg\"><img loading=\"lazy\" decoding=\"async\" class=\"alignnone size-full wp-image-425\" src=\"http:\/\/agora.xtec.cat\/cfaclot\/wp-content\/uploads\/usu1471\/2014\/09\/Sant-Josep-Calasa\u00e7.jpg\" alt=\"\" width=\"408\" height=\"257\" srcset=\"https:\/\/agora.xtec.cat\/cfaclot\/wp-content\/uploads\/usu1471\/2014\/09\/Sant-Josep-Calasa\u00e7.jpg 408w, https:\/\/agora.xtec.cat\/cfaclot\/wp-content\/uploads\/usu1471\/2014\/09\/Sant-Josep-Calasa\u00e7-300x189.jpg 300w\" sizes=\"auto, (max-width: 408px) 100vw, 408px\" \/><\/a><\/p>\n<p>Des del 2006 ens trobem al nostre actual empla\u00e7ament del carrer <b>Bilbao, 214<\/b>.<\/p>\n<p>CFA EL CLOT \u00e9s un Centre de refer\u00e8ncia al barri de Sant Mart\u00ed i a tota Barcelona.<\/p>\n<p>\u00c9s un del Centres de formaci\u00f3 d&#8217;adults amb m\u00e9s projecci\u00f3 amb un alt \u00edndex de satisfacci\u00f3 en relaci\u00f3 als centres existents.<\/p>\n","protected":false},"excerpt":{"rendered":"<p>L&#8217;Escola d&#8217;Adults el Clot va comen\u00e7ar a impartir cursos el 1976, quan un grup de persones desinteressadament va decidir que el barri necessitava un centre de formaci\u00f3 per a persones adultes. Una part important de la poblaci\u00f3 treballadora no havia pogut cursar l&#8217;ensenyament elemental i&hellip;  <a href=\"https:\/\/agora.xtec.cat\/cfaclot\/el-centre\/historia\/\" title=\"Read Hist\u00f2ria\">Llegeix m\u00e9s\u00bb<\/a><\/p>\n","protected":false},"author":1,"featured_media":0,"parent":261,"menu_order":20,"comment_status":"closed","ping_status":"closed","template":"page-templates\/side-menu.php","meta":{"_bbp_topic_count":0,"_bbp_reply_count":0,"_bbp_total_topic_count":0,"_bbp_total_reply_count":0,"_bbp_voice_count":0,"_bbp_anonymous_reply_count":0,"_bbp_topic_count_hidden":0,"_bbp_reply_count_hidden":0,"_bbp_forum_subforum_count":0,"footnotes":""},"class_list":["post-27","page","type-page","status-publish","hentry"],"post_mailing_queue_ids":[],"_links":{"self":[{"href":"https:\/\/agora.xtec.cat\/cfaclot\/wp-json\/wp\/v2\/pages\/27","targetHints":{"allow":["GET"]}}],"collection":[{"href":"https:\/\/agora.xtec.cat\/cfaclot\/wp-json\/wp\/v2\/pages"}],"about":[{"href":"https:\/\/agora.xtec.cat\/cfaclot\/wp-json\/wp\/v2\/types\/page"}],"author":[{"embeddable":true,"href":"https:\/\/agora.xtec.cat\/cfaclot\/wp-json\/wp\/v2\/users\/1"}],"replies":[{"embeddable":true,"href":"https:\/\/agora.xtec.cat\/cfaclot\/wp-json\/wp\/v2\/comments?post=27"}],"version-history":[{"count":3,"href":"https:\/\/agora.xtec.cat\/cfaclot\/wp-json\/wp\/v2\/pages\/27\/revisions"}],"predecessor-version":[{"id":427,"href":"https:\/\/agora.xtec.cat\/cfaclot\/wp-json\/wp\/v2\/pages\/27\/revisions\/427"}],"up":[{"embeddable":true,"href":"https:\/\/agora.xtec.cat\/cfaclot\/wp-json\/wp\/v2\/pages\/261"}],"wp:attachment":[{"href":"https:\/\/agora.xtec.cat\/cfaclot\/wp-json\/wp\/v2\/media?parent=27"}],"curies":[{"name":"wp","href":"https:\/\/api.w.org\/{rel}","templated":true}]}}