{"id":545,"date":"2016-11-14T13:41:09","date_gmt":"2016-11-14T12:41:09","guid":{"rendered":"http:\/\/agora.xtec.cat\/cfacervera\/?page_id=545"},"modified":"2026-05-04T22:47:19","modified_gmt":"2026-05-04T20:47:19","slug":"fotografies-activitats-centre","status":"publish","type":"page","link":"https:\/\/agora.xtec.cat\/cfacervera\/serveis\/fotografies-activitats-centre\/","title":{"rendered":"Fotografies Activitats Centre"},"content":{"rendered":"\n<p><a href=\"https:\/\/photos.app.goo.gl\/TvPqGigp9SdKuiJi8\" target=\"_blank\" rel=\"noopener\">Parc Astron\u00f2mic del Montsec (febrer 2025)<\/a><br><a href=\"https:\/\/photos.app.goo.gl\/mc4F45sJcnifU7cY7\" target=\"_blank\" rel=\"noopener\">Sortida a Guissona (mar\u00e7 2025)<\/a><br><a href=\"https:\/\/photos.app.goo.gl\/CAsN1A7fNf8Ln55z8\" target=\"_blank\" rel=\"noopener\">Sortida a<\/a><a href=\"https:\/\/photos.app.goo.gl\/CAsN1A7fNf8Ln55z8\" target=\"_blank\" rel=\"noopener\">l Museu Morera i Ruta de les Fonts (mar\u00e7 2025)<\/a><br><a href=\"https:\/\/photos.app.goo.gl\/mcBaXbDDCYXst3Rp8\" target=\"_blank\" rel=\"noopener\">Tallers d&#8217;angl\u00e8s 24\/25 (mar\u00e7 2025)<\/a><br><a href=\"https:\/\/photos.app.goo.gl\/yKqdtd3bBhrwG81w8\" target=\"_blank\" rel=\"noopener\">7\u00e8 Concurs de fotografia 2025 (abril i maig)<\/a><br><a href=\"https:\/\/photos.app.goo.gl\/EhVbNeuyJwpbd6wd7\" target=\"_blank\" rel=\"noopener\">Viatge a Gr\u00e8cia (maig 2025)<\/a><br><a href=\"https:\/\/photos.app.goo.gl\/k4kPsNZoKtf7ntXb7\" target=\"_blank\" rel=\"noopener\">Sortida Vilanova i la Geltr\u00fa (juny 2025)<\/a><br><a href=\"https:\/\/photos.app.goo.gl\/xM9ZMewKd3ppJiL69\" target=\"_blank\" rel=\"noopener\">Festa final de curs (juny 2025)<\/a><\/p>\n\n\n\n<p><a href=\"https:\/\/photos.app.goo.gl\/SMv7dANS9Q7aNm8c7\" target=\"_blank\" rel=\"noopener\">Sortida Castells de la Segarra (novembre 2025)<\/a><\/p>\n\n\n\n<p><\/p>\n\n\n\n<p><a href=\"https:\/\/photos.app.goo.gl\/qqEkPsqJ3tF97SD36\" target=\"_blank\" rel=\"noreferrer noopener\">Visita biblioteca de Cervera (desembre 2025)<\/a><\/p>\n\n\n\n<p><a href=\"https:\/\/photos.app.goo.gl\/N4GoRbkc8DtP53GUA\" target=\"_blank\" rel=\"noreferrer noopener\">Sortida Lleida (mar\u00e7 2026)<\/a><\/p>\n\n\n\n<p><a href=\"https:\/\/photos.app.goo.gl\/SVXAX98mF5jLfvrM9\" target=\"_blank\" rel=\"noreferrer noopener\">Les dones que han fet Cervera (mar\u00e7 2026)<\/a><\/p>\n\n\n\n<p><a href=\"https:\/\/photos.app.goo.gl\/coRHTFXPS8GUUqXh9\" target=\"_blank\" rel=\"noreferrer noopener\">Presentaci\u00f3 del llibre: La veritat del cas Comorera (abril 2026)<\/a><\/p>\n\n\n\n<p><a href=\"https:\/\/photos.app.goo.gl\/xeJsiSeWJGM4xJeJ6\" target=\"_blank\" rel=\"noreferrer noopener\">Visita guiada Cervera (abril 2026)<\/a><\/p>\n\n\n\n<p><a href=\"https:\/\/photos.app.goo.gl\/Z4fmJKf1ZKvXmtpo6\" target=\"_blank\" rel=\"noreferrer noopener\">8\u00e8 Concurs de fotografia 2026 (abril i maig)<\/a><\/p>\n\n\n\r\n\t<div class=\"slideshow_container slideshow_container_style-light\" style=\"height: 400px; \" data-slideshow-id=\"2894\" data-style-name=\"style-light\" data-style-version=\"2.3.1\" >\r\n\r\n\t\t\t\t\t<div class=\"slideshow_loading_icon\"><\/div>\r\n\t\t\r\n\t\t<div class=\"slideshow_content\" style=\"display: none;\">\r\n\r\n\t\t\t<div class=\"slideshow_view\">\r\n\t\t\t\t<div class=\"slideshow_slide slideshow_slide_image\">\r\n\t\t\t\t\t\t\t\t\t\t\t<img src=\"https:\/\/agora.xtec.cat\/cfacervera\/wp-content\/uploads\/usu265\/2025\/02\/1733042912539-scaled-2.jpg\" alt=\"1733042912539-scaled\" width=\"1920\" height=\"1080\" \/>\r\n\t\t\t\t\t\t\t\t\t\t<div class=\"slideshow_description_box slideshow_transparent\">\r\n\t\t\t\t\t\t<div class=\"slideshow_title\">1733042912539-scaled<\/div>\t\t\t\t\t\t\t\t\t\t\t<\/div>\r\n\t\t\t\t<\/div>\r\n\r\n\t\t\t\t\t\t<div style=\"clear: both;\"><\/div><\/div>\r\n\t\t<\/div>\r\n\r\n\t\t<div class=\"slideshow_controlPanel slideshow_transparent\" style=\"display: none;\"><ul><li class=\"slideshow_togglePlay\" data-play-text=\"Visualitza\" data-pause-text=\"Pausa\"><\/li><\/ul><\/div>\r\n\r\n\t\t<div class=\"slideshow_button slideshow_previous slideshow_transparent\" role=\"button\" data-previous-text=\"Anterior\" style=\"display: none;\"><\/div>\r\n\t\t<div class=\"slideshow_button slideshow_next slideshow_transparent\" role=\"button\" data-next-text=\"Seg\u00fcent\" style=\"display: none;\"><\/div>\r\n\r\n\t\t<div class=\"slideshow_pagination\" style=\"display: none;\" data-go-to-text=\"V\u00e9s a la diapositiva\"><div class=\"slideshow_pagination_center\"><\/div><\/div>\r\n\r\n\t\t<!-- WordPress Slideshow Version 2.3.1 -->\r\n\r\n\t\t\t<\/div>\r\n\r\n\n\n\n\n<p><\/p>\n","protected":false},"excerpt":{"rendered":"<p>Parc Astron\u00f2mic del Montsec (febrer 2025)Sortida a Guissona (mar\u00e7 2025)Sortida al Museu Morera i Ruta de les Fonts (mar\u00e7 2025)Tallers d&#8217;angl\u00e8s 24\/25 (mar\u00e7 2025)7\u00e8 Concurs de fotografia 2025 (abril i maig)Viatge a Gr\u00e8cia (maig 2025)Sortida Vilanova i la Geltr\u00fa (juny 2025)Festa final de curs (juny 2025) Sortida Castells de la Segarra (novembre 2025) Visita biblioteca [&hellip;]<\/p>\n","protected":false},"author":3,"featured_media":0,"parent":63,"menu_order":0,"comment_status":"closed","ping_status":"closed","template":"","meta":{"_bbp_topic_count":0,"_bbp_reply_count":0,"_bbp_total_topic_count":0,"_bbp_total_reply_count":0,"_bbp_voice_count":0,"_bbp_anonymous_reply_count":0,"_bbp_topic_count_hidden":0,"_bbp_reply_count_hidden":0,"_bbp_forum_subforum_count":0,"site-sidebar-layout":"default","site-content-layout":"","ast-site-content-layout":"default","site-content-style":"default","site-sidebar-style":"default","ast-global-header-display":"","ast-banner-title-visibility":"","ast-main-header-display":"","ast-hfb-above-header-display":"","ast-hfb-below-header-display":"","ast-hfb-mobile-header-display":"","site-post-title":"","ast-breadcrumbs-content":"","ast-featured-img":"","footer-sml-layout":"","theme-transparent-header-meta":"","adv-header-id-meta":"","stick-header-meta":"","header-above-stick-meta":"","header-main-stick-meta":"","header-below-stick-meta":"","astra-migrate-meta-layouts":"set","ast-page-background-enabled":"default","ast-page-background-meta":{"desktop":{"background-color":"var(--ast-global-color-4)","background-image":"","background-repeat":"repeat","background-position":"center center","background-size":"auto","background-attachment":"scroll","background-type":"","background-media":"","overlay-type":"","overlay-color":"","overlay-opacity":"","overlay-gradient":""},"tablet":{"background-color":"","background-image":"","background-repeat":"repeat","background-position":"center center","background-size":"auto","background-attachment":"scroll","background-type":"","background-media":"","overlay-type":"","overlay-color":"","overlay-opacity":"","overlay-gradient":""},"mobile":{"background-color":"","background-image":"","background-repeat":"repeat","background-position":"center center","background-size":"auto","background-attachment":"scroll","background-type":"","background-media":"","overlay-type":"","overlay-color":"","overlay-opacity":"","overlay-gradient":""}},"ast-content-background-meta":{"desktop":{"background-color":"var(--ast-global-color-5)","background-image":"","background-repeat":"repeat","background-position":"center center","background-size":"auto","background-attachment":"scroll","background-type":"","background-media":"","overlay-type":"","overlay-color":"","overlay-opacity":"","overlay-gradient":""},"tablet":{"background-color":"var(--ast-global-color-5)","background-image":"","background-repeat":"repeat","background-position":"center center","background-size":"auto","background-attachment":"scroll","background-type":"","background-media":"","overlay-type":"","overlay-color":"","overlay-opacity":"","overlay-gradient":""},"mobile":{"background-color":"var(--ast-global-color-5)","background-image":"","background-repeat":"repeat","background-position":"center center","background-size":"auto","background-attachment":"scroll","background-type":"","background-media":"","overlay-type":"","overlay-color":"","overlay-opacity":"","overlay-gradient":""}},"footnotes":""},"class_list":["post-545","page","type-page","status-publish","hentry"],"post_mailing_queue_ids":[],"_links":{"self":[{"href":"https:\/\/agora.xtec.cat\/cfacervera\/wp-json\/wp\/v2\/pages\/545","targetHints":{"allow":["GET"]}}],"collection":[{"href":"https:\/\/agora.xtec.cat\/cfacervera\/wp-json\/wp\/v2\/pages"}],"about":[{"href":"https:\/\/agora.xtec.cat\/cfacervera\/wp-json\/wp\/v2\/types\/page"}],"author":[{"embeddable":true,"href":"https:\/\/agora.xtec.cat\/cfacervera\/wp-json\/wp\/v2\/users\/3"}],"replies":[{"embeddable":true,"href":"https:\/\/agora.xtec.cat\/cfacervera\/wp-json\/wp\/v2\/comments?post=545"}],"version-history":[{"count":5,"href":"https:\/\/agora.xtec.cat\/cfacervera\/wp-json\/wp\/v2\/pages\/545\/revisions"}],"predecessor-version":[{"id":3751,"href":"https:\/\/agora.xtec.cat\/cfacervera\/wp-json\/wp\/v2\/pages\/545\/revisions\/3751"}],"up":[{"embeddable":true,"href":"https:\/\/agora.xtec.cat\/cfacervera\/wp-json\/wp\/v2\/pages\/63"}],"wp:attachment":[{"href":"https:\/\/agora.xtec.cat\/cfacervera\/wp-json\/wp\/v2\/media?parent=545"}],"curies":[{"name":"wp","href":"https:\/\/api.w.org\/{rel}","templated":true}]}}