{"id":316,"date":"2015-01-28T11:33:51","date_gmt":"2015-01-28T10:33:51","guid":{"rendered":"http:\/\/agora.xtec.cat\/cfacervera\/\/?page_id=316"},"modified":"2025-09-23T11:46:26","modified_gmt":"2025-09-23T09:46:26","slug":"competencia-digital-competic","status":"publish","type":"page","link":"https:\/\/agora.xtec.cat\/cfacervera\/ensenyaments\/ensenyaments-transprofessionals\/competencia-digital-competic\/","title":{"rendered":"Compet\u00e8ncia digital COMPETIC"},"content":{"rendered":"<header class=\"entry-header\">\n<h4 class=\"entry-title\">Compet\u00e8ncia digital COMPETIC<\/h4>\n<p>Equival\u00e8ncies Competic:<\/p>\n<p>Competic 1 = ACTIC B\u00e0sic<br \/>\nCompetic 2 = ACTIC Mitj\u00e0<br \/>\nCompetic 3 = Certificat ACTIC Avan\u00e7at<\/p>\n<h4><strong>INFORM\u00c0TICA INICIAL <\/strong><\/h4>\n<ul>\n<li>Tecnologia digital, \u00fas de l&#8217;ordinador i del sistema operatiu.<\/li>\n<li>Tractament de la informaci\u00f3 escrita.<\/li>\n<li>Navegaci\u00f3, cerca i informaci\u00f3 en el m\u00f3n digital.<\/li>\n<\/ul>\n<h4><b>COMPETIC 1<br \/>\n<\/b><\/h4>\n<p>Recull les tres compet\u00e8ncies del nivell b\u00e0sic de l\u2019acreditaci\u00f3 de compet\u00e8ncies en tecnologies de la informaci\u00f3 i la comunicaci\u00f3 (ACTIC-B\u00e0sic). No recollides a la formaci\u00f3 COMPETIC INICIAL:<\/p>\n<ul>\n<li>Tractament de la informaci\u00f3 num\u00e8rica.<\/li>\n<li>Tractament de la informaci\u00f3 gr\u00e0fica, sonora i de la imatge en moviment.<\/li>\n<li>Cultura, participaci\u00f3 i civisme digital.<\/li>\n<\/ul>\n<h4><b>COMPETIC 2<br \/>\n<\/b><\/h4>\n<p>Recull les vuit compet\u00e8ncies del nivell mitj\u00e0 de l\u2019acreditaci\u00f3 de compet\u00e8ncies en tecnologies de la informaci\u00f3 i la comunicaci\u00f3 (ACTIC- Mitj\u00e0):<\/p>\n<ul>\n<li>Cultura, participaci\u00f3 i civisme digital.<\/li>\n<li>Tecnologia digital, \u00fas de l\u2019ordinador i del sistema operatiu.<\/li>\n<li>Navegaci\u00f3 i comunicaci\u00f3 en el m\u00f3n digital.<\/li>\n<li>Tractament de la informaci\u00f3 escrita.<\/li>\n<li>Tractament de la informaci\u00f3 gr\u00e0fica, sonora i de la imatge en moviment.<\/li>\n<li>Tractament de la informaci\u00f3 num\u00e8rica.<\/li>\n<li>Tractament de les dades.<\/li>\n<li>Presentaci\u00f3 de continguts.<\/li>\n<\/ul>\n<h4><b>COMPETIC 3<br \/>\n<\/b><\/h4>\n<p>Recull les cinc compet\u00e8ncies del nivell avan\u00e7at de l\u2019acreditaci\u00f3 de compet\u00e8ncies en tecnologies de la informaci\u00f3 i la comunicaci\u00f3 (ACTIC- Avan\u00e7at), de les quals al centre treballem la C4, C6 i C8.<\/p>\n<ul>\n<li><strong>Tractament de la informaci\u00f3 escrita (C4).<\/strong><\/li>\n<li>Tractament de la informaci\u00f3 gr\u00e0fica, sonora i de la imatge en moviment.<\/li>\n<li><strong>Tractament de la informaci\u00f3 num\u00e8rica (C6).<br \/>\n<\/strong><\/li>\n<li>Tractament de les dades.<\/li>\n<li><strong>Presentaci\u00f3 de continguts (C8).<br \/>\n<\/strong><\/li>\n<\/ul>\n<h4>\u00a0 <b>Normativa<\/b><\/h4>\n<ul>\n<li><a href=\"http:\/\/educacio.gencat.cat\/documents\/PC\/ComunicacionsCentres\/Curriculums_ensenyaments_informatica.pdf\" target=\"_blank\" rel=\"noopener noreferrer\"><b>Resoluci\u00f3 <\/b><\/a>de 19 de juny de 2012, per la qual s\u2019estableixen els curr\u00edculums dels ensenyaments d\u2019inform\u00e0tica d\u2019aplicaci\u00f3 als centres i aules de formaci\u00f3 de persones adultes, que depenen del Departament d\u2019Ensenyament.<\/li>\n<li><a href=\"http:\/\/dogc.gencat.cat\/ca\/pdogc_canals_interns\/pdogc_resultats_fitxa\/?action=fitxa&amp;mode=single&amp;documentId=661212&amp;language=ca_ES\" target=\"_blank\" rel=\"noopener noreferrer\"><b>Resoluci\u00f3 ENS\/924\/2014<\/b><\/a>, de 23 d\u2019abril, per la qual s\u2019estableix el procediment d\u2019avaluaci\u00f3 i certificaci\u00f3 dels ensenyaments de compet\u00e8ncia digital a l\u2019educaci\u00f3 d\u2019adults (DOGC n\u00fam. 6614, de 2.5.2014)<\/li>\n<li><a href=\"http:\/\/dogc.gencat.cat\/ca\/pdogc_canals_interns\/pdogc_resultats_fitxa\/?action=fitxa&amp;mode=single&amp;documentId=649126&amp;language=ca_ES\" target=\"_blank\" rel=\"noopener noreferrer\"><b>Ordre ENS\/290\/2013<\/b><\/a>, de 12 de novembre, per la qual s\u2019estableix l\u2019equival\u00e8ncia entre els certificats de compet\u00e8ncia digital (COMPETIC) de l\u2019educaci\u00f3 d\u2019adults i els certificats de l\u2019acreditaci\u00f3 de Competic.<\/li>\n<li><strong><a id=\"sites-chrome-userheader-title\" dir=\"ltr\" href=\"https:\/\/sites.google.com\/a\/xtec.cat\/competic-fpa\/\" target=\"_blank\" rel=\"noopener noreferrer\">COMPETIC Compet\u00e8ncies B\u00e0siques en TIC per a l&#8217;FPA.<\/a><\/strong><\/li>\n<\/ul>\n<p>Horari:<\/p>\n<p>Competic inicial, Competic 1 i\u00a0 Competic 2: mat\u00ed. El curs 2025-2026 hi haur\u00e0 un grup de Competic Inicial i 1 a Guissona, en horari de tarda.<\/p>\n<p>Competic 3: vespre.<\/p>\n<p><a href=\"https:\/\/drive.google.com\/file\/d\/1ZOr5XUl-rNWw1-1u_w6tL8qZAiWTtARI\/view?usp=drive_link\" target=\"_blank\" rel=\"noopener\">Infografia Competic<\/a><\/p>\n<\/header>\n","protected":false},"excerpt":{"rendered":"<p>Compet\u00e8ncia digital COMPETIC Equival\u00e8ncies Competic: Competic 1 = ACTIC B\u00e0sic Competic 2 = ACTIC Mitj\u00e0 Competic 3 = Certificat ACTIC Avan\u00e7at INFORM\u00c0TICA INICIAL Tecnologia digital, \u00fas de l&#8217;ordinador i del sistema operatiu. Tractament de la informaci\u00f3 escrita. Navegaci\u00f3, cerca i informaci\u00f3 en el m\u00f3n digital. COMPETIC 1 Recull les tres compet\u00e8ncies del nivell b\u00e0sic de [&hellip;]<\/p>\n","protected":false},"author":2,"featured_media":0,"parent":286,"menu_order":0,"comment_status":"closed","ping_status":"closed","template":"","meta":{"_bbp_topic_count":0,"_bbp_reply_count":0,"_bbp_total_topic_count":0,"_bbp_total_reply_count":0,"_bbp_voice_count":0,"_bbp_anonymous_reply_count":0,"_bbp_topic_count_hidden":0,"_bbp_reply_count_hidden":0,"_bbp_forum_subforum_count":0,"site-sidebar-layout":"default","site-content-layout":"","ast-site-content-layout":"default","site-content-style":"default","site-sidebar-style":"default","ast-global-header-display":"","ast-banner-title-visibility":"","ast-main-header-display":"","ast-hfb-above-header-display":"","ast-hfb-below-header-display":"","ast-hfb-mobile-header-display":"","site-post-title":"","ast-breadcrumbs-content":"","ast-featured-img":"","footer-sml-layout":"","theme-transparent-header-meta":"","adv-header-id-meta":"","stick-header-meta":"","header-above-stick-meta":"","header-main-stick-meta":"","header-below-stick-meta":"","astra-migrate-meta-layouts":"set","ast-page-background-enabled":"default","ast-page-background-meta":{"desktop":{"background-color":"var(--ast-global-color-4)","background-image":"","background-repeat":"repeat","background-position":"center center","background-size":"auto","background-attachment":"scroll","background-type":"","background-media":"","overlay-type":"","overlay-color":"","overlay-opacity":"","overlay-gradient":""},"tablet":{"background-color":"","background-image":"","background-repeat":"repeat","background-position":"center center","background-size":"auto","background-attachment":"scroll","background-type":"","background-media":"","overlay-type":"","overlay-color":"","overlay-opacity":"","overlay-gradient":""},"mobile":{"background-color":"","background-image":"","background-repeat":"repeat","background-position":"center center","background-size":"auto","background-attachment":"scroll","background-type":"","background-media":"","overlay-type":"","overlay-color":"","overlay-opacity":"","overlay-gradient":""}},"ast-content-background-meta":{"desktop":{"background-color":"var(--ast-global-color-5)","background-image":"","background-repeat":"repeat","background-position":"center center","background-size":"auto","background-attachment":"scroll","background-type":"","background-media":"","overlay-type":"","overlay-color":"","overlay-opacity":"","overlay-gradient":""},"tablet":{"background-color":"var(--ast-global-color-5)","background-image":"","background-repeat":"repeat","background-position":"center center","background-size":"auto","background-attachment":"scroll","background-type":"","background-media":"","overlay-type":"","overlay-color":"","overlay-opacity":"","overlay-gradient":""},"mobile":{"background-color":"var(--ast-global-color-5)","background-image":"","background-repeat":"repeat","background-position":"center center","background-size":"auto","background-attachment":"scroll","background-type":"","background-media":"","overlay-type":"","overlay-color":"","overlay-opacity":"","overlay-gradient":""}},"footnotes":""},"class_list":["post-316","page","type-page","status-publish","hentry"],"post_mailing_queue_ids":[],"_links":{"self":[{"href":"https:\/\/agora.xtec.cat\/cfacervera\/wp-json\/wp\/v2\/pages\/316","targetHints":{"allow":["GET"]}}],"collection":[{"href":"https:\/\/agora.xtec.cat\/cfacervera\/wp-json\/wp\/v2\/pages"}],"about":[{"href":"https:\/\/agora.xtec.cat\/cfacervera\/wp-json\/wp\/v2\/types\/page"}],"author":[{"embeddable":true,"href":"https:\/\/agora.xtec.cat\/cfacervera\/wp-json\/wp\/v2\/users\/2"}],"replies":[{"embeddable":true,"href":"https:\/\/agora.xtec.cat\/cfacervera\/wp-json\/wp\/v2\/comments?post=316"}],"version-history":[{"count":6,"href":"https:\/\/agora.xtec.cat\/cfacervera\/wp-json\/wp\/v2\/pages\/316\/revisions"}],"predecessor-version":[{"id":3605,"href":"https:\/\/agora.xtec.cat\/cfacervera\/wp-json\/wp\/v2\/pages\/316\/revisions\/3605"}],"up":[{"embeddable":true,"href":"https:\/\/agora.xtec.cat\/cfacervera\/wp-json\/wp\/v2\/pages\/286"}],"wp:attachment":[{"href":"https:\/\/agora.xtec.cat\/cfacervera\/wp-json\/wp\/v2\/media?parent=316"}],"curies":[{"name":"wp","href":"https:\/\/api.w.org\/{rel}","templated":true}]}}