{"id":296,"date":"2015-01-28T11:18:08","date_gmt":"2015-01-28T10:18:08","guid":{"rendered":"http:\/\/agora.xtec.cat\/cfacervera\/\/?page_id=296"},"modified":"2025-09-23T11:52:27","modified_gmt":"2025-09-23T09:52:27","slug":"llengua-catalana","status":"publish","type":"page","link":"https:\/\/agora.xtec.cat\/cfacervera\/ensenyaments\/ensenyaments-inicials-i-formacio-basica\/llengua-catalana\/","title":{"rendered":"Llengua catalana"},"content":{"rendered":"<p>Llengua catalana<\/p>\n<p align=\"justify\">Aquest ensenyament es regula a la Resoluci\u00f3 de 10 de maig de 2013, en qu\u00e8 se n\u2019estableixen els curr\u00edculums.<\/p>\n<p align=\"justify\">L\u2019ensenyament de la llengua catalana t\u00e9 com a finalitat adquirir compet\u00e8ncia comunicativa per formar parlants que puguin comunicar-se amb prou flu\u00efdesa per resoldre la major part de situacions de la vida quotidiana, tant de manera oral com escrita, i en diferents suports audiovisuals.<\/p>\n<p align=\"justify\">L\u2019objectiu final \u00e9s que els parlants esdevinguin prou aut\u00f2noms per respondre a les necessitats personals, laborals, p\u00fabliques i educatives.<\/p>\n<p align=\"justify\">El nivell 1 correspon amb el nivell d\u2019usuari b\u00e0sic A1 (MECR).<\/p>\n<p align=\"justify\">El nivell 2 correspon amb el nivell d\u2019usuari b\u00e0sic A2 (MECR).<\/p>\n<p align=\"justify\">Horari: mat\u00ed.<\/p>\n<p>El curs 2025-2026 hi haur\u00e0 un grup de Catal\u00e0 1 i un de Catal\u00e0 2 (horari de mat\u00ed) a Cervera. A Guissona hi hauran dos\u00a0 grup de Catal\u00e0 1 (horari de mat\u00ed i de tarda) i\u00a0 un de Catal\u00e0 2 ( horari de mat\u00ed).<\/p>\n","protected":false},"excerpt":{"rendered":"<p>Llengua catalana Aquest ensenyament es regula a la Resoluci\u00f3 de 10 de maig de 2013, en qu\u00e8 se n\u2019estableixen els curr\u00edculums. L\u2019ensenyament de la llengua catalana t\u00e9 com a finalitat adquirir compet\u00e8ncia comunicativa per formar parlants que puguin comunicar-se amb prou flu\u00efdesa per resoldre la major part de situacions de la vida quotidiana, tant de [&hellip;]<\/p>\n","protected":false},"author":2,"featured_media":0,"parent":283,"menu_order":0,"comment_status":"closed","ping_status":"closed","template":"","meta":{"_bbp_topic_count":0,"_bbp_reply_count":0,"_bbp_total_topic_count":0,"_bbp_total_reply_count":0,"_bbp_voice_count":0,"_bbp_anonymous_reply_count":0,"_bbp_topic_count_hidden":0,"_bbp_reply_count_hidden":0,"_bbp_forum_subforum_count":0,"site-sidebar-layout":"default","site-content-layout":"","ast-site-content-layout":"default","site-content-style":"default","site-sidebar-style":"default","ast-global-header-display":"","ast-banner-title-visibility":"","ast-main-header-display":"","ast-hfb-above-header-display":"","ast-hfb-below-header-display":"","ast-hfb-mobile-header-display":"","site-post-title":"","ast-breadcrumbs-content":"","ast-featured-img":"","footer-sml-layout":"","theme-transparent-header-meta":"","adv-header-id-meta":"","stick-header-meta":"","header-above-stick-meta":"","header-main-stick-meta":"","header-below-stick-meta":"","astra-migrate-meta-layouts":"set","ast-page-background-enabled":"default","ast-page-background-meta":{"desktop":{"background-color":"var(--ast-global-color-4)","background-image":"","background-repeat":"repeat","background-position":"center center","background-size":"auto","background-attachment":"scroll","background-type":"","background-media":"","overlay-type":"","overlay-color":"","overlay-opacity":"","overlay-gradient":""},"tablet":{"background-color":"","background-image":"","background-repeat":"repeat","background-position":"center center","background-size":"auto","background-attachment":"scroll","background-type":"","background-media":"","overlay-type":"","overlay-color":"","overlay-opacity":"","overlay-gradient":""},"mobile":{"background-color":"","background-image":"","background-repeat":"repeat","background-position":"center center","background-size":"auto","background-attachment":"scroll","background-type":"","background-media":"","overlay-type":"","overlay-color":"","overlay-opacity":"","overlay-gradient":""}},"ast-content-background-meta":{"desktop":{"background-color":"var(--ast-global-color-5)","background-image":"","background-repeat":"repeat","background-position":"center center","background-size":"auto","background-attachment":"scroll","background-type":"","background-media":"","overlay-type":"","overlay-color":"","overlay-opacity":"","overlay-gradient":""},"tablet":{"background-color":"var(--ast-global-color-5)","background-image":"","background-repeat":"repeat","background-position":"center center","background-size":"auto","background-attachment":"scroll","background-type":"","background-media":"","overlay-type":"","overlay-color":"","overlay-opacity":"","overlay-gradient":""},"mobile":{"background-color":"var(--ast-global-color-5)","background-image":"","background-repeat":"repeat","background-position":"center center","background-size":"auto","background-attachment":"scroll","background-type":"","background-media":"","overlay-type":"","overlay-color":"","overlay-opacity":"","overlay-gradient":""}},"footnotes":""},"class_list":["post-296","page","type-page","status-publish","hentry"],"post_mailing_queue_ids":[],"_links":{"self":[{"href":"https:\/\/agora.xtec.cat\/cfacervera\/wp-json\/wp\/v2\/pages\/296","targetHints":{"allow":["GET"]}}],"collection":[{"href":"https:\/\/agora.xtec.cat\/cfacervera\/wp-json\/wp\/v2\/pages"}],"about":[{"href":"https:\/\/agora.xtec.cat\/cfacervera\/wp-json\/wp\/v2\/types\/page"}],"author":[{"embeddable":true,"href":"https:\/\/agora.xtec.cat\/cfacervera\/wp-json\/wp\/v2\/users\/2"}],"replies":[{"embeddable":true,"href":"https:\/\/agora.xtec.cat\/cfacervera\/wp-json\/wp\/v2\/comments?post=296"}],"version-history":[{"count":6,"href":"https:\/\/agora.xtec.cat\/cfacervera\/wp-json\/wp\/v2\/pages\/296\/revisions"}],"predecessor-version":[{"id":3609,"href":"https:\/\/agora.xtec.cat\/cfacervera\/wp-json\/wp\/v2\/pages\/296\/revisions\/3609"}],"up":[{"embeddable":true,"href":"https:\/\/agora.xtec.cat\/cfacervera\/wp-json\/wp\/v2\/pages\/283"}],"wp:attachment":[{"href":"https:\/\/agora.xtec.cat\/cfacervera\/wp-json\/wp\/v2\/media?parent=296"}],"curies":[{"name":"wp","href":"https:\/\/api.w.org\/{rel}","templated":true}]}}