{"id":288,"date":"2015-01-28T11:08:02","date_gmt":"2015-01-28T10:08:02","guid":{"rendered":"http:\/\/agora.xtec.cat\/cfacervera\/\/?page_id=288"},"modified":"2021-07-16T11:25:43","modified_gmt":"2021-07-16T09:25:43","slug":"ensenyaments-per-a-la-preparacio-de-proves-dacces","status":"publish","type":"page","link":"https:\/\/agora.xtec.cat\/cfacervera\/ensenyaments\/ensenyaments-per-a-la-preparacio-de-proves-dacces\/","title":{"rendered":"Graduat en educaci\u00f3 secund\u00e0ria per adults"},"content":{"rendered":"<h3><strong><span style=\"color: #0000ff;\">Educaci\u00f3 Secund\u00e0ria per a Adults<\/span><\/strong><\/h3>\n<p align=\"justify\">L\u2019Educaci\u00f3 Secund\u00e0ria per a Adults est\u00e0 regulada pel Decret 161\/2009, de 27 d\u2019octubre; i per l\u2019Ordre ENS\/154\/2011, de 14 de juny.<\/p>\n<p>Les <strong>mat\u00e8ries <\/strong>dels estudis per l\u2019obtenci\u00f3 del t\u00edtol de <em>Graduat en educaci\u00f3 secund\u00e0ria<\/em> s\u2019organitzen en els tres <strong>\u00e0mbits<\/strong> seg\u00fcents:<\/p>\n<ul>\n<li>\u00e0mbit de la <strong>comunicaci\u00f3<\/strong>: llengua i literatura catalanes, llengua i literatura castellanes i llengua estrangera (angl\u00e8s).<\/li>\n<li>\u00e0mbit <strong>cient\u00edfic<\/strong>: matem\u00e0tiques, ci\u00e8ncies i tecnologia.<\/li>\n<li>\u00e0mbit <strong>social<\/strong>: ci\u00e8ncies socials, m\u00fasica i educaci\u00f3 visual i pl\u00e0stica.<\/li>\n<\/ul>\n<p>Dins de cada \u00e0mbit, les mat\u00e8ries s\u2019estructuren per <strong>m\u00f2duls<\/strong> trimestrals i progressius per\u00f2 independents.\u00a0Aix\u00f2 vol dir que cada trimestre s\u2019avalua dels m\u00f2duls cursats i el trimestre seg\u00fcent es cursen uns m\u00f2duls nous. Els m\u00f2duls suspesos durant el curs es recuperaran al mes de juny.<\/p>\n<h5>Itinerari<\/h5>\n<p>L\u2019<strong>itinerari per a l\u2019obtenci\u00f3 del t\u00edtol de GESO es compon de 34 m\u00f2duls<\/strong> o assignatures repartides en 2 cursos de 3 trimestres cadascun. Es tracta de m\u00f2duls independents, que es poden superar de manera separada. Els m\u00f2duls superats van quedant acumulats a l\u2019expedient de l\u2019alumne, de manera que si pel motiu que sigui ha d\u2019abandonar les classes, quan les reprengui ho far\u00e0 en el punt de l\u2019itinerari on ho va deixar. Per obtenir el t\u00edtol, l\u2019alumne ha de superar els 34 m\u00f2duls, entre els comuns i opcionals o, si escau, convalidar-los o acreditar-los.<\/p>\n<p align=\"justify\">Els m\u00f2duls que l\u2019alumne no pugui cursar per causes justificades es poden cursar a dist\u00e0ncia a trav\u00e9s de l\u2019Institut Obert de Catalunya (IOC). La nostra escola \u00e9s un centre oficial de suport de l&#8217;IOC.El nombre m\u00e0xim de m\u00f2duls que l\u2019alumne pot fer a dist\u00e0ncia no pot superar el 50% del total de m\u00f2duls cursats en aquell trimestre.<\/p>\n<p align=\"justify\">En el moment de la preinscripci\u00f3 el sol\u00b7licitant ha de presentar un certificat acad\u00e8mic amb el resultat del seus estudis previs.<\/p>\n<p align=\"justify\">Horari: tarda<\/p>\n","protected":false},"excerpt":{"rendered":"<p>Educaci\u00f3 Secund\u00e0ria per a Adults L\u2019Educaci\u00f3 Secund\u00e0ria per a Adults est\u00e0 regulada pel Decret 161\/2009, de 27 d\u2019octubre; i per l\u2019Ordre ENS\/154\/2011, de 14 de juny. Les mat\u00e8ries dels estudis per l\u2019obtenci\u00f3 del t\u00edtol de Graduat en educaci\u00f3 secund\u00e0ria s\u2019organitzen en els tres \u00e0mbits seg\u00fcents: \u00e0mbit de la comunicaci\u00f3: llengua i literatura catalanes, llengua i [&hellip;]<\/p>\n","protected":false},"author":2,"featured_media":0,"parent":274,"menu_order":3,"comment_status":"closed","ping_status":"closed","template":"page-templates\/side-menu.php","meta":{"_bbp_topic_count":0,"_bbp_reply_count":0,"_bbp_total_topic_count":0,"_bbp_total_reply_count":0,"_bbp_voice_count":0,"_bbp_anonymous_reply_count":0,"_bbp_topic_count_hidden":0,"_bbp_reply_count_hidden":0,"_bbp_forum_subforum_count":0,"site-sidebar-layout":"default","site-content-layout":"","ast-site-content-layout":"","site-content-style":"default","site-sidebar-style":"default","ast-global-header-display":"","ast-banner-title-visibility":"","ast-main-header-display":"","ast-hfb-above-header-display":"","ast-hfb-below-header-display":"","ast-hfb-mobile-header-display":"","site-post-title":"","ast-breadcrumbs-content":"","ast-featured-img":"","footer-sml-layout":"","theme-transparent-header-meta":"","adv-header-id-meta":"","stick-header-meta":"","header-above-stick-meta":"","header-main-stick-meta":"","header-below-stick-meta":"","astra-migrate-meta-layouts":"default","ast-page-background-enabled":"default","ast-page-background-meta":{"desktop":{"background-color":"var(--ast-global-color-4)","background-image":"","background-repeat":"repeat","background-position":"center center","background-size":"auto","background-attachment":"scroll","background-type":"","background-media":"","overlay-type":"","overlay-color":"","overlay-opacity":"","overlay-gradient":""},"tablet":{"background-color":"","background-image":"","background-repeat":"repeat","background-position":"center center","background-size":"auto","background-attachment":"scroll","background-type":"","background-media":"","overlay-type":"","overlay-color":"","overlay-opacity":"","overlay-gradient":""},"mobile":{"background-color":"","background-image":"","background-repeat":"repeat","background-position":"center center","background-size":"auto","background-attachment":"scroll","background-type":"","background-media":"","overlay-type":"","overlay-color":"","overlay-opacity":"","overlay-gradient":""}},"ast-content-background-meta":{"desktop":{"background-color":"var(--ast-global-color-5)","background-image":"","background-repeat":"repeat","background-position":"center center","background-size":"auto","background-attachment":"scroll","background-type":"","background-media":"","overlay-type":"","overlay-color":"","overlay-opacity":"","overlay-gradient":""},"tablet":{"background-color":"var(--ast-global-color-5)","background-image":"","background-repeat":"repeat","background-position":"center center","background-size":"auto","background-attachment":"scroll","background-type":"","background-media":"","overlay-type":"","overlay-color":"","overlay-opacity":"","overlay-gradient":""},"mobile":{"background-color":"var(--ast-global-color-5)","background-image":"","background-repeat":"repeat","background-position":"center center","background-size":"auto","background-attachment":"scroll","background-type":"","background-media":"","overlay-type":"","overlay-color":"","overlay-opacity":"","overlay-gradient":""}},"footnotes":""},"class_list":["post-288","page","type-page","status-publish","hentry"],"post_mailing_queue_ids":[],"_links":{"self":[{"href":"https:\/\/agora.xtec.cat\/cfacervera\/wp-json\/wp\/v2\/pages\/288","targetHints":{"allow":["GET"]}}],"collection":[{"href":"https:\/\/agora.xtec.cat\/cfacervera\/wp-json\/wp\/v2\/pages"}],"about":[{"href":"https:\/\/agora.xtec.cat\/cfacervera\/wp-json\/wp\/v2\/types\/page"}],"author":[{"embeddable":true,"href":"https:\/\/agora.xtec.cat\/cfacervera\/wp-json\/wp\/v2\/users\/2"}],"replies":[{"embeddable":true,"href":"https:\/\/agora.xtec.cat\/cfacervera\/wp-json\/wp\/v2\/comments?post=288"}],"version-history":[{"count":3,"href":"https:\/\/agora.xtec.cat\/cfacervera\/wp-json\/wp\/v2\/pages\/288\/revisions"}],"predecessor-version":[{"id":2051,"href":"https:\/\/agora.xtec.cat\/cfacervera\/wp-json\/wp\/v2\/pages\/288\/revisions\/2051"}],"up":[{"embeddable":true,"href":"https:\/\/agora.xtec.cat\/cfacervera\/wp-json\/wp\/v2\/pages\/274"}],"wp:attachment":[{"href":"https:\/\/agora.xtec.cat\/cfacervera\/wp-json\/wp\/v2\/media?parent=288"}],"curies":[{"name":"wp","href":"https:\/\/api.w.org\/{rel}","templated":true}]}}