{"id":283,"date":"2015-01-28T11:06:17","date_gmt":"2015-01-28T10:06:17","guid":{"rendered":"http:\/\/agora.xtec.cat\/cfacervera\/\/?page_id=283"},"modified":"2021-06-01T21:20:12","modified_gmt":"2021-06-01T19:20:12","slug":"ensenyaments-inicials-i-formacio-basica","status":"publish","type":"page","link":"https:\/\/agora.xtec.cat\/cfacervera\/ensenyaments\/ensenyaments-inicials-i-formacio-basica\/","title":{"rendered":"Llengua catalana i castellana"},"content":{"rendered":"<p>Llengua catalana i Llengua castellana<\/p>\n<p align=\"justify\">Aquests ensenyaments es regulen a la Resoluci\u00f3 de 10 de maig de 2013, en qu\u00e8 se n\u2019estableixen els curr\u00edculums.<\/p>\n<p align=\"justify\">L\u2019ensenyament de la llengua catalana i castellana t\u00e9 com a finalitat adquirir compet\u00e8ncia comunicativa per formar parlants que puguin comunicar-se amb prou flu\u00efdesa per resoldre la major part de situacions de la vida quotidiana, tant de manera oral com escrita, i en diferents suports audiovisuals.<\/p>\n<p align=\"justify\">L\u2019objectiu final \u00e9s que els parlants esdevinguin prou aut\u00f2noms per respondre a les necessitats personals, laborals, p\u00fabliques i educatives.<\/p>\n<p align=\"justify\">El nivell 1 correspon amb el nivell d\u2019usuari b\u00e0sic A1 (MECR).<\/p>\n<p align=\"justify\">El nivell 2 correspon amb el nivell d\u2019usuari b\u00e0sic A2 (MECR).<\/p>\n<p align=\"justify\">Horari: mat\u00ed.<\/p>\n","protected":false},"excerpt":{"rendered":"<p>Llengua catalana i Llengua castellana Aquests ensenyaments es regulen a la Resoluci\u00f3 de 10 de maig de 2013, en qu\u00e8 se n\u2019estableixen els curr\u00edculums. L\u2019ensenyament de la llengua catalana i castellana t\u00e9 com a finalitat adquirir compet\u00e8ncia comunicativa per formar parlants que puguin comunicar-se amb prou flu\u00efdesa per resoldre la major part de situacions de [&hellip;]<\/p>\n","protected":false},"author":2,"featured_media":0,"parent":274,"menu_order":1,"comment_status":"closed","ping_status":"closed","template":"page-templates\/side-menu.php","meta":{"_bbp_topic_count":0,"_bbp_reply_count":0,"_bbp_total_topic_count":0,"_bbp_total_reply_count":0,"_bbp_voice_count":0,"_bbp_anonymous_reply_count":0,"_bbp_topic_count_hidden":0,"_bbp_reply_count_hidden":0,"_bbp_forum_subforum_count":0,"site-sidebar-layout":"default","site-content-layout":"","ast-site-content-layout":"","site-content-style":"default","site-sidebar-style":"default","ast-global-header-display":"","ast-banner-title-visibility":"","ast-main-header-display":"","ast-hfb-above-header-display":"","ast-hfb-below-header-display":"","ast-hfb-mobile-header-display":"","site-post-title":"","ast-breadcrumbs-content":"","ast-featured-img":"","footer-sml-layout":"","theme-transparent-header-meta":"","adv-header-id-meta":"","stick-header-meta":"","header-above-stick-meta":"","header-main-stick-meta":"","header-below-stick-meta":"","astra-migrate-meta-layouts":"default","ast-page-background-enabled":"default","ast-page-background-meta":{"desktop":{"background-color":"var(--ast-global-color-4)","background-image":"","background-repeat":"repeat","background-position":"center center","background-size":"auto","background-attachment":"scroll","background-type":"","background-media":"","overlay-type":"","overlay-color":"","overlay-opacity":"","overlay-gradient":""},"tablet":{"background-color":"","background-image":"","background-repeat":"repeat","background-position":"center center","background-size":"auto","background-attachment":"scroll","background-type":"","background-media":"","overlay-type":"","overlay-color":"","overlay-opacity":"","overlay-gradient":""},"mobile":{"background-color":"","background-image":"","background-repeat":"repeat","background-position":"center center","background-size":"auto","background-attachment":"scroll","background-type":"","background-media":"","overlay-type":"","overlay-color":"","overlay-opacity":"","overlay-gradient":""}},"ast-content-background-meta":{"desktop":{"background-color":"var(--ast-global-color-5)","background-image":"","background-repeat":"repeat","background-position":"center center","background-size":"auto","background-attachment":"scroll","background-type":"","background-media":"","overlay-type":"","overlay-color":"","overlay-opacity":"","overlay-gradient":""},"tablet":{"background-color":"var(--ast-global-color-5)","background-image":"","background-repeat":"repeat","background-position":"center center","background-size":"auto","background-attachment":"scroll","background-type":"","background-media":"","overlay-type":"","overlay-color":"","overlay-opacity":"","overlay-gradient":""},"mobile":{"background-color":"var(--ast-global-color-5)","background-image":"","background-repeat":"repeat","background-position":"center center","background-size":"auto","background-attachment":"scroll","background-type":"","background-media":"","overlay-type":"","overlay-color":"","overlay-opacity":"","overlay-gradient":""}},"footnotes":""},"class_list":["post-283","page","type-page","status-publish","hentry"],"post_mailing_queue_ids":[],"_links":{"self":[{"href":"https:\/\/agora.xtec.cat\/cfacervera\/wp-json\/wp\/v2\/pages\/283","targetHints":{"allow":["GET"]}}],"collection":[{"href":"https:\/\/agora.xtec.cat\/cfacervera\/wp-json\/wp\/v2\/pages"}],"about":[{"href":"https:\/\/agora.xtec.cat\/cfacervera\/wp-json\/wp\/v2\/types\/page"}],"author":[{"embeddable":true,"href":"https:\/\/agora.xtec.cat\/cfacervera\/wp-json\/wp\/v2\/users\/2"}],"replies":[{"embeddable":true,"href":"https:\/\/agora.xtec.cat\/cfacervera\/wp-json\/wp\/v2\/comments?post=283"}],"version-history":[{"count":3,"href":"https:\/\/agora.xtec.cat\/cfacervera\/wp-json\/wp\/v2\/pages\/283\/revisions"}],"predecessor-version":[{"id":1980,"href":"https:\/\/agora.xtec.cat\/cfacervera\/wp-json\/wp\/v2\/pages\/283\/revisions\/1980"}],"up":[{"embeddable":true,"href":"https:\/\/agora.xtec.cat\/cfacervera\/wp-json\/wp\/v2\/pages\/274"}],"wp:attachment":[{"href":"https:\/\/agora.xtec.cat\/cfacervera\/wp-json\/wp\/v2\/media?parent=283"}],"curies":[{"name":"wp","href":"https:\/\/api.w.org\/{rel}","templated":true}]}}