{"id":27,"date":"2014-09-17T16:24:03","date_gmt":"2014-09-17T16:24:03","guid":{"rendered":"http:\/\/agora.xtec.cat\/cfacervera\/\/?page_id=27"},"modified":"2025-02-18T12:11:00","modified_gmt":"2025-02-18T11:11:00","slug":"historia","status":"publish","type":"page","link":"https:\/\/agora.xtec.cat\/cfacervera\/el-centre\/historia\/","title":{"rendered":"Hist\u00f2ria"},"content":{"rendered":"<p><strong>El CFA Joan Comorera<\/strong>, que en els seus inicis era conegut com l&#8217;<strong>Aula d&#8217;Adults<\/strong>, va comen\u00e7ar la seva aventura educativa el curs 1980-1981 a les instal\u00b7lacions del <strong>CEIP \u201cJaume Balmes\u201d<\/strong>. La seva missi\u00f3 era clara: ajudar a un grup de persones, principalment de Cervera i la seva comarca, a obtenir el Graduat Escolar. Amb el pas dels anys, la demanda va cr\u00e9ixer, i el curs 1987-88 l&#8217;oferta formativa es va ampliar. Degut a la falta d&#8217;espai al CEIP, les classes de tarda es van traslladar al <strong>Casal Parroquial<\/strong>, amb el suport de la Parr\u00f2quia i C\u00e0ritas, mentre que les classes del vespre continuaven al centre de prim\u00e0ria.<\/p>\n<p>L&#8217;any 1989, la Formaci\u00f3 d&#8217;Adults va passar a dependre del nou Departament de Benestar Social, fins que el curs 2004-05 va tornar al Departament d&#8217;Ensenyament. Durant aquests vint-i-cinc anys, el nombre d&#8217;alumnes va cr\u00e9ixer constantment, especialment a partir del curs 1988-89, quan es van incorporar alumnes nouvinguts. Aix\u00f2 va portar a l&#8217;Aula a augmentar el seu personal, passant de tenir una professora a dues durant el curs 2002-03.<\/p>\n<p><a href=\"https:\/\/agora.xtec.cat\/cfacervera\/wp-content\/uploads\/usu265\/2025\/02\/facana-escola-min-scaled.jpg\"><img loading=\"lazy\" decoding=\"async\" class=\"alignleft  wp-image-3192\" src=\"https:\/\/agora.xtec.cat\/cfacervera\/wp-content\/uploads\/usu265\/2025\/02\/facana-escola-min-300x225.jpg\" alt=\"\" width=\"154\" height=\"116\" srcset=\"https:\/\/agora.xtec.cat\/cfacervera\/wp-content\/uploads\/usu265\/2025\/02\/facana-escola-min-300x225.jpg 300w, https:\/\/agora.xtec.cat\/cfacervera\/wp-content\/uploads\/usu265\/2025\/02\/facana-escola-min-1024x768.jpg 1024w, https:\/\/agora.xtec.cat\/cfacervera\/wp-content\/uploads\/usu265\/2025\/02\/facana-escola-min-768x576.jpg 768w, https:\/\/agora.xtec.cat\/cfacervera\/wp-content\/uploads\/usu265\/2025\/02\/facana-escola-min-1536x1152.jpg 1536w, https:\/\/agora.xtec.cat\/cfacervera\/wp-content\/uploads\/usu265\/2025\/02\/facana-escola-min-2048x1536.jpg 2048w, https:\/\/agora.xtec.cat\/cfacervera\/wp-content\/uploads\/usu265\/2025\/02\/facana-escola-min-200x150.jpg 200w\" sizes=\"auto, (max-width: 154px) 100vw, 154px\" \/><\/a>El setembre de 2004, l&#8217;Aula va canviar de seu i es va establir a l&#8217;edifici de la <strong>Universitat<\/strong>. Des de 2006, la seu central de Cervera es troba a <strong>l&#8217;antiga caserna de la Gu\u00e0rdia Civil<\/strong>, ocupant els baixos de la zona dreta de l&#8217;edifici, que \u00e9s la seva ubicaci\u00f3 actual. El curs 2011-2012, l&#8217;Aula va ser reconeguda com a centre amb el nom de <strong>CFA Joan Comorera.<\/strong><\/p>\n<p>En els darrers anys, s&#8217;ha observat una creixent demanda d&#8217;ensenyaments inicials de formaci\u00f3 instrumental, especialment per a l&#8217;alumnat nouvingut, aix\u00ed com un inter\u00e8s creixent en l&#8217;angl\u00e8s. De cara al futur, l&#8217;escola t\u00e9 plans d&#8217;ampliar la seva oferta en formaci\u00f3 instrumental (alfabetitzaci\u00f3) i angl\u00e8s.<\/p>\n<p>Aix\u00ed, el CFA Joan Comorera Cervera continua la seva missi\u00f3 d&#8217;acollir i formar persones, adaptant-se als canvis i necessitats de la comunitat, i mantenint viu l&#8217;esperit d&#8217;aprenentatge al llarg dels anys.<\/p>\n<p>El curs 2022-23 va marcar un moment <a href=\"https:\/\/agora.xtec.cat\/cfacervera\/wp-content\/uploads\/usu265\/2025\/02\/20250116_111825-2-min-scaled.jpg\"><img loading=\"lazy\" decoding=\"async\" class=\" wp-image-3191 alignright\" src=\"https:\/\/agora.xtec.cat\/cfacervera\/wp-content\/uploads\/usu265\/2025\/02\/20250116_111825-2-min-300x138.jpg\" alt=\"\" width=\"229\" height=\"105\" srcset=\"https:\/\/agora.xtec.cat\/cfacervera\/wp-content\/uploads\/usu265\/2025\/02\/20250116_111825-2-min-300x138.jpg 300w, https:\/\/agora.xtec.cat\/cfacervera\/wp-content\/uploads\/usu265\/2025\/02\/20250116_111825-2-min-1024x472.jpg 1024w, https:\/\/agora.xtec.cat\/cfacervera\/wp-content\/uploads\/usu265\/2025\/02\/20250116_111825-2-min-768x354.jpg 768w, https:\/\/agora.xtec.cat\/cfacervera\/wp-content\/uploads\/usu265\/2025\/02\/20250116_111825-2-min-1536x708.jpg 1536w, https:\/\/agora.xtec.cat\/cfacervera\/wp-content\/uploads\/usu265\/2025\/02\/20250116_111825-2-min-2048x944.jpg 2048w\" sizes=\"auto, (max-width: 229px) 100vw, 229px\" \/><\/a>important amb l&#8217;ampliaci\u00f3 del centre cap a <strong>Guissona<\/strong>, donant resposta a la demanda de formaci\u00f3 de la vila. Aix\u00ed, es va crear una subseu que ara ja compta amb un edifici propi (les antigues sitges, <strong>edifici SENPA<\/strong>) despr\u00e9s de dos cursos en una ubicaci\u00f3 provisional. La seu de Guissona t\u00e9 grans expectatives de creixement, amb plans per ampliar els ensenyaments b\u00e0sics (GES i COMPETIC) si es poden finalitzar les obres i habilitar dues aules m\u00e9s.<br \/>\n<strong>El CFA Joan Comorera Guissona<\/strong> s&#8217;est\u00e0 convertint en un referent per a la formaci\u00f3 a la vila, oferint oportunitats educatives que beneficien tota la comunitat. Amb un enfocament en la qualitat educativa i un ambient estimulant, l&#8217;escola est\u00e0 ben preparada per afrontar un futur prometedor i continuar contribuint al desenvolupament dels seus alumnes.<\/p>\n<p><a href=\"https:\/\/agora.xtec.cat\/cfacervera\/wp-content\/uploads\/usu265\/2024\/09\/nou-logo-CFA-Joan-Comorera.jpg\"><img loading=\"lazy\" decoding=\"async\" class=\"alignleft  wp-image-2973\" src=\"https:\/\/agora.xtec.cat\/cfacervera\/wp-content\/uploads\/usu265\/2024\/09\/nou-logo-CFA-Joan-Comorera-300x180.jpg\" alt=\"\" width=\"183\" height=\"110\" srcset=\"https:\/\/agora.xtec.cat\/cfacervera\/wp-content\/uploads\/usu265\/2024\/09\/nou-logo-CFA-Joan-Comorera-300x180.jpg 300w, https:\/\/agora.xtec.cat\/cfacervera\/wp-content\/uploads\/usu265\/2024\/09\/nou-logo-CFA-Joan-Comorera-1024x614.jpg 1024w, https:\/\/agora.xtec.cat\/cfacervera\/wp-content\/uploads\/usu265\/2024\/09\/nou-logo-CFA-Joan-Comorera-768x461.jpg 768w, https:\/\/agora.xtec.cat\/cfacervera\/wp-content\/uploads\/usu265\/2024\/09\/nou-logo-CFA-Joan-Comorera-1536x922.jpg 1536w, https:\/\/agora.xtec.cat\/cfacervera\/wp-content\/uploads\/usu265\/2024\/09\/nou-logo-CFA-Joan-Comorera.jpg 2000w\" sizes=\"auto, (max-width: 183px) 100vw, 183px\" \/><\/a>El curs 2016-17, es va organitzar un concurs per dissenyar un logotip que reflect\u00eds els valors i l&#8217;ess\u00e8ncia de l&#8217;escola. Aquesta iniciativa no nom\u00e9s buscava crear una imatge atractiva, sin\u00f3 tamb\u00e9 establir un s\u00edmbol que un\u00eds la comunitat educativa. <strong>Amb l&#8217;addici\u00f3 del nom &#8220;Guissona&#8221; durant el curs 24-25<\/strong>, el logotip ha adquirit una nova dimensi\u00f3, representant no nom\u00e9s l&#8217;escola de Cervera, sin\u00f3 tamb\u00e9 la seva nova seu. Aquesta incorporaci\u00f3 refor\u00e7a el sentiment de pertinen\u00e7a i identitat, consolidant la imatge de l&#8217;escola com un espai d&#8217;aprenentatge inclusiu i din\u00e0mic, simbolitzat pel llibre obert.<\/p>\n","protected":false},"excerpt":{"rendered":"<p>El CFA Joan Comorera, que en els seus inicis era conegut com l&#8217;Aula d&#8217;Adults, va comen\u00e7ar la seva aventura educativa el curs 1980-1981 a les instal\u00b7lacions del CEIP \u201cJaume Balmes\u201d. La seva missi\u00f3 era clara: ajudar a un grup de persones, principalment de Cervera i la seva comarca, a obtenir el Graduat Escolar. Amb el [&hellip;]<\/p>\n","protected":false},"author":1,"featured_media":0,"parent":261,"menu_order":20,"comment_status":"closed","ping_status":"closed","template":"page-templates\/side-menu.php","meta":{"_bbp_topic_count":0,"_bbp_reply_count":0,"_bbp_total_topic_count":0,"_bbp_total_reply_count":0,"_bbp_voice_count":0,"_bbp_anonymous_reply_count":0,"_bbp_topic_count_hidden":0,"_bbp_reply_count_hidden":0,"_bbp_forum_subforum_count":0,"site-sidebar-layout":"default","site-content-layout":"","ast-site-content-layout":"","site-content-style":"default","site-sidebar-style":"default","ast-global-header-display":"","ast-banner-title-visibility":"","ast-main-header-display":"","ast-hfb-above-header-display":"","ast-hfb-below-header-display":"","ast-hfb-mobile-header-display":"","site-post-title":"","ast-breadcrumbs-content":"","ast-featured-img":"","footer-sml-layout":"","theme-transparent-header-meta":"","adv-header-id-meta":"","stick-header-meta":"","header-above-stick-meta":"","header-main-stick-meta":"","header-below-stick-meta":"","astra-migrate-meta-layouts":"default","ast-page-background-enabled":"default","ast-page-background-meta":{"desktop":{"background-color":"var(--ast-global-color-4)","background-image":"","background-repeat":"repeat","background-position":"center center","background-size":"auto","background-attachment":"scroll","background-type":"","background-media":"","overlay-type":"","overlay-color":"","overlay-opacity":"","overlay-gradient":""},"tablet":{"background-color":"","background-image":"","background-repeat":"repeat","background-position":"center center","background-size":"auto","background-attachment":"scroll","background-type":"","background-media":"","overlay-type":"","overlay-color":"","overlay-opacity":"","overlay-gradient":""},"mobile":{"background-color":"","background-image":"","background-repeat":"repeat","background-position":"center center","background-size":"auto","background-attachment":"scroll","background-type":"","background-media":"","overlay-type":"","overlay-color":"","overlay-opacity":"","overlay-gradient":""}},"ast-content-background-meta":{"desktop":{"background-color":"var(--ast-global-color-5)","background-image":"","background-repeat":"repeat","background-position":"center center","background-size":"auto","background-attachment":"scroll","background-type":"","background-media":"","overlay-type":"","overlay-color":"","overlay-opacity":"","overlay-gradient":""},"tablet":{"background-color":"var(--ast-global-color-5)","background-image":"","background-repeat":"repeat","background-position":"center center","background-size":"auto","background-attachment":"scroll","background-type":"","background-media":"","overlay-type":"","overlay-color":"","overlay-opacity":"","overlay-gradient":""},"mobile":{"background-color":"var(--ast-global-color-5)","background-image":"","background-repeat":"repeat","background-position":"center center","background-size":"auto","background-attachment":"scroll","background-type":"","background-media":"","overlay-type":"","overlay-color":"","overlay-opacity":"","overlay-gradient":""}},"footnotes":""},"class_list":["post-27","page","type-page","status-publish","hentry"],"post_mailing_queue_ids":[],"_links":{"self":[{"href":"https:\/\/agora.xtec.cat\/cfacervera\/wp-json\/wp\/v2\/pages\/27","targetHints":{"allow":["GET"]}}],"collection":[{"href":"https:\/\/agora.xtec.cat\/cfacervera\/wp-json\/wp\/v2\/pages"}],"about":[{"href":"https:\/\/agora.xtec.cat\/cfacervera\/wp-json\/wp\/v2\/types\/page"}],"author":[{"embeddable":true,"href":"https:\/\/agora.xtec.cat\/cfacervera\/wp-json\/wp\/v2\/users\/1"}],"replies":[{"embeddable":true,"href":"https:\/\/agora.xtec.cat\/cfacervera\/wp-json\/wp\/v2\/comments?post=27"}],"version-history":[{"count":5,"href":"https:\/\/agora.xtec.cat\/cfacervera\/wp-json\/wp\/v2\/pages\/27\/revisions"}],"predecessor-version":[{"id":3194,"href":"https:\/\/agora.xtec.cat\/cfacervera\/wp-json\/wp\/v2\/pages\/27\/revisions\/3194"}],"up":[{"embeddable":true,"href":"https:\/\/agora.xtec.cat\/cfacervera\/wp-json\/wp\/v2\/pages\/261"}],"wp:attachment":[{"href":"https:\/\/agora.xtec.cat\/cfacervera\/wp-json\/wp\/v2\/media?parent=27"}],"curies":[{"name":"wp","href":"https:\/\/api.w.org\/{rel}","templated":true}]}}