{"id":1960,"date":"2021-06-01T17:35:58","date_gmt":"2021-06-01T15:35:58","guid":{"rendered":"https:\/\/agora.xtec.cat\/cfacervera\/?page_id=1960"},"modified":"2025-09-22T11:20:36","modified_gmt":"2025-09-22T09:20:36","slug":"ensenyaments-2","status":"publish","type":"page","link":"https:\/\/agora.xtec.cat\/cfacervera\/ensenyaments\/ensenyaments-2\/","title":{"rendered":"Cicle de formaci\u00f3 instrumental"},"content":{"rendered":"<p>Formaci\u00f3 Instrumental (FI)<\/p>\n<div id=\"html-modal-content-5e9838e163b9e50d808f9307\" class=\"modal-content\">\n<p>La formaci\u00f3 instrumental s\u2019adre\u00e7a, especialment, a poblaci\u00f3 adulta en situaci\u00f3 de vulnerabilitat. El perfil majoritari dels alumnes s\u00f3n nouvinguts amb una escolaritzaci\u00f3 molt prec\u00e0ria ens els seus pa\u00efsos d\u2019origen.<\/p>\n<p>Aquests ensenyaments permeten assolir unes compet\u00e8ncies m\u00ednimes, equiparables a les dels estudis d\u2019educaci\u00f3 prim\u00e0ria, per tal de facilitar la integraci\u00f3 i la participaci\u00f3 social, la inserci\u00f3 laboral, el desenvolupament de la pr\u00f2pia autonomia i la millora de la conviv\u00e8ncia.<\/p>\n<\/div>\n<p align=\"justify\">El cicle s\u2019organitza en dos cicles i quatre nivells. El curs 2024-25 l&#8217;escola ofereix el 1r, 2n i 3r nivell.<\/p>\n<table style=\"border-collapse: collapse; width: 22.19%; height: 119px;\">\n<tbody>\n<tr style=\"height: 32px;\">\n<td style=\"width: 50%; height: 64px;\" rowspan=\"2\">1r cicle<\/td>\n<td style=\"width: 50%; height: 32px;\">1r nivell<\/td>\n<\/tr>\n<tr style=\"height: 32px;\">\n<td style=\"width: 50%; height: 32px;\">2n nivell<\/td>\n<\/tr>\n<tr style=\"height: 32px;\">\n<td style=\"width: 50%; height: 64px;\" rowspan=\"2\">2n cicle<\/td>\n<td style=\"width: 50%; height: 32px;\">3r nivell<\/td>\n<\/tr>\n<tr style=\"height: 32px;\">\n<td style=\"width: 50%; height: 32px;\">4t nivell<\/td>\n<\/tr>\n<\/tbody>\n<\/table>\n<p align=\"justify\">\u00c0rees curriculars:<\/p>\n<p align=\"justify\">\u00b7 Ling\u00fc\u00edstica.<\/p>\n<p align=\"justify\">\u00b7 Matem\u00e0tica.<\/p>\n<p align=\"justify\">\u00b7 Medi natural, social i cultural.<\/p>\n<p align=\"justify\">Compet\u00e8ncies transversals:<\/p>\n<p align=\"justify\">\u00b7 Digital.<\/p>\n<p align=\"justify\">\u00b7 Personal, social i laboral.<\/p>\n<p align=\"justify\">L&#8217;enfocament \u00e9s global i les compet\u00e8ncies es treballen al llarg dels dos cicles, per a l&#8217;assoliment d&#8217;un aprenentatge\u00a0 significatiu i funcional.<\/p>\n<p align=\"justify\">Horari: mat\u00ed<\/p>\n","protected":false},"excerpt":{"rendered":"<p>Formaci\u00f3 Instrumental (FI) La formaci\u00f3 instrumental s\u2019adre\u00e7a, especialment, a poblaci\u00f3 adulta en situaci\u00f3 de vulnerabilitat. El perfil majoritari dels alumnes s\u00f3n nouvinguts amb una escolaritzaci\u00f3 molt prec\u00e0ria ens els seus pa\u00efsos d\u2019origen. Aquests ensenyaments permeten assolir unes compet\u00e8ncies m\u00ednimes, equiparables a les dels estudis d\u2019educaci\u00f3 prim\u00e0ria, per tal de facilitar la integraci\u00f3 i la participaci\u00f3 [&hellip;]<\/p>\n","protected":false},"author":3,"featured_media":0,"parent":274,"menu_order":0,"comment_status":"closed","ping_status":"closed","template":"","meta":{"_bbp_topic_count":0,"_bbp_reply_count":0,"_bbp_total_topic_count":0,"_bbp_total_reply_count":0,"_bbp_voice_count":0,"_bbp_anonymous_reply_count":0,"_bbp_topic_count_hidden":0,"_bbp_reply_count_hidden":0,"_bbp_forum_subforum_count":0,"site-sidebar-layout":"default","site-content-layout":"","ast-site-content-layout":"default","site-content-style":"default","site-sidebar-style":"default","ast-global-header-display":"","ast-banner-title-visibility":"","ast-main-header-display":"","ast-hfb-above-header-display":"","ast-hfb-below-header-display":"","ast-hfb-mobile-header-display":"","site-post-title":"","ast-breadcrumbs-content":"","ast-featured-img":"","footer-sml-layout":"","theme-transparent-header-meta":"","adv-header-id-meta":"","stick-header-meta":"","header-above-stick-meta":"","header-main-stick-meta":"","header-below-stick-meta":"","astra-migrate-meta-layouts":"set","ast-page-background-enabled":"default","ast-page-background-meta":{"desktop":{"background-color":"var(--ast-global-color-4)","background-image":"","background-repeat":"repeat","background-position":"center center","background-size":"auto","background-attachment":"scroll","background-type":"","background-media":"","overlay-type":"","overlay-color":"","overlay-opacity":"","overlay-gradient":""},"tablet":{"background-color":"","background-image":"","background-repeat":"repeat","background-position":"center center","background-size":"auto","background-attachment":"scroll","background-type":"","background-media":"","overlay-type":"","overlay-color":"","overlay-opacity":"","overlay-gradient":""},"mobile":{"background-color":"","background-image":"","background-repeat":"repeat","background-position":"center center","background-size":"auto","background-attachment":"scroll","background-type":"","background-media":"","overlay-type":"","overlay-color":"","overlay-opacity":"","overlay-gradient":""}},"ast-content-background-meta":{"desktop":{"background-color":"var(--ast-global-color-5)","background-image":"","background-repeat":"repeat","background-position":"center center","background-size":"auto","background-attachment":"scroll","background-type":"","background-media":"","overlay-type":"","overlay-color":"","overlay-opacity":"","overlay-gradient":""},"tablet":{"background-color":"var(--ast-global-color-5)","background-image":"","background-repeat":"repeat","background-position":"center center","background-size":"auto","background-attachment":"scroll","background-type":"","background-media":"","overlay-type":"","overlay-color":"","overlay-opacity":"","overlay-gradient":""},"mobile":{"background-color":"var(--ast-global-color-5)","background-image":"","background-repeat":"repeat","background-position":"center center","background-size":"auto","background-attachment":"scroll","background-type":"","background-media":"","overlay-type":"","overlay-color":"","overlay-opacity":"","overlay-gradient":""}},"footnotes":""},"class_list":["post-1960","page","type-page","status-publish","hentry"],"post_mailing_queue_ids":[],"_links":{"self":[{"href":"https:\/\/agora.xtec.cat\/cfacervera\/wp-json\/wp\/v2\/pages\/1960","targetHints":{"allow":["GET"]}}],"collection":[{"href":"https:\/\/agora.xtec.cat\/cfacervera\/wp-json\/wp\/v2\/pages"}],"about":[{"href":"https:\/\/agora.xtec.cat\/cfacervera\/wp-json\/wp\/v2\/types\/page"}],"author":[{"embeddable":true,"href":"https:\/\/agora.xtec.cat\/cfacervera\/wp-json\/wp\/v2\/users\/3"}],"replies":[{"embeddable":true,"href":"https:\/\/agora.xtec.cat\/cfacervera\/wp-json\/wp\/v2\/comments?post=1960"}],"version-history":[{"count":6,"href":"https:\/\/agora.xtec.cat\/cfacervera\/wp-json\/wp\/v2\/pages\/1960\/revisions"}],"predecessor-version":[{"id":3604,"href":"https:\/\/agora.xtec.cat\/cfacervera\/wp-json\/wp\/v2\/pages\/1960\/revisions\/3604"}],"up":[{"embeddable":true,"href":"https:\/\/agora.xtec.cat\/cfacervera\/wp-json\/wp\/v2\/pages\/274"}],"wp:attachment":[{"href":"https:\/\/agora.xtec.cat\/cfacervera\/wp-json\/wp\/v2\/media?parent=1960"}],"curies":[{"name":"wp","href":"https:\/\/api.w.org\/{rel}","templated":true}]}}