{"id":67,"date":"2014-09-18T10:14:18","date_gmt":"2014-09-18T09:14:18","guid":{"rendered":"http:\/\/agora.xtec.cat\/cfacatalonia\/?page_id=67"},"modified":"2020-10-23T11:15:27","modified_gmt":"2020-10-23T09:15:27","slug":"acollida","status":"publish","type":"page","link":"https:\/\/agora.xtec.cat\/cfacatalonia\/serveis\/acollida\/","title":{"rendered":"Acollida"},"content":{"rendered":"<p>Per informaci\u00f3 i orientaci\u00f3 acad\u00e8mica, tenim unes hores espec\u00edfiques en qu\u00e8 us podem atendre. Per a cada ensenyament, hi ha un professor responsable que us informar\u00e0 sempre que hi vingueu dins de l&#8217;horari establert.<\/p>\n<p>Aquestes hores s\u00f3n:<\/p>\n<ul>\n<li>Inform\u00e0tica i Graduat de Secund\u00e0ria (GES): \u2026\u2026\u2026\u2026.. Dimarts de 11:00 a 12:00<\/li>\n<li>Accessos a la universitat i a cicles d\u2019F.P:\u2026\u2026\u2026\u2026\u2026\u2026.. Dilluns de 17:00 a 18:00<\/li>\n<li>Graduat de Secund\u00e0ria (GES): \u2026\u2026\u2026\u2026\u2026\u2026\u2026\u2026\u2026\u2026.. Dijous de 18:30 a 19:30<\/li>\n<li>Lleng\u00fces (Catal\u00e0 i Castell\u00e0):\u2026\u2026\u2026\u2026\u2026\u2026\u2026\u2026\u2026\u2026\u2026\u2026 Divendres de 11:00 a 12:00<\/li>\n<li>Lleng\u00fces (Angl\u00e8s):\u2026\u2026\u2026\u2026\u2026\u2026\u2026\u2026\u2026\u2026\u2026\u2026\u2026\u2026\u2026&#8230;.. Dimecres de 16:00 a 17:00<\/li>\n<li>Lleng\u00fces (Franc\u00e8s):\u2026\u2026..\u2026\u2026\u2026\u2026\u2026\u2026\u2026\u2026\u2026\u2026\u2026\u2026\u2026.. Dilluns de 18:30 a 19:30<\/li>\n<\/ul>\n<p><strong>INFORMACI\u00d3 EDUCATIVA:<\/strong><\/p>\n<ul>\n<li><u>Dimarts<\/u>: 12:00h a 13:00h\u00a0\u00a0\u00a0<strong>\u00a0\u00a0\u00a0\u00a0\u00a0\u00a0\u00a0\u00a0\u00a0\u00a0\u00a0\u00a0\u00a0\u00a0\u00a0\u00a0\u00a0\u00a0\u00a0\u00a0\u00a0\u00a0\u00a0\u00a0\u00a0\u00a0\u00a0\u00a0\u00a0\u00a0\u00a0\u00a0\u00a0\u00a0 <\/strong><\/li>\n<\/ul>\n<p><strong>GESTI\u00d3 ADMINISTRATIVA:<\/strong><\/p>\n<ul>\n<li><u>Dilluns<\/u>: de 10:00h a 12:00h i de 15:00h a 16:00h<\/li>\n<li><u>Dimecres<\/u>: de 10:00h \u00a0a 12:00h i de 15:00h\u00a0 a 16:00h<\/li>\n<\/ul>\n<p>Si veniu fora d&#8217;aquest horari no us podem garantir una atenci\u00f3 personalitzada. Podeu concertar una visita escrivint a cfacatalonia@xtec.cat<\/p>\n<p>&nbsp;<\/p>\n","protected":false},"excerpt":{"rendered":"<p>Per informaci\u00f3 i orientaci\u00f3 acad\u00e8mica, tenim unes hores espec\u00edfiques en qu\u00e8 us podem atendre. Per a cada ensenyament, hi ha un professor responsable que us informar\u00e0 sempre que hi vingueu dins de l&#8217;horari establert.<br \/>\nAquestes hores s\u00f3n:<\/p>\n<ul>\n<li>Inform\u00e0tica i Graduat de Secund\u00e0ria (GES): \u2026\u2026\u2026\u2026.. Dimarts de 11:00&hellip;  <a href=\"https:\/\/agora.xtec.cat\/cfacatalonia\/serveis\/acollida\/\" title=\"Read Acollida\">Llegeix m\u00e9s\u00bb<\/a><br \/>\n","protected":false},"author":1,"featured_media":0,"parent":63,"menu_order":20,"comment_status":"closed","ping_status":"closed","template":"page-templates\/side-menu.php","meta":{"_bbp_topic_count":0,"_bbp_reply_count":0,"_bbp_total_topic_count":0,"_bbp_total_reply_count":0,"_bbp_voice_count":0,"_bbp_anonymous_reply_count":0,"_bbp_topic_count_hidden":0,"_bbp_reply_count_hidden":0,"_bbp_forum_subforum_count":0,"footnotes":""},"class_list":["post-67","page","type-page","status-publish","hentry"],"post_mailing_queue_ids":[],"_links":{"self":[{"href":"https:\/\/agora.xtec.cat\/cfacatalonia\/wp-json\/wp\/v2\/pages\/67","targetHints":{"allow":["GET"]}}],"collection":[{"href":"https:\/\/agora.xtec.cat\/cfacatalonia\/wp-json\/wp\/v2\/pages"}],"about":[{"href":"https:\/\/agora.xtec.cat\/cfacatalonia\/wp-json\/wp\/v2\/types\/page"}],"author":[{"embeddable":true,"href":"https:\/\/agora.xtec.cat\/cfacatalonia\/wp-json\/wp\/v2\/users\/1"}],"replies":[{"embeddable":true,"href":"https:\/\/agora.xtec.cat\/cfacatalonia\/wp-json\/wp\/v2\/comments?post=67"}],"version-history":[{"count":4,"href":"https:\/\/agora.xtec.cat\/cfacatalonia\/wp-json\/wp\/v2\/pages\/67\/revisions"}],"predecessor-version":[{"id":1054,"href":"https:\/\/agora.xtec.cat\/cfacatalonia\/wp-json\/wp\/v2\/pages\/67\/revisions\/1054"}],"up":[{"embeddable":true,"href":"https:\/\/agora.xtec.cat\/cfacatalonia\/wp-json\/wp\/v2\/pages\/63"}],"wp:attachment":[{"href":"https:\/\/agora.xtec.cat\/cfacatalonia\/wp-json\/wp\/v2\/media?parent=67"}],"curies":[{"name":"wp","href":"https:\/\/api.w.org\/{rel}","templated":true}]}}