{"id":49,"date":"2025-06-17T16:55:55","date_gmt":"2025-06-17T14:55:55","guid":{"rendered":"http:\/\/agora.xtec.cat\/cfacatalonia\/?page_id=49"},"modified":"2025-06-30T13:10:09","modified_gmt":"2025-06-30T11:10:09","slug":"normes-dorganitzacio-i-funcionament","status":"publish","type":"page","link":"https:\/\/agora.xtec.cat\/cfacatalonia\/el-centre\/normes-dorganitzacio-i-funcionament\/","title":{"rendered":"Calendari i Normes de Funcionament del Centre"},"content":{"rendered":"<h4><strong>CALENDARI I NORMES DE FUNCIONAMENT PER AL CURS\u00a0 2025-26<\/strong><\/h4>\n<p><strong>CALENDARI PER TRIMESTRES<\/strong><\/p>\n<p>El centre comen\u00e7ar\u00e0 les classes el dilluns 22 de setembre de 2025 i les acabar\u00e0 el divendres 19 de juny de 2026.<\/p>\n<ul>\n<li><em><u>Primer trimestre:<\/u><\/em>\n<ul>\n<li><em>Activitat docent<\/em>: <strong>del 22 de setembre al 19 de desembre de 2025.<\/strong><\/li>\n<li><em>Vacances de Nadal:<\/em> del 20 de desembre de 2025 al 7 de gener de 2026, ambd\u00f3s inclosos.<\/li>\n<\/ul>\n<\/li>\n<li><em><u>Segon trimestre:<\/u><\/em>\n<ul>\n<li><em>Activitat docent:<\/em> <strong>del 8 de gener al 27 de mar\u00e7 de 2026 <\/strong><\/li>\n<li>V<em>acances de Setmana Santa<\/em>: del 28 de mar\u00e7 al 6 d\u2019abril de 2026, ambd\u00f3s inclosos.<\/li>\n<\/ul>\n<\/li>\n<li><em><u>Tercer trimestre:<\/u><\/em>\n<ul>\n<li><em>Activitat docent: <\/em><strong>del 7\u00a0 d\u2019abril\u00a0 al 19 de juny de 2026<\/strong>.<\/li>\n<\/ul>\n<\/li>\n<\/ul>\n<p><strong>FESTIUS<\/strong><\/p>\n<ul>\n<li><strong>4 DIES FESTIUS DE LLIURE DISPOSICI\u00d3: <\/strong>\n<ul>\n<li>3 de novembre de 2025 (dilluns)<\/li>\n<li>5 de desembre de 2025 (divendres)<\/li>\n<li>16 de febrer de 2026 (dilluns)<\/li>\n<li>22 de maig de 2026 (divendres)<\/li>\n<\/ul>\n<\/li>\n<li><strong>FESTES LOCALS<\/strong>\n<ul>\n<li>24 de setembre de 2025 (dimecres)<\/li>\n<li>25 de maig de 2026 (dilluns)<\/li>\n<\/ul>\n<\/li>\n<\/ul>\n<p>&nbsp;<\/p>\n<p><strong>NORMATIVA ALUMNAT<\/strong><\/p>\n<ul>\n<li><strong>ASSIST\u00c8NCIA<\/strong>\n<ul>\n<li>L\u2019alumnat haur\u00e0 d\u2019assistir al 80% de les classes, com a m\u00ednim, de cada m\u00f2dul o curs per a poder ser avaluat i obtenir el corresponent certificat o t\u00edtol.<\/li>\n<li>La reiteraci\u00f3 de faltes d\u2019assist\u00e8ncia en els percentatges que superin el 20% provocar\u00e0 perdre el dret a ser avaluat. Aquest 20% inclou tant les faltes justificades com les injustificades.<\/li>\n<li>La no assist\u00e8ncia continuada durant 3 SETMANES SEGUIDES sense justificaci\u00f3 comportar\u00e0 la baixa autom\u00e0tica.<\/li>\n<\/ul>\n<\/li>\n<li><strong>\u00a0<\/strong><strong>PUNTUALITAT<\/strong>\n<ul>\n<li><strong>\u00a0<\/strong>Cal arribar puntualment a cada una de les classes, l\u2019exc\u00e9s d&#8217;impuntualitat pot representar la consideraci\u00f3 de no assist\u00e8ncia a la sessi\u00f3.<\/li>\n<\/ul>\n<\/li>\n<\/ul>\n<p><strong>\u00a0<\/strong><strong>NORMES DE CONVIV\u00c8NCIA<\/strong><\/p>\n<ul>\n<li>No es permet fumar ni consumir alcohol o altres subst\u00e0ncies estupefacients dins el recinte escolar.<\/li>\n<li><strong>Els tel\u00e8fons m\u00f2bils no es poden fer servir durant la classe.<\/strong><\/li>\n<li><strong>No es permet carregar els m\u00f2bils dins les aules.<\/strong><\/li>\n<li>No es permet menjar o beure dins les aules.<\/li>\n<li>Es prega que l\u2019alumnat tingui una conducta respectuosa envers la resta de companys i companyes de classe i el professorat.<\/li>\n<li>Cal respectar les instal\u00b7lacions i col\u00b7laborar en el manteniment i netedat dels espais d\u2019\u00fas com\u00fa.<\/li>\n<\/ul>\n<p><strong>Nota<\/strong>: L\u2019incompliment d\u2019alguna d\u2019aquestes normes pot\u00a0 ser causa de sanci\u00f3 i d\u2019anul\u00b7laci\u00f3 de la matr\u00edcula del centre, segons les Normes d\u2019Organitzaci\u00f3 i Funcionament del Centre (NOFC), aprovades pel Consell de Centre.<\/p>\n<p>&nbsp;<\/p>\n<p><strong>EQUIP DIRECTIU<\/strong><\/p>\n<ul>\n<li><strong>Director:<\/strong>\u00a0 \u00a0 \u00a0 \u00a0 \u00a0 \u00a0 \u00a0 \u00a0Lloren\u00e7 Prades Mart\u00ed<\/li>\n<li><strong>Cap d\u2019Estudis:\u00a0\u00a0\u00a0\u00a0 <\/strong>Montserrat Mas Tom\u00e0s<\/li>\n<li><strong>Secret\u00e0ria:<\/strong> \u00a0\u00a0\u00a0\u00a0\u00a0\u00a0\u00a0\u00a0\u00a0 Olga Alonso Garcia<\/li>\n<\/ul>\n<p>&nbsp;<\/p>\n<p><strong>HORARI D\u2019ATENCI\u00d3 AL P\u00daBLIC I MATRICULACI\u00d3<\/strong><\/p>\n<p><strong>ENSENYAMENTS:<\/strong><\/p>\n<ul>\n<li>Inform\u00e0tica i Graduat de Secund\u00e0ria (GES): \u2026&#8230;&#8230;&#8230;.. Dimecres de 12:30 a 13:30<\/li>\n<li>Accessos a la universitat i a cicles d&#8217;F.P:\u2026\u2026&#8230;&#8230;&#8230;&#8230;.. Dilluns de 18:00 a 19:00<\/li>\n<li>Graduat de Secund\u00e0ria (GES): \u2026\u2026\u2026\u2026\u2026&#8230;&#8230;&#8230;&#8230;&#8230;.. Dimarts de 17:00 a 18:00<\/li>\n<li>Lleng\u00fces (Catal\u00e0 i Castell\u00e0):\u2026\u2026\u2026\u2026\u2026\u2026&#8230;&#8230;&#8230;&#8230;&#8230;&#8230; Divendres de 11:00 a 12:00<\/li>\n<li>Lleng\u00fces (Angl\u00e8s):\u2026\u2026\u2026&#8230;&#8230;&#8230;&#8230;&#8230;&#8230;&#8230;&#8230;&#8230;&#8230;&#8230;&#8230;&#8230;&#8230;.. Dimarts de 18:30 a 19:30<\/li>\n<li>Lleng\u00fces (Franc\u00e8s):\u2026\u2026..\u2026\u2026\u2026\u2026&#8230;&#8230;&#8230;&#8230;&#8230;&#8230;&#8230;&#8230;&#8230;.. Dilluns de 18:30 a 19:30<\/li>\n<\/ul>\n<p><strong>INFORMACI\u00d3 EDUCATIVA:<\/strong><\/p>\n<ul>\n<li><u>Dimarts<\/u>: 12:00h a 13:00h\u00a0\u00a0\u00a0<strong>\u00a0\u00a0\u00a0\u00a0\u00a0\u00a0\u00a0\u00a0\u00a0\u00a0\u00a0\u00a0\u00a0\u00a0\u00a0\u00a0\u00a0\u00a0\u00a0\u00a0\u00a0\u00a0\u00a0\u00a0\u00a0\u00a0\u00a0\u00a0\u00a0\u00a0\u00a0\u00a0\u00a0\u00a0 <\/strong><\/li>\n<\/ul>\n<p><strong>GESTI\u00d3 ADMINISTRATIVA:<\/strong><\/p>\n<ul>\n<li><span style=\"text-decoration: underline;\">Dilluns a Dijous<\/span>: de 10h a 13h i de 15h a 16h<\/li>\n<\/ul>\n","protected":false},"excerpt":{"rendered":"<p>CALENDARI I NORMES DE FUNCIONAMENT PER AL CURS\u00a0 2025-26<br \/>\nCALENDARI PER TRIMESTRES<br \/>\nEl centre comen\u00e7ar\u00e0 les classes el dilluns 22 de setembre de 2025 i les acabar\u00e0 el divendres 19 de juny de 2026.<\/p>\n<ul>\n<li>Primer trimestre:\n<ul>\n<li>Activitat docent: del 22 de setembre al 19 de desembre de 2025.<\/li>\n<li>Vacances de&hellip;  <a href=\"https:\/\/agora.xtec.cat\/cfacatalonia\/el-centre\/normes-dorganitzacio-i-funcionament\/\" title=\"Read Calendari i Normes de Funcionament del Centre\">Llegeix m\u00e9s\u00bb<\/a><br \/>\n","protected":false},"author":1,"featured_media":0,"parent":261,"menu_order":60,"comment_status":"closed","ping_status":"closed","template":"page-templates\/side-menu.php","meta":{"_bbp_topic_count":0,"_bbp_reply_count":0,"_bbp_total_topic_count":0,"_bbp_total_reply_count":0,"_bbp_voice_count":0,"_bbp_anonymous_reply_count":0,"_bbp_topic_count_hidden":0,"_bbp_reply_count_hidden":0,"_bbp_forum_subforum_count":0,"footnotes":""},"class_list":["post-49","page","type-page","status-publish","hentry"],"post_mailing_queue_ids":[],"_links":{"self":[{"href":"https:\/\/agora.xtec.cat\/cfacatalonia\/wp-json\/wp\/v2\/pages\/49","targetHints":{"allow":["GET"]}}],"collection":[{"href":"https:\/\/agora.xtec.cat\/cfacatalonia\/wp-json\/wp\/v2\/pages"}],"about":[{"href":"https:\/\/agora.xtec.cat\/cfacatalonia\/wp-json\/wp\/v2\/types\/page"}],"author":[{"embeddable":true,"href":"https:\/\/agora.xtec.cat\/cfacatalonia\/wp-json\/wp\/v2\/users\/1"}],"replies":[{"embeddable":true,"href":"https:\/\/agora.xtec.cat\/cfacatalonia\/wp-json\/wp\/v2\/comments?post=49"}],"version-history":[{"count":5,"href":"https:\/\/agora.xtec.cat\/cfacatalonia\/wp-json\/wp\/v2\/pages\/49\/revisions"}],"predecessor-version":[{"id":1652,"href":"https:\/\/agora.xtec.cat\/cfacatalonia\/wp-json\/wp\/v2\/pages\/49\/revisions\/1652"}],"up":[{"embeddable":true,"href":"https:\/\/agora.xtec.cat\/cfacatalonia\/wp-json\/wp\/v2\/pages\/261"}],"wp:attachment":[{"href":"https:\/\/agora.xtec.cat\/cfacatalonia\/wp-json\/wp\/v2\/media?parent=49"}],"curies":[{"name":"wp","href":"https:\/\/api.w.org\/{rel}","templated":true}]}}