{"id":320,"date":"2015-01-28T11:35:13","date_gmt":"2015-01-28T10:35:13","guid":{"rendered":"http:\/\/agora.xtec.cat\/cfacatalonia\/?page_id=320"},"modified":"2020-10-23T11:01:54","modified_gmt":"2020-10-23T09:01:54","slug":"a-cicles-formatius-de-grau-superior","status":"publish","type":"page","link":"https:\/\/agora.xtec.cat\/cfacatalonia\/ensenyaments\/ensenyaments-per-a-la-preparacio-de-proves-dacces\/a-cicles-formatius-de-grau-superior\/","title":{"rendered":"A cicles formatius de grau superior"},"content":{"rendered":"<p>Les proves d&#8217;acc\u00e9s als\u00a0Cicles formatius de grau superior\u00a0s\u00f3n unes proves que et permeten accedir a aquests estudis\u00a0si no has obtingut el t\u00edtol de\u00a0Batxillerat\u00a0o titulacions considerades equivalents.<\/p>\n<p>Aquestes proves es poden preparar per lliure, utilitzant els llibres de text i d\u2019exercicis de Batxillerat, b\u00e9 assistint a classe en algun dels centres p\u00fablics o privats que fan una preparaci\u00f3 espec\u00edfica, o b\u00e9 a dist\u00e0ncia a trav\u00e9s de l\u2019Institut Obert de Catalunya (IOC).<\/p>\n<p><strong>Requisits per poder fer aquestes proves<\/strong><\/p>\n<p>Tenir 18 anys, si es t\u00e9 el t\u00edtol d\u2019un\u00a0cicle formatiu de grau mitj\u00e0\u00a0 o tenir 19 anys o m\u00e9s (o fer-los durant l\u2019any en que es fan les proves) sense titulaci\u00f3 pr\u00e8via.<\/p>\n<p><strong>Com s\u00f3n les proves?<\/strong><\/p>\n<p>Segons el tipus de cicle formatiu que es vulgui fer les caracter\u00edstiques de les proves s\u00f3n diferents:<\/p>\n<table border=\"0\" cellspacing=\"0\" cellpadding=\"0\">\n<tbody>\n<tr>\n<td valign=\"top\" width=\"33%\"><strong>CFGS de Formaci\u00f3 Professional<\/strong><\/td>\n<td valign=\"top\" width=\"33%\"><strong>CFGS d\u2019Arts Pl\u00e0stiques i Disseny<\/strong><\/td>\n<td valign=\"top\" width=\"33%\"><strong>CFGS d\u2019Esports<\/strong><\/td>\n<\/tr>\n<tr>\n<td valign=\"top\" width=\"33%\">Part comuna:<\/p>\n<p>\u2013 Llengua catalana<br \/>\n\u2013 Llengua castellana<br \/>\n\u2013 Llengua estrangera (a triar entre angl\u00e8s, franc\u00e8s o alemany)<br \/>\n\u2013 Matem\u00e0tiques<\/p>\n<p>Part espec\u00edfica:Dues assignatures relacionades amb el cicle formatiu al qual es vol accedir. Queden exempts aquelles persones que tinguin un CFGM de la mateixa fam\u00edlia o grup d\u2019itineraris.<\/td>\n<td valign=\"top\" width=\"33%\">Part comuna:<\/p>\n<p>\u2013 Llengua catalana<br \/>\n\u2013 Llengua castellana<br \/>\n\u2013 Llengua estrangera (a triar entre angl\u00e8s, franc\u00e8s o alemany)<br \/>\n\u2013 Matem\u00e0tiques o hist\u00f2ria<\/p>\n<p>Part espec\u00edfica:Agrupa les mat\u00e8ries que corresponen a llenguatges d\u2019arts pl\u00e0stiques i disseny. Els i les aspirants han d\u2019escollir dues assignatures entre les seg\u00fcents:<\/p>\n<p>\u2013 Dibuix art\u00edstic<br \/>\n\u2013 Dibuix t\u00e8cnic<br \/>\n\u2013 Cultura audiovisual<br \/>\n\u2013 Volum.<\/p>\n<p>Queden exemptes de la part espec\u00edfica aquelles persones que tinguin un CFGM d\u2019arts pl\u00e0stiques i disseny.<\/td>\n<td valign=\"top\" width=\"33%\">Part comuna:<\/p>\n<p>\u2013 Llengua catalana<br \/>\n\u2013 Llengua castellana<br \/>\n\u2013 Llengua estrangera (a triar entre angl\u00e8s, franc\u00e8s o alemany)<br \/>\n\u2013 Matem\u00e0tiques o hist\u00f2ria<\/p>\n<p>Part espec\u00edfica: L\u2019alumne\/a ha de tenir el t\u00edtol de t\u00e8cnic o t\u00e8cnica de grau mitj\u00e0 de l\u2019especialitat corresponent i en el cas del grau superior de futbol i d\u2019alta muntanya cal complir, a m\u00e9s, determinats requisits esportius.<\/td>\n<\/tr>\n<\/tbody>\n<\/table>\n<p>Podeu consultar el format de proves d&#8217;anys anteriors a\u00a0<a href=\"http:\/\/milaifontanals.cat\/examen\/examen.htm\" target=\"_blank\" rel=\"noopener noreferrer\">http:\/\/milaifontanals.cat\/examen\/examen.htm<\/a><\/p>\n<p>Un cop superada la prova d\u2019acc\u00e9s a\u00a0Cicles Formatius de Grau Superior\u00a0pots accedir a aquests estudis, per\u00f2 es tindr\u00e0 en compte la nota de la prova per\u00a0assignar les places disponibles.<\/p>\n","protected":false},"excerpt":{"rendered":"<p>Les proves d&#8217;acc\u00e9s als\u00a0Cicles formatius de grau superior\u00a0s\u00f3n unes proves que et permeten accedir a aquests estudis\u00a0si no has obtingut el t\u00edtol de\u00a0Batxillerat\u00a0o titulacions considerades equivalents.<br \/>\nAquestes proves es poden preparar per lliure, utilitzant els llibres de text i d\u2019exercicis de Batxillerat, b\u00e9 assistint a classe&hellip;  <a href=\"https:\/\/agora.xtec.cat\/cfacatalonia\/ensenyaments\/ensenyaments-per-a-la-preparacio-de-proves-dacces\/a-cicles-formatius-de-grau-superior\/\" title=\"Read A cicles formatius de grau superior\">Llegeix m\u00e9s\u00bb<\/a><\/p>\n","protected":false},"author":1,"featured_media":0,"parent":288,"menu_order":0,"comment_status":"closed","ping_status":"closed","template":"page-templates\/side-menu.php","meta":{"_bbp_topic_count":0,"_bbp_reply_count":0,"_bbp_total_topic_count":0,"_bbp_total_reply_count":0,"_bbp_voice_count":0,"_bbp_anonymous_reply_count":0,"_bbp_topic_count_hidden":0,"_bbp_reply_count_hidden":0,"_bbp_forum_subforum_count":0,"footnotes":""},"class_list":["post-320","page","type-page","status-publish","hentry"],"post_mailing_queue_ids":[],"_links":{"self":[{"href":"https:\/\/agora.xtec.cat\/cfacatalonia\/wp-json\/wp\/v2\/pages\/320","targetHints":{"allow":["GET"]}}],"collection":[{"href":"https:\/\/agora.xtec.cat\/cfacatalonia\/wp-json\/wp\/v2\/pages"}],"about":[{"href":"https:\/\/agora.xtec.cat\/cfacatalonia\/wp-json\/wp\/v2\/types\/page"}],"author":[{"embeddable":true,"href":"https:\/\/agora.xtec.cat\/cfacatalonia\/wp-json\/wp\/v2\/users\/1"}],"replies":[{"embeddable":true,"href":"https:\/\/agora.xtec.cat\/cfacatalonia\/wp-json\/wp\/v2\/comments?post=320"}],"version-history":[{"count":4,"href":"https:\/\/agora.xtec.cat\/cfacatalonia\/wp-json\/wp\/v2\/pages\/320\/revisions"}],"predecessor-version":[{"id":1049,"href":"https:\/\/agora.xtec.cat\/cfacatalonia\/wp-json\/wp\/v2\/pages\/320\/revisions\/1049"}],"up":[{"embeddable":true,"href":"https:\/\/agora.xtec.cat\/cfacatalonia\/wp-json\/wp\/v2\/pages\/288"}],"wp:attachment":[{"href":"https:\/\/agora.xtec.cat\/cfacatalonia\/wp-json\/wp\/v2\/media?parent=320"}],"curies":[{"name":"wp","href":"https:\/\/api.w.org\/{rel}","templated":true}]}}