{"id":27,"date":"2014-09-17T16:24:03","date_gmt":"2014-09-17T16:24:03","guid":{"rendered":"http:\/\/agora.xtec.cat\/cfacatalonia\/?page_id=27"},"modified":"2017-01-13T12:04:13","modified_gmt":"2017-01-13T11:04:13","slug":"historia","status":"publish","type":"page","link":"https:\/\/agora.xtec.cat\/cfacatalonia\/el-centre\/historia\/","title":{"rendered":"Hist\u00f2ria"},"content":{"rendered":"<p>Tot i que el barri de Santa Eul\u00e0lia \u00e9s un dels m\u00e9s antics de l&#8217;Hospitalet, i que va emergir despr\u00e9s de la industrialitzaci\u00f3 del barri de la Bordeta de Barcelona, \u00e9s des que es va aprovar el PLA L&#8217;H 2010 que la seva rellev\u00e0ncia ha ultrapassat els \u00e0mbits de la ciutat ja que molts dels seus projectes estan dins o prop del barri.<\/p>\n<p>L&#8217;alumnat del nostre centre est\u00e0 majorit\u00e0riament en edat laboral i arriba al centre per completar els seus estudis i millorar la seva formaci\u00f3 per\u00f2 est\u00e0 tamb\u00e9 obert a persones de qualsevol edat i nacionalitat. Seguint el <a href=\"http:\/\/www.l-h.cat\/utils\/obreFitxer.aspx?h6gLczFpqazAfANZWblnuDYgcALnwkSDMVUfbHOhUgrV59MdZ90gqzzR5HW8zw0RFqj\">cens de l&#8217;Anuari estad\u00edstic de l&#8217;Ajuntament del 2015<\/a>, un 19,22% de la poblaci\u00f3 \u00e9s estrangera i un 27,91% han nascut a l&#8217;estranger. Part del nostre alumnat pertany a aquest \u00faltim grup i ens enriqueix dia a dia. Trobem alumnes que han migrat en edat escolar i han tingut problemes per obtenir la seva titulaci\u00f3, per\u00f2 tamb\u00e9 alumnes que tenen la titulaci\u00f3 a llurs pa\u00efsos i els hi resulta m\u00e9s f\u00e0cil preparar-se per proves d&#8217;acc\u00e9s que convalidar els seus estudis. Evidentment acaben tamb\u00e9 els seus estudis, alumnes catalans que, per m\u00faltiples motius, no els han acabat en el termini esperat. Intentem que la multiculturalitat es transformi en interculturalitat i aprendre tots uns dels altres, pel que venir a aquest centre \u00e9s una bonica aventura di\u00e0ria.<\/p>\n","protected":false},"excerpt":{"rendered":"<p>Tot i que el barri de Santa Eul\u00e0lia \u00e9s un dels m\u00e9s antics de l&#8217;Hospitalet, i que va emergir despr\u00e9s de la industrialitzaci\u00f3 del barri de la Bordeta de Barcelona, \u00e9s des que es va aprovar el PLA L&#8217;H 2010 que la seva rellev\u00e0ncia ha&hellip;  <a href=\"https:\/\/agora.xtec.cat\/cfacatalonia\/el-centre\/historia\/\" title=\"Read Hist\u00f2ria\">Llegeix m\u00e9s\u00bb<\/a><\/p>\n","protected":false},"author":1,"featured_media":0,"parent":261,"menu_order":20,"comment_status":"closed","ping_status":"closed","template":"page-templates\/side-menu.php","meta":{"_bbp_topic_count":0,"_bbp_reply_count":0,"_bbp_total_topic_count":0,"_bbp_total_reply_count":0,"_bbp_voice_count":0,"_bbp_anonymous_reply_count":0,"_bbp_topic_count_hidden":0,"_bbp_reply_count_hidden":0,"_bbp_forum_subforum_count":0,"footnotes":""},"class_list":["post-27","page","type-page","status-publish","hentry"],"post_mailing_queue_ids":[],"_links":{"self":[{"href":"https:\/\/agora.xtec.cat\/cfacatalonia\/wp-json\/wp\/v2\/pages\/27","targetHints":{"allow":["GET"]}}],"collection":[{"href":"https:\/\/agora.xtec.cat\/cfacatalonia\/wp-json\/wp\/v2\/pages"}],"about":[{"href":"https:\/\/agora.xtec.cat\/cfacatalonia\/wp-json\/wp\/v2\/types\/page"}],"author":[{"embeddable":true,"href":"https:\/\/agora.xtec.cat\/cfacatalonia\/wp-json\/wp\/v2\/users\/1"}],"replies":[{"embeddable":true,"href":"https:\/\/agora.xtec.cat\/cfacatalonia\/wp-json\/wp\/v2\/comments?post=27"}],"version-history":[{"count":3,"href":"https:\/\/agora.xtec.cat\/cfacatalonia\/wp-json\/wp\/v2\/pages\/27\/revisions"}],"predecessor-version":[{"id":473,"href":"https:\/\/agora.xtec.cat\/cfacatalonia\/wp-json\/wp\/v2\/pages\/27\/revisions\/473"}],"up":[{"embeddable":true,"href":"https:\/\/agora.xtec.cat\/cfacatalonia\/wp-json\/wp\/v2\/pages\/261"}],"wp:attachment":[{"href":"https:\/\/agora.xtec.cat\/cfacatalonia\/wp-json\/wp\/v2\/media?parent=27"}],"curies":[{"name":"wp","href":"https:\/\/api.w.org\/{rel}","templated":true}]}}