{"id":261,"date":"2015-01-27T17:25:01","date_gmt":"2015-01-27T16:25:01","guid":{"rendered":"http:\/\/agora.xtec.cat\/cfacatalonia\/?page_id=261"},"modified":"2017-01-13T12:05:35","modified_gmt":"2017-01-13T11:05:35","slug":"el-centre","status":"publish","type":"page","link":"https:\/\/agora.xtec.cat\/cfacatalonia\/el-centre\/","title":{"rendered":"El Centre"},"content":{"rendered":"<p>El CFA Catal\u00f2nia est\u00e0 situat al barri de Santa Eul\u00e0lia, prop de la Ciutat Judicial i a tocar del parc de l&#8217;Alhambra. Fins el 2012 estava situat al carrer Bacard\u00ed i es deia CFA Santa Eul\u00e0lia. Des que hi ha una nova ubicaci\u00f3 gaudim d&#8217;un edifici accessible i vers\u00e0til. El fet de tenir a prop els FFGC i molts autobusos fa que l&#8217;alumnat provingui de qualsevol barri de l&#8217;Hospitalet del Llobregat, de Barcelona i de ciutats properes. Tanmateix, la majoria dels alumnes s\u00f3n del barri.<\/p>\n","protected":false},"excerpt":{"rendered":"<p>El CFA Catal\u00f2nia est\u00e0 situat al barri de Santa Eul\u00e0lia, prop de la Ciutat Judicial i a tocar del parc de l&#8217;Alhambra. Fins el 2012 estava situat al carrer Bacard\u00ed i es deia CFA Santa Eul\u00e0lia. Des que hi ha una nova ubicaci\u00f3 gaudim d&#8217;un&hellip;  <a href=\"https:\/\/agora.xtec.cat\/cfacatalonia\/el-centre\/\" title=\"Read El Centre\">Llegeix m\u00e9s\u00bb<\/a><\/p>\n","protected":false},"author":1,"featured_media":0,"parent":0,"menu_order":0,"comment_status":"closed","ping_status":"closed","template":"page-templates\/side-menu.php","meta":{"_bbp_topic_count":0,"_bbp_reply_count":0,"_bbp_total_topic_count":0,"_bbp_total_reply_count":0,"_bbp_voice_count":0,"_bbp_anonymous_reply_count":0,"_bbp_topic_count_hidden":0,"_bbp_reply_count_hidden":0,"_bbp_forum_subforum_count":0,"footnotes":""},"class_list":["post-261","page","type-page","status-publish","hentry"],"post_mailing_queue_ids":[],"_links":{"self":[{"href":"https:\/\/agora.xtec.cat\/cfacatalonia\/wp-json\/wp\/v2\/pages\/261","targetHints":{"allow":["GET"]}}],"collection":[{"href":"https:\/\/agora.xtec.cat\/cfacatalonia\/wp-json\/wp\/v2\/pages"}],"about":[{"href":"https:\/\/agora.xtec.cat\/cfacatalonia\/wp-json\/wp\/v2\/types\/page"}],"author":[{"embeddable":true,"href":"https:\/\/agora.xtec.cat\/cfacatalonia\/wp-json\/wp\/v2\/users\/1"}],"replies":[{"embeddable":true,"href":"https:\/\/agora.xtec.cat\/cfacatalonia\/wp-json\/wp\/v2\/comments?post=261"}],"version-history":[{"count":2,"href":"https:\/\/agora.xtec.cat\/cfacatalonia\/wp-json\/wp\/v2\/pages\/261\/revisions"}],"predecessor-version":[{"id":475,"href":"https:\/\/agora.xtec.cat\/cfacatalonia\/wp-json\/wp\/v2\/pages\/261\/revisions\/475"}],"wp:attachment":[{"href":"https:\/\/agora.xtec.cat\/cfacatalonia\/wp-json\/wp\/v2\/media?parent=261"}],"curies":[{"name":"wp","href":"https:\/\/api.w.org\/{rel}","templated":true}]}}