{"id":4514,"date":"2024-02-09T11:36:21","date_gmt":"2024-02-09T10:36:21","guid":{"rendered":"https:\/\/agora.xtec.cat\/cfacastelldefels\/?page_id=4514"},"modified":"2024-05-09T12:00:21","modified_gmt":"2024-05-09T10:00:21","slug":"subvencio-de-lajuntament-de-castelldefels-per-dotacio-informatica-al-centre","status":"publish","type":"page","link":"https:\/\/agora.xtec.cat\/cfacastelldefels\/subvencio-de-lajuntament-de-castelldefels-per-dotacio-informatica-al-centre\/","title":{"rendered":"Subvenci\u00f3 de l\u2019Ajuntament de Castelldefels per dotaci\u00f3 inform\u00e0tica al centre"},"content":{"rendered":"<p>Durant el curs 2023-2024, l\u2019Ajuntament de Castelldefels ha dotat el CFA Castelldefels amb una subvenci\u00f3 per dotar el centre amb material inform\u00e0tic.<\/p>\n<p>Amb la dotaci\u00f3, s\u2019han adquirit:<\/p>\n<ul>\n<li>13 chromebooks<\/li>\n<li>Un armari de c\u00e0rrega pels port\u00e0tils<\/li>\n<\/ul>\n<p>Volem donar les gr\u00e0cies per la gesti\u00f3 de la subvenci\u00f3 i ajudar en la digitalitzaci\u00f3 de l\u2019alumnat del Centre de Formaci\u00f3 d\u2019Adults.<\/p>\n<p><img loading=\"lazy\" decoding=\"async\" class=\"size-full wp-image-4513 alignleft\" src=\"https:\/\/agora.xtec.cat\/cfacastelldefels\/wp-content\/uploads\/usu251\/2024\/02\/logo-ajuntament.jpg\" alt=\"\" width=\"179\" height=\"168\" \/><\/p>\n","protected":false},"excerpt":{"rendered":"<p>Durant el curs 2023-2024, l\u2019Ajuntament de Castelldefels ha dotat el CFA Castelldefels amb una subvenci\u00f3 per dotar el centre amb material inform\u00e0tic. Amb la dotaci\u00f3, s\u2019han adquirit: 13 chromebooks Un armari de c\u00e0rrega pels port\u00e0tils Volem donar les gr\u00e0cies per la gesti\u00f3 de la subvenci\u00f3 i ajudar en la digitalitzaci\u00f3 de l\u2019alumnat del Centre de [&hellip;]<\/p>\n","protected":false},"author":1,"featured_media":0,"parent":0,"menu_order":0,"comment_status":"closed","ping_status":"closed","template":"page-templates\/side-menu.php","meta":{"_bbp_topic_count":0,"_bbp_reply_count":0,"_bbp_total_topic_count":0,"_bbp_total_reply_count":0,"_bbp_voice_count":0,"_bbp_anonymous_reply_count":0,"_bbp_topic_count_hidden":0,"_bbp_reply_count_hidden":0,"_bbp_forum_subforum_count":0,"site-sidebar-layout":"default","site-content-layout":"","ast-site-content-layout":"","site-content-style":"default","site-sidebar-style":"default","ast-global-header-display":"","ast-banner-title-visibility":"","ast-main-header-display":"","ast-hfb-above-header-display":"","ast-hfb-below-header-display":"","ast-hfb-mobile-header-display":"","site-post-title":"","ast-breadcrumbs-content":"","ast-featured-img":"","footer-sml-layout":"","theme-transparent-header-meta":"","adv-header-id-meta":"","stick-header-meta":"","header-above-stick-meta":"","header-main-stick-meta":"","header-below-stick-meta":"","astra-migrate-meta-layouts":"default","ast-page-background-enabled":"default","ast-page-background-meta":{"desktop":{"background-color":"var(--ast-global-color-4)","background-image":"","background-repeat":"repeat","background-position":"center center","background-size":"auto","background-attachment":"scroll","background-type":"","background-media":"","overlay-type":"","overlay-color":"","overlay-opacity":"","overlay-gradient":""},"tablet":{"background-color":"","background-image":"","background-repeat":"repeat","background-position":"center center","background-size":"auto","background-attachment":"scroll","background-type":"","background-media":"","overlay-type":"","overlay-color":"","overlay-opacity":"","overlay-gradient":""},"mobile":{"background-color":"","background-image":"","background-repeat":"repeat","background-position":"center center","background-size":"auto","background-attachment":"scroll","background-type":"","background-media":"","overlay-type":"","overlay-color":"","overlay-opacity":"","overlay-gradient":""}},"ast-content-background-meta":{"desktop":{"background-color":"var(--ast-global-color-5)","background-image":"","background-repeat":"repeat","background-position":"center center","background-size":"auto","background-attachment":"scroll","background-type":"","background-media":"","overlay-type":"","overlay-color":"","overlay-opacity":"","overlay-gradient":""},"tablet":{"background-color":"var(--ast-global-color-5)","background-image":"","background-repeat":"repeat","background-position":"center center","background-size":"auto","background-attachment":"scroll","background-type":"","background-media":"","overlay-type":"","overlay-color":"","overlay-opacity":"","overlay-gradient":""},"mobile":{"background-color":"var(--ast-global-color-5)","background-image":"","background-repeat":"repeat","background-position":"center center","background-size":"auto","background-attachment":"scroll","background-type":"","background-media":"","overlay-type":"","overlay-color":"","overlay-opacity":"","overlay-gradient":""}},"footnotes":""},"class_list":["post-4514","page","type-page","status-publish","hentry"],"post_mailing_queue_ids":[],"_links":{"self":[{"href":"https:\/\/agora.xtec.cat\/cfacastelldefels\/wp-json\/wp\/v2\/pages\/4514","targetHints":{"allow":["GET"]}}],"collection":[{"href":"https:\/\/agora.xtec.cat\/cfacastelldefels\/wp-json\/wp\/v2\/pages"}],"about":[{"href":"https:\/\/agora.xtec.cat\/cfacastelldefels\/wp-json\/wp\/v2\/types\/page"}],"author":[{"embeddable":true,"href":"https:\/\/agora.xtec.cat\/cfacastelldefels\/wp-json\/wp\/v2\/users\/1"}],"replies":[{"embeddable":true,"href":"https:\/\/agora.xtec.cat\/cfacastelldefels\/wp-json\/wp\/v2\/comments?post=4514"}],"version-history":[{"count":2,"href":"https:\/\/agora.xtec.cat\/cfacastelldefels\/wp-json\/wp\/v2\/pages\/4514\/revisions"}],"predecessor-version":[{"id":4746,"href":"https:\/\/agora.xtec.cat\/cfacastelldefels\/wp-json\/wp\/v2\/pages\/4514\/revisions\/4746"}],"wp:attachment":[{"href":"https:\/\/agora.xtec.cat\/cfacastelldefels\/wp-json\/wp\/v2\/media?parent=4514"}],"curies":[{"name":"wp","href":"https:\/\/api.w.org\/{rel}","templated":true}]}}