{"id":322,"date":"2015-01-28T11:36:17","date_gmt":"2015-01-28T10:36:17","guid":{"rendered":"http:\/\/agora.xtec.cat\/cfajverdaguercastelldefels\/\/?page_id=322"},"modified":"2026-04-28T19:24:50","modified_gmt":"2026-04-28T17:24:50","slug":"a-la-universitat-per-a-majors-de-25-anys","status":"publish","type":"page","link":"https:\/\/agora.xtec.cat\/cfacastelldefels\/ensenyaments\/ensenyaments-per-a-la-preparacio-de-proves-dacces\/a-la-universitat-per-a-majors-de-25-anys\/","title":{"rendered":"Proves d&#8217;acc\u00e9s a la universitat per a majors de 25 anys\/45 anys"},"content":{"rendered":"<div class=\"page\" title=\"Page 3\">\n<div class=\"section\">\n<div class=\"layoutArea\">\n<div class=\"column\">\n<p>Aquests ensenyaments tenen com a finalitat preparar per a la prova d\u2019acc\u00e9s a la universitat a aquelles persones que no tenen els requisits acad\u00e8mics per accedir a la universitat, i s\u00f3n majors a 25 o 45 anys.<\/p>\n<div class=\"page\" title=\"Page 5\">\n<div class=\"section\">\n<div class=\"layoutArea\">\n<div class=\"column\">\n<h3>Com \u00e9s el curs al CFA Castelldefels?<\/h3>\n<p>El centre prepara per fer la prova d\u2019acc\u00e9s a la universitat per a m\u00e9s grans de 25 anys i de 45 anys de la part comuna i facilita l&#8217;autoformaci\u00f3 de la part espec\u00edfica. Una vegada superada la prova d\u2019acc\u00e9s, els candidats podran ingressar a la universitat.<\/p>\n<h3>Qui pot fer la prova d\u2019acc\u00e9s?<\/h3>\n<p>Poden fer-la les persones que tinguin m\u00e9s de 25 o de 45 anys o b\u00e9 que els compleixin abans de l\u20191 d\u2019octubre de l\u2019any de la convocat\u00f2ria de les proves.<\/p>\n<h3>En qu\u00e8 consisteix la prova per <strong>majors de 25 anys?<\/strong><\/h3>\n<p>La\u00a0prova\u00a0consta\u00a0de\u00a0dues\u00a0parts:\u00a0una\u00a0comuna\u00a0i\u00a0l\u2019altra\u00a0espec\u00edfica,\u00a0segons\u00a0la\u00a0carrera\u00a0que\u00a0es\u00a0vol\u00a0estudiar.<br \/>\nLa\u00a0part\u00a0comuna\u00a0consta\u00a0de\u00a0quatre\u00a0ex\u00e0mens:<\/p>\n<p>\u2022 Llengua\u00a0catalana<br \/>\n\u2022 Llengua\u00a0castellana<br \/>\n\u2022 Comentari de text (es pot triar fer-ho en castell\u00e0 o catal\u00e0)<br \/>\n\u2022 Idioma: L&#8217;alumnat pot triar fer la prova entre angl\u00e8s, franc\u00e8s, portugu\u00e8s, itali\u00e0 o alemany. Al CFA Castelldefels es prepara la d&#8217;angl\u00e8s.<\/p>\n<h3>En qu\u00e8 consisteix la prova per <strong>majors de 45 anys?<\/strong><\/h3>\n<p>La prova consta de la part comuna, i consta nom\u00e9s de tres ex\u00e0mens:<\/p>\n<p>\u2022 Llengua\u00a0catalana<br \/>\n\u2022 Llengua\u00a0castellana<br \/>\n\u2022 Comentari\u00a0de\u00a0text<\/p>\n<\/div>\n<p>A continuaci\u00f3, es du a terme una entrevista al centre d&#8217;estudi.<\/p>\n<div class=\"column\">\n<h3>Titulaci\u00f3<\/h3>\n<ul>\n<li>La prova d&#8217;acc\u00e9s a la universitat de +25 amb l&#8217;ESO aprovada equival al batxillerat a efectes laborals i oposicions.<\/li>\n<li>La prova tamb\u00e9 dona dret a matricular-se en un CFGS.<\/li>\n<\/ul>\n<h3>M\u00e9s informaci\u00f3<\/h3>\n<p>Podeu trobar m\u00e9s informaci\u00f3 sobre les proves a :\u00a0 <a href=\"https:\/\/universitats.gencat.cat\/ca\/proves-majors\/25-anys\/index.html\">proves + 25<\/a>, \u00a0<a href=\"https:\/\/universitats.gencat.cat\/ca\/proves-majors\/45-anys\/index.html\">proves + 45<\/a>, \u00a0<a href=\"https:\/\/accesnet.gencat.cat\/accesnet\/AppJava\/html\/index.html\">Accesnet Gencat.<\/a><\/p>\n<\/div>\n<\/div>\n<\/div>\n<\/div>\n<\/div>\n<\/div>\n<\/div>\n<\/div>\n","protected":false},"excerpt":{"rendered":"<p>Aquests ensenyaments tenen com a finalitat preparar per a la prova d\u2019acc\u00e9s a la universitat a aquelles persones que no tenen els requisits acad\u00e8mics per accedir a la universitat, i s\u00f3n majors a 25 o 45 anys. Com \u00e9s el curs al CFA Castelldefels? El centre prepara per fer la prova d\u2019acc\u00e9s a la universitat [&hellip;]<\/p>\n","protected":false},"author":2,"featured_media":0,"parent":288,"menu_order":0,"comment_status":"closed","ping_status":"closed","template":"","meta":{"_bbp_topic_count":0,"_bbp_reply_count":0,"_bbp_total_topic_count":0,"_bbp_total_reply_count":0,"_bbp_voice_count":0,"_bbp_anonymous_reply_count":0,"_bbp_topic_count_hidden":0,"_bbp_reply_count_hidden":0,"_bbp_forum_subforum_count":0,"site-sidebar-layout":"default","site-content-layout":"","ast-site-content-layout":"default","site-content-style":"default","site-sidebar-style":"default","ast-global-header-display":"","ast-banner-title-visibility":"","ast-main-header-display":"","ast-hfb-above-header-display":"","ast-hfb-below-header-display":"","ast-hfb-mobile-header-display":"","site-post-title":"","ast-breadcrumbs-content":"","ast-featured-img":"","footer-sml-layout":"","theme-transparent-header-meta":"","adv-header-id-meta":"","stick-header-meta":"","header-above-stick-meta":"","header-main-stick-meta":"","header-below-stick-meta":"","astra-migrate-meta-layouts":"set","ast-page-background-enabled":"default","ast-page-background-meta":{"desktop":{"background-color":"var(--ast-global-color-4)","background-image":"","background-repeat":"repeat","background-position":"center center","background-size":"auto","background-attachment":"scroll","background-type":"","background-media":"","overlay-type":"","overlay-color":"","overlay-opacity":"","overlay-gradient":""},"tablet":{"background-color":"","background-image":"","background-repeat":"repeat","background-position":"center center","background-size":"auto","background-attachment":"scroll","background-type":"","background-media":"","overlay-type":"","overlay-color":"","overlay-opacity":"","overlay-gradient":""},"mobile":{"background-color":"","background-image":"","background-repeat":"repeat","background-position":"center center","background-size":"auto","background-attachment":"scroll","background-type":"","background-media":"","overlay-type":"","overlay-color":"","overlay-opacity":"","overlay-gradient":""}},"ast-content-background-meta":{"desktop":{"background-color":"var(--ast-global-color-5)","background-image":"","background-repeat":"repeat","background-position":"center center","background-size":"auto","background-attachment":"scroll","background-type":"","background-media":"","overlay-type":"","overlay-color":"","overlay-opacity":"","overlay-gradient":""},"tablet":{"background-color":"var(--ast-global-color-5)","background-image":"","background-repeat":"repeat","background-position":"center center","background-size":"auto","background-attachment":"scroll","background-type":"","background-media":"","overlay-type":"","overlay-color":"","overlay-opacity":"","overlay-gradient":""},"mobile":{"background-color":"var(--ast-global-color-5)","background-image":"","background-repeat":"repeat","background-position":"center center","background-size":"auto","background-attachment":"scroll","background-type":"","background-media":"","overlay-type":"","overlay-color":"","overlay-opacity":"","overlay-gradient":""}},"footnotes":""},"class_list":["post-322","page","type-page","status-publish","hentry"],"post_mailing_queue_ids":[],"_links":{"self":[{"href":"https:\/\/agora.xtec.cat\/cfacastelldefels\/wp-json\/wp\/v2\/pages\/322","targetHints":{"allow":["GET"]}}],"collection":[{"href":"https:\/\/agora.xtec.cat\/cfacastelldefels\/wp-json\/wp\/v2\/pages"}],"about":[{"href":"https:\/\/agora.xtec.cat\/cfacastelldefels\/wp-json\/wp\/v2\/types\/page"}],"author":[{"embeddable":true,"href":"https:\/\/agora.xtec.cat\/cfacastelldefels\/wp-json\/wp\/v2\/users\/2"}],"replies":[{"embeddable":true,"href":"https:\/\/agora.xtec.cat\/cfacastelldefels\/wp-json\/wp\/v2\/comments?post=322"}],"version-history":[{"count":6,"href":"https:\/\/agora.xtec.cat\/cfacastelldefels\/wp-json\/wp\/v2\/pages\/322\/revisions"}],"predecessor-version":[{"id":5639,"href":"https:\/\/agora.xtec.cat\/cfacastelldefels\/wp-json\/wp\/v2\/pages\/322\/revisions\/5639"}],"up":[{"embeddable":true,"href":"https:\/\/agora.xtec.cat\/cfacastelldefels\/wp-json\/wp\/v2\/pages\/288"}],"wp:attachment":[{"href":"https:\/\/agora.xtec.cat\/cfacastelldefels\/wp-json\/wp\/v2\/media?parent=322"}],"curies":[{"name":"wp","href":"https:\/\/api.w.org\/{rel}","templated":true}]}}