{"id":320,"date":"2015-01-28T11:35:13","date_gmt":"2015-01-28T10:35:13","guid":{"rendered":"http:\/\/agora.xtec.cat\/cfajverdaguercastelldefels\/\/?page_id=320"},"modified":"2026-04-28T19:19:35","modified_gmt":"2026-04-28T17:19:35","slug":"a-cicles-formatius-de-grau-superior","status":"publish","type":"page","link":"https:\/\/agora.xtec.cat\/cfacastelldefels\/ensenyaments\/ensenyaments-per-a-la-preparacio-de-proves-dacces\/a-cicles-formatius-de-grau-superior\/","title":{"rendered":"Preparaci\u00f3 de la prova d&#8217;acc\u00e9s a cicles formatius de grau superior"},"content":{"rendered":"<p><span class=\"hps\">La prova<\/span>\u00a0<span class=\"hps\">d&#8217;acc\u00e9s a tots<\/span>\u00a0<span class=\"hps\">els<\/span>\u00a0<span class=\"hps\">Cicles<\/span>\u00a0<span class=\"hps\">Formatius<\/span>\u00a0<span class=\"hps\">de Grau<\/span> S<span class=\"hps\">uperior est\u00e0<\/span>\u00a0<span class=\"hps\">estructurada en dues<\/span>\u00a0<span class=\"hps\">parts<\/span>\u00a0<span class=\"hps\">i<\/span>\u00a0<span class=\"hps\">tindr\u00e0 per objecte<\/span>\u00a0<span class=\"hps\">acreditar que l&#8217;alumne<\/span>\u00a0<span class=\"hps\">posseeix la<\/span>\u00a0<span class=\"hps\">maduresa<\/span>\u00a0<span class=\"hps\">necess\u00e0ria en<\/span>\u00a0<span class=\"hps\">relaci\u00f3<\/span>\u00a0<span class=\"hps\">amb<\/span>\u00a0<span class=\"hps\">els<\/span>\u00a0<span class=\"hps\">objectius del<\/span>\u00a0<span class=\"hps\">batxillerat, aix\u00ed<\/span>\u00a0<span class=\"hps\">com<\/span>\u00a0<span class=\"hps\">els<\/span>\u00a0<span class=\"hps\">coneixements<\/span>\u00a0<span class=\"hps\">espec\u00edfics que\u00a0<\/span><span class=\"hps\">es requereixin per al<\/span>\u00a0<span class=\"hps\">cicle a qu\u00e8<\/span>\u00a0<span class=\"hps\">vol accedir. \u00c9s un curs presencial.<\/span><\/p>\n<ul>\n<li>Requisits:\u00a0Per poder fer la prova d&#8217;acc\u00e9s cal tenir\u00a0<strong>19 anys<\/strong> o m\u00e9s i no tenir cap t\u00edtol que doni dret a matricular-se a CFGS (batxillerat o un CFGM).<\/li>\n<li>Durada: Curs de setembre fins a la realitzaci\u00f3 de les proves, usualment al maig.<\/li>\n<li>Organitzaci\u00f3: El curs de preparaci\u00f3 compr\u00e8n les mat\u00e8ries comunes i les espec\u00edfiques.\n<ul>\n<li>4 mat\u00e8ries de la part comuna de la prova:\n<ul>\n<li>Llengua catalana<\/li>\n<li>Llengua castellana<\/li>\n<li>Angl\u00e8s<\/li>\n<li>Matem\u00e0tiques<\/li>\n<\/ul>\n<\/li>\n<li>2 mat\u00e8ries espec\u00edfiques: Les dues espec\u00edfiques es cursen de manera telem\u00e0tica a trav\u00e9s de la IOC (Institut Obert de Catalunya). El centre, per\u00f2, gestiona la matr\u00edcula de l&#8217;alumnat.<\/li>\n<\/ul>\n<\/li>\n<li>Recursos: El centre oferta el curs en horari de tarda.<\/li>\n<li>Aula virtual: <a href=\"https:\/\/educaciodigital.cat\/cfacastelldefels\/moodle\/\" target=\"_blank\" rel=\"noopener noreferrer\">Aula del nostre centre.<\/a><\/li>\n<li>Avaluaci\u00f3: Trimestral.<\/li>\n<li>Obtenci\u00f3 de certificaci\u00f3: Cal haver assistit a un m\u00ednim del 80% de les hores del curs per tenir dret al certificat. T\u00e9 certificat qui supera el curs de formaci\u00f3. El certificat d\u00f3na dret a punts extra del resultat final positiu.<\/li>\n<li>En el cas de tenir un CFGM no es pot fer la prova i el certificat\u00a0 el curs dona prioritat a l&#8217;hora de matricular-se a CFGS.<\/li>\n<li>Quadre de mat\u00e8ries espec\u00edfiques (<a style=\"font-family: inherit; font-size: 1em;\" title=\"Espec\u00edfiques IOC\" href=\"http:\/\/ioc.xtec.cat\/materials\/matbatx\/sobre_guies\/documents_pdf\/pacf-mater-especif2009-per-cicles.pdf\" target=\"_blank\" rel=\"noopener noreferrer\">ioc<\/a><span style=\"font-family: inherit; font-size: 1em;\">)(<\/span><a style=\"font-family: inherit; font-size: 1em;\" href=\"https:\/\/agora.xtec.cat\/cfacastelldefels\/wp-content\/uploads\/usu251\/2020\/05\/opcions-materies-GS-FP-1.pdf\" target=\"_blank\" rel=\"noopener\">gencat)<\/a><\/li>\n<li>Informaci\u00f3 general de les proves d&#8217;Acc\u00e9s a Grau Superior <a href=\"https:\/\/triaeducativa.gencat.cat\/ca\/proves\/proves-acces\/fp\/fp-gs\/\">(Departament d&#8217;Educaci\u00f3)<\/a><\/li>\n<li>La prova d&#8217;acc\u00e9s a CFGS, si es t\u00e9 l&#8217;ESO superada, equival al batxillerat a efectes laborals i oposicions.<\/li>\n<\/ul>\n<p>\u00a0<\/p>\n\n\n<p><\/p>\n","protected":false},"excerpt":{"rendered":"<p>La prova\u00a0d&#8217;acc\u00e9s a tots\u00a0els\u00a0Cicles\u00a0Formatius\u00a0de Grau Superior est\u00e0\u00a0estructurada en dues\u00a0parts\u00a0i\u00a0tindr\u00e0 per objecte\u00a0acreditar que l&#8217;alumne\u00a0posseeix la\u00a0maduresa\u00a0necess\u00e0ria en\u00a0relaci\u00f3\u00a0amb\u00a0els\u00a0objectius del\u00a0batxillerat, aix\u00ed\u00a0com\u00a0els\u00a0coneixements\u00a0espec\u00edfics que\u00a0es requereixin per al\u00a0cicle a qu\u00e8\u00a0vol accedir. \u00c9s un curs presencial. Requisits:\u00a0Per poder fer la prova d&#8217;acc\u00e9s cal tenir\u00a019 anys o m\u00e9s i no tenir cap t\u00edtol que doni dret a matricular-se a CFGS (batxillerat o un CFGM). [&hellip;]<\/p>\n","protected":false},"author":2,"featured_media":0,"parent":288,"menu_order":0,"comment_status":"closed","ping_status":"closed","template":"","meta":{"_bbp_topic_count":0,"_bbp_reply_count":0,"_bbp_total_topic_count":0,"_bbp_total_reply_count":0,"_bbp_voice_count":0,"_bbp_anonymous_reply_count":0,"_bbp_topic_count_hidden":0,"_bbp_reply_count_hidden":0,"_bbp_forum_subforum_count":0,"site-sidebar-layout":"default","site-content-layout":"","ast-site-content-layout":"default","site-content-style":"default","site-sidebar-style":"default","ast-global-header-display":"","ast-banner-title-visibility":"","ast-main-header-display":"","ast-hfb-above-header-display":"","ast-hfb-below-header-display":"","ast-hfb-mobile-header-display":"","site-post-title":"","ast-breadcrumbs-content":"","ast-featured-img":"","footer-sml-layout":"","theme-transparent-header-meta":"","adv-header-id-meta":"","stick-header-meta":"","header-above-stick-meta":"","header-main-stick-meta":"","header-below-stick-meta":"","astra-migrate-meta-layouts":"set","ast-page-background-enabled":"default","ast-page-background-meta":{"desktop":{"background-color":"var(--ast-global-color-4)","background-image":"","background-repeat":"repeat","background-position":"center center","background-size":"auto","background-attachment":"scroll","background-type":"","background-media":"","overlay-type":"","overlay-color":"","overlay-opacity":"","overlay-gradient":""},"tablet":{"background-color":"","background-image":"","background-repeat":"repeat","background-position":"center center","background-size":"auto","background-attachment":"scroll","background-type":"","background-media":"","overlay-type":"","overlay-color":"","overlay-opacity":"","overlay-gradient":""},"mobile":{"background-color":"","background-image":"","background-repeat":"repeat","background-position":"center center","background-size":"auto","background-attachment":"scroll","background-type":"","background-media":"","overlay-type":"","overlay-color":"","overlay-opacity":"","overlay-gradient":""}},"ast-content-background-meta":{"desktop":{"background-color":"var(--ast-global-color-5)","background-image":"","background-repeat":"repeat","background-position":"center center","background-size":"auto","background-attachment":"scroll","background-type":"","background-media":"","overlay-type":"","overlay-color":"","overlay-opacity":"","overlay-gradient":""},"tablet":{"background-color":"var(--ast-global-color-5)","background-image":"","background-repeat":"repeat","background-position":"center center","background-size":"auto","background-attachment":"scroll","background-type":"","background-media":"","overlay-type":"","overlay-color":"","overlay-opacity":"","overlay-gradient":""},"mobile":{"background-color":"var(--ast-global-color-5)","background-image":"","background-repeat":"repeat","background-position":"center center","background-size":"auto","background-attachment":"scroll","background-type":"","background-media":"","overlay-type":"","overlay-color":"","overlay-opacity":"","overlay-gradient":""}},"footnotes":""},"class_list":["post-320","page","type-page","status-publish","hentry"],"post_mailing_queue_ids":[],"_links":{"self":[{"href":"https:\/\/agora.xtec.cat\/cfacastelldefels\/wp-json\/wp\/v2\/pages\/320","targetHints":{"allow":["GET"]}}],"collection":[{"href":"https:\/\/agora.xtec.cat\/cfacastelldefels\/wp-json\/wp\/v2\/pages"}],"about":[{"href":"https:\/\/agora.xtec.cat\/cfacastelldefels\/wp-json\/wp\/v2\/types\/page"}],"author":[{"embeddable":true,"href":"https:\/\/agora.xtec.cat\/cfacastelldefels\/wp-json\/wp\/v2\/users\/2"}],"replies":[{"embeddable":true,"href":"https:\/\/agora.xtec.cat\/cfacastelldefels\/wp-json\/wp\/v2\/comments?post=320"}],"version-history":[{"count":6,"href":"https:\/\/agora.xtec.cat\/cfacastelldefels\/wp-json\/wp\/v2\/pages\/320\/revisions"}],"predecessor-version":[{"id":5636,"href":"https:\/\/agora.xtec.cat\/cfacastelldefels\/wp-json\/wp\/v2\/pages\/320\/revisions\/5636"}],"up":[{"embeddable":true,"href":"https:\/\/agora.xtec.cat\/cfacastelldefels\/wp-json\/wp\/v2\/pages\/288"}],"wp:attachment":[{"href":"https:\/\/agora.xtec.cat\/cfacastelldefels\/wp-json\/wp\/v2\/media?parent=320"}],"curies":[{"name":"wp","href":"https:\/\/api.w.org\/{rel}","templated":true}]}}