{"id":312,"date":"2015-01-28T11:32:38","date_gmt":"2015-01-28T10:32:38","guid":{"rendered":"http:\/\/agora.xtec.cat\/cfajverdaguercastelldefels\/\/?page_id=312"},"modified":"2024-09-30T14:18:09","modified_gmt":"2024-09-30T12:18:09","slug":"llengua-anglesa","status":"publish","type":"page","link":"https:\/\/agora.xtec.cat\/cfacastelldefels\/ensenyaments\/ensenyaments-transprofessionals\/llengua-anglesa\/","title":{"rendered":"Llengua anglesa"},"content":{"rendered":"<ul style=\"list-style-type: disc;\">\n<li>Els cursos permeten assolir un grau de compet\u00e8ncia comunicativa b\u00e0sica en angl\u00e8s.<\/li>\n<li>L\u2019alumnat que accedeix de nou a un d\u2019aquests cursos far\u00e0 una prova de nivell.<\/li>\n<li>Per accedir-hi cal tenir 18 anys i fer la matr\u00edcula.<\/li>\n<li>Nivells: aquests estudis comprenen els nivells 1, 2 i 3, que es corresponen amb els nivells A1, A2.1 i A2.2 respectivament, del MECR-Marc Europeu Com\u00fa de Refer\u00e8ncia per a les Lleng\u00fces.<\/li>\n<li>Durada: Un curs per nivell. Al nivell 1 es fan 3h de classe setmanals i als nivells 2 i 3 se&#8217;n fan 4h.<\/li>\n<li>Organitzaci\u00f3: Cursos anuals. Nivell A1 (105 H, 3 hores setmanals), Nivells A2.1 i A2.2 (140 H, 4 hores setmanals).<\/li>\n<li>Curr\u00edculum: Correspon a MECR (A1\/ A2 nivell 1r i 2n EOI).<\/li>\n<li>Aula virtual: Campus virtual del centre.<\/li>\n<li>Avaluaci\u00f3: Al nivell 3 hi ha una avaluaci\u00f3 externa del nivell assolit.<\/li>\n<li>Promoci\u00f3 de curs i\/o obtenci\u00f3 de certificaci\u00f3. Al nivell 3 \u00e9s obligatori fer una prova externa d&#8217;EOI al final de curs (es fa al propi centre).<\/li>\n<li>Preu: Els cursos s\u00f3n gratu\u00efts per l&#8217;alumnat, excepte material (hi ha una quota) i llibres.<\/li>\n<li>Continu\u00eftat: EL CERTIFICAT DEL NIVELL 3 D&#8217;ADULTS PERMET MATRICULAR-SE A 3r d&#8217;EOI SENSE PROVA DE NIVELL. Basat en la normativa:<\/li>\n<\/ul>\n<p>\u201cA partir del curs 2016-2017, el certificat de nivell b\u00e0sic d\u2019angl\u00e8s i el certificat de nivell b\u00e0sic de franc\u00e8s d\u2019ensenyament d\u2019adults eximeixen de realitzar la prova de nivell per accedir directament a tercer curs de l\u2019idioma corresponent.\u201d<\/p>\n<p>\u201cEls alumnes que acreditin el nivell 3 de llengua estrangera i mostrin inter\u00e8s a seguir la seva formaci\u00f3, poden accedir al tercer curs d&#8217;una escola oficial d&#8217;idiomes (EOI) sense sol\u00b7licitar fer el test de nivell.\u201d<\/p>\n<div><\/div>\n<div><\/div>\n","protected":false},"excerpt":{"rendered":"<p>Els cursos permeten assolir un grau de compet\u00e8ncia comunicativa b\u00e0sica en angl\u00e8s. L\u2019alumnat que accedeix de nou a un d\u2019aquests cursos far\u00e0 una prova de nivell. Per accedir-hi cal tenir 18 anys i fer la matr\u00edcula. Nivells: aquests estudis comprenen els nivells 1, 2 i 3, que es corresponen amb els nivells A1, A2.1 i [&hellip;]<\/p>\n","protected":false},"author":2,"featured_media":0,"parent":286,"menu_order":0,"comment_status":"closed","ping_status":"closed","template":"page-templates\/side-menu.php","meta":{"_bbp_topic_count":0,"_bbp_reply_count":0,"_bbp_total_topic_count":0,"_bbp_total_reply_count":0,"_bbp_voice_count":0,"_bbp_anonymous_reply_count":0,"_bbp_topic_count_hidden":0,"_bbp_reply_count_hidden":0,"_bbp_forum_subforum_count":0,"site-sidebar-layout":"default","site-content-layout":"","ast-site-content-layout":"","site-content-style":"default","site-sidebar-style":"default","ast-global-header-display":"","ast-banner-title-visibility":"","ast-main-header-display":"","ast-hfb-above-header-display":"","ast-hfb-below-header-display":"","ast-hfb-mobile-header-display":"","site-post-title":"","ast-breadcrumbs-content":"","ast-featured-img":"","footer-sml-layout":"","theme-transparent-header-meta":"","adv-header-id-meta":"","stick-header-meta":"","header-above-stick-meta":"","header-main-stick-meta":"","header-below-stick-meta":"","astra-migrate-meta-layouts":"default","ast-page-background-enabled":"default","ast-page-background-meta":{"desktop":{"background-color":"var(--ast-global-color-4)","background-image":"","background-repeat":"repeat","background-position":"center center","background-size":"auto","background-attachment":"scroll","background-type":"","background-media":"","overlay-type":"","overlay-color":"","overlay-opacity":"","overlay-gradient":""},"tablet":{"background-color":"","background-image":"","background-repeat":"repeat","background-position":"center center","background-size":"auto","background-attachment":"scroll","background-type":"","background-media":"","overlay-type":"","overlay-color":"","overlay-opacity":"","overlay-gradient":""},"mobile":{"background-color":"","background-image":"","background-repeat":"repeat","background-position":"center center","background-size":"auto","background-attachment":"scroll","background-type":"","background-media":"","overlay-type":"","overlay-color":"","overlay-opacity":"","overlay-gradient":""}},"ast-content-background-meta":{"desktop":{"background-color":"var(--ast-global-color-5)","background-image":"","background-repeat":"repeat","background-position":"center center","background-size":"auto","background-attachment":"scroll","background-type":"","background-media":"","overlay-type":"","overlay-color":"","overlay-opacity":"","overlay-gradient":""},"tablet":{"background-color":"var(--ast-global-color-5)","background-image":"","background-repeat":"repeat","background-position":"center center","background-size":"auto","background-attachment":"scroll","background-type":"","background-media":"","overlay-type":"","overlay-color":"","overlay-opacity":"","overlay-gradient":""},"mobile":{"background-color":"var(--ast-global-color-5)","background-image":"","background-repeat":"repeat","background-position":"center center","background-size":"auto","background-attachment":"scroll","background-type":"","background-media":"","overlay-type":"","overlay-color":"","overlay-opacity":"","overlay-gradient":""}},"footnotes":""},"class_list":["post-312","page","type-page","status-publish","hentry"],"post_mailing_queue_ids":[],"_links":{"self":[{"href":"https:\/\/agora.xtec.cat\/cfacastelldefels\/wp-json\/wp\/v2\/pages\/312","targetHints":{"allow":["GET"]}}],"collection":[{"href":"https:\/\/agora.xtec.cat\/cfacastelldefels\/wp-json\/wp\/v2\/pages"}],"about":[{"href":"https:\/\/agora.xtec.cat\/cfacastelldefels\/wp-json\/wp\/v2\/types\/page"}],"author":[{"embeddable":true,"href":"https:\/\/agora.xtec.cat\/cfacastelldefels\/wp-json\/wp\/v2\/users\/2"}],"replies":[{"embeddable":true,"href":"https:\/\/agora.xtec.cat\/cfacastelldefels\/wp-json\/wp\/v2\/comments?post=312"}],"version-history":[{"count":6,"href":"https:\/\/agora.xtec.cat\/cfacastelldefels\/wp-json\/wp\/v2\/pages\/312\/revisions"}],"predecessor-version":[{"id":4994,"href":"https:\/\/agora.xtec.cat\/cfacastelldefels\/wp-json\/wp\/v2\/pages\/312\/revisions\/4994"}],"up":[{"embeddable":true,"href":"https:\/\/agora.xtec.cat\/cfacastelldefels\/wp-json\/wp\/v2\/pages\/286"}],"wp:attachment":[{"href":"https:\/\/agora.xtec.cat\/cfacastelldefels\/wp-json\/wp\/v2\/media?parent=312"}],"curies":[{"name":"wp","href":"https:\/\/api.w.org\/{rel}","templated":true}]}}