{"id":303,"date":"2015-01-28T11:23:05","date_gmt":"2015-01-28T10:23:05","guid":{"rendered":"http:\/\/agora.xtec.cat\/cfajverdaguercastelldefels\/\/?page_id=303"},"modified":"2024-08-04T07:10:00","modified_gmt":"2024-08-04T05:10:00","slug":"graduat-en-educacio-secundaria-per-adults","status":"publish","type":"page","link":"https:\/\/agora.xtec.cat\/cfacastelldefels\/ensenyaments\/ensenyaments-inicials-i-formacio-basica\/graduat-en-educacio-secundaria-per-adults\/","title":{"rendered":"Graduat en educaci\u00f3 secundaria per adults (GESO)"},"content":{"rendered":"<h2>Guia del Graduat en Educaci\u00f3 Secund\u00e0ria (GES)<\/h2>\n<p>El Graduat en Educaci\u00f3 Secund\u00e0ria (GES) \u00e9s una\u00a0titulaci\u00f3 oficial d&#8217;ensenyament b\u00e0sic (equival a l&#8217;ESO que s&#8217;obt\u00e9 als IES). La Generalitat de Catalunya autoritza que l&#8217;Escola d&#8217;Adults de Castelldefels ofereixi el programa &#8220;Graduat en Educaci\u00f3 Secund\u00e0ria&#8221; que permetr\u00e0 a una persona adulta, a partir de 18 anys, obtenir la nova titulaci\u00f3 amb un proc\u00e9s d&#8217;avaluaci\u00f3 cont\u00ednua presencial o b\u00e9 seguir la modalitat a dist\u00e0ncia (som centre de suport de l&#8217;IOC) o b\u00e9 semi-presencial combinant tots dos.<\/p>\n<p>La titulaci\u00f3 del GES permet accedir a estudis superiors (grau mitj\u00e0, batxillerat&#8230;) i preparar-se per estudiar les proves d&#8217;acc\u00e9s a grau superior o a la universitat.<\/p>\n<h2 class=\"art-postheader\"><span class=\"art-postheadericon\">Estructura<\/span><\/h2>\n<ul>\n<li>El GES s&#8217;organitza de forma modular en <b>tres \u00e0mbits i dos nivells <\/b>en cadascun dels \u00e0mbits.<\/li>\n<li>Els m\u00f2duls s\u00f3n de dos tipus: <b>comuns i opcionals.<\/b><\/li>\n<li><b>Per obtenir la titulaci\u00f3 <\/b><strong>s&#8217;ha de superar un total de 34 m\u00f2duls o, si escau, convalidar o acreditar.<\/strong><\/li>\n<\/ul>\n<p>Els m\u00f2duls i el seu contingut es distribueixen de la manera seg\u00fcent:<\/p>\n<ul class=\"ambit\">\n<li class=\"ambit\"><b>\u00c0mbit de la comunicaci\u00f3:<\/b> 12 m\u00f2duls comuns que inclouen les seg\u00fcents mat\u00e8ries: llengua catalana i literatura, llengua castellana i literatura i llengua estrangera.<\/li>\n<li><b>\u00c0mbit cient\u00edfic tecnol\u00f2gic: <\/b>10 m\u00f2duls comuns que inclouen les seg\u00fcents mat\u00e8ries: matem\u00e0tiques, ci\u00e8ncies de la naturalesa i tecnologies.<\/li>\n<li><b>\u00c0mbit social: <\/b>6 m\u00f2duls comuns que inclouen: ci\u00e8ncies socials, geografia i hist\u00f2ria i educaci\u00f3 per a la ciutadania.<\/li>\n<li><b>M\u00f2duls opcionals: <\/b>6 m\u00f2duls que selecciona i oferta el centre i que cal cursar i superar.<\/li>\n<\/ul>\n<h2>Acc\u00e9s<\/h2>\n<p>Cal tenir 18 anys o m\u00e9s, o complir-los dintre de l&#8217;any natural de matriculaci\u00f3.<\/p>\n<h2 class=\"art-postheader\"><span class=\"art-postheadericon\">Durada del curs<\/span><\/h2>\n<p>El curs est\u00e0 distribu\u00eft en <b>tres trimestres. <\/b>Cada trimestre consta de 10 setmanes de classe. Una persona pot incorporar-se al curs a principis de cada trimestre i fer els m\u00f2duls que no siguin incompatibles entre ells.<\/p>\n<p><strong>El temps que es necessita per a aconseguir la titulaci\u00f3 dep\u00e8n del nombre de m\u00f2duls que s&#8217;han de cursar<\/strong>.<\/p>\n<h2>Tutoria<\/h2>\n<p>A cadascuna de les persones que accedeixen al GES se&#8217;ls realitzar\u00e0 una avaluaci\u00f3 inicial on s&#8217;obrir\u00e0 l&#8217;expedient acad\u00e8mic de l&#8217;alumne al centre, es duran a terme les proves inicials i l&#8217;entrevista personal per orientar sobre l&#8217;itinerari formatiu.<\/p>\n<h2>Avaluaci\u00f3, convalidaci\u00f3, acreditaci\u00f3 i calendari<\/h2>\n<p>a. PRESENCIAL, AVALUACI\u00d3 CONT\u00cdNUA<\/p>\n<ul>\n<li><b>Sistema modular:<\/b> s&#8217;estableixen uns m\u00f2duls (com mat\u00e8ries) per als diferents \u00e0mbits que s&#8217;hauran de cursar, convalidar i\/o acreditar.<\/li>\n<li><b>Trimestral:<\/b> al final de cada trimestre es far\u00e0 una sessi\u00f3 d&#8217;avaluaci\u00f3 que quedar\u00e0 reflectida en les actes de cada \u00e0mbit.<\/li>\n<li><b>Itinerari personal:<\/b> cada persona tindr\u00e0 un pla personalitzat, que es podr\u00e0 revisar cada trimestre.<\/li>\n<li><b>Flexible: <\/b>la persona pot escollir fer un nivell en un curs (5 dies de la setmana), o fer m\u00f2duls de diversos \u00e0mbits per trimestre.<\/li>\n<\/ul>\n<p>La titulaci\u00f3 presentada, la prova de nivell i l&#8217;entrevista poden permetre una s\u00e8rie de convalidacions i acreditacions de nivells i m\u00f2duls:<\/p>\n<ul>\n<li>A una persona que ja t\u00e9 el graduat escolar o cursos\u00a0d&#8217;ESO superats se li podran convalidar m\u00f2duls (nivell 1).<\/li>\n<li>A una persona que t\u00e9 superats cr\u00e8dits del 2n cicle d&#8217;ESO (4t d&#8217;ESO), 1r de BUP o 1r curs de FP1 se li poden convalidar els m\u00f2duls corresponents.<\/li>\n<li>Caldr\u00e0 fer la prova de nivell per poder acreditar m\u00f2duls.<\/li>\n<li>SI s&#8217;ha cursat un itinerari adaptat no es convalidar\u00e0.<\/li>\n<\/ul>\n<p>b. PROVES LLIURES<\/p>\n<p>El Departament d&#8217;Educaci\u00f3 estableix un calendari de proves lliures per \u00e0mbits al llarg del curs per a persones de +18 anys.<\/p>\n","protected":false},"excerpt":{"rendered":"<p>Guia del Graduat en Educaci\u00f3 Secund\u00e0ria (GES) El Graduat en Educaci\u00f3 Secund\u00e0ria (GES) \u00e9s una\u00a0titulaci\u00f3 oficial d&#8217;ensenyament b\u00e0sic (equival a l&#8217;ESO que s&#8217;obt\u00e9 als IES). La Generalitat de Catalunya autoritza que l&#8217;Escola d&#8217;Adults de Castelldefels ofereixi el programa &#8220;Graduat en Educaci\u00f3 Secund\u00e0ria&#8221; que permetr\u00e0 a una persona adulta, a partir de 18 anys, obtenir la [&hellip;]<\/p>\n","protected":false},"author":2,"featured_media":0,"parent":283,"menu_order":0,"comment_status":"closed","ping_status":"closed","template":"page-templates\/side-menu.php","meta":{"_bbp_topic_count":0,"_bbp_reply_count":0,"_bbp_total_topic_count":0,"_bbp_total_reply_count":0,"_bbp_voice_count":0,"_bbp_anonymous_reply_count":0,"_bbp_topic_count_hidden":0,"_bbp_reply_count_hidden":0,"_bbp_forum_subforum_count":0,"site-sidebar-layout":"default","site-content-layout":"","ast-site-content-layout":"","site-content-style":"default","site-sidebar-style":"default","ast-global-header-display":"","ast-banner-title-visibility":"","ast-main-header-display":"","ast-hfb-above-header-display":"","ast-hfb-below-header-display":"","ast-hfb-mobile-header-display":"","site-post-title":"","ast-breadcrumbs-content":"","ast-featured-img":"","footer-sml-layout":"","theme-transparent-header-meta":"","adv-header-id-meta":"","stick-header-meta":"","header-above-stick-meta":"","header-main-stick-meta":"","header-below-stick-meta":"","astra-migrate-meta-layouts":"default","ast-page-background-enabled":"default","ast-page-background-meta":{"desktop":{"background-color":"var(--ast-global-color-4)","background-image":"","background-repeat":"repeat","background-position":"center center","background-size":"auto","background-attachment":"scroll","background-type":"","background-media":"","overlay-type":"","overlay-color":"","overlay-opacity":"","overlay-gradient":""},"tablet":{"background-color":"","background-image":"","background-repeat":"repeat","background-position":"center center","background-size":"auto","background-attachment":"scroll","background-type":"","background-media":"","overlay-type":"","overlay-color":"","overlay-opacity":"","overlay-gradient":""},"mobile":{"background-color":"","background-image":"","background-repeat":"repeat","background-position":"center center","background-size":"auto","background-attachment":"scroll","background-type":"","background-media":"","overlay-type":"","overlay-color":"","overlay-opacity":"","overlay-gradient":""}},"ast-content-background-meta":{"desktop":{"background-color":"var(--ast-global-color-5)","background-image":"","background-repeat":"repeat","background-position":"center center","background-size":"auto","background-attachment":"scroll","background-type":"","background-media":"","overlay-type":"","overlay-color":"","overlay-opacity":"","overlay-gradient":""},"tablet":{"background-color":"var(--ast-global-color-5)","background-image":"","background-repeat":"repeat","background-position":"center center","background-size":"auto","background-attachment":"scroll","background-type":"","background-media":"","overlay-type":"","overlay-color":"","overlay-opacity":"","overlay-gradient":""},"mobile":{"background-color":"var(--ast-global-color-5)","background-image":"","background-repeat":"repeat","background-position":"center center","background-size":"auto","background-attachment":"scroll","background-type":"","background-media":"","overlay-type":"","overlay-color":"","overlay-opacity":"","overlay-gradient":""}},"footnotes":""},"class_list":["post-303","page","type-page","status-publish","hentry"],"post_mailing_queue_ids":[],"_links":{"self":[{"href":"https:\/\/agora.xtec.cat\/cfacastelldefels\/wp-json\/wp\/v2\/pages\/303","targetHints":{"allow":["GET"]}}],"collection":[{"href":"https:\/\/agora.xtec.cat\/cfacastelldefels\/wp-json\/wp\/v2\/pages"}],"about":[{"href":"https:\/\/agora.xtec.cat\/cfacastelldefels\/wp-json\/wp\/v2\/types\/page"}],"author":[{"embeddable":true,"href":"https:\/\/agora.xtec.cat\/cfacastelldefels\/wp-json\/wp\/v2\/users\/2"}],"replies":[{"embeddable":true,"href":"https:\/\/agora.xtec.cat\/cfacastelldefels\/wp-json\/wp\/v2\/comments?post=303"}],"version-history":[{"count":5,"href":"https:\/\/agora.xtec.cat\/cfacastelldefels\/wp-json\/wp\/v2\/pages\/303\/revisions"}],"predecessor-version":[{"id":4926,"href":"https:\/\/agora.xtec.cat\/cfacastelldefels\/wp-json\/wp\/v2\/pages\/303\/revisions\/4926"}],"up":[{"embeddable":true,"href":"https:\/\/agora.xtec.cat\/cfacastelldefels\/wp-json\/wp\/v2\/pages\/283"}],"wp:attachment":[{"href":"https:\/\/agora.xtec.cat\/cfacastelldefels\/wp-json\/wp\/v2\/media?parent=303"}],"curies":[{"name":"wp","href":"https:\/\/api.w.org\/{rel}","templated":true}]}}