{"id":27,"date":"2014-09-17T16:24:03","date_gmt":"2014-09-17T16:24:03","guid":{"rendered":"http:\/\/agora.xtec.cat\/cfajverdaguercastelldefels\/\/?page_id=27"},"modified":"2022-08-08T09:17:13","modified_gmt":"2022-08-08T07:17:13","slug":"historia","status":"publish","type":"page","link":"https:\/\/agora.xtec.cat\/cfacastelldefels\/el-centre\/historia\/","title":{"rendered":"Hist\u00f2ria"},"content":{"rendered":"<p>El Centre de Formaci\u00f3 d&#8217;Adults es va fundar el 1981 per &#8220;<em>transferencia de las competencias de formaci\u00f3n permanente<\/em>&#8221; del MEC al Departament de Benestar Social de la Generalitat.<\/p>\n<p>El centre est\u00e0 ubicat en les actuals instal\u00b7lacions des del 1997 i actualment forma part de la xarxa de centres del Departament d&#8217;Ensenyament.<\/p>\n<p>L&#8217;estiu del 2016 s&#8217;inicien les obres de remodelaci\u00f3 i ampliaci\u00f3 del centre amb el trasllat provisional al carrer Esgl\u00e9sia, 2.<\/p>\n<p>Per resoluci\u00f3 <em>ENS\/1905\/2016<\/em> de 27 de juliol publicada al <em>DOGC<\/em> de 3 d&#8217;agost de 2016 es va canviar la denominaci\u00f3 del centre de CFA Jacint Verdaguer a CFA Castelldefels.<\/p>\n<p>El desembre finalitzen les obres que queden inaugurades el\u00a0gener del 2017<\/p>\n<p>Oferim ensenyaments\u00a0homologats.<\/p>\n<ul>\n<li>Formatius:\n<ul>\n<li>GES: equivalent al graduat de secund\u00e0ria ESO.<\/li>\n<li>Proves d&#8217;acc\u00e9s a CFGS.<\/li>\n<li>Proves d&#8217;acc\u00e9s a la Universitat +25 i +45 (tamb\u00e9 donen acc\u00e9s a CFGS).<\/li>\n<\/ul>\n<\/li>\n<li>Idiomes: els nivells de lleng\u00fces estrangeres A1, A2, A2+ corresponent als dos primers nivells d&#8217;EOI. En castell\u00e0 el 3r nivell \u00e9s B1\n<ul>\n<li>Angl\u00e8s (el 3r nivell des del 2016-2017 dona dret sense prova a accedir al 3r curs d&#8217;EOI). 3 nivells<\/li>\n<li>Franc\u00e8s 3 nivells<\/li>\n<li>Castell\u00e0 3 nivells.<\/li>\n<li>Catal\u00e0\u00a02 nivells<\/li>\n<\/ul>\n<\/li>\n<li>Inform\u00e0tica: equivalent als cursos Actic del Departament de Treball. Competic b\u00e0sic, Competic 1 (equival Actic inicial), Competic 2 (equival a Actic mitj\u00e0), Competic 3 (equival a Actic avan\u00e7at).<\/li>\n<\/ul>\n<p><a href=\"http:\/\/agora.xtec.cat\/cfajverdaguercastelldefels\/wp-content\/uploads\/usu251\/2014\/09\/entrada.jpg\"><img loading=\"lazy\" decoding=\"async\" class=\"alignnone size-medium wp-image-364\" src=\"http:\/\/agora.xtec.cat\/cfajverdaguercastelldefels\/wp-content\/uploads\/usu251\/2014\/09\/entrada-300x225.jpg\" alt=\"entrada\" width=\"300\" height=\"225\" srcset=\"https:\/\/agora.xtec.cat\/cfacastelldefels\/wp-content\/uploads\/usu251\/2014\/09\/entrada-300x225.jpg 300w, https:\/\/agora.xtec.cat\/cfacastelldefels\/wp-content\/uploads\/usu251\/2014\/09\/entrada-200x150.jpg 200w, https:\/\/agora.xtec.cat\/cfacastelldefels\/wp-content\/uploads\/usu251\/2014\/09\/entrada.jpg 640w\" sizes=\"auto, (max-width: 300px) 100vw, 300px\" \/><\/a><\/p>\n<p>&nbsp;<\/p>\n","protected":false},"excerpt":{"rendered":"<p>El Centre de Formaci\u00f3 d&#8217;Adults es va fundar el 1981 per &#8220;transferencia de las competencias de formaci\u00f3n permanente&#8221; del MEC al Departament de Benestar Social de la Generalitat. El centre est\u00e0 ubicat en les actuals instal\u00b7lacions des del 1997 i actualment forma part de la xarxa de centres del Departament d&#8217;Ensenyament. L&#8217;estiu del 2016 s&#8217;inicien [&hellip;]<\/p>\n","protected":false},"author":1,"featured_media":0,"parent":261,"menu_order":20,"comment_status":"closed","ping_status":"closed","template":"page-templates\/side-menu.php","meta":{"_bbp_topic_count":0,"_bbp_reply_count":0,"_bbp_total_topic_count":0,"_bbp_total_reply_count":0,"_bbp_voice_count":0,"_bbp_anonymous_reply_count":0,"_bbp_topic_count_hidden":0,"_bbp_reply_count_hidden":0,"_bbp_forum_subforum_count":0,"site-sidebar-layout":"default","site-content-layout":"","ast-site-content-layout":"","site-content-style":"default","site-sidebar-style":"default","ast-global-header-display":"","ast-banner-title-visibility":"","ast-main-header-display":"","ast-hfb-above-header-display":"","ast-hfb-below-header-display":"","ast-hfb-mobile-header-display":"","site-post-title":"","ast-breadcrumbs-content":"","ast-featured-img":"","footer-sml-layout":"","theme-transparent-header-meta":"","adv-header-id-meta":"","stick-header-meta":"","header-above-stick-meta":"","header-main-stick-meta":"","header-below-stick-meta":"","astra-migrate-meta-layouts":"default","ast-page-background-enabled":"default","ast-page-background-meta":{"desktop":{"background-color":"var(--ast-global-color-4)","background-image":"","background-repeat":"repeat","background-position":"center center","background-size":"auto","background-attachment":"scroll","background-type":"","background-media":"","overlay-type":"","overlay-color":"","overlay-opacity":"","overlay-gradient":""},"tablet":{"background-color":"","background-image":"","background-repeat":"repeat","background-position":"center center","background-size":"auto","background-attachment":"scroll","background-type":"","background-media":"","overlay-type":"","overlay-color":"","overlay-opacity":"","overlay-gradient":""},"mobile":{"background-color":"","background-image":"","background-repeat":"repeat","background-position":"center center","background-size":"auto","background-attachment":"scroll","background-type":"","background-media":"","overlay-type":"","overlay-color":"","overlay-opacity":"","overlay-gradient":""}},"ast-content-background-meta":{"desktop":{"background-color":"var(--ast-global-color-5)","background-image":"","background-repeat":"repeat","background-position":"center center","background-size":"auto","background-attachment":"scroll","background-type":"","background-media":"","overlay-type":"","overlay-color":"","overlay-opacity":"","overlay-gradient":""},"tablet":{"background-color":"var(--ast-global-color-5)","background-image":"","background-repeat":"repeat","background-position":"center center","background-size":"auto","background-attachment":"scroll","background-type":"","background-media":"","overlay-type":"","overlay-color":"","overlay-opacity":"","overlay-gradient":""},"mobile":{"background-color":"var(--ast-global-color-5)","background-image":"","background-repeat":"repeat","background-position":"center center","background-size":"auto","background-attachment":"scroll","background-type":"","background-media":"","overlay-type":"","overlay-color":"","overlay-opacity":"","overlay-gradient":""}},"footnotes":""},"class_list":["post-27","page","type-page","status-publish","hentry"],"post_mailing_queue_ids":[],"_links":{"self":[{"href":"https:\/\/agora.xtec.cat\/cfacastelldefels\/wp-json\/wp\/v2\/pages\/27","targetHints":{"allow":["GET"]}}],"collection":[{"href":"https:\/\/agora.xtec.cat\/cfacastelldefels\/wp-json\/wp\/v2\/pages"}],"about":[{"href":"https:\/\/agora.xtec.cat\/cfacastelldefels\/wp-json\/wp\/v2\/types\/page"}],"author":[{"embeddable":true,"href":"https:\/\/agora.xtec.cat\/cfacastelldefels\/wp-json\/wp\/v2\/users\/1"}],"replies":[{"embeddable":true,"href":"https:\/\/agora.xtec.cat\/cfacastelldefels\/wp-json\/wp\/v2\/comments?post=27"}],"version-history":[{"count":4,"href":"https:\/\/agora.xtec.cat\/cfacastelldefels\/wp-json\/wp\/v2\/pages\/27\/revisions"}],"predecessor-version":[{"id":3486,"href":"https:\/\/agora.xtec.cat\/cfacastelldefels\/wp-json\/wp\/v2\/pages\/27\/revisions\/3486"}],"up":[{"embeddable":true,"href":"https:\/\/agora.xtec.cat\/cfacastelldefels\/wp-json\/wp\/v2\/pages\/261"}],"wp:attachment":[{"href":"https:\/\/agora.xtec.cat\/cfacastelldefels\/wp-json\/wp\/v2\/media?parent=27"}],"curies":[{"name":"wp","href":"https:\/\/api.w.org\/{rel}","templated":true}]}}