{"id":2684,"date":"2020-10-02T19:53:20","date_gmt":"2020-10-02T17:53:20","guid":{"rendered":"https:\/\/agora.xtec.cat\/cfacastelldefels\/?page_id=2684"},"modified":"2024-05-09T11:44:21","modified_gmt":"2024-05-09T09:44:21","slug":"suport-a-la-formacio-telematica","status":"publish","type":"page","link":"https:\/\/agora.xtec.cat\/cfacastelldefels\/serveis\/serveis-digitals\/suport-a-la-formacio-telematica\/","title":{"rendered":"Suport a la formaci\u00f3 telem\u00e0tica"},"content":{"rendered":"<p><strong>Suport amb v\u00eddeos b\u00e0sics per la formaci\u00f3 telem\u00e0tica<\/strong><\/p>\n<p>\u00cdndex de temes:<\/p>\n<ol>\n<li>Com accedir al Moodle<\/li>\n<li>Com accedir a un f\u00f2rum de Moodle<\/li>\n<li>Com redactar un correu gmail<\/li>\n<li>Afegir una foto teva al perfil de moodle<\/li>\n<\/ol>\n<h2><a id=\"accediralmoodledelcentre\"><\/a>COM ACCEDIR AL MOODLE DEL CENTRE<\/h2>\n<p>Primer v\u00eddeo d&#8217;un company del CFA Pere Calders que ens parla de com podem accedir al moodle del centre. El procediment \u00e9s igual en el cas del nostre centre (<a href=\"https:\/\/educaciodigital.cat\/cfacastelldefels\/moodle\/\" target=\"_blank\" rel=\"noopener noreferrer\">https:\/\/educaciodigital.cat\/cfacastelldefels\/moodle\/<\/a>)<\/p>\n<div class=\"ast-oembed-container \" style=\"height: 100%;\"><iframe loading=\"lazy\" title=\"Com accedir a un Moodle\" width=\"500\" height=\"281\" src=\"https:\/\/www.youtube.com\/embed\/V_cvgXUTT8g?feature=oembed\" frameborder=\"0\" allow=\"accelerometer; autoplay; clipboard-write; encrypted-media; gyroscope; picture-in-picture; web-share\" referrerpolicy=\"strict-origin-when-cross-origin\" allowfullscreen><\/iframe><\/div>\n<p>&nbsp;<\/p>\n<h2>COM ACCEDIR A UN F\u00d2RUM DE MOODLE<\/h2>\n<p>En Xavier Agueda ara ens explica com participar en un f\u00f2rum del moodle. Possiblement el vostre professorat n&#8217;ha creat per facilitar la comunicaci\u00f3<\/p>\n<div class=\"ast-oembed-container \" style=\"height: 100%;\"><iframe loading=\"lazy\" title=\"Com participar en un f\u00f2rum de Moodle\" width=\"500\" height=\"281\" src=\"https:\/\/www.youtube.com\/embed\/-6b2c5tAsDE?feature=oembed\" frameborder=\"0\" allow=\"accelerometer; autoplay; clipboard-write; encrypted-media; gyroscope; picture-in-picture; web-share\" referrerpolicy=\"strict-origin-when-cross-origin\" allowfullscreen><\/iframe><\/div>\n<h2>Com enviar un correu usant el gmail<\/h2>\n<p>Tercer v\u00eddeo d&#8217;en Xavier sobre el correu electr\u00f2nic<\/p>\n<div class=\"ast-oembed-container \" style=\"height: 100%;\"><iframe loading=\"lazy\" title=\"Com enviar correus electr\u00f2nics amb Gmail\" width=\"500\" height=\"281\" src=\"https:\/\/www.youtube.com\/embed\/tzEFcuR6hR8?feature=oembed\" frameborder=\"0\" allow=\"accelerometer; autoplay; clipboard-write; encrypted-media; gyroscope; picture-in-picture; web-share\" referrerpolicy=\"strict-origin-when-cross-origin\" allowfullscreen><\/iframe><\/div>\n<h2>AFEGIR UNA FOTO AL PERFIL DE MOODLE<\/h2>\n<p style=\"text-align: center;\"><iframe loading=\"lazy\" src=\"https:\/\/www.youtube.com\/embed\/2jVVFtvSk2w\" width=\"560\" height=\"315\" frameborder=\"0\"><\/iframe><\/p>\n<p>&nbsp;<\/p>\n<p>&nbsp;<\/p>\n","protected":false},"excerpt":{"rendered":"<p>Suport amb v\u00eddeos b\u00e0sics per la formaci\u00f3 telem\u00e0tica \u00cdndex de temes: Com accedir al Moodle Com accedir a un f\u00f2rum de Moodle Com redactar un correu gmail Afegir una foto teva al perfil de moodle COM ACCEDIR AL MOODLE DEL CENTRE Primer v\u00eddeo d&#8217;un company del CFA Pere Calders que ens parla de com podem [&hellip;]<\/p>\n","protected":false},"author":1,"featured_media":0,"parent":65,"menu_order":0,"comment_status":"closed","ping_status":"closed","template":"","meta":{"_bbp_topic_count":0,"_bbp_reply_count":0,"_bbp_total_topic_count":0,"_bbp_total_reply_count":0,"_bbp_voice_count":0,"_bbp_anonymous_reply_count":0,"_bbp_topic_count_hidden":0,"_bbp_reply_count_hidden":0,"_bbp_forum_subforum_count":0,"site-sidebar-layout":"default","site-content-layout":"","ast-site-content-layout":"","site-content-style":"default","site-sidebar-style":"default","ast-global-header-display":"","ast-banner-title-visibility":"","ast-main-header-display":"","ast-hfb-above-header-display":"","ast-hfb-below-header-display":"","ast-hfb-mobile-header-display":"","site-post-title":"","ast-breadcrumbs-content":"","ast-featured-img":"","footer-sml-layout":"","theme-transparent-header-meta":"","adv-header-id-meta":"","stick-header-meta":"","header-above-stick-meta":"","header-main-stick-meta":"","header-below-stick-meta":"","astra-migrate-meta-layouts":"default","ast-page-background-enabled":"default","ast-page-background-meta":{"desktop":{"background-color":"var(--ast-global-color-4)","background-image":"","background-repeat":"repeat","background-position":"center center","background-size":"auto","background-attachment":"scroll","background-type":"","background-media":"","overlay-type":"","overlay-color":"","overlay-opacity":"","overlay-gradient":""},"tablet":{"background-color":"","background-image":"","background-repeat":"repeat","background-position":"center center","background-size":"auto","background-attachment":"scroll","background-type":"","background-media":"","overlay-type":"","overlay-color":"","overlay-opacity":"","overlay-gradient":""},"mobile":{"background-color":"","background-image":"","background-repeat":"repeat","background-position":"center center","background-size":"auto","background-attachment":"scroll","background-type":"","background-media":"","overlay-type":"","overlay-color":"","overlay-opacity":"","overlay-gradient":""}},"ast-content-background-meta":{"desktop":{"background-color":"var(--ast-global-color-5)","background-image":"","background-repeat":"repeat","background-position":"center center","background-size":"auto","background-attachment":"scroll","background-type":"","background-media":"","overlay-type":"","overlay-color":"","overlay-opacity":"","overlay-gradient":""},"tablet":{"background-color":"var(--ast-global-color-5)","background-image":"","background-repeat":"repeat","background-position":"center center","background-size":"auto","background-attachment":"scroll","background-type":"","background-media":"","overlay-type":"","overlay-color":"","overlay-opacity":"","overlay-gradient":""},"mobile":{"background-color":"var(--ast-global-color-5)","background-image":"","background-repeat":"repeat","background-position":"center center","background-size":"auto","background-attachment":"scroll","background-type":"","background-media":"","overlay-type":"","overlay-color":"","overlay-opacity":"","overlay-gradient":""}},"footnotes":""},"class_list":["post-2684","page","type-page","status-publish","hentry"],"post_mailing_queue_ids":[],"_links":{"self":[{"href":"https:\/\/agora.xtec.cat\/cfacastelldefels\/wp-json\/wp\/v2\/pages\/2684","targetHints":{"allow":["GET"]}}],"collection":[{"href":"https:\/\/agora.xtec.cat\/cfacastelldefels\/wp-json\/wp\/v2\/pages"}],"about":[{"href":"https:\/\/agora.xtec.cat\/cfacastelldefels\/wp-json\/wp\/v2\/types\/page"}],"author":[{"embeddable":true,"href":"https:\/\/agora.xtec.cat\/cfacastelldefels\/wp-json\/wp\/v2\/users\/1"}],"replies":[{"embeddable":true,"href":"https:\/\/agora.xtec.cat\/cfacastelldefels\/wp-json\/wp\/v2\/comments?post=2684"}],"version-history":[{"count":4,"href":"https:\/\/agora.xtec.cat\/cfacastelldefels\/wp-json\/wp\/v2\/pages\/2684\/revisions"}],"predecessor-version":[{"id":4740,"href":"https:\/\/agora.xtec.cat\/cfacastelldefels\/wp-json\/wp\/v2\/pages\/2684\/revisions\/4740"}],"up":[{"embeddable":true,"href":"https:\/\/agora.xtec.cat\/cfacastelldefels\/wp-json\/wp\/v2\/pages\/65"}],"wp:attachment":[{"href":"https:\/\/agora.xtec.cat\/cfacastelldefels\/wp-json\/wp\/v2\/media?parent=2684"}],"curies":[{"name":"wp","href":"https:\/\/api.w.org\/{rel}","templated":true}]}}